{"id":803,"date":"2011-08-06T14:51:21","date_gmt":"2011-08-06T13:51:21","guid":{"rendered":"http:\/\/berni.fmode.de\/wordpress\/?page_id=803"},"modified":"2011-08-06T16:22:34","modified_gmt":"2011-08-06T15:22:34","slug":"planeta-dokumente","status":"publish","type":"page","link":"https:\/\/berni.fmode.de\/wordpress\/?page_id=803","title":{"rendered":"Planeta Dokumente"},"content":{"rendered":"<p>Im tagelanger und m\u00fchseliger Kleinarbeit habe ich das <a href=\"https:\/\/berni.fmode.de\/wordpress\/wp-content\/uploads\/Handbuch_Planeta_5.pdf\" target=\"_blank\"><strong>Handbuch der Planeta 5<\/strong><\/a> \u00fcbersetzt &#8211; nat\u00fcrlich mit Hilfer einiger russischer Kollegen. Ich hoffe, es ist halbwegs verst\u00e4ndlich geworden.<\/p>\n<div id=\"attachment_804\" style=\"width: 610px\" class=\"wp-caption alignnone\"><a href=\"https:\/\/berni.fmode.de\/wordpress\/wp-content\/uploads\/planeta-werbung.jpg\"><img loading=\"lazy\" decoding=\"async\" aria-describedby=\"caption-attachment-804\" class=\"size-full wp-image-804\" title=\"planeta-werbung\" src=\"https:\/\/berni.fmode.de\/wordpress\/wp-content\/uploads\/planeta-werbung.jpg\" alt=\"\" width=\"600\" height=\"854\" srcset=\"https:\/\/berni.fmode.de\/wordpress\/wp-content\/uploads\/planeta-werbung.jpg 600w, https:\/\/berni.fmode.de\/wordpress\/wp-content\/uploads\/planeta-werbung-210x300.jpg 210w\" sizes=\"(max-width: 600px) 100vw, 600px\" \/><\/a><p id=\"caption-attachment-804\" class=\"wp-caption-text\">IZH Planeta 5 - das Motorrad f\u00fcr Arbeit und Freizeit<\/p><\/div>\n","protected":false},"excerpt":{"rendered":"<p>Im tagelanger und m\u00fchseliger Kleinarbeit habe ich das Handbuch der Planeta 5 \u00fcbersetzt &#8211; nat\u00fcrlich mit Hilfer einiger russischer Kollegen. Ich hoffe, es ist halbwegs verst\u00e4ndlich geworden.<\/p>\n","protected":false},"author":1,"featured_media":0,"parent":791,"menu_order":0,"comment_status":"closed","ping_status":"open","template":"","meta":{"footnotes":""},"_links":{"self":[{"href":"https:\/\/berni.fmode.de\/wordpress\/index.php?rest_route=\/wp\/v2\/pages\/803"}],"collection":[{"href":"https:\/\/berni.fmode.de\/wordpress\/index.php?rest_route=\/wp\/v2\/pages"}],"about":[{"href":"https:\/\/berni.fmode.de\/wordpress\/index.php?rest_route=\/wp\/v2\/types\/page"}],"author":[{"embeddable":true,"href":"https:\/\/berni.fmode.de\/wordpress\/index.php?rest_route=\/wp\/v2\/users\/1"}],"replies":[{"embeddable":true,"href":"https:\/\/berni.fmode.de\/wordpress\/index.php?rest_route=%2Fwp%2Fv2%2Fcomments&post=803"}],"version-history":[{"count":3,"href":"https:\/\/berni.fmode.de\/wordpress\/index.php?rest_route=\/wp\/v2\/pages\/803\/revisions"}],"predecessor-version":[{"id":807,"href":"https:\/\/berni.fmode.de\/wordpress\/index.php?rest_route=\/wp\/v2\/pages\/803\/revisions\/807"}],"up":[{"embeddable":true,"href":"https:\/\/berni.fmode.de\/wordpress\/index.php?rest_route=\/wp\/v2\/pages\/791"}],"wp:attachment":[{"href":"https:\/\/berni.fmode.de\/wordpress\/index.php?rest_route=%2Fwp%2Fv2%2Fmedia&parent=803"}],"curies":[{"name":"wp","href":"https:\/\/api.w.org\/{rel}","templated":true}]}}