{"id":791,"date":"2011-08-06T09:56:20","date_gmt":"2011-08-06T08:56:20","guid":{"rendered":"http:\/\/berni.fmode.de\/wordpress\/?page_id=791"},"modified":"2011-11-16T16:04:52","modified_gmt":"2011-11-16T15:04:52","slug":"izh","status":"publish","type":"page","link":"https:\/\/berni.fmode.de\/wordpress\/?page_id=791","title":{"rendered":"IZH Planeta"},"content":{"rendered":"<p><a href=\"https:\/\/berni.fmode.de\/wordpress\/wp-content\/uploads\/shadowizh.jpg\"><img loading=\"lazy\" decoding=\"async\" class=\"alignleft size-full wp-image-795\" title=\"Planeta\" src=\"https:\/\/berni.fmode.de\/wordpress\/wp-content\/uploads\/shadowizh.jpg\" alt=\"\" width=\"199\" height=\"107\" \/><\/a>Russische Motorr\u00e4der &#8211; damit verbindet man eigentlich eher die archaischen Boxer mit seiten- oder kopfgesteuerten Motoren. Aber das ist nat\u00fcrlich nicht die ganze Wahrheit:<\/p>\n<p>&#8222;Seltsamerweise kennt man in Westeuropa von den russischen Motorr\u00e4dern gew\u00f6hnlich nur die Ural und Dnepr. Aber im Vergleich mit den Produktionsst\u00fcckzahlen und der Produktionsqualit\u00e4t der Ischewsker Motorradwerke sind die BMW-Bastarde eigentlich das schlechteste Beispiel des russischen Motorradbaus.&#8220;<\/p>\n<p>Das sagt Juri Szadsky, Krasnodar, Russland, sicher ein Kenner des russischen Motorradmarktes.<\/p>\n<p>Mit der IZH Planeta 5 habe ich mir einen lang gehegten Wunsch erf\u00fcllt. Das Motorrad macht einen Riesenspass und entspricht wunderbar meiner Nutzkrad-Philosophie. \u00a0Es passt perfekt zu meinen MZ-Maschinen: Schliesslich sind beide Marken aus dem grossen DKW-Werk hervorgegangen.<br \/>\nHier im Planeta-Blog werde ich vom Alltag mit der Planeta berichten, von banalen und spannenden Ereignissen, von abenteuerlichen und ereignislosen Fahrten &#8211; eben vom Alltag.<\/p>\n<p>Hier kommst Du <a href=\"https:\/\/berni.fmode.de\/wordpress\/?cat=19\">zum Planeta-Blog.<\/a><\/p>\n","protected":false},"excerpt":{"rendered":"<p>Russische Motorr\u00e4der &#8211; damit verbindet man eigentlich eher die archaischen Boxer mit seiten- oder kopfgesteuerten Motoren. Aber das ist nat\u00fcrlich nicht die ganze Wahrheit: &#8222;Seltsamerweise kennt man in Westeuropa von den russischen Motorr\u00e4dern gew\u00f6hnlich nur die Ural und Dnepr. Aber &hellip; <a href=\"https:\/\/berni.fmode.de\/wordpress\/?page_id=791\">Weiterlesen <span class=\"meta-nav\">&rarr;<\/span><\/a><\/p>\n","protected":false},"author":1,"featured_media":0,"parent":60,"menu_order":0,"comment_status":"closed","ping_status":"closed","template":"sidebar-page.php","meta":{"footnotes":""},"_links":{"self":[{"href":"https:\/\/berni.fmode.de\/wordpress\/index.php?rest_route=\/wp\/v2\/pages\/791"}],"collection":[{"href":"https:\/\/berni.fmode.de\/wordpress\/index.php?rest_route=\/wp\/v2\/pages"}],"about":[{"href":"https:\/\/berni.fmode.de\/wordpress\/index.php?rest_route=\/wp\/v2\/types\/page"}],"author":[{"embeddable":true,"href":"https:\/\/berni.fmode.de\/wordpress\/index.php?rest_route=\/wp\/v2\/users\/1"}],"replies":[{"embeddable":true,"href":"https:\/\/berni.fmode.de\/wordpress\/index.php?rest_route=%2Fwp%2Fv2%2Fcomments&post=791"}],"version-history":[{"count":20,"href":"https:\/\/berni.fmode.de\/wordpress\/index.php?rest_route=\/wp\/v2\/pages\/791\/revisions"}],"predecessor-version":[{"id":3345,"href":"https:\/\/berni.fmode.de\/wordpress\/index.php?rest_route=\/wp\/v2\/pages\/791\/revisions\/3345"}],"up":[{"embeddable":true,"href":"https:\/\/berni.fmode.de\/wordpress\/index.php?rest_route=\/wp\/v2\/pages\/60"}],"wp:attachment":[{"href":"https:\/\/berni.fmode.de\/wordpress\/index.php?rest_route=%2Fwp%2Fv2%2Fmedia&parent=791"}],"curies":[{"name":"wp","href":"https:\/\/api.w.org\/{rel}","templated":true}]}}