{"id":60,"date":"2011-07-18T06:38:11","date_gmt":"2011-07-18T05:38:11","guid":{"rendered":"http:\/\/berni.fmode.de\/wordpress\/?page_id=60"},"modified":"2020-08-14T21:56:21","modified_gmt":"2020-08-14T20:56:21","slug":"bernis-motorrad-blogs-3","status":"publish","type":"page","link":"https:\/\/berni.fmode.de\/wordpress\/","title":{"rendered":"Bernis Motorrad-Blogs"},"content":{"rendered":"<p><a href=\"http:\/\/blog.bullet500.de\"><img loading=\"lazy\" decoding=\"async\" class=\"aligncenter size-full wp-image-24617\" src=\"https:\/\/berni.fmode.de\/wordpress\/wp-content\/uploads\/ende.gif\" alt=\"\" width=\"430\" height=\"347\" \/><\/a><\/p>\n<p>2005 beginnt nach l\u00e4ngerer Pause mein zweites Motorradleben, in dem ich mir vorgenommen habe, jede oder fast jede Ausfahrt oder Aktion zu dokumentieren. Bisher habe ich das ganz gut durchgehalten und so sind schon etliche kleine Berichte entstanden.<\/p>\n<p>Zwangsl\u00e4ufig gibt es Fahrten mit spannenden, interessanten, langweiligen, banalen oder gar keinen Erlebnissen. Aber alles soll dokumentiert werden. Was langweilig erscheint, muss ja nicht gelesen werden.<\/p>\n<p>Auf den Seiten werdet ihr den steten Wechsel in meinem Fuhrpark sehen: Anfangs waren es ausschliesslich Motorr\u00e4dern von MZ, sp\u00e4ter kamen Kawasaki, Suzuki, IZH und Royal Enfield hinzu &#8211; und Motorroller von Vespa. Und jetzt k\u00f6nnte ich am Ziel meines Motorradfahrer-Daseins angekommen sein, dass aus Harley-Davidson und Triumph besteht. Die Vespa aber sind geblieben. Nat\u00fcrlich wird auch mal ein Motorrad verkauft und ein neues angeschafft \u2013 alles ist eben im Fluss.<\/p>\n<p>Im Sp\u00e4tsommer 2017 ist mein zeitweise recht umfangreicher Fuhrpark dramatisch reduziert, und aus meiner urspr\u00fcnglichen MZ-Seite ist de facto eine eine Seite f\u00fcr Einzylinder mit Schwerpunkt Enfield geworden. So haben sich die Dinge eben entwickelt.<\/p>\n<p>&#8212;&#8212;&#8212;&#8212;&#8212;&#8212;&#8212;&#8212;&#8212;&#8212;&#8212;&#8212;&#8212;&#8212;&#8212;&#8212;&#8212;&#8212;&#8212;&#8212;&#8212;&#8212;&#8212;&#8212;&#8212;&#8212;&#8211;<\/p>\n","protected":false},"excerpt":{"rendered":"<p>2005 beginnt nach l\u00e4ngerer Pause mein zweites Motorradleben, in dem ich mir vorgenommen habe, jede oder fast jede Ausfahrt oder Aktion zu dokumentieren. Bisher habe ich das ganz gut durchgehalten und so sind schon etliche kleine Berichte entstanden. Zwangsl\u00e4ufig gibt &hellip; <a href=\"https:\/\/berni.fmode.de\/wordpress\/\">Weiterlesen <span class=\"meta-nav\">&rarr;<\/span><\/a><\/p>\n","protected":false},"author":1,"featured_media":0,"parent":0,"menu_order":0,"comment_status":"closed","ping_status":"closed","template":"sidebar-page.php","meta":{"footnotes":""},"_links":{"self":[{"href":"https:\/\/berni.fmode.de\/wordpress\/index.php?rest_route=\/wp\/v2\/pages\/60"}],"collection":[{"href":"https:\/\/berni.fmode.de\/wordpress\/index.php?rest_route=\/wp\/v2\/pages"}],"about":[{"href":"https:\/\/berni.fmode.de\/wordpress\/index.php?rest_route=\/wp\/v2\/types\/page"}],"author":[{"embeddable":true,"href":"https:\/\/berni.fmode.de\/wordpress\/index.php?rest_route=\/wp\/v2\/users\/1"}],"replies":[{"embeddable":true,"href":"https:\/\/berni.fmode.de\/wordpress\/index.php?rest_route=%2Fwp%2Fv2%2Fcomments&post=60"}],"version-history":[{"count":26,"href":"https:\/\/berni.fmode.de\/wordpress\/index.php?rest_route=\/wp\/v2\/pages\/60\/revisions"}],"predecessor-version":[{"id":24632,"href":"https:\/\/berni.fmode.de\/wordpress\/index.php?rest_route=\/wp\/v2\/pages\/60\/revisions\/24632"}],"wp:attachment":[{"href":"https:\/\/berni.fmode.de\/wordpress\/index.php?rest_route=%2Fwp%2Fv2%2Fmedia&parent=60"}],"curies":[{"name":"wp","href":"https:\/\/api.w.org\/{rel}","templated":true}]}}