{"id":4200,"date":"2011-12-02T18:17:56","date_gmt":"2011-12-02T17:17:56","guid":{"rendered":"http:\/\/berni.fmode.de\/wordpress\/?page_id=4200"},"modified":"2012-01-08T18:07:39","modified_gmt":"2012-01-08T17:07:39","slug":"kawasaki-w650","status":"publish","type":"page","link":"https:\/\/berni.fmode.de\/wordpress\/?page_id=4200","title":{"rendered":"Kawasaki W650"},"content":{"rendered":"<p>Vorneweg: Die Kawasaki W650 ist schuld daran, dass ich im Jahre 2005 nach \u00fcber 15-j\u00e4hriger Abstinenz zur\u00fcck in die Motorradszene kam. Hab damals im Internet ein Bild der Kawa gesehen und war hin und weg. Dann das W650-Forum gefunden und mich eingelesen und mir war eigentlich v\u00f6llig klar, dass der Einstieg in mein zweites Motorradleben nur \u00fcber eine W650 erfolgen kann.<\/p>\n<p>Aber es kam anders: Nach einer kurzen Liaison mit einer GR650 (toller Motor im gruseligen Fahrwerk) geriet ich auf die 500er Single-Schiene und in den Bann von Ostblock-Motorr\u00e4dern. Aber dabei habe ich die W650 nie aus den Augen verloren und war auch nahezu jeden Tag mal im W650-Forum &#8211; nur zu einer eigenen W kam ich einfach nicht.<\/p>\n<p>Mitte Oktober 2011 jedoch erz\u00e4hlt mir eine guter Motorradfreund davon, dass ein entfernter Verwandter eine 99er W mit knapp 4000 km verkaufen will &#8211; und das auch noch in Hessen, nicht wirklich weit entfernt. Nach zwei Telefonaten bin ich \u00fcberzeugt, diese W zu kaufen und will in einem letzten Gespr\u00e4ch alles klar machen. Hatte sogar schon einen Fahrer nach Nordhessen engagiert, damit ich die W650 gleich zur\u00fcck fahren kann. Aber in diesem finalen Gespr\u00e4ch macht der Verk\u00e4ufer pl\u00f6tzlich einen R\u00fcckzieher: &#8222;Ach nee, die Tochter will jetzt doch die W selber fahren, t\u00e4te ihm zwar leid, aber der Verkauf findet nicht statt.&#8220;<\/p>\n<p>So weit, so schlecht, aber jetzt sitzt der W650-Virus so richtig in mir. Nachdem ich diese Geschichte im Forum erz\u00e4hlt habe, erhalte ich von dort Hinweise auf zu verkaufende W&#8217;s &#8211; und ausserdem\u00a0 ein recht konkretes Angebot. Eine W aus dem Forum, dazu in allern\u00e4chster N\u00e4he und von einem vertrauensw\u00fcrdigen Verk\u00e4ufer! Das klingt gut und am 19. Oktober 2011 schaue ich mir das Motorrad an.<\/p>\n<p><img loading=\"lazy\" decoding=\"async\" class=\"alignnone size-full wp-image-3211\" title=\"Kawasaki W650\" src=\"https:\/\/berni.fmode.de\/wordpress\/wp-content\/uploads\/w011.jpg\" alt=\"\" width=\"640\" height=\"480\" srcset=\"https:\/\/berni.fmode.de\/wordpress\/wp-content\/uploads\/w011.jpg 640w, https:\/\/berni.fmode.de\/wordpress\/wp-content\/uploads\/w011-300x225.jpg 300w, https:\/\/berni.fmode.de\/wordpress\/wp-content\/uploads\/w011-400x300.jpg 400w\" sizes=\"(max-width: 640px) 100vw, 640px\" \/><\/p>\n<p>K\u00f6nnt ihr euch vorstellen, was bei diesem Anblick passierte? Richtig, ich habe die W650 gekauft, ohne zu handeln und ich bereue nichts. Es wird vereinbart, dass ich die Maschine Anfang Dezember abhole &#8211; so lange muss ich es eben noch ohne aushalten.<\/p>\n<p>Diese silbergraue W ist vom guten 2003er Jahrgang, hat erst 22.000 km gelaufen &#8211; und hatte nur einen Vorbesitzer aus Bochum. Nun ist ja Bochum meine Geburtsstadt und irgendwie kann ich seitdem nicht mehr so recht an reine Zuf\u00e4lle glauben. Nicht, dass ich jetzt zum Esoteriker geworden bin, aber irgendwie seltsam und mysteri\u00f6s ist&#8217;s schon. Bochum als Bindeglied , hmmh.<\/p>\n<p>Und so schliesst sich f\u00fcr mich der Kreis nach 6 Jahren! Die Existenz der W650 hat mir 6 Jahre lang etliche Motorr\u00e4der beschert, von denen ich keines missen m\u00f6chte. Und erst dann war ich offensichtlich bereit f\u00fcr das direkte W-Erlebnis. Eine lange Zeit der Pr\u00fcfungen liegt also hinter mir, und hoffentlich eine noch l\u00e4ngere mit aktiven W-Erlebnissen vor mir. Es bleibt also spannend!<\/p>\n<p>Ab jetzt werden also meine Fahrten mit der W650 gebloggt &#8211;<a href=\"https:\/\/berni.fmode.de\/wordpress\/?cat=33\"> nachzulesen hier.<\/a><\/p>\n<p>&nbsp;<\/p>\n","protected":false},"excerpt":{"rendered":"<p>Vorneweg: Die Kawasaki W650 ist schuld daran, dass ich im Jahre 2005 nach \u00fcber 15-j\u00e4hriger Abstinenz zur\u00fcck in die Motorradszene kam. Hab damals im Internet ein Bild der Kawa gesehen und war hin und weg. Dann das W650-Forum gefunden und &hellip; <a href=\"https:\/\/berni.fmode.de\/wordpress\/?page_id=4200\">Weiterlesen <span class=\"meta-nav\">&rarr;<\/span><\/a><\/p>\n","protected":false},"author":1,"featured_media":0,"parent":60,"menu_order":0,"comment_status":"closed","ping_status":"closed","template":"","meta":{"footnotes":""},"_links":{"self":[{"href":"https:\/\/berni.fmode.de\/wordpress\/index.php?rest_route=\/wp\/v2\/pages\/4200"}],"collection":[{"href":"https:\/\/berni.fmode.de\/wordpress\/index.php?rest_route=\/wp\/v2\/pages"}],"about":[{"href":"https:\/\/berni.fmode.de\/wordpress\/index.php?rest_route=\/wp\/v2\/types\/page"}],"author":[{"embeddable":true,"href":"https:\/\/berni.fmode.de\/wordpress\/index.php?rest_route=\/wp\/v2\/users\/1"}],"replies":[{"embeddable":true,"href":"https:\/\/berni.fmode.de\/wordpress\/index.php?rest_route=%2Fwp%2Fv2%2Fcomments&post=4200"}],"version-history":[{"count":3,"href":"https:\/\/berni.fmode.de\/wordpress\/index.php?rest_route=\/wp\/v2\/pages\/4200\/revisions"}],"predecessor-version":[{"id":5808,"href":"https:\/\/berni.fmode.de\/wordpress\/index.php?rest_route=\/wp\/v2\/pages\/4200\/revisions\/5808"}],"up":[{"embeddable":true,"href":"https:\/\/berni.fmode.de\/wordpress\/index.php?rest_route=\/wp\/v2\/pages\/60"}],"wp:attachment":[{"href":"https:\/\/berni.fmode.de\/wordpress\/index.php?rest_route=%2Fwp%2Fv2%2Fmedia&parent=4200"}],"curies":[{"name":"wp","href":"https:\/\/api.w.org\/{rel}","templated":true}]}}