{"id":3413,"date":"2011-11-16T17:46:21","date_gmt":"2011-11-16T16:46:21","guid":{"rendered":"http:\/\/berni.fmode.de\/wordpress\/?page_id=3413"},"modified":"2013-01-16T09:07:37","modified_gmt":"2013-01-16T08:07:37","slug":"fremdgewerke","status":"publish","type":"page","link":"https:\/\/berni.fmode.de\/wordpress\/?page_id=3413","title":{"rendered":"Fremdgewerke"},"content":{"rendered":"<p>Auf dieser Seite berichte ich nicht \u00fcber MZ, sondern \u00fcber diverse andere Motorr\u00e4der, die in irgendeiner Weise meinen Weg gekreuzt haben. Es mag sich dabei um Maschinen handeln, die ich besessen habe oder auch um solche, die ich nur gern h\u00e4tte oder um Motorr\u00e4der, die mich einfach nur interessieren.<br \/>\nHier werden auch andere Motorradbesitzer &#8222;zu Wort&#8220; kommen und \u00fcber bestimmte Dinge berichten oder etwas erz\u00e4hlen. Also eigentlich kann auf dieser Seite alles m\u00f6gliche auftauchen. Sicher ist eigentlich nur, dass es einen Bezug zu Motorr\u00e4dern haben wird.<\/p>\n<p>&nbsp;<\/p>\n<p><strong><a href=\"https:\/\/berni.fmode.de\/wordpress\/?p=10528\">Jawa 500 mit Rotax-Motor<\/a><\/strong><br \/>\nEine ganz seltene Jawa stellt uns Volker aus Th\u00fcringen \u00a0hier vor: Diese 500er ist noch seltener als die 500er K\u00f6nigswellen-Jawa aus den 50er Jahren.<\/p>\n<p><strong style=\"color: #339966;\"><span style=\"color: #008000;\"><span style=\"color: #008000;\"><a href=\"https:\/\/berni.fmode.de\/wordpress\/?p=10510\">Vespa in Imola<br \/>\n<\/a><\/span><\/span><\/strong><span style=\"color: #333333;\">Gerhard aus Graz zeigt Vespen aus Imola<\/span><\/p>\n<p><span style=\"color: #339966;\"><strong><span style=\"color: #008000;\"><span style=\"color: #008000;\"><a title=\"Daves Neco Abruzzi\" href=\"https:\/\/berni.fmode.de\/wordpress\/?p=10161\">Neco Abruzzi: Sch\u00f6n wie eine Vespa<br \/>\n<\/a><\/span><\/span><\/strong><\/span>E<span style=\"color: #000000;\">in Link zur Webseite von Dave, der von seinen Reisen durch Sussex mit seinem Neco Abruzzi erz\u00e4hlt.<\/span><\/p>\n<p><span style=\"color: #000000;\"><span style=\"color: #000000;\"><strong><span style=\"color: green;\"><a href=\"https:\/\/berni.fmode.de\/wordpress\/?page_id=10361\">Ein Paradies in den Bergen<br \/>\n<\/a><\/span><\/strong><\/span><\/span><span style=\"color: #000000;\">Gerhard Vesulak f\u00fchrt uns in ein unglaubliches Motorrad-Paradies in den Bergen der Steiermark<\/span><\/p>\n<p><strong><span style=\"color: green;\"><a href=\"https:\/\/berni.fmode.de\/wordpress\/?page_id=10345\">Beim Graggerer<br \/>\n<\/a><\/span><\/strong>Gerhard Vesulak hat 2010 den Graggerer besucht<\/p>\n<p><strong><span style=\"color: green;\"><a href=\"https:\/\/berni.fmode.de\/wordpress\/?p=3511\">I have a dream<br \/>\n<\/a><\/span><\/strong>Ein garantiert unerf\u00fcllter Traum<\/p>\n<p><strong><span style=\"color: green;\"><a href=\"https:\/\/berni.fmode.de\/wordpress\/?page_id=10330\">The Green Machine 2009<br \/>\n<\/a><\/span><\/strong>Auferstehung einer Insel-Sch\u00f6nheit<\/p>\n<p><strong><span style=\"color: green;\"><a href=\"https:\/\/berni.fmode.de\/wordpress\/?page_id=10292\">Neustadt\/Hessen 2009<br \/>\n<\/a><\/span><\/strong>Sportawo&#8217;s im Doppelpack: Kann ich das ablehnen?<\/p>\n<p><strong><span style=\"color: green;\"><a href=\"https:\/\/berni.fmode.de\/wordpress\/?page_id=10262\">Imola 2008<br \/>\n<\/a><\/span><\/strong>Auch 2008 hat es Gerhard Vesulak wieder nach Imola gezogen<\/p>\n<p><strong><span style=\"color: green;\"><a href=\"https:\/\/berni.fmode.de\/wordpress\/?page_id=10240\">Oldtimer Messe in Tulln 2008<br \/>\n<\/a><\/span><\/strong>Gerhard Vesulak berichtet von einer interessanten Veranstaltung.<\/p>\n<p><strong><span style=\"color: green;\"><a href=\"https:\/\/berni.fmode.de\/wordpress\/?p=3507\">Ein Steirer bekommt seine Puch<br \/>\n<\/a><\/span><\/strong>Endlich: Gerhard Vesulak und eine Puch SGS finden zusammen.<\/p>\n<p><strong><span style=\"color: green;\"><a href=\"https:\/\/berni.fmode.de\/wordpress\/?p=3499\">Suzuki GN 250<br \/>\n<\/a><\/span><\/strong>Der spezielle Charme kleiner Gespanne.<\/p>\n<p><strong><span style=\"color: green;\"><a href=\"https:\/\/berni.fmode.de\/wordpress\/?p=3493\">Familienzuwachs<br \/>\n<\/a><\/span><\/strong>Bruder J\u00fcrgen bekommt eine Hyosung GF 125.<\/p>\n<p><strong><span style=\"color: green;\"><a href=\"https:\/\/berni.fmode.de\/wordpress\/?p=3489\">Endlich: Ein Chinesen-Gespann<br \/>\n<\/a><\/span><\/strong>Die Zeit war reif f\u00fcr ein Donghai-Gespann.<\/p>\n<p><strong><span style=\"color: green;\"><a href=\"https:\/\/berni.fmode.de\/wordpress\/?p=3484\">David vs. Goliath<br \/>\n<\/a><\/span><\/strong>Unser Rotax: Immer noch ein Gewinnertyp.<\/p>\n<p><strong><span style=\"color: green;\"><a href=\"https:\/\/berni.fmode.de\/wordpress\/?p=3452\">Oldtimermarkt in Imola<br \/>\n<\/a><\/span><\/strong>Ein Festival f\u00fcr Italophile.<\/p>\n<p><strong><span style=\"color: green;\"><a href=\"https:\/\/berni.fmode.de\/wordpress\/?p=3433 \">Bultaco Motorr\u00e4der<br \/>\n<\/a><\/span><\/strong>Ein bisschen wie MZ: Gerhard Vesulak aus Graz erz\u00e4hlt von seinen Bultacos.<\/p>\n<p><strong><span style=\"color: green;\"><a href=\"https:\/\/berni.fmode.de\/wordpress\/?p=3425\">Ein MZ-Gespann in \u00d6sterreich<br \/>\n<\/a><\/span><\/strong>Das s\u00e4chsische Arbeitstier in der Steiermark.<\/p>\n<p><strong><span style=\"color: green;\"><a href=\"https:\/\/berni.fmode.de\/wordpress\/?p=3416\">Sunbeam S8 und Norton ES2<br \/>\n<\/a><\/span><\/strong>Gerhard Vesulaks Engl\u00e4nder.<\/p>\n","protected":false},"excerpt":{"rendered":"<p>Auf dieser Seite berichte ich nicht \u00fcber MZ, sondern \u00fcber diverse andere Motorr\u00e4der, die in irgendeiner Weise meinen Weg gekreuzt haben. Es mag sich dabei um Maschinen handeln, die ich besessen habe oder auch um solche, die ich nur gern &hellip; <a href=\"https:\/\/berni.fmode.de\/wordpress\/?page_id=3413\">Weiterlesen <span class=\"meta-nav\">&rarr;<\/span><\/a><\/p>\n","protected":false},"author":1,"featured_media":0,"parent":60,"menu_order":0,"comment_status":"closed","ping_status":"closed","template":"","meta":{"footnotes":""},"_links":{"self":[{"href":"https:\/\/berni.fmode.de\/wordpress\/index.php?rest_route=\/wp\/v2\/pages\/3413"}],"collection":[{"href":"https:\/\/berni.fmode.de\/wordpress\/index.php?rest_route=\/wp\/v2\/pages"}],"about":[{"href":"https:\/\/berni.fmode.de\/wordpress\/index.php?rest_route=\/wp\/v2\/types\/page"}],"author":[{"embeddable":true,"href":"https:\/\/berni.fmode.de\/wordpress\/index.php?rest_route=\/wp\/v2\/users\/1"}],"replies":[{"embeddable":true,"href":"https:\/\/berni.fmode.de\/wordpress\/index.php?rest_route=%2Fwp%2Fv2%2Fcomments&post=3413"}],"version-history":[{"count":27,"href":"https:\/\/berni.fmode.de\/wordpress\/index.php?rest_route=\/wp\/v2\/pages\/3413\/revisions"}],"predecessor-version":[{"id":10556,"href":"https:\/\/berni.fmode.de\/wordpress\/index.php?rest_route=\/wp\/v2\/pages\/3413\/revisions\/10556"}],"up":[{"embeddable":true,"href":"https:\/\/berni.fmode.de\/wordpress\/index.php?rest_route=\/wp\/v2\/pages\/60"}],"wp:attachment":[{"href":"https:\/\/berni.fmode.de\/wordpress\/index.php?rest_route=%2Fwp%2Fv2%2Fmedia&parent=3413"}],"curies":[{"name":"wp","href":"https:\/\/api.w.org\/{rel}","templated":true}]}}