{"id":306,"date":"2011-07-22T19:48:08","date_gmt":"2011-07-22T18:48:08","guid":{"rendered":"http:\/\/berni.fmode.de\/wordpress\/?page_id=306"},"modified":"2011-07-30T17:30:07","modified_gmt":"2011-07-30T16:30:07","slug":"mz-500-gespann","status":"publish","type":"page","link":"https:\/\/berni.fmode.de\/wordpress\/?page_id=306","title":{"rendered":"MZ 500 Silverstar Gespann"},"content":{"rendered":"<p><img loading=\"lazy\" decoding=\"async\" class=\"alignleft\" title=\"Engine\" src=\"http:\/\/homepage.mac.com\/bernhard.ernst\/mz\/pic\/rotax.gif\" alt=\"\" width=\"189\" height=\"202\" \/>Anfang 2006 entstand mein Plan, aus einem MZ Rotax Gespann und einem Velorex-Seitenwagen ein Gespann zu bauen. Damals hatte ich eine Ex-Polizei 500R und das sollte die Basis sein. Aber dann kam ich wie durch ein Wunder zu einer Silverstar &#8211; meine zweite, denn eine Solomaschine hatte ich bereits. Und schnell war klar: Das wird die Basis f\u00fcr mein 500er Gespann. Denn ich bin der festen Meinung, dass die Silverstar die sch\u00f6nste aller Rotax-MZetten ist. Das sollte also auch ein h\u00fcbsches Gespann geben.<\/p>\n<p>Und so kam es dann auch. Die Entstehung des Gespanns und die vielen kleinen und gr\u00f6sseren Fahrten damit habe ich in diesem Blog\u00a0 beschrieben und werde es weiterhin tun.<\/p>\n<p>Die ganze <a href=\"https:\/\/berni.fmode.de\/wordpress\/?cat=11\">Geschichte meines Silverstar-Gespannes<\/a> gibt es hier.<\/p>\n","protected":false},"excerpt":{"rendered":"<p>Anfang 2006 entstand mein Plan, aus einem MZ Rotax Gespann und einem Velorex-Seitenwagen ein Gespann zu bauen. Damals hatte ich eine Ex-Polizei 500R und das sollte die Basis sein. Aber dann kam ich wie durch ein Wunder zu einer Silverstar &hellip; <a href=\"https:\/\/berni.fmode.de\/wordpress\/?page_id=306\">Weiterlesen <span class=\"meta-nav\">&rarr;<\/span><\/a><\/p>\n","protected":false},"author":1,"featured_media":0,"parent":226,"menu_order":0,"comment_status":"closed","ping_status":"closed","template":"sidebar-page.php","meta":{"footnotes":""},"_links":{"self":[{"href":"https:\/\/berni.fmode.de\/wordpress\/index.php?rest_route=\/wp\/v2\/pages\/306"}],"collection":[{"href":"https:\/\/berni.fmode.de\/wordpress\/index.php?rest_route=\/wp\/v2\/pages"}],"about":[{"href":"https:\/\/berni.fmode.de\/wordpress\/index.php?rest_route=\/wp\/v2\/types\/page"}],"author":[{"embeddable":true,"href":"https:\/\/berni.fmode.de\/wordpress\/index.php?rest_route=\/wp\/v2\/users\/1"}],"replies":[{"embeddable":true,"href":"https:\/\/berni.fmode.de\/wordpress\/index.php?rest_route=%2Fwp%2Fv2%2Fcomments&post=306"}],"version-history":[{"count":6,"href":"https:\/\/berni.fmode.de\/wordpress\/index.php?rest_route=\/wp\/v2\/pages\/306\/revisions"}],"predecessor-version":[{"id":560,"href":"https:\/\/berni.fmode.de\/wordpress\/index.php?rest_route=\/wp\/v2\/pages\/306\/revisions\/560"}],"up":[{"embeddable":true,"href":"https:\/\/berni.fmode.de\/wordpress\/index.php?rest_route=\/wp\/v2\/pages\/226"}],"wp:attachment":[{"href":"https:\/\/berni.fmode.de\/wordpress\/index.php?rest_route=%2Fwp%2Fv2%2Fmedia&parent=306"}],"curies":[{"name":"wp","href":"https:\/\/api.w.org\/{rel}","templated":true}]}}