{"id":24397,"date":"2018-08-07T14:20:14","date_gmt":"2018-08-07T13:20:14","guid":{"rendered":"http:\/\/berni.fmode.de\/wordpress\/?page_id=24397"},"modified":"2018-08-13T15:41:33","modified_gmt":"2018-08-13T14:41:33","slug":"tag-5-fraenkisches-fruehstueck-und-rueckfahrt","status":"publish","type":"page","link":"https:\/\/berni.fmode.de\/wordpress\/?page_id=24397","title":{"rendered":"Tag 5: Fr\u00e4nkisches Fr\u00fchst\u00fcck und R\u00fcckfahrt"},"content":{"rendered":"<p>Nach tiefem und traumlosem Schlaf erwachen wir ausgeruht und gest\u00e4rkt. Obwohl es die ganze Nacht wieder sehr, sehr hei\u00df war: Im Hotel konnte man es aushalten.<\/p>\n<p>Nach dem vorz\u00fcglichen Fr\u00fchst\u00fcck (fr\u00e4nkisch halt) packen wir wieder einmal und zum letzten mal auf unserer kleinen Reise unsere Sachen zusammen. Dann m\u00fcssen wir ja unsere Roller aus ihrem Nachtquartier abholen, was wir mit einer erneuten kleinen Stadtbesichtigung verbinden.<\/p>\n<div id=\"attachment_24398\" style=\"width: 1034px\" class=\"wp-caption aligncenter\"><a href=\"https:\/\/berni.fmode.de\/wordpress\/wp-content\/uploads\/5-01.jpg\"><img loading=\"lazy\" decoding=\"async\" aria-describedby=\"caption-attachment-24398\" class=\"wp-image-24398 size-full\" src=\"https:\/\/berni.fmode.de\/wordpress\/wp-content\/uploads\/5-01.jpg\" alt=\"Rollerreise durch den Th\u00fcringer Wald\" width=\"1024\" height=\"768\" srcset=\"https:\/\/berni.fmode.de\/wordpress\/wp-content\/uploads\/5-01.jpg 1024w, https:\/\/berni.fmode.de\/wordpress\/wp-content\/uploads\/5-01-300x225.jpg 300w, https:\/\/berni.fmode.de\/wordpress\/wp-content\/uploads\/5-01-768x576.jpg 768w, https:\/\/berni.fmode.de\/wordpress\/wp-content\/uploads\/5-01-400x300.jpg 400w\" sizes=\"(max-width: 1024px) 100vw, 1024px\" \/><\/a><p id=\"caption-attachment-24398\" class=\"wp-caption-text\">Es ist noch nicht einmal 9:00, und die Sonne knallt schon wieder vom Himmel. Der Rote Ochse liegt zum Gl\u00fcck noch im Schatten.<\/p><\/div>\n<div id=\"attachment_24399\" style=\"width: 1034px\" class=\"wp-caption aligncenter\"><a href=\"https:\/\/berni.fmode.de\/wordpress\/wp-content\/uploads\/5-02.jpg\"><img loading=\"lazy\" decoding=\"async\" aria-describedby=\"caption-attachment-24399\" class=\"wp-image-24399 size-full\" src=\"https:\/\/berni.fmode.de\/wordpress\/wp-content\/uploads\/5-02.jpg\" alt=\"Rollerreise durch den Th\u00fcringer Wald\" width=\"1024\" height=\"768\" srcset=\"https:\/\/berni.fmode.de\/wordpress\/wp-content\/uploads\/5-02.jpg 1024w, https:\/\/berni.fmode.de\/wordpress\/wp-content\/uploads\/5-02-300x225.jpg 300w, https:\/\/berni.fmode.de\/wordpress\/wp-content\/uploads\/5-02-768x576.jpg 768w, https:\/\/berni.fmode.de\/wordpress\/wp-content\/uploads\/5-02-400x300.jpg 400w\" sizes=\"(max-width: 1024px) 100vw, 1024px\" \/><\/a><p id=\"caption-attachment-24399\" class=\"wp-caption-text\">Se\u00dflach ist derart sch\u00f6n und einzigartig, dass es sich wohl lohnt, mal ein ganzes Wochenende hier zu verbringen.<\/p><\/div>\n<div id=\"attachment_24400\" style=\"width: 1034px\" class=\"wp-caption aligncenter\"><a href=\"https:\/\/berni.fmode.de\/wordpress\/wp-content\/uploads\/5-03.jpg\"><img loading=\"lazy\" decoding=\"async\" aria-describedby=\"caption-attachment-24400\" class=\"wp-image-24400 size-full\" src=\"https:\/\/berni.fmode.de\/wordpress\/wp-content\/uploads\/5-03.jpg\" alt=\"Rollerreise durch den Th\u00fcringer Wald\" width=\"1024\" height=\"768\" srcset=\"https:\/\/berni.fmode.de\/wordpress\/wp-content\/uploads\/5-03.jpg 1024w, https:\/\/berni.fmode.de\/wordpress\/wp-content\/uploads\/5-03-300x225.jpg 300w, https:\/\/berni.fmode.de\/wordpress\/wp-content\/uploads\/5-03-768x576.jpg 768w, https:\/\/berni.fmode.de\/wordpress\/wp-content\/uploads\/5-03-400x300.jpg 400w\" sizes=\"(max-width: 1024px) 100vw, 1024px\" \/><\/a><p id=\"caption-attachment-24400\" class=\"wp-caption-text\">Hier ist unseren Rollern nichts passiert.<\/p><\/div>\n<div id=\"attachment_24401\" style=\"width: 1034px\" class=\"wp-caption aligncenter\"><a href=\"https:\/\/berni.fmode.de\/wordpress\/wp-content\/uploads\/5-04.jpg\"><img loading=\"lazy\" decoding=\"async\" aria-describedby=\"caption-attachment-24401\" class=\"wp-image-24401 size-full\" src=\"https:\/\/berni.fmode.de\/wordpress\/wp-content\/uploads\/5-04.jpg\" alt=\"Rollerreise durch den Th\u00fcringer Wald\" width=\"1024\" height=\"768\" srcset=\"https:\/\/berni.fmode.de\/wordpress\/wp-content\/uploads\/5-04.jpg 1024w, https:\/\/berni.fmode.de\/wordpress\/wp-content\/uploads\/5-04-300x225.jpg 300w, https:\/\/berni.fmode.de\/wordpress\/wp-content\/uploads\/5-04-768x576.jpg 768w, https:\/\/berni.fmode.de\/wordpress\/wp-content\/uploads\/5-04-400x300.jpg 400w\" sizes=\"(max-width: 1024px) 100vw, 1024px\" \/><\/a><p id=\"caption-attachment-24401\" class=\"wp-caption-text\">Nun gibt es ein tolles und ausgiebiges Fr\u00fchst\u00fcck bei der Familie Schoder, an dessen Ende wir mit der fr\u00e4nkischen Fahne verabschiedet werden. Herzlichen f\u00fcr die wunderbare Betreuung an Adolf und Ursula.<\/p><\/div>\n<p>Aber so sch\u00f6n es ist Se\u00dflach auch war und ist &#8211; es hilft nix, wir m\u00fcssen los. Bereits bei Burgreppach m\u00fcssen wir uns von Ruth und Hartmut verabschieden: Die beiden wollen noch auf eine Besichtigung nach K\u00f6nigsberg in Bayern fahren.<\/p>\n<div id=\"attachment_24444\" style=\"width: 1034px\" class=\"wp-caption aligncenter\"><a href=\"https:\/\/berni.fmode.de\/wordpress\/wp-content\/uploads\/w05-05.jpg\"><img loading=\"lazy\" decoding=\"async\" aria-describedby=\"caption-attachment-24444\" class=\"wp-image-24444 size-full\" src=\"https:\/\/berni.fmode.de\/wordpress\/wp-content\/uploads\/w05-05.jpg\" alt=\"Rollerreise durch den Th\u00fcringer Wald\" width=\"1024\" height=\"768\" srcset=\"https:\/\/berni.fmode.de\/wordpress\/wp-content\/uploads\/w05-05.jpg 1024w, https:\/\/berni.fmode.de\/wordpress\/wp-content\/uploads\/w05-05-300x225.jpg 300w, https:\/\/berni.fmode.de\/wordpress\/wp-content\/uploads\/w05-05-768x576.jpg 768w, https:\/\/berni.fmode.de\/wordpress\/wp-content\/uploads\/w05-05-400x300.jpg 400w\" sizes=\"(max-width: 1024px) 100vw, 1024px\" \/><\/a><p id=\"caption-attachment-24444\" class=\"wp-caption-text\">Also verabschieden wir uns von den beiden: Viel Spa\u00df in K\u00f6nigsberg.<\/p><\/div>\n<div id=\"attachment_24402\" style=\"width: 1034px\" class=\"wp-caption aligncenter\"><a href=\"https:\/\/berni.fmode.de\/wordpress\/wp-content\/uploads\/5-05.jpg\"><img loading=\"lazy\" decoding=\"async\" aria-describedby=\"caption-attachment-24402\" class=\"wp-image-24402 size-full\" src=\"https:\/\/berni.fmode.de\/wordpress\/wp-content\/uploads\/5-05.jpg\" alt=\"Rollerreise durch den Th\u00fcringer Wald\" width=\"1024\" height=\"768\" srcset=\"https:\/\/berni.fmode.de\/wordpress\/wp-content\/uploads\/5-05.jpg 1024w, https:\/\/berni.fmode.de\/wordpress\/wp-content\/uploads\/5-05-300x225.jpg 300w, https:\/\/berni.fmode.de\/wordpress\/wp-content\/uploads\/5-05-768x576.jpg 768w, https:\/\/berni.fmode.de\/wordpress\/wp-content\/uploads\/5-05-400x300.jpg 400w\" sizes=\"(max-width: 1024px) 100vw, 1024px\" \/><\/a><p id=\"caption-attachment-24402\" class=\"wp-caption-text\">J\u00fcrgen und ich dagegen fahren direkt zur\u00fcck in Richtung Hessen, was wir ohne gro\u00dfe Unterbrechungen machen. Erst hier, kurz vor Fulda, wird kurz gehalten. In 90 Minuten werden wir dann beide wieder zu Hause sein.<\/p><\/div>\n<p>Ein besonders sch\u00f6ner, aber viel zu kurzer kleiner Urlaub ist damit beendet. Wir hatten eine prima Mischung aus Landschaft, Kultur, Spa\u00df und Fahrvergn\u00fcgen bei extrem warmen Wetter. Die Hitze war auch wirklich das einzige, was uns ein wenig zugesetzt hat. Ansonsten gab es keine Pannen, keine Unf\u00e4lle, keine Zankereien &#8211; wir hatten einfach nur ordentlich Spa\u00df. Und so soll es ja auch sein.<\/p>\n","protected":false},"excerpt":{"rendered":"<p>Nach tiefem und traumlosem Schlaf erwachen wir ausgeruht und gest\u00e4rkt. Obwohl es die ganze Nacht wieder sehr, sehr hei\u00df war: Im Hotel konnte man es aushalten. Nach dem vorz\u00fcglichen Fr\u00fchst\u00fcck (fr\u00e4nkisch halt) packen wir wieder einmal und zum letzten mal &hellip; <a href=\"https:\/\/berni.fmode.de\/wordpress\/?page_id=24397\">Weiterlesen <span class=\"meta-nav\">&rarr;<\/span><\/a><\/p>\n","protected":false},"author":1,"featured_media":0,"parent":0,"menu_order":0,"comment_status":"closed","ping_status":"closed","template":"","meta":{"footnotes":""},"_links":{"self":[{"href":"https:\/\/berni.fmode.de\/wordpress\/index.php?rest_route=\/wp\/v2\/pages\/24397"}],"collection":[{"href":"https:\/\/berni.fmode.de\/wordpress\/index.php?rest_route=\/wp\/v2\/pages"}],"about":[{"href":"https:\/\/berni.fmode.de\/wordpress\/index.php?rest_route=\/wp\/v2\/types\/page"}],"author":[{"embeddable":true,"href":"https:\/\/berni.fmode.de\/wordpress\/index.php?rest_route=\/wp\/v2\/users\/1"}],"replies":[{"embeddable":true,"href":"https:\/\/berni.fmode.de\/wordpress\/index.php?rest_route=%2Fwp%2Fv2%2Fcomments&post=24397"}],"version-history":[{"count":3,"href":"https:\/\/berni.fmode.de\/wordpress\/index.php?rest_route=\/wp\/v2\/pages\/24397\/revisions"}],"predecessor-version":[{"id":24445,"href":"https:\/\/berni.fmode.de\/wordpress\/index.php?rest_route=\/wp\/v2\/pages\/24397\/revisions\/24445"}],"wp:attachment":[{"href":"https:\/\/berni.fmode.de\/wordpress\/index.php?rest_route=%2Fwp%2Fv2%2Fmedia&parent=24397"}],"curies":[{"name":"wp","href":"https:\/\/api.w.org\/{rel}","templated":true}]}}