{"id":24375,"date":"2018-08-07T14:18:29","date_gmt":"2018-08-07T13:18:29","guid":{"rendered":"http:\/\/berni.fmode.de\/wordpress\/?page_id=24375"},"modified":"2018-08-13T15:24:26","modified_gmt":"2018-08-13T14:24:26","slug":"tag-4-frankenwald-und-sesslach","status":"publish","type":"page","link":"https:\/\/berni.fmode.de\/wordpress\/?page_id=24375","title":{"rendered":"Tag 4: Frankenwald und Sesslach"},"content":{"rendered":"<p>Die Hitze war n\u00e4chtens gut auszuhalten, entsprechend sind wir gut ausgeschlafen und genie\u00dfen ein prima Fr\u00fchst\u00fcck.<\/p>\n<div id=\"attachment_24376\" style=\"width: 1034px\" class=\"wp-caption aligncenter\"><a href=\"https:\/\/berni.fmode.de\/wordpress\/wp-content\/uploads\/4-01.jpg\"><img loading=\"lazy\" decoding=\"async\" aria-describedby=\"caption-attachment-24376\" class=\"wp-image-24376 size-full\" src=\"https:\/\/berni.fmode.de\/wordpress\/wp-content\/uploads\/4-01.jpg\" alt=\"Rollerreise durch den Th\u00fcringer Wald\" width=\"1024\" height=\"768\" srcset=\"https:\/\/berni.fmode.de\/wordpress\/wp-content\/uploads\/4-01.jpg 1024w, https:\/\/berni.fmode.de\/wordpress\/wp-content\/uploads\/4-01-300x225.jpg 300w, https:\/\/berni.fmode.de\/wordpress\/wp-content\/uploads\/4-01-768x576.jpg 768w, https:\/\/berni.fmode.de\/wordpress\/wp-content\/uploads\/4-01-400x300.jpg 400w\" sizes=\"(max-width: 1024px) 100vw, 1024px\" \/><\/a><p id=\"caption-attachment-24376\" class=\"wp-caption-text\">Der Wirt verabschiedet uns angemessen und wir machen uns auf den Weg. Recht schnell haben wir Th\u00fcringen verlassen und sind auf dem Weg nach Unterfranken.<\/p><\/div>\n<div id=\"attachment_24377\" style=\"width: 1034px\" class=\"wp-caption aligncenter\"><a href=\"https:\/\/berni.fmode.de\/wordpress\/wp-content\/uploads\/4-02.jpg\"><img loading=\"lazy\" decoding=\"async\" aria-describedby=\"caption-attachment-24377\" class=\"wp-image-24377 size-full\" src=\"https:\/\/berni.fmode.de\/wordpress\/wp-content\/uploads\/4-02.jpg\" alt=\"Rollerreise durch den Th\u00fcringer Wald\" width=\"1024\" height=\"768\" srcset=\"https:\/\/berni.fmode.de\/wordpress\/wp-content\/uploads\/4-02.jpg 1024w, https:\/\/berni.fmode.de\/wordpress\/wp-content\/uploads\/4-02-300x225.jpg 300w, https:\/\/berni.fmode.de\/wordpress\/wp-content\/uploads\/4-02-768x576.jpg 768w, https:\/\/berni.fmode.de\/wordpress\/wp-content\/uploads\/4-02-400x300.jpg 400w\" sizes=\"(max-width: 1024px) 100vw, 1024px\" \/><\/a><p id=\"caption-attachment-24377\" class=\"wp-caption-text\">Nun rollern wir durch den Frankenwald, eine Gegend, in der sich niemand von uns gut auskennt. So bleibt es nicht aus, dass wir ab und zu halten und auf die Karte schauen m\u00fcssen. Manchmal halten wir aber auch nur an, weil die Landschaft so sch\u00f6n ist.<\/p><\/div>\n<div id=\"attachment_24378\" style=\"width: 1034px\" class=\"wp-caption aligncenter\"><a href=\"https:\/\/berni.fmode.de\/wordpress\/wp-content\/uploads\/4-03.jpg\"><img loading=\"lazy\" decoding=\"async\" aria-describedby=\"caption-attachment-24378\" class=\"wp-image-24378 size-full\" src=\"https:\/\/berni.fmode.de\/wordpress\/wp-content\/uploads\/4-03.jpg\" alt=\"Rollerreise durch den Th\u00fcringer Wald\" width=\"1024\" height=\"768\" srcset=\"https:\/\/berni.fmode.de\/wordpress\/wp-content\/uploads\/4-03.jpg 1024w, https:\/\/berni.fmode.de\/wordpress\/wp-content\/uploads\/4-03-300x225.jpg 300w, https:\/\/berni.fmode.de\/wordpress\/wp-content\/uploads\/4-03-768x576.jpg 768w, https:\/\/berni.fmode.de\/wordpress\/wp-content\/uploads\/4-03-400x300.jpg 400w\" sizes=\"(max-width: 1024px) 100vw, 1024px\" \/><\/a><p id=\"caption-attachment-24378\" class=\"wp-caption-text\">Nahe Nordhalben folgen wir einem Hinweisschild zur K\u00f6delberg-Talsperre. Allerdings erweist sich der Weg als sehr Roller-unfreundlich, so dass wir das Vorhaben wieder aufgeben.<\/p><\/div>\n<div id=\"attachment_24437\" style=\"width: 1034px\" class=\"wp-caption aligncenter\"><a href=\"https:\/\/berni.fmode.de\/wordpress\/wp-content\/uploads\/w04-01.jpg\"><img loading=\"lazy\" decoding=\"async\" aria-describedby=\"caption-attachment-24437\" class=\"wp-image-24437 size-full\" src=\"https:\/\/berni.fmode.de\/wordpress\/wp-content\/uploads\/w04-01.jpg\" alt=\"Rollerreise durch den Th\u00fcringer Wald\" width=\"1024\" height=\"768\" srcset=\"https:\/\/berni.fmode.de\/wordpress\/wp-content\/uploads\/w04-01.jpg 1024w, https:\/\/berni.fmode.de\/wordpress\/wp-content\/uploads\/w04-01-300x225.jpg 300w, https:\/\/berni.fmode.de\/wordpress\/wp-content\/uploads\/w04-01-768x576.jpg 768w, https:\/\/berni.fmode.de\/wordpress\/wp-content\/uploads\/w04-01-400x300.jpg 400w\" sizes=\"(max-width: 1024px) 100vw, 1024px\" \/><\/a><p id=\"caption-attachment-24437\" class=\"wp-caption-text\">Auch die Karte ist uns keine Hilfe bei der Suche nach der K\u00f6delberg-Talsperre.<\/p><\/div>\n<div id=\"attachment_24438\" style=\"width: 1034px\" class=\"wp-caption aligncenter\"><a href=\"https:\/\/berni.fmode.de\/wordpress\/wp-content\/uploads\/w04-02.jpg\"><img loading=\"lazy\" decoding=\"async\" aria-describedby=\"caption-attachment-24438\" class=\"wp-image-24438 size-full\" src=\"https:\/\/berni.fmode.de\/wordpress\/wp-content\/uploads\/w04-02.jpg\" alt=\"Rollerreise durch den Th\u00fcringer Wald\" width=\"1024\" height=\"768\" srcset=\"https:\/\/berni.fmode.de\/wordpress\/wp-content\/uploads\/w04-02.jpg 1024w, https:\/\/berni.fmode.de\/wordpress\/wp-content\/uploads\/w04-02-300x225.jpg 300w, https:\/\/berni.fmode.de\/wordpress\/wp-content\/uploads\/w04-02-768x576.jpg 768w, https:\/\/berni.fmode.de\/wordpress\/wp-content\/uploads\/w04-02-400x300.jpg 400w\" sizes=\"(max-width: 1024px) 100vw, 1024px\" \/><\/a><p id=\"caption-attachment-24438\" class=\"wp-caption-text\">Aber eigentlich macht das nichts, denn die Landschaft ist auch ohne Talsperre wundersch\u00f6n.<\/p><\/div>\n<div id=\"attachment_24379\" style=\"width: 1034px\" class=\"wp-caption aligncenter\"><a href=\"https:\/\/berni.fmode.de\/wordpress\/wp-content\/uploads\/4-04.jpg\"><img loading=\"lazy\" decoding=\"async\" aria-describedby=\"caption-attachment-24379\" class=\"wp-image-24379 size-full\" src=\"https:\/\/berni.fmode.de\/wordpress\/wp-content\/uploads\/4-04.jpg\" alt=\"Rollerreise durch den Th\u00fcringer Wald\" width=\"1024\" height=\"768\" srcset=\"https:\/\/berni.fmode.de\/wordpress\/wp-content\/uploads\/4-04.jpg 1024w, https:\/\/berni.fmode.de\/wordpress\/wp-content\/uploads\/4-04-300x225.jpg 300w, https:\/\/berni.fmode.de\/wordpress\/wp-content\/uploads\/4-04-768x576.jpg 768w, https:\/\/berni.fmode.de\/wordpress\/wp-content\/uploads\/4-04-400x300.jpg 400w\" sizes=\"(max-width: 1024px) 100vw, 1024px\" \/><\/a><p id=\"caption-attachment-24379\" class=\"wp-caption-text\">P\u00e4uschen am Waldrand.<\/p><\/div>\n<div id=\"attachment_24380\" style=\"width: 1034px\" class=\"wp-caption aligncenter\"><a href=\"https:\/\/berni.fmode.de\/wordpress\/wp-content\/uploads\/4-05.jpg\"><img loading=\"lazy\" decoding=\"async\" aria-describedby=\"caption-attachment-24380\" class=\"wp-image-24380 size-full\" src=\"https:\/\/berni.fmode.de\/wordpress\/wp-content\/uploads\/4-05.jpg\" alt=\"Rollerreise durch den Th\u00fcringer Wald\" width=\"1024\" height=\"768\" srcset=\"https:\/\/berni.fmode.de\/wordpress\/wp-content\/uploads\/4-05.jpg 1024w, https:\/\/berni.fmode.de\/wordpress\/wp-content\/uploads\/4-05-300x225.jpg 300w, https:\/\/berni.fmode.de\/wordpress\/wp-content\/uploads\/4-05-768x576.jpg 768w, https:\/\/berni.fmode.de\/wordpress\/wp-content\/uploads\/4-05-400x300.jpg 400w\" sizes=\"(max-width: 1024px) 100vw, 1024px\" \/><\/a><p id=\"caption-attachment-24380\" class=\"wp-caption-text\">Postkarten-Idylle! Der Frankenwald zeigt sich von seiner sch\u00f6nsten und sanftesten Seiten.<\/p><\/div>\n<div id=\"attachment_24381\" style=\"width: 1034px\" class=\"wp-caption aligncenter\"><a href=\"https:\/\/berni.fmode.de\/wordpress\/wp-content\/uploads\/4-06.jpg\"><img loading=\"lazy\" decoding=\"async\" aria-describedby=\"caption-attachment-24381\" class=\"wp-image-24381 size-full\" src=\"https:\/\/berni.fmode.de\/wordpress\/wp-content\/uploads\/4-06.jpg\" alt=\"Rollerreise durch den Th\u00fcringer Wald\" width=\"1024\" height=\"768\" srcset=\"https:\/\/berni.fmode.de\/wordpress\/wp-content\/uploads\/4-06.jpg 1024w, https:\/\/berni.fmode.de\/wordpress\/wp-content\/uploads\/4-06-300x225.jpg 300w, https:\/\/berni.fmode.de\/wordpress\/wp-content\/uploads\/4-06-768x576.jpg 768w, https:\/\/berni.fmode.de\/wordpress\/wp-content\/uploads\/4-06-400x300.jpg 400w\" sizes=\"(max-width: 1024px) 100vw, 1024px\" \/><\/a><p id=\"caption-attachment-24381\" class=\"wp-caption-text\">In der N\u00e4he von Birnbaum sto\u00dfen wir auf diesen Aussichtsturm gleichen Namens &#8211; eine prima Gelegenheit f\u00fcr eine etwas ausgiebigere Pause.<\/p><\/div>\n<div id=\"attachment_24439\" style=\"width: 1034px\" class=\"wp-caption aligncenter\"><a href=\"https:\/\/berni.fmode.de\/wordpress\/wp-content\/uploads\/w04-04.jpg\"><img loading=\"lazy\" decoding=\"async\" aria-describedby=\"caption-attachment-24439\" class=\"wp-image-24439 size-full\" src=\"https:\/\/berni.fmode.de\/wordpress\/wp-content\/uploads\/w04-04.jpg\" alt=\"Rollerreise durch den Th\u00fcringer Wald\" width=\"1024\" height=\"768\" srcset=\"https:\/\/berni.fmode.de\/wordpress\/wp-content\/uploads\/w04-04.jpg 1024w, https:\/\/berni.fmode.de\/wordpress\/wp-content\/uploads\/w04-04-300x225.jpg 300w, https:\/\/berni.fmode.de\/wordpress\/wp-content\/uploads\/w04-04-768x576.jpg 768w, https:\/\/berni.fmode.de\/wordpress\/wp-content\/uploads\/w04-04-400x300.jpg 400w\" sizes=\"(max-width: 1024px) 100vw, 1024px\" \/><\/a><p id=\"caption-attachment-24439\" class=\"wp-caption-text\">Ruth, J\u00fcrgen und ich besteigen den Turm, w\u00e4hrend Hartmut nach einer \u00fcberschl\u00e4gigen Berechnung \u00fcber die Anzahl der Stufen unten bleibt.<\/p><\/div>\n<div id=\"attachment_24440\" style=\"width: 1034px\" class=\"wp-caption aligncenter\"><a href=\"https:\/\/berni.fmode.de\/wordpress\/wp-content\/uploads\/w04-03.jpg\"><img loading=\"lazy\" decoding=\"async\" aria-describedby=\"caption-attachment-24440\" class=\"wp-image-24440 size-full\" src=\"https:\/\/berni.fmode.de\/wordpress\/wp-content\/uploads\/w04-03.jpg\" alt=\"Rollerreise durch den Th\u00fcringer Wald\" width=\"1024\" height=\"768\" srcset=\"https:\/\/berni.fmode.de\/wordpress\/wp-content\/uploads\/w04-03.jpg 1024w, https:\/\/berni.fmode.de\/wordpress\/wp-content\/uploads\/w04-03-300x225.jpg 300w, https:\/\/berni.fmode.de\/wordpress\/wp-content\/uploads\/w04-03-768x576.jpg 768w, https:\/\/berni.fmode.de\/wordpress\/wp-content\/uploads\/w04-03-400x300.jpg 400w\" sizes=\"(max-width: 1024px) 100vw, 1024px\" \/><\/a><p id=\"caption-attachment-24440\" class=\"wp-caption-text\">Aber der Aufstieg erweist sich trotz vieler Stufen und gro\u00dfer Hitze als gar nicht so schlimm. Belohnt werden wir mit grandiosen Aussichten.<\/p><\/div>\n<div id=\"attachment_24382\" style=\"width: 1034px\" class=\"wp-caption aligncenter\"><a href=\"https:\/\/berni.fmode.de\/wordpress\/wp-content\/uploads\/4-07.jpg\"><img loading=\"lazy\" decoding=\"async\" aria-describedby=\"caption-attachment-24382\" class=\"wp-image-24382 size-full\" src=\"https:\/\/berni.fmode.de\/wordpress\/wp-content\/uploads\/4-07.jpg\" alt=\"Rollerreise durch den Th\u00fcringer Wald\" width=\"1024\" height=\"768\" srcset=\"https:\/\/berni.fmode.de\/wordpress\/wp-content\/uploads\/4-07.jpg 1024w, https:\/\/berni.fmode.de\/wordpress\/wp-content\/uploads\/4-07-300x225.jpg 300w, https:\/\/berni.fmode.de\/wordpress\/wp-content\/uploads\/4-07-768x576.jpg 768w, https:\/\/berni.fmode.de\/wordpress\/wp-content\/uploads\/4-07-400x300.jpg 400w\" sizes=\"(max-width: 1024px) 100vw, 1024px\" \/><\/a><p id=\"caption-attachment-24382\" class=\"wp-caption-text\">Der Blick nach S\u00fcdwest &#8230;..<\/p><\/div>\n<div id=\"attachment_24383\" style=\"width: 1034px\" class=\"wp-caption aligncenter\"><a href=\"https:\/\/berni.fmode.de\/wordpress\/wp-content\/uploads\/4-08.jpg\"><img loading=\"lazy\" decoding=\"async\" aria-describedby=\"caption-attachment-24383\" class=\"wp-image-24383 size-full\" src=\"https:\/\/berni.fmode.de\/wordpress\/wp-content\/uploads\/4-08.jpg\" alt=\"Rollerreise durch den Th\u00fcringer Wald\" width=\"1024\" height=\"768\" srcset=\"https:\/\/berni.fmode.de\/wordpress\/wp-content\/uploads\/4-08.jpg 1024w, https:\/\/berni.fmode.de\/wordpress\/wp-content\/uploads\/4-08-300x225.jpg 300w, https:\/\/berni.fmode.de\/wordpress\/wp-content\/uploads\/4-08-768x576.jpg 768w, https:\/\/berni.fmode.de\/wordpress\/wp-content\/uploads\/4-08-400x300.jpg 400w\" sizes=\"(max-width: 1024px) 100vw, 1024px\" \/><\/a><p id=\"caption-attachment-24383\" class=\"wp-caption-text\">&#8230;.. nach Nordwest &#8230;..<\/p><\/div>\n<div id=\"attachment_24384\" style=\"width: 1034px\" class=\"wp-caption aligncenter\"><a href=\"https:\/\/berni.fmode.de\/wordpress\/wp-content\/uploads\/4-09.jpg\"><img loading=\"lazy\" decoding=\"async\" aria-describedby=\"caption-attachment-24384\" class=\"wp-image-24384 size-full\" src=\"https:\/\/berni.fmode.de\/wordpress\/wp-content\/uploads\/4-09.jpg\" alt=\"Rollerreise durch den Th\u00fcringer Wald\" width=\"1024\" height=\"768\" srcset=\"https:\/\/berni.fmode.de\/wordpress\/wp-content\/uploads\/4-09.jpg 1024w, https:\/\/berni.fmode.de\/wordpress\/wp-content\/uploads\/4-09-300x225.jpg 300w, https:\/\/berni.fmode.de\/wordpress\/wp-content\/uploads\/4-09-768x576.jpg 768w, https:\/\/berni.fmode.de\/wordpress\/wp-content\/uploads\/4-09-400x300.jpg 400w\" sizes=\"(max-width: 1024px) 100vw, 1024px\" \/><\/a><p id=\"caption-attachment-24384\" class=\"wp-caption-text\">&#8230;.. oder nach Nordost &#8211; alles gleichermassen beeindruckend.<\/p><\/div>\n<div id=\"attachment_24385\" style=\"width: 1034px\" class=\"wp-caption aligncenter\"><a href=\"https:\/\/berni.fmode.de\/wordpress\/wp-content\/uploads\/4-10.jpg\"><img loading=\"lazy\" decoding=\"async\" aria-describedby=\"caption-attachment-24385\" class=\"wp-image-24385 size-full\" src=\"https:\/\/berni.fmode.de\/wordpress\/wp-content\/uploads\/4-10.jpg\" alt=\"Rollerreise durch den Th\u00fcringer Wald\" width=\"1024\" height=\"768\" srcset=\"https:\/\/berni.fmode.de\/wordpress\/wp-content\/uploads\/4-10.jpg 1024w, https:\/\/berni.fmode.de\/wordpress\/wp-content\/uploads\/4-10-300x225.jpg 300w, https:\/\/berni.fmode.de\/wordpress\/wp-content\/uploads\/4-10-768x576.jpg 768w, https:\/\/berni.fmode.de\/wordpress\/wp-content\/uploads\/4-10-400x300.jpg 400w\" sizes=\"(max-width: 1024px) 100vw, 1024px\" \/><\/a><p id=\"caption-attachment-24385\" class=\"wp-caption-text\">In Kronach m\u00f6chten wir ein wenig Sightseeing betreiben und parken die Roller am Rande der Altstadt.<\/p><\/div>\n<div id=\"attachment_24386\" style=\"width: 1034px\" class=\"wp-caption aligncenter\"><a href=\"https:\/\/berni.fmode.de\/wordpress\/wp-content\/uploads\/4-11.jpg\"><img loading=\"lazy\" decoding=\"async\" aria-describedby=\"caption-attachment-24386\" class=\"wp-image-24386 size-full\" src=\"https:\/\/berni.fmode.de\/wordpress\/wp-content\/uploads\/4-11.jpg\" alt=\"Rollerreise durch den Th\u00fcringer Wald\" width=\"1024\" height=\"768\" srcset=\"https:\/\/berni.fmode.de\/wordpress\/wp-content\/uploads\/4-11.jpg 1024w, https:\/\/berni.fmode.de\/wordpress\/wp-content\/uploads\/4-11-300x225.jpg 300w, https:\/\/berni.fmode.de\/wordpress\/wp-content\/uploads\/4-11-768x576.jpg 768w, https:\/\/berni.fmode.de\/wordpress\/wp-content\/uploads\/4-11-400x300.jpg 400w\" sizes=\"(max-width: 1024px) 100vw, 1024px\" \/><\/a><p id=\"caption-attachment-24386\" class=\"wp-caption-text\">Eine sch\u00f6ne Stadt, dieses Kronach, und ich kann mich nicht erinnern, jemals hier gewesen zu sein.<\/p><\/div>\n<div id=\"attachment_24441\" style=\"width: 1034px\" class=\"wp-caption aligncenter\"><a href=\"https:\/\/berni.fmode.de\/wordpress\/wp-content\/uploads\/w04-05.jpg\"><img loading=\"lazy\" decoding=\"async\" aria-describedby=\"caption-attachment-24441\" class=\"wp-image-24441 size-full\" src=\"https:\/\/berni.fmode.de\/wordpress\/wp-content\/uploads\/w04-05.jpg\" alt=\"Rollerreise durch den Th\u00fcringer Wald\" width=\"1024\" height=\"768\" srcset=\"https:\/\/berni.fmode.de\/wordpress\/wp-content\/uploads\/w04-05.jpg 1024w, https:\/\/berni.fmode.de\/wordpress\/wp-content\/uploads\/w04-05-300x225.jpg 300w, https:\/\/berni.fmode.de\/wordpress\/wp-content\/uploads\/w04-05-768x576.jpg 768w, https:\/\/berni.fmode.de\/wordpress\/wp-content\/uploads\/w04-05-400x300.jpg 400w\" sizes=\"(max-width: 1024px) 100vw, 1024px\" \/><\/a><p id=\"caption-attachment-24441\" class=\"wp-caption-text\">F\u00fcr eine echte Besichtigung jedoch ist die Hitze zu gro\u00df. Ausserdem erscheint es uns nicht angebracht, die Roller mit ihrem Gep\u00e4ck und unserer Bekleidung zu lange allein zu lassen.<\/p><\/div>\n<div id=\"attachment_24387\" style=\"width: 1034px\" class=\"wp-caption aligncenter\"><a href=\"https:\/\/berni.fmode.de\/wordpress\/wp-content\/uploads\/4-12.jpg\"><img loading=\"lazy\" decoding=\"async\" aria-describedby=\"caption-attachment-24387\" class=\"wp-image-24387 size-full\" src=\"https:\/\/berni.fmode.de\/wordpress\/wp-content\/uploads\/4-12.jpg\" alt=\"Rollerreise durch den Th\u00fcringer Wald\" width=\"1024\" height=\"768\" srcset=\"https:\/\/berni.fmode.de\/wordpress\/wp-content\/uploads\/4-12.jpg 1024w, https:\/\/berni.fmode.de\/wordpress\/wp-content\/uploads\/4-12-300x225.jpg 300w, https:\/\/berni.fmode.de\/wordpress\/wp-content\/uploads\/4-12-768x576.jpg 768w, https:\/\/berni.fmode.de\/wordpress\/wp-content\/uploads\/4-12-400x300.jpg 400w\" sizes=\"(max-width: 1024px) 100vw, 1024px\" \/><\/a><p id=\"caption-attachment-24387\" class=\"wp-caption-text\">Als wir von dem kurzen Gang zur\u00fcck kommen, hat sich eine weitere Vespa dazu gesellt, eine ET4.<\/p><\/div>\n<div id=\"attachment_24388\" style=\"width: 1034px\" class=\"wp-caption aligncenter\"><a href=\"https:\/\/berni.fmode.de\/wordpress\/wp-content\/uploads\/4-13.jpg\"><img loading=\"lazy\" decoding=\"async\" aria-describedby=\"caption-attachment-24388\" class=\"wp-image-24388 size-full\" src=\"https:\/\/berni.fmode.de\/wordpress\/wp-content\/uploads\/4-13.jpg\" alt=\"Rollerreise durch den Th\u00fcringer Wald\" width=\"1024\" height=\"768\" srcset=\"https:\/\/berni.fmode.de\/wordpress\/wp-content\/uploads\/4-13.jpg 1024w, https:\/\/berni.fmode.de\/wordpress\/wp-content\/uploads\/4-13-300x225.jpg 300w, https:\/\/berni.fmode.de\/wordpress\/wp-content\/uploads\/4-13-768x576.jpg 768w, https:\/\/berni.fmode.de\/wordpress\/wp-content\/uploads\/4-13-400x300.jpg 400w\" sizes=\"(max-width: 1024px) 100vw, 1024px\" \/><\/a><p id=\"caption-attachment-24388\" class=\"wp-caption-text\">Unser n\u00e4chstes Ziel ist Sesslach, wo wir von Bekannten von Ruth, Hartmut und J\u00fcrgen erwartet werden. Der Weg dahin ist rundum reizvoll und macht uns viel Vergn\u00fcgen. Jedenfalls steht f\u00fcr uns bereits jetzt fest: Th\u00fcringer Wald und Frankenwald &#8211; wir kommen wieder.<\/p><\/div>\n<div id=\"attachment_24389\" style=\"width: 1034px\" class=\"wp-caption aligncenter\"><a href=\"https:\/\/berni.fmode.de\/wordpress\/wp-content\/uploads\/4-14.jpg\"><img loading=\"lazy\" decoding=\"async\" aria-describedby=\"caption-attachment-24389\" class=\"wp-image-24389 size-full\" src=\"https:\/\/berni.fmode.de\/wordpress\/wp-content\/uploads\/4-14.jpg\" alt=\"Rollerreise durch den Th\u00fcringer Wald\" width=\"1024\" height=\"768\" srcset=\"https:\/\/berni.fmode.de\/wordpress\/wp-content\/uploads\/4-14.jpg 1024w, https:\/\/berni.fmode.de\/wordpress\/wp-content\/uploads\/4-14-300x225.jpg 300w, https:\/\/berni.fmode.de\/wordpress\/wp-content\/uploads\/4-14-768x576.jpg 768w, https:\/\/berni.fmode.de\/wordpress\/wp-content\/uploads\/4-14-400x300.jpg 400w\" sizes=\"(max-width: 1024px) 100vw, 1024px\" \/><\/a><p id=\"caption-attachment-24389\" class=\"wp-caption-text\">Noch vor den Toren von Se\u00dflach werden wir von Ursula erwartet. Wir sind eingeladen zu einem feinen Begr\u00fc\u00dfungssnack und einem Sektle.<\/p><\/div>\n<div id=\"attachment_24390\" style=\"width: 1034px\" class=\"wp-caption aligncenter\"><a href=\"https:\/\/berni.fmode.de\/wordpress\/wp-content\/uploads\/4-15.jpg\"><img loading=\"lazy\" decoding=\"async\" aria-describedby=\"caption-attachment-24390\" class=\"wp-image-24390 size-full\" src=\"https:\/\/berni.fmode.de\/wordpress\/wp-content\/uploads\/4-15.jpg\" alt=\"Rollerreise durch den Th\u00fcringer Wald\" width=\"1024\" height=\"768\" srcset=\"https:\/\/berni.fmode.de\/wordpress\/wp-content\/uploads\/4-15.jpg 1024w, https:\/\/berni.fmode.de\/wordpress\/wp-content\/uploads\/4-15-300x225.jpg 300w, https:\/\/berni.fmode.de\/wordpress\/wp-content\/uploads\/4-15-768x576.jpg 768w, https:\/\/berni.fmode.de\/wordpress\/wp-content\/uploads\/4-15-400x300.jpg 400w\" sizes=\"(max-width: 1024px) 100vw, 1024px\" \/><\/a><p id=\"caption-attachment-24390\" class=\"wp-caption-text\">Der Rote Ochse ist das Quartier von J\u00fcrgen und mir. Hier findet auch am Abend ein Hoffest statt, zu dem wir von der Familie Schoder eingeladen wird. Das verspricht einen \u00e4usserst angenehmen Abend.<\/p><\/div>\n<div id=\"attachment_24391\" style=\"width: 1034px\" class=\"wp-caption aligncenter\"><a href=\"https:\/\/berni.fmode.de\/wordpress\/wp-content\/uploads\/4-16.jpg\"><img loading=\"lazy\" decoding=\"async\" aria-describedby=\"caption-attachment-24391\" class=\"wp-image-24391 size-full\" src=\"https:\/\/berni.fmode.de\/wordpress\/wp-content\/uploads\/4-16.jpg\" alt=\"Rollerreise durch den Th\u00fcringer Wald\" width=\"1024\" height=\"768\" srcset=\"https:\/\/berni.fmode.de\/wordpress\/wp-content\/uploads\/4-16.jpg 1024w, https:\/\/berni.fmode.de\/wordpress\/wp-content\/uploads\/4-16-300x225.jpg 300w, https:\/\/berni.fmode.de\/wordpress\/wp-content\/uploads\/4-16-768x576.jpg 768w, https:\/\/berni.fmode.de\/wordpress\/wp-content\/uploads\/4-16-400x300.jpg 400w\" sizes=\"(max-width: 1024px) 100vw, 1024px\" \/><\/a><p id=\"caption-attachment-24391\" class=\"wp-caption-text\">Vorher aber bekommen wir in einem Crashkurs den Ort Se\u00dflach und die Feinb\u00e4ckerei gezeigt, die von Adolf und Ursula Schoder betrieben wird. Der alte Ortskern von Se\u00dflach ist komplett von der alten Stadtmauer umgeben und durchaus mit Rothenburg vergleichbar. Aufgrund diverser Festlichkeiten an diesem Wochenende ist der gesamte Ortskern f\u00fcr Kraftfahrzeuge gesperrt. Mit unseren Rollern aber schleichen wir uns hinein und k\u00f6nnen die Fahrzeuge im Hof von freundlichen Mitb\u00fcrgern sicher abstellen.<\/p><\/div>\n<div id=\"attachment_24392\" style=\"width: 1034px\" class=\"wp-caption aligncenter\"><a href=\"https:\/\/berni.fmode.de\/wordpress\/wp-content\/uploads\/4-17.jpg\"><img loading=\"lazy\" decoding=\"async\" aria-describedby=\"caption-attachment-24392\" class=\"wp-image-24392 size-full\" src=\"https:\/\/berni.fmode.de\/wordpress\/wp-content\/uploads\/4-17.jpg\" alt=\"Rollerreise durch den Th\u00fcringer Wald\" width=\"1024\" height=\"768\" srcset=\"https:\/\/berni.fmode.de\/wordpress\/wp-content\/uploads\/4-17.jpg 1024w, https:\/\/berni.fmode.de\/wordpress\/wp-content\/uploads\/4-17-300x225.jpg 300w, https:\/\/berni.fmode.de\/wordpress\/wp-content\/uploads\/4-17-768x576.jpg 768w, https:\/\/berni.fmode.de\/wordpress\/wp-content\/uploads\/4-17-400x300.jpg 400w\" sizes=\"(max-width: 1024px) 100vw, 1024px\" \/><\/a><p id=\"caption-attachment-24392\" class=\"wp-caption-text\">Nach der interessanten Besichtigung im Schnelldurchlauf begeben wir uns in den Biergarten unseres Hotels, des Roten Ochsen. Hier erleben wir einen vorz\u00fcglichen und kurzweiligen Abend. Und \u00fcber das fr\u00e4nkische Essen und Trinken brauche ich wohl keine Worte zu verlieren &#8211; das ist einfach vorz\u00fcglich.<\/p><\/div>\n<div id=\"attachment_24393\" style=\"width: 1034px\" class=\"wp-caption aligncenter\"><a href=\"https:\/\/berni.fmode.de\/wordpress\/wp-content\/uploads\/4-18.jpg\"><img loading=\"lazy\" decoding=\"async\" aria-describedby=\"caption-attachment-24393\" class=\"wp-image-24393 size-full\" src=\"https:\/\/berni.fmode.de\/wordpress\/wp-content\/uploads\/4-18.jpg\" alt=\"Rollerreise durch den Th\u00fcringer Wald\" width=\"1024\" height=\"768\" srcset=\"https:\/\/berni.fmode.de\/wordpress\/wp-content\/uploads\/4-18.jpg 1024w, https:\/\/berni.fmode.de\/wordpress\/wp-content\/uploads\/4-18-300x225.jpg 300w, https:\/\/berni.fmode.de\/wordpress\/wp-content\/uploads\/4-18-768x576.jpg 768w, https:\/\/berni.fmode.de\/wordpress\/wp-content\/uploads\/4-18-400x300.jpg 400w\" sizes=\"(max-width: 1024px) 100vw, 1024px\" \/><\/a><p id=\"caption-attachment-24393\" class=\"wp-caption-text\">Es ist \u00fcberhaupt kein Problem, mit fremden Unterfranken in ein intensives Gespr\u00e4ch zu kommen. Wir haben alle viel Spa\u00df an diesem Abend &#8211; der auch entsprechend lange dauert.<\/p><\/div>\n<div id=\"attachment_24394\" style=\"width: 1034px\" class=\"wp-caption aligncenter\"><a href=\"https:\/\/berni.fmode.de\/wordpress\/wp-content\/uploads\/4-19.jpg\"><img loading=\"lazy\" decoding=\"async\" aria-describedby=\"caption-attachment-24394\" class=\"wp-image-24394 size-full\" src=\"https:\/\/berni.fmode.de\/wordpress\/wp-content\/uploads\/4-19.jpg\" alt=\"Rollerreise durch den Th\u00fcringer Wald\" width=\"1024\" height=\"768\" srcset=\"https:\/\/berni.fmode.de\/wordpress\/wp-content\/uploads\/4-19.jpg 1024w, https:\/\/berni.fmode.de\/wordpress\/wp-content\/uploads\/4-19-300x225.jpg 300w, https:\/\/berni.fmode.de\/wordpress\/wp-content\/uploads\/4-19-768x576.jpg 768w, https:\/\/berni.fmode.de\/wordpress\/wp-content\/uploads\/4-19-400x300.jpg 400w\" sizes=\"(max-width: 1024px) 100vw, 1024px\" \/><\/a><p id=\"caption-attachment-24394\" class=\"wp-caption-text\">In tiefer Nacht bummeln J\u00fcrgen und ich dann noch ein wenig durch Se\u00dflach &#8211; und die frische Luft mit Bewegung tut richtig gut.<\/p><\/div>\n","protected":false},"excerpt":{"rendered":"<p>Die Hitze war n\u00e4chtens gut auszuhalten, entsprechend sind wir gut ausgeschlafen und genie\u00dfen ein prima Fr\u00fchst\u00fcck.<\/p>\n","protected":false},"author":1,"featured_media":0,"parent":0,"menu_order":0,"comment_status":"closed","ping_status":"closed","template":"","meta":{"footnotes":""},"_links":{"self":[{"href":"https:\/\/berni.fmode.de\/wordpress\/index.php?rest_route=\/wp\/v2\/pages\/24375"}],"collection":[{"href":"https:\/\/berni.fmode.de\/wordpress\/index.php?rest_route=\/wp\/v2\/pages"}],"about":[{"href":"https:\/\/berni.fmode.de\/wordpress\/index.php?rest_route=\/wp\/v2\/types\/page"}],"author":[{"embeddable":true,"href":"https:\/\/berni.fmode.de\/wordpress\/index.php?rest_route=\/wp\/v2\/users\/1"}],"replies":[{"embeddable":true,"href":"https:\/\/berni.fmode.de\/wordpress\/index.php?rest_route=%2Fwp%2Fv2%2Fcomments&post=24375"}],"version-history":[{"count":3,"href":"https:\/\/berni.fmode.de\/wordpress\/index.php?rest_route=\/wp\/v2\/pages\/24375\/revisions"}],"predecessor-version":[{"id":24442,"href":"https:\/\/berni.fmode.de\/wordpress\/index.php?rest_route=\/wp\/v2\/pages\/24375\/revisions\/24442"}],"wp:attachment":[{"href":"https:\/\/berni.fmode.de\/wordpress\/index.php?rest_route=%2Fwp%2Fv2%2Fmedia&parent=24375"}],"curies":[{"name":"wp","href":"https:\/\/api.w.org\/{rel}","templated":true}]}}