{"id":24340,"date":"2018-08-07T14:14:12","date_gmt":"2018-08-07T13:14:12","guid":{"rendered":"http:\/\/berni.fmode.de\/wordpress\/?page_id=24340"},"modified":"2018-08-13T13:39:37","modified_gmt":"2018-08-13T12:39:37","slug":"tag-2-museumskultur-und-schwarzatal","status":"publish","type":"page","link":"https:\/\/berni.fmode.de\/wordpress\/?page_id=24340","title":{"rendered":"Tag 2: Museumskultur und Schwarzatal"},"content":{"rendered":"<p>Trotz der Bullenhitze schlafen wir alle sehr gut im Hostel und werden auch fr\u00fchzeitig wach. Beim Fr\u00fchst\u00fcck sehen wir dann zum ersten mal leibhaftige Menschen, die das Fr\u00fchst\u00fcck bereiten. Auch die Morgenmahlzeit ist OK &#8211; bis auf die etwas glibberigen Fr\u00fchst\u00fcckseier. Aber insgesamt passt das Preis-Leistungsverh\u00e4ltnis im Hostel und wir k\u00f6nnen die Herberge durchaus empfehlen.<\/p>\n<div id=\"attachment_24343\" style=\"width: 1034px\" class=\"wp-caption aligncenter\"><a href=\"https:\/\/berni.fmode.de\/wordpress\/wp-content\/uploads\/2-02-1.jpg\"><img loading=\"lazy\" decoding=\"async\" aria-describedby=\"caption-attachment-24343\" class=\"wp-image-24343 size-full\" src=\"https:\/\/berni.fmode.de\/wordpress\/wp-content\/uploads\/2-02-1.jpg\" alt=\"Rollerreise durch den Th\u00fcringer Wald\" width=\"1024\" height=\"768\" srcset=\"https:\/\/berni.fmode.de\/wordpress\/wp-content\/uploads\/2-02-1.jpg 1024w, https:\/\/berni.fmode.de\/wordpress\/wp-content\/uploads\/2-02-1-300x225.jpg 300w, https:\/\/berni.fmode.de\/wordpress\/wp-content\/uploads\/2-02-1-768x576.jpg 768w, https:\/\/berni.fmode.de\/wordpress\/wp-content\/uploads\/2-02-1-400x300.jpg 400w\" sizes=\"(max-width: 1024px) 100vw, 1024px\" \/><\/a><p id=\"caption-attachment-24343\" class=\"wp-caption-text\">Wir packen unser Zeug zusammen und verstauen alles auf den Rollern. Dann verabschieden wir uns von unseren urigen Zimmern.<\/p><\/div>\n<div id=\"attachment_24342\" style=\"width: 1034px\" class=\"wp-caption aligncenter\"><a href=\"https:\/\/berni.fmode.de\/wordpress\/wp-content\/uploads\/2-01-1.jpg\"><img loading=\"lazy\" decoding=\"async\" aria-describedby=\"caption-attachment-24342\" class=\"wp-image-24342 size-full\" src=\"https:\/\/berni.fmode.de\/wordpress\/wp-content\/uploads\/2-01-1.jpg\" alt=\"Rollerreise durch den Th\u00fcringer Wald\" width=\"1024\" height=\"768\" srcset=\"https:\/\/berni.fmode.de\/wordpress\/wp-content\/uploads\/2-01-1.jpg 1024w, https:\/\/berni.fmode.de\/wordpress\/wp-content\/uploads\/2-01-1-300x225.jpg 300w, https:\/\/berni.fmode.de\/wordpress\/wp-content\/uploads\/2-01-1-768x576.jpg 768w, https:\/\/berni.fmode.de\/wordpress\/wp-content\/uploads\/2-01-1-400x300.jpg 400w\" sizes=\"(max-width: 1024px) 100vw, 1024px\" \/><\/a><p id=\"caption-attachment-24342\" class=\"wp-caption-text\">Hat wirklich Spa\u00df gemacht, hier zu \u00fcbernachten.<\/p><\/div>\n<div id=\"attachment_24341\" style=\"width: 1034px\" class=\"wp-caption aligncenter\"><a href=\"https:\/\/berni.fmode.de\/wordpress\/wp-content\/uploads\/2-00.jpg\"><img loading=\"lazy\" decoding=\"async\" aria-describedby=\"caption-attachment-24341\" class=\"wp-image-24341 size-full\" src=\"https:\/\/berni.fmode.de\/wordpress\/wp-content\/uploads\/2-00.jpg\" alt=\"Rollerreise durch den Th\u00fcringer Wald\" width=\"1024\" height=\"768\" srcset=\"https:\/\/berni.fmode.de\/wordpress\/wp-content\/uploads\/2-00.jpg 1024w, https:\/\/berni.fmode.de\/wordpress\/wp-content\/uploads\/2-00-300x225.jpg 300w, https:\/\/berni.fmode.de\/wordpress\/wp-content\/uploads\/2-00-768x576.jpg 768w, https:\/\/berni.fmode.de\/wordpress\/wp-content\/uploads\/2-00-400x300.jpg 400w\" sizes=\"(max-width: 1024px) 100vw, 1024px\" \/><\/a><p id=\"caption-attachment-24341\" class=\"wp-caption-text\">Ein letzter Blick auf unser Zimmer 007 und dann sitzen wir wieder auf den Rollern.<\/p><\/div>\n<div id=\"attachment_24425\" style=\"width: 1034px\" class=\"wp-caption aligncenter\"><a href=\"https:\/\/berni.fmode.de\/wordpress\/wp-content\/uploads\/w02-01.jpg\"><img loading=\"lazy\" decoding=\"async\" aria-describedby=\"caption-attachment-24425\" class=\"wp-image-24425 size-full\" src=\"https:\/\/berni.fmode.de\/wordpress\/wp-content\/uploads\/w02-01.jpg\" alt=\"Rollerreise durch den Th\u00fcringer Wald\" width=\"1024\" height=\"768\" srcset=\"https:\/\/berni.fmode.de\/wordpress\/wp-content\/uploads\/w02-01.jpg 1024w, https:\/\/berni.fmode.de\/wordpress\/wp-content\/uploads\/w02-01-300x225.jpg 300w, https:\/\/berni.fmode.de\/wordpress\/wp-content\/uploads\/w02-01-768x576.jpg 768w, https:\/\/berni.fmode.de\/wordpress\/wp-content\/uploads\/w02-01-400x300.jpg 400w\" sizes=\"(max-width: 1024px) 100vw, 1024px\" \/><\/a><p id=\"caption-attachment-24425\" class=\"wp-caption-text\">Aber nur f\u00fcr wenige Minuten. Dann parken wir unsere Maschinchen direkt gegen\u00fcber den beiden Museen, die wir jetzt besuchen werden.<\/p><\/div>\n<div id=\"attachment_24426\" style=\"width: 1034px\" class=\"wp-caption aligncenter\"><a href=\"https:\/\/berni.fmode.de\/wordpress\/wp-content\/uploads\/w02-02.jpg\"><img loading=\"lazy\" decoding=\"async\" aria-describedby=\"caption-attachment-24426\" class=\"wp-image-24426 size-full\" src=\"https:\/\/berni.fmode.de\/wordpress\/wp-content\/uploads\/w02-02.jpg\" alt=\"Rollerreise durch den Th\u00fcringer Wald\" width=\"1024\" height=\"768\" srcset=\"https:\/\/berni.fmode.de\/wordpress\/wp-content\/uploads\/w02-02.jpg 1024w, https:\/\/berni.fmode.de\/wordpress\/wp-content\/uploads\/w02-02-300x225.jpg 300w, https:\/\/berni.fmode.de\/wordpress\/wp-content\/uploads\/w02-02-768x576.jpg 768w, https:\/\/berni.fmode.de\/wordpress\/wp-content\/uploads\/w02-02-400x300.jpg 400w\" sizes=\"(max-width: 1024px) 100vw, 1024px\" \/><\/a><p id=\"caption-attachment-24426\" class=\"wp-caption-text\">Das Kraftfahrzeug-Museum interessiert mich wesentlich mehr als das Waffen-Museum &#8211; dabei gab es Zeiten in meinem Leben, da war es genau umgekehrt. Eine Fotosession der Museen w\u00fcrde den Rahmen dieses Blog sprengen, weshalb hier nur ganz wenige Bilder zu sehen sind. Vor der wei\u00dfen Mars stehen wir alle and\u00e4chtig und w\u00fcrdigen diesen Meilenstein der Zweiradtechnik.<\/p><\/div>\n<div id=\"attachment_24427\" style=\"width: 1034px\" class=\"wp-caption aligncenter\"><a href=\"https:\/\/berni.fmode.de\/wordpress\/wp-content\/uploads\/w02-03.jpg\"><img loading=\"lazy\" decoding=\"async\" aria-describedby=\"caption-attachment-24427\" class=\"wp-image-24427 size-full\" src=\"https:\/\/berni.fmode.de\/wordpress\/wp-content\/uploads\/w02-03.jpg\" alt=\"Rollerreise durch den Th\u00fcringer Wald\" width=\"1024\" height=\"768\" srcset=\"https:\/\/berni.fmode.de\/wordpress\/wp-content\/uploads\/w02-03.jpg 1024w, https:\/\/berni.fmode.de\/wordpress\/wp-content\/uploads\/w02-03-300x225.jpg 300w, https:\/\/berni.fmode.de\/wordpress\/wp-content\/uploads\/w02-03-768x576.jpg 768w, https:\/\/berni.fmode.de\/wordpress\/wp-content\/uploads\/w02-03-400x300.jpg 400w\" sizes=\"(max-width: 1024px) 100vw, 1024px\" \/><\/a><p id=\"caption-attachment-24427\" class=\"wp-caption-text\">Zum ersten mal sehe ich ein Motorrad der Marke Rennsteig. Sieht aus wie ein ganz fr\u00fcher Scrambler \ud83d\ude42<\/p><\/div>\n<div id=\"attachment_24428\" style=\"width: 1034px\" class=\"wp-caption aligncenter\"><a href=\"https:\/\/berni.fmode.de\/wordpress\/wp-content\/uploads\/w02-04.jpg\"><img loading=\"lazy\" decoding=\"async\" aria-describedby=\"caption-attachment-24428\" class=\"wp-image-24428 size-full\" src=\"https:\/\/berni.fmode.de\/wordpress\/wp-content\/uploads\/w02-04.jpg\" alt=\"Rollerreise durch den Th\u00fcringer Wald\" width=\"1024\" height=\"768\" srcset=\"https:\/\/berni.fmode.de\/wordpress\/wp-content\/uploads\/w02-04.jpg 1024w, https:\/\/berni.fmode.de\/wordpress\/wp-content\/uploads\/w02-04-300x225.jpg 300w, https:\/\/berni.fmode.de\/wordpress\/wp-content\/uploads\/w02-04-768x576.jpg 768w, https:\/\/berni.fmode.de\/wordpress\/wp-content\/uploads\/w02-04-400x300.jpg 400w\" sizes=\"(max-width: 1024px) 100vw, 1024px\" \/><\/a><p id=\"caption-attachment-24428\" class=\"wp-caption-text\">F\u00fcr die Fahrzeuge aus Suhl und insbesondere f\u00fcr die AWO-Kr\u00e4der hatte ich schon immer eine Schw\u00e4che.<\/p><\/div>\n<div id=\"attachment_24429\" style=\"width: 1034px\" class=\"wp-caption aligncenter\"><a href=\"https:\/\/berni.fmode.de\/wordpress\/wp-content\/uploads\/w02-05.jpg\"><img loading=\"lazy\" decoding=\"async\" aria-describedby=\"caption-attachment-24429\" class=\"wp-image-24429 size-full\" src=\"https:\/\/berni.fmode.de\/wordpress\/wp-content\/uploads\/w02-05.jpg\" alt=\"Rollerreise durch den Th\u00fcringer Wald\" width=\"1024\" height=\"768\" srcset=\"https:\/\/berni.fmode.de\/wordpress\/wp-content\/uploads\/w02-05.jpg 1024w, https:\/\/berni.fmode.de\/wordpress\/wp-content\/uploads\/w02-05-300x225.jpg 300w, https:\/\/berni.fmode.de\/wordpress\/wp-content\/uploads\/w02-05-768x576.jpg 768w, https:\/\/berni.fmode.de\/wordpress\/wp-content\/uploads\/w02-05-400x300.jpg 400w\" sizes=\"(max-width: 1024px) 100vw, 1024px\" \/><\/a><p id=\"caption-attachment-24429\" class=\"wp-caption-text\">F\u00fcr die beiden Museen brauchen wir mehrere Stunden, von der sich aber jede einzelne gelohnt hat. Mit einem Ritterbild mit vertauschten Rollen verabschieden wir uns von Suhl und seinen Museen und tauchen jetzt noch tiefer ein in den Th\u00fcringer Wald.<\/p><\/div>\n<div id=\"attachment_24344\" style=\"width: 1034px\" class=\"wp-caption aligncenter\"><a href=\"https:\/\/berni.fmode.de\/wordpress\/wp-content\/uploads\/2-03-1.jpg\"><img loading=\"lazy\" decoding=\"async\" aria-describedby=\"caption-attachment-24344\" class=\"wp-image-24344 size-full\" src=\"https:\/\/berni.fmode.de\/wordpress\/wp-content\/uploads\/2-03-1.jpg\" alt=\"Rollerreise durch den Th\u00fcringer Wald\" width=\"1024\" height=\"768\" srcset=\"https:\/\/berni.fmode.de\/wordpress\/wp-content\/uploads\/2-03-1.jpg 1024w, https:\/\/berni.fmode.de\/wordpress\/wp-content\/uploads\/2-03-1-300x225.jpg 300w, https:\/\/berni.fmode.de\/wordpress\/wp-content\/uploads\/2-03-1-768x576.jpg 768w, https:\/\/berni.fmode.de\/wordpress\/wp-content\/uploads\/2-03-1-400x300.jpg 400w\" sizes=\"(max-width: 1024px) 100vw, 1024px\" \/><\/a><p id=\"caption-attachment-24344\" class=\"wp-caption-text\">In regelm\u00e4\u00dfigen Abst\u00e4nden fahren wir Superm\u00e4rkte an, um unseren Getr\u00e4nkevorrat neu aufzufrischen. In diesem Markt erkl\u00e4rt J\u00fcrgen der Kassiererin, dass er sich auf eine im Laden ausgeh\u00e4ngte Stellenanzeige als Verk\u00e4uferin bewerben wird. Die Dame freut sich schon darauf.<\/p><\/div>\n<div id=\"attachment_24345\" style=\"width: 1034px\" class=\"wp-caption aligncenter\"><a href=\"https:\/\/berni.fmode.de\/wordpress\/wp-content\/uploads\/2-04-1.jpg\"><img loading=\"lazy\" decoding=\"async\" aria-describedby=\"caption-attachment-24345\" class=\"wp-image-24345 size-full\" src=\"https:\/\/berni.fmode.de\/wordpress\/wp-content\/uploads\/2-04-1.jpg\" alt=\"Rollerreise durch den Th\u00fcringer Wald\" width=\"1024\" height=\"768\" srcset=\"https:\/\/berni.fmode.de\/wordpress\/wp-content\/uploads\/2-04-1.jpg 1024w, https:\/\/berni.fmode.de\/wordpress\/wp-content\/uploads\/2-04-1-300x225.jpg 300w, https:\/\/berni.fmode.de\/wordpress\/wp-content\/uploads\/2-04-1-768x576.jpg 768w, https:\/\/berni.fmode.de\/wordpress\/wp-content\/uploads\/2-04-1-400x300.jpg 400w\" sizes=\"(max-width: 1024px) 100vw, 1024px\" \/><\/a><p id=\"caption-attachment-24345\" class=\"wp-caption-text\">Die Landschaft ist inzwischen beinahe \u00fcberirdisch sch\u00f6n, was zu etlichen kurzen Fotopausen f\u00fchrt.<\/p><\/div>\n<div id=\"attachment_24346\" style=\"width: 1034px\" class=\"wp-caption aligncenter\"><a href=\"https:\/\/berni.fmode.de\/wordpress\/wp-content\/uploads\/2-05-1.jpg\"><img loading=\"lazy\" decoding=\"async\" aria-describedby=\"caption-attachment-24346\" class=\"wp-image-24346 size-full\" src=\"https:\/\/berni.fmode.de\/wordpress\/wp-content\/uploads\/2-05-1.jpg\" alt=\"Rollerreise durch den Th\u00fcringer Wald\" width=\"1024\" height=\"768\" srcset=\"https:\/\/berni.fmode.de\/wordpress\/wp-content\/uploads\/2-05-1.jpg 1024w, https:\/\/berni.fmode.de\/wordpress\/wp-content\/uploads\/2-05-1-300x225.jpg 300w, https:\/\/berni.fmode.de\/wordpress\/wp-content\/uploads\/2-05-1-768x576.jpg 768w, https:\/\/berni.fmode.de\/wordpress\/wp-content\/uploads\/2-05-1-400x300.jpg 400w\" sizes=\"(max-width: 1024px) 100vw, 1024px\" \/><\/a><p id=\"caption-attachment-24346\" class=\"wp-caption-text\">Von hier aus nehmen wir Ziel auf das Schwarzatal, das wir \u00fcber Schmiedefeld, Neustadt und Herschdorf anfahren. Eine Wahnsinnsroute mit dem winzigen Manko, dass wir nicht oft anhalten k\u00f6nnen. Diese Strecke bin ich ca. 1995 schon mal mit meinem damaligen Arbeitskollegen Reinhold abgefahren.<\/p><\/div>\n<div id=\"attachment_24347\" style=\"width: 1034px\" class=\"wp-caption aligncenter\"><a href=\"https:\/\/berni.fmode.de\/wordpress\/wp-content\/uploads\/2-06-1.jpg\"><img loading=\"lazy\" decoding=\"async\" aria-describedby=\"caption-attachment-24347\" class=\"wp-image-24347 size-full\" src=\"https:\/\/berni.fmode.de\/wordpress\/wp-content\/uploads\/2-06-1.jpg\" alt=\"Rollerreise durch den Th\u00fcringer Wald\" width=\"1024\" height=\"768\" srcset=\"https:\/\/berni.fmode.de\/wordpress\/wp-content\/uploads\/2-06-1.jpg 1024w, https:\/\/berni.fmode.de\/wordpress\/wp-content\/uploads\/2-06-1-300x225.jpg 300w, https:\/\/berni.fmode.de\/wordpress\/wp-content\/uploads\/2-06-1-768x576.jpg 768w, https:\/\/berni.fmode.de\/wordpress\/wp-content\/uploads\/2-06-1-400x300.jpg 400w\" sizes=\"(max-width: 1024px) 100vw, 1024px\" \/><\/a><p id=\"caption-attachment-24347\" class=\"wp-caption-text\">In Schwarzburg entscheiden wir uns, in diesem Hotel Quartier zu nehmen.<\/p><\/div>\n<div id=\"attachment_24430\" style=\"width: 1034px\" class=\"wp-caption aligncenter\"><a href=\"https:\/\/berni.fmode.de\/wordpress\/wp-content\/uploads\/w02-07.jpg\"><img loading=\"lazy\" decoding=\"async\" aria-describedby=\"caption-attachment-24430\" class=\"wp-image-24430 size-full\" src=\"https:\/\/berni.fmode.de\/wordpress\/wp-content\/uploads\/w02-07.jpg\" alt=\"Rollerreise durch den Th\u00fcringer Wald\" width=\"1024\" height=\"768\" srcset=\"https:\/\/berni.fmode.de\/wordpress\/wp-content\/uploads\/w02-07.jpg 1024w, https:\/\/berni.fmode.de\/wordpress\/wp-content\/uploads\/w02-07-300x225.jpg 300w, https:\/\/berni.fmode.de\/wordpress\/wp-content\/uploads\/w02-07-768x576.jpg 768w, https:\/\/berni.fmode.de\/wordpress\/wp-content\/uploads\/w02-07-400x300.jpg 400w\" sizes=\"(max-width: 1024px) 100vw, 1024px\" \/><\/a><p id=\"caption-attachment-24430\" class=\"wp-caption-text\">Dieses Vorhaben gestaltet sich als nicht ganz einfach und die Universal-Fachkraft muss etliche male durch das sehr gro\u00dfe Geb\u00e4ude eilen, um zu checken, welche Zimmer frei sind. Dazu ist noch ihr Handy verschwunden und unsere Apperate finden hier kein Netz. Aber letztlich finden wir hier zwei gewaltige Doppelzimmer mit herrlich altmodischer Einrichtung.<\/p><\/div>\n<div id=\"attachment_24348\" style=\"width: 1034px\" class=\"wp-caption aligncenter\"><a href=\"https:\/\/berni.fmode.de\/wordpress\/wp-content\/uploads\/2-07-1.jpg\"><img loading=\"lazy\" decoding=\"async\" aria-describedby=\"caption-attachment-24348\" class=\"wp-image-24348 size-full\" src=\"https:\/\/berni.fmode.de\/wordpress\/wp-content\/uploads\/2-07-1.jpg\" alt=\"Rollerreise durch den Th\u00fcringer Wald\" width=\"1024\" height=\"768\" srcset=\"https:\/\/berni.fmode.de\/wordpress\/wp-content\/uploads\/2-07-1.jpg 1024w, https:\/\/berni.fmode.de\/wordpress\/wp-content\/uploads\/2-07-1-300x225.jpg 300w, https:\/\/berni.fmode.de\/wordpress\/wp-content\/uploads\/2-07-1-768x576.jpg 768w, https:\/\/berni.fmode.de\/wordpress\/wp-content\/uploads\/2-07-1-400x300.jpg 400w\" sizes=\"(max-width: 1024px) 100vw, 1024px\" \/><\/a><p id=\"caption-attachment-24348\" class=\"wp-caption-text\">Insgesamt vermittelt das Hotel den Eindruck vergangener Pracht und Herrlichkeit.<\/p><\/div>\n<div id=\"attachment_24349\" style=\"width: 1034px\" class=\"wp-caption aligncenter\"><a href=\"https:\/\/berni.fmode.de\/wordpress\/wp-content\/uploads\/2-08-1.jpg\"><img loading=\"lazy\" decoding=\"async\" aria-describedby=\"caption-attachment-24349\" class=\"wp-image-24349 size-full\" src=\"https:\/\/berni.fmode.de\/wordpress\/wp-content\/uploads\/2-08-1.jpg\" alt=\"Rollerreise durch den Th\u00fcringer Wald\" width=\"1024\" height=\"768\" srcset=\"https:\/\/berni.fmode.de\/wordpress\/wp-content\/uploads\/2-08-1.jpg 1024w, https:\/\/berni.fmode.de\/wordpress\/wp-content\/uploads\/2-08-1-300x225.jpg 300w, https:\/\/berni.fmode.de\/wordpress\/wp-content\/uploads\/2-08-1-768x576.jpg 768w, https:\/\/berni.fmode.de\/wordpress\/wp-content\/uploads\/2-08-1-400x300.jpg 400w\" sizes=\"(max-width: 1024px) 100vw, 1024px\" \/><\/a><p id=\"caption-attachment-24349\" class=\"wp-caption-text\">Aber wir k\u00f6nnen es hier prima aushalten. Und Doppelzimmer sind J\u00fcrgen und ich ja mittlerweile gewohnt.<\/p><\/div>\n<p>Weil uns die Men\u00fcvorschl\u00e4ge f\u00fcr das Abendessen nicht v\u00f6llig \u00fcberzeugen, verzichten wir und fahren lieber noch einmal 12 Kilometer weiter an der Schwarza entlang bis Bad Blankenburg. Hier sind wir sicher, eine Gastst\u00e4tte mit mehr Auswahl zu finden. Das h\u00e4tten wir vielleicht doch nicht tun sollen.<\/p>\n<div id=\"attachment_24431\" style=\"width: 1034px\" class=\"wp-caption aligncenter\"><a href=\"https:\/\/berni.fmode.de\/wordpress\/wp-content\/uploads\/w02-06.jpg\"><img loading=\"lazy\" decoding=\"async\" aria-describedby=\"caption-attachment-24431\" class=\"wp-image-24431 size-full\" src=\"https:\/\/berni.fmode.de\/wordpress\/wp-content\/uploads\/w02-06.jpg\" alt=\"Rollerreise durch den Th\u00fcringer Wald\" width=\"1024\" height=\"768\" srcset=\"https:\/\/berni.fmode.de\/wordpress\/wp-content\/uploads\/w02-06.jpg 1024w, https:\/\/berni.fmode.de\/wordpress\/wp-content\/uploads\/w02-06-300x225.jpg 300w, https:\/\/berni.fmode.de\/wordpress\/wp-content\/uploads\/w02-06-768x576.jpg 768w, https:\/\/berni.fmode.de\/wordpress\/wp-content\/uploads\/w02-06-400x300.jpg 400w\" sizes=\"(max-width: 1024px) 100vw, 1024px\" \/><\/a><p id=\"caption-attachment-24431\" class=\"wp-caption-text\">Unsere Versuchen nach h\u00fcbschen Lokalen mit toller Speisekarte geben wir nach vielen Kilometern vergeblicher Suche in einer Stadt, die irgendwie ihre Identit\u00e4t verloren hat, auf und landen am Sultan Grill, dem 1. D\u00f6ner- und Pizza-Haus am Platze. Aber OK, selber schuld, und immerhin werden wir alle satt. Und wir sind uns ganz sicher, dass der Sultan unsere vergebliche Suche beobachtet und Wetten abgeschlossen hat, dass wir am Ende bei ihm landen.<\/p><\/div>\n<div id=\"attachment_24350\" style=\"width: 1034px\" class=\"wp-caption aligncenter\"><a href=\"https:\/\/berni.fmode.de\/wordpress\/wp-content\/uploads\/2-09-1.jpg\"><img loading=\"lazy\" decoding=\"async\" aria-describedby=\"caption-attachment-24350\" class=\"wp-image-24350 size-full\" src=\"https:\/\/berni.fmode.de\/wordpress\/wp-content\/uploads\/2-09-1.jpg\" alt=\"Rollerreise durch den Th\u00fcringer Wald\" width=\"1024\" height=\"768\" srcset=\"https:\/\/berni.fmode.de\/wordpress\/wp-content\/uploads\/2-09-1.jpg 1024w, https:\/\/berni.fmode.de\/wordpress\/wp-content\/uploads\/2-09-1-300x225.jpg 300w, https:\/\/berni.fmode.de\/wordpress\/wp-content\/uploads\/2-09-1-768x576.jpg 768w, https:\/\/berni.fmode.de\/wordpress\/wp-content\/uploads\/2-09-1-400x300.jpg 400w\" sizes=\"(max-width: 1024px) 100vw, 1024px\" \/><\/a><p id=\"caption-attachment-24350\" class=\"wp-caption-text\">Eine Entsch\u00e4digung f\u00fcr das m\u00e4\u00dfige Essen liefert dann die R\u00fcckfahrt an der Schwarza entlang und in den beginnenden Abend hinein. Und gegen die vollen B\u00e4uche machen wir uns noch einen sch\u00f6nen, langen Spaziergang zur Schwarzburg.<\/p><\/div>\n<div id=\"attachment_24351\" style=\"width: 1034px\" class=\"wp-caption aligncenter\"><a href=\"https:\/\/berni.fmode.de\/wordpress\/wp-content\/uploads\/2-10-1.jpg\"><img loading=\"lazy\" decoding=\"async\" aria-describedby=\"caption-attachment-24351\" class=\"wp-image-24351 size-full\" src=\"https:\/\/berni.fmode.de\/wordpress\/wp-content\/uploads\/2-10-1.jpg\" alt=\"Rollerreise durch den Th\u00fcringer Wald\" width=\"1024\" height=\"768\" srcset=\"https:\/\/berni.fmode.de\/wordpress\/wp-content\/uploads\/2-10-1.jpg 1024w, https:\/\/berni.fmode.de\/wordpress\/wp-content\/uploads\/2-10-1-300x225.jpg 300w, https:\/\/berni.fmode.de\/wordpress\/wp-content\/uploads\/2-10-1-768x576.jpg 768w, https:\/\/berni.fmode.de\/wordpress\/wp-content\/uploads\/2-10-1-400x300.jpg 400w\" sizes=\"(max-width: 1024px) 100vw, 1024px\" \/><\/a><p id=\"caption-attachment-24351\" class=\"wp-caption-text\">Die Burg mit all ihren Nebengeb\u00e4uden wird gerade renoviert und instand gesetzt.<\/p><\/div>\n<div id=\"attachment_24352\" style=\"width: 1034px\" class=\"wp-caption aligncenter\"><a href=\"https:\/\/berni.fmode.de\/wordpress\/wp-content\/uploads\/2-11-1.jpg\"><img loading=\"lazy\" decoding=\"async\" aria-describedby=\"caption-attachment-24352\" class=\"wp-image-24352 size-full\" src=\"https:\/\/berni.fmode.de\/wordpress\/wp-content\/uploads\/2-11-1.jpg\" alt=\"Rollerreise durch den Th\u00fcringer Wald\" width=\"1024\" height=\"768\" srcset=\"https:\/\/berni.fmode.de\/wordpress\/wp-content\/uploads\/2-11-1.jpg 1024w, https:\/\/berni.fmode.de\/wordpress\/wp-content\/uploads\/2-11-1-300x225.jpg 300w, https:\/\/berni.fmode.de\/wordpress\/wp-content\/uploads\/2-11-1-768x576.jpg 768w, https:\/\/berni.fmode.de\/wordpress\/wp-content\/uploads\/2-11-1-400x300.jpg 400w\" sizes=\"(max-width: 1024px) 100vw, 1024px\" \/><\/a><p id=\"caption-attachment-24352\" class=\"wp-caption-text\">Neulich in Ontario &#8211; ein beeindruckendes Panorama wie in Kanada.<\/p><\/div>\n<div id=\"attachment_24353\" style=\"width: 1034px\" class=\"wp-caption aligncenter\"><a href=\"https:\/\/berni.fmode.de\/wordpress\/wp-content\/uploads\/2-12-1.jpg\"><img loading=\"lazy\" decoding=\"async\" aria-describedby=\"caption-attachment-24353\" class=\"wp-image-24353 size-full\" src=\"https:\/\/berni.fmode.de\/wordpress\/wp-content\/uploads\/2-12-1.jpg\" alt=\"Rollerreise durch den Th\u00fcringer Wald\" width=\"1024\" height=\"768\" srcset=\"https:\/\/berni.fmode.de\/wordpress\/wp-content\/uploads\/2-12-1.jpg 1024w, https:\/\/berni.fmode.de\/wordpress\/wp-content\/uploads\/2-12-1-300x225.jpg 300w, https:\/\/berni.fmode.de\/wordpress\/wp-content\/uploads\/2-12-1-768x576.jpg 768w, https:\/\/berni.fmode.de\/wordpress\/wp-content\/uploads\/2-12-1-400x300.jpg 400w\" sizes=\"(max-width: 1024px) 100vw, 1024px\" \/><\/a><p id=\"caption-attachment-24353\" class=\"wp-caption-text\">In und um die Schwarzburg herum bewegen wir uns auf historischem Boden.<\/p><\/div>\n<div id=\"attachment_24354\" style=\"width: 1034px\" class=\"wp-caption aligncenter\"><a href=\"https:\/\/berni.fmode.de\/wordpress\/wp-content\/uploads\/2-13-1.jpg\"><img loading=\"lazy\" decoding=\"async\" aria-describedby=\"caption-attachment-24354\" class=\"wp-image-24354 size-full\" src=\"https:\/\/berni.fmode.de\/wordpress\/wp-content\/uploads\/2-13-1.jpg\" alt=\"Rollerreise durch den Th\u00fcringer Wald\" width=\"1024\" height=\"768\" srcset=\"https:\/\/berni.fmode.de\/wordpress\/wp-content\/uploads\/2-13-1.jpg 1024w, https:\/\/berni.fmode.de\/wordpress\/wp-content\/uploads\/2-13-1-300x225.jpg 300w, https:\/\/berni.fmode.de\/wordpress\/wp-content\/uploads\/2-13-1-768x576.jpg 768w, https:\/\/berni.fmode.de\/wordpress\/wp-content\/uploads\/2-13-1-400x300.jpg 400w\" sizes=\"(max-width: 1024px) 100vw, 1024px\" \/><\/a><p id=\"caption-attachment-24354\" class=\"wp-caption-text\">Der lange Spaziergang, die sch\u00f6ne Burg und der Absacker in der Bar unseres Hotels bringen die Stimmung wieder auf Normalma\u00df.<\/p><\/div>\n","protected":false},"excerpt":{"rendered":"<p>Trotz der Bullenhitze schlafen wir alle sehr gut im Hostel und werden auch fr\u00fchzeitig wach. Beim Fr\u00fchst\u00fcck sehen wir dann zum ersten mal leibhaftige Menschen, die das Fr\u00fchst\u00fcck bereiten. Auch die Morgenmahlzeit ist OK &#8211; bis auf die etwas glibberigen &hellip; <a href=\"https:\/\/berni.fmode.de\/wordpress\/?page_id=24340\">Weiterlesen <span class=\"meta-nav\">&rarr;<\/span><\/a><\/p>\n","protected":false},"author":1,"featured_media":0,"parent":0,"menu_order":0,"comment_status":"closed","ping_status":"closed","template":"","meta":{"footnotes":""},"_links":{"self":[{"href":"https:\/\/berni.fmode.de\/wordpress\/index.php?rest_route=\/wp\/v2\/pages\/24340"}],"collection":[{"href":"https:\/\/berni.fmode.de\/wordpress\/index.php?rest_route=\/wp\/v2\/pages"}],"about":[{"href":"https:\/\/berni.fmode.de\/wordpress\/index.php?rest_route=\/wp\/v2\/types\/page"}],"author":[{"embeddable":true,"href":"https:\/\/berni.fmode.de\/wordpress\/index.php?rest_route=\/wp\/v2\/users\/1"}],"replies":[{"embeddable":true,"href":"https:\/\/berni.fmode.de\/wordpress\/index.php?rest_route=%2Fwp%2Fv2%2Fcomments&post=24340"}],"version-history":[{"count":3,"href":"https:\/\/berni.fmode.de\/wordpress\/index.php?rest_route=\/wp\/v2\/pages\/24340\/revisions"}],"predecessor-version":[{"id":24432,"href":"https:\/\/berni.fmode.de\/wordpress\/index.php?rest_route=\/wp\/v2\/pages\/24340\/revisions\/24432"}],"wp:attachment":[{"href":"https:\/\/berni.fmode.de\/wordpress\/index.php?rest_route=%2Fwp%2Fv2%2Fmedia&parent=24340"}],"curies":[{"name":"wp","href":"https:\/\/api.w.org\/{rel}","templated":true}]}}