{"id":24307,"date":"2018-08-07T14:08:49","date_gmt":"2018-08-07T13:08:49","guid":{"rendered":"http:\/\/berni.fmode.de\/wordpress\/?page_id=24307"},"modified":"2018-08-21T20:26:52","modified_gmt":"2018-08-21T19:26:52","slug":"die-protagonisten-und-ihre-fahrzeuge","status":"publish","type":"page","link":"https:\/\/berni.fmode.de\/wordpress\/?page_id=24307","title":{"rendered":"Die Protagonisten und ihre Fahrzeuge"},"content":{"rendered":"<div id=\"attachment_24308\" style=\"width: 512px\" class=\"wp-caption aligncenter\"><a href=\"https:\/\/berni.fmode.de\/wordpress\/wp-content\/uploads\/p0.jpg\"><img loading=\"lazy\" decoding=\"async\" aria-describedby=\"caption-attachment-24308\" class=\"wp-image-24308 size-full\" src=\"https:\/\/berni.fmode.de\/wordpress\/wp-content\/uploads\/p0.jpg\" alt=\"Die Protagonisten\" width=\"502\" height=\"377\" srcset=\"https:\/\/berni.fmode.de\/wordpress\/wp-content\/uploads\/p0.jpg 502w, https:\/\/berni.fmode.de\/wordpress\/wp-content\/uploads\/p0-300x225.jpg 300w, https:\/\/berni.fmode.de\/wordpress\/wp-content\/uploads\/p0-399x300.jpg 399w\" sizes=\"(max-width: 502px) 100vw, 502px\" \/><\/a><p id=\"caption-attachment-24308\" class=\"wp-caption-text\">Ruth ist die j\u00fcngste in unserer ansonsten aus \u00e4ltereren Herren bestehende Gruppe. Sie arbeit in einem Pflegeberuf und somit passt das perfekt. Ruth hat (noch) keinen eigenen Roller und f\u00e4hrt bei Hartmut auf dem 250er T-Max mit.<\/p><\/div>\n<div id=\"attachment_24309\" style=\"width: 512px\" class=\"wp-caption aligncenter\"><a href=\"https:\/\/berni.fmode.de\/wordpress\/wp-content\/uploads\/p1-13.jpg\"><img loading=\"lazy\" decoding=\"async\" aria-describedby=\"caption-attachment-24309\" class=\"wp-image-24309 size-full\" src=\"https:\/\/berni.fmode.de\/wordpress\/wp-content\/uploads\/p1-13.jpg\" alt=\"Die Protagonisten\" width=\"502\" height=\"376\" srcset=\"https:\/\/berni.fmode.de\/wordpress\/wp-content\/uploads\/p1-13.jpg 502w, https:\/\/berni.fmode.de\/wordpress\/wp-content\/uploads\/p1-13-300x225.jpg 300w, https:\/\/berni.fmode.de\/wordpress\/wp-content\/uploads\/p1-13-401x300.jpg 401w\" sizes=\"(max-width: 502px) 100vw, 502px\" \/><\/a><p id=\"caption-attachment-24309\" class=\"wp-caption-text\">Hartmut f\u00e4hrt den neuesten und kr\u00e4ftigsten Roller in der Gruppe, passt sich aber den geringeren Geschwindigkeiten von Honda und Vespa gut an.<\/p><\/div>\n<div id=\"attachment_24310\" style=\"width: 512px\" class=\"wp-caption aligncenter\"><a href=\"https:\/\/berni.fmode.de\/wordpress\/wp-content\/uploads\/p2-14.jpg\"><img loading=\"lazy\" decoding=\"async\" aria-describedby=\"caption-attachment-24310\" class=\"wp-image-24310 size-full\" src=\"https:\/\/berni.fmode.de\/wordpress\/wp-content\/uploads\/p2-14.jpg\" alt=\"Die Protagonisten\" width=\"502\" height=\"376\" srcset=\"https:\/\/berni.fmode.de\/wordpress\/wp-content\/uploads\/p2-14.jpg 502w, https:\/\/berni.fmode.de\/wordpress\/wp-content\/uploads\/p2-14-300x225.jpg 300w, https:\/\/berni.fmode.de\/wordpress\/wp-content\/uploads\/p2-14-401x300.jpg 401w\" sizes=\"(max-width: 502px) 100vw, 502px\" \/><\/a><p id=\"caption-attachment-24310\" class=\"wp-caption-text\">J\u00fcrgen bewegt mit dem 125er Honda Spacy das nominell schw\u00e4chste Fahrzeug, kann aber problemlos \u00fcberall mithalten. In den Bergpassagen des Th\u00fcringer Waldes ist der kleine Honda der Vespa sogar stellenweise \u00fcberlegen.<\/p><\/div>\n<div id=\"attachment_24311\" style=\"width: 512px\" class=\"wp-caption aligncenter\"><a href=\"https:\/\/berni.fmode.de\/wordpress\/wp-content\/uploads\/p3-12.jpg\"><img loading=\"lazy\" decoding=\"async\" aria-describedby=\"caption-attachment-24311\" class=\"wp-image-24311 size-full\" src=\"https:\/\/berni.fmode.de\/wordpress\/wp-content\/uploads\/p3-12.jpg\" alt=\"Die Protagonisten\" width=\"502\" height=\"376\" srcset=\"https:\/\/berni.fmode.de\/wordpress\/wp-content\/uploads\/p3-12.jpg 502w, https:\/\/berni.fmode.de\/wordpress\/wp-content\/uploads\/p3-12-300x225.jpg 300w, https:\/\/berni.fmode.de\/wordpress\/wp-content\/uploads\/p3-12-401x300.jpg 401w\" sizes=\"(max-width: 502px) 100vw, 502px\" \/><\/a><p id=\"caption-attachment-24311\" class=\"wp-caption-text\">Und das bin ich selber, unterwegs mit der Vespa GTS125, die ihre 15 PS nicht unbedingt \u00fcberall ausspielen kann. Lieber w\u00e4re ich mit einer 300er GTV dabei gewesen &#8211; hab ich aber nicht.<\/p><\/div>\n<div id=\"attachment_24312\" style=\"width: 1210px\" class=\"wp-caption aligncenter\"><a href=\"https:\/\/berni.fmode.de\/wordpress\/wp-content\/uploads\/pr0.jpg\"><img loading=\"lazy\" decoding=\"async\" aria-describedby=\"caption-attachment-24312\" class=\"wp-image-24312 size-full\" src=\"https:\/\/berni.fmode.de\/wordpress\/wp-content\/uploads\/pr0.jpg\" alt=\"Die Protagonisten\" width=\"1200\" height=\"900\" srcset=\"https:\/\/berni.fmode.de\/wordpress\/wp-content\/uploads\/pr0.jpg 1200w, https:\/\/berni.fmode.de\/wordpress\/wp-content\/uploads\/pr0-300x225.jpg 300w, https:\/\/berni.fmode.de\/wordpress\/wp-content\/uploads\/pr0-768x576.jpg 768w, https:\/\/berni.fmode.de\/wordpress\/wp-content\/uploads\/pr0-1024x768.jpg 1024w, https:\/\/berni.fmode.de\/wordpress\/wp-content\/uploads\/pr0-400x300.jpg 400w\" sizes=\"(max-width: 1200px) 100vw, 1200px\" \/><\/a><p id=\"caption-attachment-24312\" class=\"wp-caption-text\">Hier unsere Fahrzeuge. Wie man sieht, ist da eine sehr heterogene Gruppe unterwegs.<\/p><\/div>\n<ol>\n<li>Yamaha 250 X-Max, 20,4 PS, Gewicht 182 kg<\/li>\n<li>Vespa GTS125, 15 PS, Gewicht 148 kg<\/li>\n<li>Honda Spacy 125, 9 PS, Gewicht 125 kg<\/li>\n<\/ol>\n","protected":false},"excerpt":{"rendered":"<p>Yamaha 250 X-Max, 20,4 PS, Gewicht 182 kg Vespa GTS125, 15 PS, Gewicht 148 kg Honda Spacy 125, 9 PS, Gewicht 125 kg<\/p>\n","protected":false},"author":1,"featured_media":0,"parent":0,"menu_order":0,"comment_status":"closed","ping_status":"closed","template":"","meta":{"footnotes":""},"_links":{"self":[{"href":"https:\/\/berni.fmode.de\/wordpress\/index.php?rest_route=\/wp\/v2\/pages\/24307"}],"collection":[{"href":"https:\/\/berni.fmode.de\/wordpress\/index.php?rest_route=\/wp\/v2\/pages"}],"about":[{"href":"https:\/\/berni.fmode.de\/wordpress\/index.php?rest_route=\/wp\/v2\/types\/page"}],"author":[{"embeddable":true,"href":"https:\/\/berni.fmode.de\/wordpress\/index.php?rest_route=\/wp\/v2\/users\/1"}],"replies":[{"embeddable":true,"href":"https:\/\/berni.fmode.de\/wordpress\/index.php?rest_route=%2Fwp%2Fv2%2Fcomments&post=24307"}],"version-history":[{"count":2,"href":"https:\/\/berni.fmode.de\/wordpress\/index.php?rest_route=\/wp\/v2\/pages\/24307\/revisions"}],"predecessor-version":[{"id":24478,"href":"https:\/\/berni.fmode.de\/wordpress\/index.php?rest_route=\/wp\/v2\/pages\/24307\/revisions\/24478"}],"wp:attachment":[{"href":"https:\/\/berni.fmode.de\/wordpress\/index.php?rest_route=%2Fwp%2Fv2%2Fmedia&parent=24307"}],"curies":[{"name":"wp","href":"https:\/\/api.w.org\/{rel}","templated":true}]}}