{"id":24049,"date":"2017-11-13T16:10:20","date_gmt":"2017-11-13T15:10:20","guid":{"rendered":"http:\/\/berni.fmode.de\/wordpress\/?page_id=24049"},"modified":"2017-11-13T16:10:20","modified_gmt":"2017-11-13T15:10:20","slug":"bessere-methoden","status":"publish","type":"page","link":"https:\/\/berni.fmode.de\/wordpress\/?page_id=24049","title":{"rendered":"Bessere Methoden"},"content":{"rendered":"<p>Jetzt ist der Motor ja fast komplett auseinander &#8211; aber fast ist nicht genug und so mache ich mich heute trotz der K\u00e4lte ab in die Werkstatt um das Werk des Zerlegens zu vollenden.<\/p>\n<div id=\"attachment_24050\" style=\"width: 1210px\" class=\"wp-caption aligncenter\"><a href=\"https:\/\/berni.fmode.de\/wordpress\/wp-content\/uploads\/eng00.jpg\"><img loading=\"lazy\" decoding=\"async\" aria-describedby=\"caption-attachment-24050\" class=\"wp-image-24050 size-full\" src=\"https:\/\/berni.fmode.de\/wordpress\/wp-content\/uploads\/eng00.jpg\" alt=\"Motor Enfield Bullet 500\" width=\"1200\" height=\"900\" srcset=\"https:\/\/berni.fmode.de\/wordpress\/wp-content\/uploads\/eng00.jpg 1200w, https:\/\/berni.fmode.de\/wordpress\/wp-content\/uploads\/eng00-300x225.jpg 300w, https:\/\/berni.fmode.de\/wordpress\/wp-content\/uploads\/eng00-768x576.jpg 768w, https:\/\/berni.fmode.de\/wordpress\/wp-content\/uploads\/eng00-1024x768.jpg 1024w, https:\/\/berni.fmode.de\/wordpress\/wp-content\/uploads\/eng00-400x300.jpg 400w\" sizes=\"(max-width: 1200px) 100vw, 1200px\" \/><\/a><p id=\"caption-attachment-24050\" class=\"wp-caption-text\">Die Arbeit beginnt mit dem Abziehen des antriebseitigen Lagerinnenringes. Der sitzt zwar auch ausgesprochen locker auf dem Wellenstumpf, aber der Distanzring davor hat festen Sitz. Mit dem Trennmesser geht beides locker von der Kurbelwelle.<\/p><\/div>\n<div id=\"attachment_24051\" style=\"width: 1210px\" class=\"wp-caption aligncenter\"><a href=\"https:\/\/berni.fmode.de\/wordpress\/wp-content\/uploads\/eng01-3.jpg\"><img loading=\"lazy\" decoding=\"async\" aria-describedby=\"caption-attachment-24051\" class=\"wp-image-24051 size-full\" src=\"https:\/\/berni.fmode.de\/wordpress\/wp-content\/uploads\/eng01-3.jpg\" alt=\"Motor Enfield Bullet 500\" width=\"1200\" height=\"900\" srcset=\"https:\/\/berni.fmode.de\/wordpress\/wp-content\/uploads\/eng01-3.jpg 1200w, https:\/\/berni.fmode.de\/wordpress\/wp-content\/uploads\/eng01-3-300x225.jpg 300w, https:\/\/berni.fmode.de\/wordpress\/wp-content\/uploads\/eng01-3-768x576.jpg 768w, https:\/\/berni.fmode.de\/wordpress\/wp-content\/uploads\/eng01-3-1024x768.jpg 1024w, https:\/\/berni.fmode.de\/wordpress\/wp-content\/uploads\/eng01-3-400x300.jpg 400w\" sizes=\"(max-width: 1200px) 100vw, 1200px\" \/><\/a><p id=\"caption-attachment-24051\" class=\"wp-caption-text\">Das Festlager 6305 bekomme ich nach Erw\u00e4rmen des Geh\u00e4uses mit dem Hei\u00dfluftgebl\u00e4se auch problemlos herunter. Dennoch ist dies die letzte Aktion, die ich mit dem Hei\u00dfluftgebl\u00e4se durchf\u00fchre, denn &#8230;.. doch dazu sp\u00e4ter.<\/p><\/div>\n<div id=\"attachment_24052\" style=\"width: 1210px\" class=\"wp-caption aligncenter\"><a href=\"https:\/\/berni.fmode.de\/wordpress\/wp-content\/uploads\/eng02-3.jpg\"><img loading=\"lazy\" decoding=\"async\" aria-describedby=\"caption-attachment-24052\" class=\"wp-image-24052 size-full\" src=\"https:\/\/berni.fmode.de\/wordpress\/wp-content\/uploads\/eng02-3.jpg\" alt=\"Motor Enfield Bullet 500\" width=\"1200\" height=\"900\" srcset=\"https:\/\/berni.fmode.de\/wordpress\/wp-content\/uploads\/eng02-3.jpg 1200w, https:\/\/berni.fmode.de\/wordpress\/wp-content\/uploads\/eng02-3-300x225.jpg 300w, https:\/\/berni.fmode.de\/wordpress\/wp-content\/uploads\/eng02-3-768x576.jpg 768w, https:\/\/berni.fmode.de\/wordpress\/wp-content\/uploads\/eng02-3-1024x768.jpg 1024w, https:\/\/berni.fmode.de\/wordpress\/wp-content\/uploads\/eng02-3-400x300.jpg 400w\" sizes=\"(max-width: 1200px) 100vw, 1200px\" \/><\/a><p id=\"caption-attachment-24052\" class=\"wp-caption-text\">Bis auf den antriebseitigen Lagerau\u00df\u00dfenring sind nun beide Geh\u00e4use leer und auch schon vorgereinigt.<\/p><\/div>\n<div id=\"attachment_24053\" style=\"width: 1210px\" class=\"wp-caption aligncenter\"><a href=\"https:\/\/berni.fmode.de\/wordpress\/wp-content\/uploads\/eng03-3.jpg\"><img loading=\"lazy\" decoding=\"async\" aria-describedby=\"caption-attachment-24053\" class=\"wp-image-24053 size-full\" src=\"https:\/\/berni.fmode.de\/wordpress\/wp-content\/uploads\/eng03-3.jpg\" alt=\"Motor Enfield Bullet 500\" width=\"1200\" height=\"900\" srcset=\"https:\/\/berni.fmode.de\/wordpress\/wp-content\/uploads\/eng03-3.jpg 1200w, https:\/\/berni.fmode.de\/wordpress\/wp-content\/uploads\/eng03-3-300x225.jpg 300w, https:\/\/berni.fmode.de\/wordpress\/wp-content\/uploads\/eng03-3-768x576.jpg 768w, https:\/\/berni.fmode.de\/wordpress\/wp-content\/uploads\/eng03-3-1024x768.jpg 1024w, https:\/\/berni.fmode.de\/wordpress\/wp-content\/uploads\/eng03-3-400x300.jpg 400w\" sizes=\"(max-width: 1200px) 100vw, 1200px\" \/><\/a><p id=\"caption-attachment-24053\" class=\"wp-caption-text\">Und nun kommt zum ersten mal meine kleine Heizplatte ins Spiel, die ich mir vor Jahren mal zugelegt habe. Das Geh\u00e4use wird aufgelegt und die Platte auf die h\u00f6chste Stufe 5 gedreht. In wenigen Minuten ist das Geh\u00e4use spuckhei\u00df, und &#8230;..<\/p><\/div>\n<div id=\"attachment_24054\" style=\"width: 1210px\" class=\"wp-caption aligncenter\"><a href=\"https:\/\/berni.fmode.de\/wordpress\/wp-content\/uploads\/eng04-3.jpg\"><img loading=\"lazy\" decoding=\"async\" aria-describedby=\"caption-attachment-24054\" class=\"wp-image-24054 size-full\" src=\"https:\/\/berni.fmode.de\/wordpress\/wp-content\/uploads\/eng04-3.jpg\" alt=\"Motor Enfield Bullet 500\" width=\"1200\" height=\"900\" srcset=\"https:\/\/berni.fmode.de\/wordpress\/wp-content\/uploads\/eng04-3.jpg 1200w, https:\/\/berni.fmode.de\/wordpress\/wp-content\/uploads\/eng04-3-300x225.jpg 300w, https:\/\/berni.fmode.de\/wordpress\/wp-content\/uploads\/eng04-3-768x576.jpg 768w, https:\/\/berni.fmode.de\/wordpress\/wp-content\/uploads\/eng04-3-1024x768.jpg 1024w, https:\/\/berni.fmode.de\/wordpress\/wp-content\/uploads\/eng04-3-400x300.jpg 400w\" sizes=\"(max-width: 1200px) 100vw, 1200px\" \/><\/a><p id=\"caption-attachment-24054\" class=\"wp-caption-text\">&#8230;.. dabei kommt das Lager schon mit ganz leichter Hilfe des Gummihammers aus dem Sitz. Und damit ist das Ende meines Gebl\u00e4ses besiegelt &#8211; OK, vielleicht nehm ich es noch f\u00fcr Radlager.<\/p><\/div>\n<div id=\"attachment_24055\" style=\"width: 1210px\" class=\"wp-caption aligncenter\"><a href=\"https:\/\/berni.fmode.de\/wordpress\/wp-content\/uploads\/eng05-3.jpg\"><img loading=\"lazy\" decoding=\"async\" aria-describedby=\"caption-attachment-24055\" class=\"wp-image-24055 size-full\" src=\"https:\/\/berni.fmode.de\/wordpress\/wp-content\/uploads\/eng05-3.jpg\" alt=\"Motor Enfield Bullet 500\" width=\"1200\" height=\"900\" srcset=\"https:\/\/berni.fmode.de\/wordpress\/wp-content\/uploads\/eng05-3.jpg 1200w, https:\/\/berni.fmode.de\/wordpress\/wp-content\/uploads\/eng05-3-300x225.jpg 300w, https:\/\/berni.fmode.de\/wordpress\/wp-content\/uploads\/eng05-3-768x576.jpg 768w, https:\/\/berni.fmode.de\/wordpress\/wp-content\/uploads\/eng05-3-1024x768.jpg 1024w, https:\/\/berni.fmode.de\/wordpress\/wp-content\/uploads\/eng05-3-400x300.jpg 400w\" sizes=\"(max-width: 1200px) 100vw, 1200px\" \/><\/a><p id=\"caption-attachment-24055\" class=\"wp-caption-text\">Jetzt ist das Geh\u00e4use endg\u00fcltig und vollst\u00e4ndig leer.<\/p><\/div>\n<div id=\"attachment_24056\" style=\"width: 1210px\" class=\"wp-caption aligncenter\"><a href=\"https:\/\/berni.fmode.de\/wordpress\/wp-content\/uploads\/eng06-3.jpg\"><img loading=\"lazy\" decoding=\"async\" aria-describedby=\"caption-attachment-24056\" class=\"wp-image-24056 size-full\" src=\"https:\/\/berni.fmode.de\/wordpress\/wp-content\/uploads\/eng06-3.jpg\" alt=\"Motor Enfield Bullet 500\" width=\"1200\" height=\"900\" srcset=\"https:\/\/berni.fmode.de\/wordpress\/wp-content\/uploads\/eng06-3.jpg 1200w, https:\/\/berni.fmode.de\/wordpress\/wp-content\/uploads\/eng06-3-300x225.jpg 300w, https:\/\/berni.fmode.de\/wordpress\/wp-content\/uploads\/eng06-3-768x576.jpg 768w, https:\/\/berni.fmode.de\/wordpress\/wp-content\/uploads\/eng06-3-1024x768.jpg 1024w, https:\/\/berni.fmode.de\/wordpress\/wp-content\/uploads\/eng06-3-400x300.jpg 400w\" sizes=\"(max-width: 1200px) 100vw, 1200px\" \/><\/a><p id=\"caption-attachment-24056\" class=\"wp-caption-text\">Zwischen dem NU-Lager und dem 6305 Festlager befindet sich noch ein \u00d6lschleuderring. Alle Lager sind noch in Ordnung und ich hab sie tats\u00e4chlich zerst\u00f6rungsfrei entfernen k\u00f6nnen. Aber es sind indische Lager und nirgendwo ist ein C3-Lager mit erh\u00f6hter Lagerluft verbaut &#8211; und das gef\u00e4llt mir nicht. Ausserdem sagt eine eiserne Mechanikerregel, dass ein einmal ausgebautes Lager nie mehr montiert werden darf.<\/p><\/div>\n<div id=\"attachment_24057\" style=\"width: 1210px\" class=\"wp-caption aligncenter\"><a href=\"https:\/\/berni.fmode.de\/wordpress\/wp-content\/uploads\/eng07-2.jpg\"><img loading=\"lazy\" decoding=\"async\" aria-describedby=\"caption-attachment-24057\" class=\"wp-image-24057 size-full\" src=\"https:\/\/berni.fmode.de\/wordpress\/wp-content\/uploads\/eng07-2.jpg\" alt=\"Motor Enfield Bullet 500\" width=\"1200\" height=\"900\" srcset=\"https:\/\/berni.fmode.de\/wordpress\/wp-content\/uploads\/eng07-2.jpg 1200w, https:\/\/berni.fmode.de\/wordpress\/wp-content\/uploads\/eng07-2-300x225.jpg 300w, https:\/\/berni.fmode.de\/wordpress\/wp-content\/uploads\/eng07-2-768x576.jpg 768w, https:\/\/berni.fmode.de\/wordpress\/wp-content\/uploads\/eng07-2-1024x768.jpg 1024w, https:\/\/berni.fmode.de\/wordpress\/wp-content\/uploads\/eng07-2-400x300.jpg 400w\" sizes=\"(max-width: 1200px) 100vw, 1200px\" \/><\/a><p id=\"caption-attachment-24057\" class=\"wp-caption-text\">Zum Abschlu\u00df wird die Geh\u00e4useh\u00e4lfte jetzt noch richtig gr\u00fcndlich gereinigt. Und das war es dann f\u00fcr heute in der kalten Werkstatt.<\/p><\/div>\n","protected":false},"excerpt":{"rendered":"<p>Jetzt ist der Motor ja fast komplett auseinander &#8211; aber fast ist nicht genug und so mache ich mich heute trotz der K\u00e4lte ab in die Werkstatt um das Werk des Zerlegens zu vollenden.<\/p>\n","protected":false},"author":1,"featured_media":0,"parent":0,"menu_order":0,"comment_status":"closed","ping_status":"closed","template":"","meta":{"footnotes":""},"_links":{"self":[{"href":"https:\/\/berni.fmode.de\/wordpress\/index.php?rest_route=\/wp\/v2\/pages\/24049"}],"collection":[{"href":"https:\/\/berni.fmode.de\/wordpress\/index.php?rest_route=\/wp\/v2\/pages"}],"about":[{"href":"https:\/\/berni.fmode.de\/wordpress\/index.php?rest_route=\/wp\/v2\/types\/page"}],"author":[{"embeddable":true,"href":"https:\/\/berni.fmode.de\/wordpress\/index.php?rest_route=\/wp\/v2\/users\/1"}],"replies":[{"embeddable":true,"href":"https:\/\/berni.fmode.de\/wordpress\/index.php?rest_route=%2Fwp%2Fv2%2Fcomments&post=24049"}],"version-history":[{"count":1,"href":"https:\/\/berni.fmode.de\/wordpress\/index.php?rest_route=\/wp\/v2\/pages\/24049\/revisions"}],"predecessor-version":[{"id":24058,"href":"https:\/\/berni.fmode.de\/wordpress\/index.php?rest_route=\/wp\/v2\/pages\/24049\/revisions\/24058"}],"wp:attachment":[{"href":"https:\/\/berni.fmode.de\/wordpress\/index.php?rest_route=%2Fwp%2Fv2%2Fmedia&parent=24049"}],"curies":[{"name":"wp","href":"https:\/\/api.w.org\/{rel}","templated":true}]}}