{"id":23413,"date":"2017-08-21T14:29:49","date_gmt":"2017-08-21T13:29:49","guid":{"rendered":"http:\/\/berni.fmode.de\/wordpress\/?page_id=23413"},"modified":"2017-08-27T18:24:42","modified_gmt":"2017-08-27T17:24:42","slug":"sonntag-der-21-august-2017-nach-dem-treffen-ist-vor-dem-treffen","status":"publish","type":"page","link":"https:\/\/berni.fmode.de\/wordpress\/?page_id=23413","title":{"rendered":"Sonntag, der 20. August 2017: Nach dem Treffen ist vor dem Treffen"},"content":{"rendered":"<p>Wie immer bei solch sch\u00f6nen Ereignissen ist das Wochenende in Windeseile schon wieder vorbei. Was noch bleibt, ist ein Morgen bei den vielen alten und neuen Bekannten, ein gutes Fr\u00fchst\u00fcck von Marcello und die R\u00fcckfahrt.<\/p>\n<div id=\"attachment_23414\" style=\"width: 1210px\" class=\"wp-caption aligncenter\"><a href=\"https:\/\/berni.fmode.de\/wordpress\/wp-content\/uploads\/tim-so01.jpg\"><img loading=\"lazy\" decoding=\"async\" aria-describedby=\"caption-attachment-23414\" class=\"wp-image-23414 size-full\" src=\"https:\/\/berni.fmode.de\/wordpress\/wp-content\/uploads\/tim-so01.jpg\" alt=\"Das 7. Treffen in der Mitte 2017 in Ransel\" width=\"1200\" height=\"900\" srcset=\"https:\/\/berni.fmode.de\/wordpress\/wp-content\/uploads\/tim-so01.jpg 1200w, https:\/\/berni.fmode.de\/wordpress\/wp-content\/uploads\/tim-so01-300x225.jpg 300w, https:\/\/berni.fmode.de\/wordpress\/wp-content\/uploads\/tim-so01-768x576.jpg 768w, https:\/\/berni.fmode.de\/wordpress\/wp-content\/uploads\/tim-so01-1024x768.jpg 1024w, https:\/\/berni.fmode.de\/wordpress\/wp-content\/uploads\/tim-so01-400x300.jpg 400w\" sizes=\"(max-width: 1200px) 100vw, 1200px\" \/><\/a><p id=\"caption-attachment-23414\" class=\"wp-caption-text\">Erneut ein sehr sch\u00f6ner Morgen, der eine trockene Heimreise verspricht. Und weil ich beschlossen habe, nicht ganz so fr\u00fch zu starten, sondern das st\u00e4rkende Fr\u00fchst\u00fcck abzuwarten, warte ich noch ein wenig, und zwar &#8230;&#8230;<\/p><\/div>\n<div id=\"attachment_23415\" style=\"width: 1210px\" class=\"wp-caption aligncenter\"><a href=\"https:\/\/berni.fmode.de\/wordpress\/wp-content\/uploads\/tim-so02.jpg\"><img loading=\"lazy\" decoding=\"async\" aria-describedby=\"caption-attachment-23415\" class=\"wp-image-23415 size-full\" src=\"https:\/\/berni.fmode.de\/wordpress\/wp-content\/uploads\/tim-so02.jpg\" alt=\"Das 7. Treffen in der Mitte 2017 in Ransel\" width=\"1200\" height=\"900\" srcset=\"https:\/\/berni.fmode.de\/wordpress\/wp-content\/uploads\/tim-so02.jpg 1200w, https:\/\/berni.fmode.de\/wordpress\/wp-content\/uploads\/tim-so02-300x225.jpg 300w, https:\/\/berni.fmode.de\/wordpress\/wp-content\/uploads\/tim-so02-768x576.jpg 768w, https:\/\/berni.fmode.de\/wordpress\/wp-content\/uploads\/tim-so02-1024x768.jpg 1024w, https:\/\/berni.fmode.de\/wordpress\/wp-content\/uploads\/tim-so02-400x300.jpg 400w\" sizes=\"(max-width: 1200px) 100vw, 1200px\" \/><\/a><p id=\"caption-attachment-23415\" class=\"wp-caption-text\">&#8230;.. auf den Sonnenaufgang, der auch alsbald statt findet.<\/p><\/div>\n<div id=\"attachment_23416\" style=\"width: 1210px\" class=\"wp-caption aligncenter\"><a href=\"https:\/\/berni.fmode.de\/wordpress\/wp-content\/uploads\/tim-so03.jpg\"><img loading=\"lazy\" decoding=\"async\" aria-describedby=\"caption-attachment-23416\" class=\"wp-image-23416 size-full\" src=\"https:\/\/berni.fmode.de\/wordpress\/wp-content\/uploads\/tim-so03.jpg\" alt=\"Das 7. Treffen in der Mitte 2017 in Ransel\" width=\"1200\" height=\"900\" srcset=\"https:\/\/berni.fmode.de\/wordpress\/wp-content\/uploads\/tim-so03.jpg 1200w, https:\/\/berni.fmode.de\/wordpress\/wp-content\/uploads\/tim-so03-300x225.jpg 300w, https:\/\/berni.fmode.de\/wordpress\/wp-content\/uploads\/tim-so03-768x576.jpg 768w, https:\/\/berni.fmode.de\/wordpress\/wp-content\/uploads\/tim-so03-1024x768.jpg 1024w, https:\/\/berni.fmode.de\/wordpress\/wp-content\/uploads\/tim-so03-400x300.jpg 400w\" sizes=\"(max-width: 1200px) 100vw, 1200px\" \/><\/a><p id=\"caption-attachment-23416\" class=\"wp-caption-text\">Das Fr\u00fchst\u00fcck gibt es ab 8:00, und so bleibt noch Zeit f\u00fcr einen letzten Bummel \u00fcber den Platz.<\/p><\/div>\n<div id=\"attachment_23417\" style=\"width: 1210px\" class=\"wp-caption aligncenter\"><a href=\"https:\/\/berni.fmode.de\/wordpress\/wp-content\/uploads\/tim-so04.jpg\"><img loading=\"lazy\" decoding=\"async\" aria-describedby=\"caption-attachment-23417\" class=\"wp-image-23417 size-full\" src=\"https:\/\/berni.fmode.de\/wordpress\/wp-content\/uploads\/tim-so04.jpg\" alt=\"Das 7. Treffen in der Mitte 2017 in Ransel\" width=\"1200\" height=\"900\" srcset=\"https:\/\/berni.fmode.de\/wordpress\/wp-content\/uploads\/tim-so04.jpg 1200w, https:\/\/berni.fmode.de\/wordpress\/wp-content\/uploads\/tim-so04-300x225.jpg 300w, https:\/\/berni.fmode.de\/wordpress\/wp-content\/uploads\/tim-so04-768x576.jpg 768w, https:\/\/berni.fmode.de\/wordpress\/wp-content\/uploads\/tim-so04-1024x768.jpg 1024w, https:\/\/berni.fmode.de\/wordpress\/wp-content\/uploads\/tim-so04-400x300.jpg 400w\" sizes=\"(max-width: 1200px) 100vw, 1200px\" \/><\/a><p id=\"caption-attachment-23417\" class=\"wp-caption-text\">Aus der Nachbar-Suite, der Schlosserei, tritt bereits Yeti auf den Plan, der sich allerdings der Kamera blitzschnell entzieht.<\/p><\/div>\n<div id=\"attachment_23418\" style=\"width: 1210px\" class=\"wp-caption aligncenter\"><a href=\"https:\/\/berni.fmode.de\/wordpress\/wp-content\/uploads\/tim-so05.jpg\"><img loading=\"lazy\" decoding=\"async\" aria-describedby=\"caption-attachment-23418\" class=\"wp-image-23418 size-full\" src=\"https:\/\/berni.fmode.de\/wordpress\/wp-content\/uploads\/tim-so05.jpg\" alt=\"Das 7. Treffen in der Mitte 2017 in Ransel\" width=\"1200\" height=\"900\" srcset=\"https:\/\/berni.fmode.de\/wordpress\/wp-content\/uploads\/tim-so05.jpg 1200w, https:\/\/berni.fmode.de\/wordpress\/wp-content\/uploads\/tim-so05-300x225.jpg 300w, https:\/\/berni.fmode.de\/wordpress\/wp-content\/uploads\/tim-so05-768x576.jpg 768w, https:\/\/berni.fmode.de\/wordpress\/wp-content\/uploads\/tim-so05-1024x768.jpg 1024w, https:\/\/berni.fmode.de\/wordpress\/wp-content\/uploads\/tim-so05-400x300.jpg 400w\" sizes=\"(max-width: 1200px) 100vw, 1200px\" \/><\/a><p id=\"caption-attachment-23418\" class=\"wp-caption-text\">Auch diese Enfield mit den sch\u00f6n aufgearbeiteten Munitionskisten ist soweit startklar. Sp\u00e4ter werden wir im Forum lesen k\u00f6nnen, dass Peter ein neues Tr\u00e4gergestell gebaut hat, weil die erste Version Schw\u00e4chen zeigte. Davon ist aber hier noch nichts zu sehen.<\/p><\/div>\n<div id=\"attachment_23419\" style=\"width: 1210px\" class=\"wp-caption aligncenter\"><a href=\"https:\/\/berni.fmode.de\/wordpress\/wp-content\/uploads\/tim-so06.jpg\"><img loading=\"lazy\" decoding=\"async\" aria-describedby=\"caption-attachment-23419\" class=\"wp-image-23419 size-full\" src=\"https:\/\/berni.fmode.de\/wordpress\/wp-content\/uploads\/tim-so06.jpg\" alt=\"Das 7. Treffen in der Mitte 2017 in Ransel\" width=\"1200\" height=\"900\" srcset=\"https:\/\/berni.fmode.de\/wordpress\/wp-content\/uploads\/tim-so06.jpg 1200w, https:\/\/berni.fmode.de\/wordpress\/wp-content\/uploads\/tim-so06-300x225.jpg 300w, https:\/\/berni.fmode.de\/wordpress\/wp-content\/uploads\/tim-so06-768x576.jpg 768w, https:\/\/berni.fmode.de\/wordpress\/wp-content\/uploads\/tim-so06-1024x768.jpg 1024w, https:\/\/berni.fmode.de\/wordpress\/wp-content\/uploads\/tim-so06-400x300.jpg 400w\" sizes=\"(max-width: 1200px) 100vw, 1200px\" \/><\/a><p id=\"caption-attachment-23419\" class=\"wp-caption-text\">Bye-Bye Roger, bis zum n\u00e4chsten mal &#8211; und dann bitte ohne Stunt.<\/p><\/div>\n<div id=\"attachment_23420\" style=\"width: 1210px\" class=\"wp-caption aligncenter\"><a href=\"https:\/\/berni.fmode.de\/wordpress\/wp-content\/uploads\/tim-so07.jpg\"><img loading=\"lazy\" decoding=\"async\" aria-describedby=\"caption-attachment-23420\" class=\"wp-image-23420 size-full\" src=\"https:\/\/berni.fmode.de\/wordpress\/wp-content\/uploads\/tim-so07.jpg\" alt=\"Das 7. Treffen in der Mitte 2017 in Ransel\" width=\"1200\" height=\"900\" srcset=\"https:\/\/berni.fmode.de\/wordpress\/wp-content\/uploads\/tim-so07.jpg 1200w, https:\/\/berni.fmode.de\/wordpress\/wp-content\/uploads\/tim-so07-300x225.jpg 300w, https:\/\/berni.fmode.de\/wordpress\/wp-content\/uploads\/tim-so07-768x576.jpg 768w, https:\/\/berni.fmode.de\/wordpress\/wp-content\/uploads\/tim-so07-1024x768.jpg 1024w, https:\/\/berni.fmode.de\/wordpress\/wp-content\/uploads\/tim-so07-400x300.jpg 400w\" sizes=\"(max-width: 1200px) 100vw, 1200px\" \/><\/a><p id=\"caption-attachment-23420\" class=\"wp-caption-text\">Dann packe ich meine Maschine, was sehr schnell geht. Und somit bin ich nach dem Fr\u00fchst\u00fcck direkt startklar.<\/p><\/div>\n<div id=\"attachment_23421\" style=\"width: 1210px\" class=\"wp-caption aligncenter\"><a href=\"https:\/\/berni.fmode.de\/wordpress\/wp-content\/uploads\/tim-so08.jpg\"><img loading=\"lazy\" decoding=\"async\" aria-describedby=\"caption-attachment-23421\" class=\"wp-image-23421 size-full\" src=\"https:\/\/berni.fmode.de\/wordpress\/wp-content\/uploads\/tim-so08.jpg\" alt=\"Das 7. Treffen in der Mitte 2017 in Ransel\" width=\"1200\" height=\"900\" srcset=\"https:\/\/berni.fmode.de\/wordpress\/wp-content\/uploads\/tim-so08.jpg 1200w, https:\/\/berni.fmode.de\/wordpress\/wp-content\/uploads\/tim-so08-300x225.jpg 300w, https:\/\/berni.fmode.de\/wordpress\/wp-content\/uploads\/tim-so08-768x576.jpg 768w, https:\/\/berni.fmode.de\/wordpress\/wp-content\/uploads\/tim-so08-1024x768.jpg 1024w, https:\/\/berni.fmode.de\/wordpress\/wp-content\/uploads\/tim-so08-400x300.jpg 400w\" sizes=\"(max-width: 1200px) 100vw, 1200px\" \/><\/a><p id=\"caption-attachment-23421\" class=\"wp-caption-text\">Nach einem letzten Bye-Bye mit der Hupe bin ich dann um 8:30 auf dem Weg durch die morgendlichen D\u00f6rfer in Richtung H\u00fcnfelden. Diesmal werde ich mich nicht vom Kurs abbringen lassen und das sch\u00f6ne Wispertal und vor allem Bad Schwalbach unbedingt vermeiden. Das gelingt prima, auch wenn ich mehrmals auf die Karte schauen muss. Speziell die Umleitung bei Laufenselden ist ein wenig kniffelig, aber letztendlich bin ich auf dem richtigen Kurs \u00fcber Aarbergen, Bad Camberg und Rod an der Weil. Und ab da kenne ich mich wieder bestens aus.<\/p><\/div>\n<div id=\"attachment_23422\" style=\"width: 1210px\" class=\"wp-caption aligncenter\"><a href=\"https:\/\/berni.fmode.de\/wordpress\/wp-content\/uploads\/tim-so09.jpg\"><img loading=\"lazy\" decoding=\"async\" aria-describedby=\"caption-attachment-23422\" class=\"wp-image-23422 size-full\" src=\"https:\/\/berni.fmode.de\/wordpress\/wp-content\/uploads\/tim-so09.jpg\" alt=\"Das 7. Treffen in der Mitte 2017 in Ransel\" width=\"1200\" height=\"900\" srcset=\"https:\/\/berni.fmode.de\/wordpress\/wp-content\/uploads\/tim-so09.jpg 1200w, https:\/\/berni.fmode.de\/wordpress\/wp-content\/uploads\/tim-so09-300x225.jpg 300w, https:\/\/berni.fmode.de\/wordpress\/wp-content\/uploads\/tim-so09-768x576.jpg 768w, https:\/\/berni.fmode.de\/wordpress\/wp-content\/uploads\/tim-so09-1024x768.jpg 1024w, https:\/\/berni.fmode.de\/wordpress\/wp-content\/uploads\/tim-so09-400x300.jpg 400w\" sizes=\"(max-width: 1200px) 100vw, 1200px\" \/><\/a><p id=\"caption-attachment-23422\" class=\"wp-caption-text\">Es ist zwar sch\u00f6nes Wetter, aber es bleibt die gesamte Fahrt \u00fcber recht k\u00fchl. Bei Gr\u00e4venwiesbach lege ich den letzten Halt ein, lasse mir ein Viertelst\u00fcndchen die Sonne auf den Pelz brennen und gehe das Treffen in Ransel gedanklich noch einmal durch. P\u00fcnktlich zum Mittagessen bin ich dann wieder am Rande des Vogelsberges.<\/p><\/div>\n<p>Das war also Ransel 2017, f\u00fcr mich eines der letzten Treffen in diesem Jahr. Wie schon 2016 habe ich mich dort sehr, sehr wohl gef\u00fchlt und das Wochenende wirklich genossen. Da bleibt nur, sich auf 2018 und das 8. Treffen in der Mitte zu freuen.<\/p>\n<p>Ach ja, die Enfield. Die hat treu und brav ihren Job gemacht, ohne auch nur einmal zu mucken. So muss das sein.<\/p>\n<p><a href=\"https:\/\/berni.fmode.de\/wordpress\/?p=23245\"><strong>&lt;&lt; Zur\u00fcck<\/strong><\/a><\/p>\n","protected":false},"excerpt":{"rendered":"<p>Wie immer bei solch sch\u00f6nen Ereignissen ist das Wochenende in Windeseile schon wieder vorbei. Was noch bleibt, ist ein Morgen bei den vielen alten und neuen Bekannten, ein gutes Fr\u00fchst\u00fcck von Marcello und die R\u00fcckfahrt. Das war also Ransel 2017, &hellip; <a href=\"https:\/\/berni.fmode.de\/wordpress\/?page_id=23413\">Weiterlesen <span class=\"meta-nav\">&rarr;<\/span><\/a><\/p>\n","protected":false},"author":1,"featured_media":0,"parent":0,"menu_order":0,"comment_status":"closed","ping_status":"closed","template":"","meta":{"footnotes":""},"_links":{"self":[{"href":"https:\/\/berni.fmode.de\/wordpress\/index.php?rest_route=\/wp\/v2\/pages\/23413"}],"collection":[{"href":"https:\/\/berni.fmode.de\/wordpress\/index.php?rest_route=\/wp\/v2\/pages"}],"about":[{"href":"https:\/\/berni.fmode.de\/wordpress\/index.php?rest_route=\/wp\/v2\/types\/page"}],"author":[{"embeddable":true,"href":"https:\/\/berni.fmode.de\/wordpress\/index.php?rest_route=\/wp\/v2\/users\/1"}],"replies":[{"embeddable":true,"href":"https:\/\/berni.fmode.de\/wordpress\/index.php?rest_route=%2Fwp%2Fv2%2Fcomments&post=23413"}],"version-history":[{"count":6,"href":"https:\/\/berni.fmode.de\/wordpress\/index.php?rest_route=\/wp\/v2\/pages\/23413\/revisions"}],"predecessor-version":[{"id":23489,"href":"https:\/\/berni.fmode.de\/wordpress\/index.php?rest_route=\/wp\/v2\/pages\/23413\/revisions\/23489"}],"wp:attachment":[{"href":"https:\/\/berni.fmode.de\/wordpress\/index.php?rest_route=%2Fwp%2Fv2%2Fmedia&parent=23413"}],"curies":[{"name":"wp","href":"https:\/\/api.w.org\/{rel}","templated":true}]}}