{"id":20758,"date":"2016-07-17T15:34:04","date_gmt":"2016-07-17T14:34:04","guid":{"rendered":"http:\/\/berni.fmode.de\/wordpress\/?page_id=20758"},"modified":"2016-07-22T18:36:48","modified_gmt":"2016-07-22T17:36:48","slug":"vorbereitungen-fuer-das-treffen-in-der-mitte","status":"publish","type":"page","link":"https:\/\/berni.fmode.de\/wordpress\/?page_id=20758","title":{"rendered":"Vorbereitungen f\u00fcr das Treffen in der Mitte"},"content":{"rendered":"<p>Gro\u00df vorbereiten muss ich eigentlich nichts an meiner neuen Enfield, die ist quasi immer startbereit &#8211; das dachte ich zumindest bis Donnerstag nachmittag. Also erstmal nur ein wenig heraus geputzt, die Kette geschmiert, ein wenig Motor\u00f6l nachgef\u00fcllt, die Spannungsversorgung f\u00fcr den Scheinwerfer umverdrahtet &#8211; und fertig.<\/p>\n<div id=\"attachment_20759\" style=\"width: 1210px\" class=\"wp-caption aligncenter\"><a href=\"https:\/\/berni.fmode.de\/wordpress\/wp-content\/uploads\/pic01-34.jpg\" rel=\"attachment wp-att-20759\"><img loading=\"lazy\" decoding=\"async\" aria-describedby=\"caption-attachment-20759\" class=\"wp-image-20759 size-full\" src=\"https:\/\/berni.fmode.de\/wordpress\/wp-content\/uploads\/pic01-34.jpg\" alt=\" 6. Treffen in der Mitte in Ransel \" width=\"1200\" height=\"900\" srcset=\"https:\/\/berni.fmode.de\/wordpress\/wp-content\/uploads\/pic01-34.jpg 1200w, https:\/\/berni.fmode.de\/wordpress\/wp-content\/uploads\/pic01-34-300x225.jpg 300w, https:\/\/berni.fmode.de\/wordpress\/wp-content\/uploads\/pic01-34-768x576.jpg 768w, https:\/\/berni.fmode.de\/wordpress\/wp-content\/uploads\/pic01-34-1024x768.jpg 1024w, https:\/\/berni.fmode.de\/wordpress\/wp-content\/uploads\/pic01-34-400x300.jpg 400w\" sizes=\"(max-width: 1200px) 100vw, 1200px\" \/><\/a><p id=\"caption-attachment-20759\" class=\"wp-caption-text\">Und dann komme ich am Donnerstag Nachmittag in die Scheune und es stinkt nach Benzin. Bei der Suche sto\u00dfe ich schnell auf die Ablassschraube der Schwimmerkammer und wechsele ruckzuck deren Dichtung &#8211; hab ja zum Gl\u00fcck einen Dichtungssatz da. Aber es dr\u00fcckt weiter Sprit an der Schraube heraus, trotz neuer Dichtung. Erst ein zus\u00e4tzlich O-Ring an der Stelle schafft Ruhe.<\/p><\/div>\n<div id=\"attachment_20760\" style=\"width: 1210px\" class=\"wp-caption aligncenter\"><a href=\"https:\/\/berni.fmode.de\/wordpress\/wp-content\/uploads\/pic02-34.jpg\" rel=\"attachment wp-att-20760\"><img loading=\"lazy\" decoding=\"async\" aria-describedby=\"caption-attachment-20760\" class=\"wp-image-20760 size-full\" src=\"https:\/\/berni.fmode.de\/wordpress\/wp-content\/uploads\/pic02-34.jpg\" alt=\" 6. Treffen in der Mitte in Ransel \" width=\"1200\" height=\"900\" srcset=\"https:\/\/berni.fmode.de\/wordpress\/wp-content\/uploads\/pic02-34.jpg 1200w, https:\/\/berni.fmode.de\/wordpress\/wp-content\/uploads\/pic02-34-300x225.jpg 300w, https:\/\/berni.fmode.de\/wordpress\/wp-content\/uploads\/pic02-34-768x576.jpg 768w, https:\/\/berni.fmode.de\/wordpress\/wp-content\/uploads\/pic02-34-1024x768.jpg 1024w, https:\/\/berni.fmode.de\/wordpress\/wp-content\/uploads\/pic02-34-400x300.jpg 400w\" sizes=\"(max-width: 1200px) 100vw, 1200px\" \/><\/a><p id=\"caption-attachment-20760\" class=\"wp-caption-text\">Die USB-Steckdose wird jetzt mit Spannung beaufschlagt, daf\u00fcr muss ich lediglich eine Sicherung einsetzen. Voila, schon ist beim Einschalten der Maschine die blaue Beleuchtung der Dose zu sehen.<\/p><\/div>\n<div id=\"attachment_20761\" style=\"width: 1210px\" class=\"wp-caption aligncenter\"><a href=\"https:\/\/berni.fmode.de\/wordpress\/wp-content\/uploads\/pic03-35.jpg\" rel=\"attachment wp-att-20761\"><img loading=\"lazy\" decoding=\"async\" aria-describedby=\"caption-attachment-20761\" class=\"wp-image-20761 size-full\" src=\"https:\/\/berni.fmode.de\/wordpress\/wp-content\/uploads\/pic03-35.jpg\" alt=\" 6. Treffen in der Mitte in Ransel \" width=\"1200\" height=\"900\" srcset=\"https:\/\/berni.fmode.de\/wordpress\/wp-content\/uploads\/pic03-35.jpg 1200w, https:\/\/berni.fmode.de\/wordpress\/wp-content\/uploads\/pic03-35-300x225.jpg 300w, https:\/\/berni.fmode.de\/wordpress\/wp-content\/uploads\/pic03-35-768x576.jpg 768w, https:\/\/berni.fmode.de\/wordpress\/wp-content\/uploads\/pic03-35-1024x768.jpg 1024w, https:\/\/berni.fmode.de\/wordpress\/wp-content\/uploads\/pic03-35-400x300.jpg 400w\" sizes=\"(max-width: 1200px) 100vw, 1200px\" \/><\/a><p id=\"caption-attachment-20761\" class=\"wp-caption-text\">Jetzt wird das komplette Gep\u00e4ck verstaut.<\/p><\/div>\n<div id=\"attachment_20762\" style=\"width: 1210px\" class=\"wp-caption aligncenter\"><a href=\"https:\/\/berni.fmode.de\/wordpress\/wp-content\/uploads\/pic04-30.jpg\" rel=\"attachment wp-att-20762\"><img loading=\"lazy\" decoding=\"async\" aria-describedby=\"caption-attachment-20762\" class=\"wp-image-20762 size-full\" src=\"https:\/\/berni.fmode.de\/wordpress\/wp-content\/uploads\/pic04-30.jpg\" alt=\" 6. Treffen in der Mitte in Ransel \" width=\"1200\" height=\"900\" srcset=\"https:\/\/berni.fmode.de\/wordpress\/wp-content\/uploads\/pic04-30.jpg 1200w, https:\/\/berni.fmode.de\/wordpress\/wp-content\/uploads\/pic04-30-300x225.jpg 300w, https:\/\/berni.fmode.de\/wordpress\/wp-content\/uploads\/pic04-30-768x576.jpg 768w, https:\/\/berni.fmode.de\/wordpress\/wp-content\/uploads\/pic04-30-1024x768.jpg 1024w, https:\/\/berni.fmode.de\/wordpress\/wp-content\/uploads\/pic04-30-400x300.jpg 400w\" sizes=\"(max-width: 1200px) 100vw, 1200px\" \/><\/a><p id=\"caption-attachment-20762\" class=\"wp-caption-text\">Alles klar, morgen fr\u00fch gehts los, und zwar bei Kilometerstand 15.396. Ransel, wir kommen.<\/p><\/div>\n<p>&nbsp;<\/p>\n<p><strong><a href=\"https:\/\/berni.fmode.de\/wordpress\/?p=20756\">&lt;&lt;Zur\u00fcck<\/a><\/strong><\/p>\n","protected":false},"excerpt":{"rendered":"<p>Gro\u00df vorbereiten muss ich eigentlich nichts an meiner neuen Enfield, die ist quasi immer startbereit &#8211; das dachte ich zumindest bis Donnerstag nachmittag. Also erstmal nur ein wenig heraus geputzt, die Kette geschmiert, ein wenig Motor\u00f6l nachgef\u00fcllt, die Spannungsversorgung f\u00fcr &hellip; <a href=\"https:\/\/berni.fmode.de\/wordpress\/?page_id=20758\">Weiterlesen <span class=\"meta-nav\">&rarr;<\/span><\/a><\/p>\n","protected":false},"author":1,"featured_media":0,"parent":0,"menu_order":0,"comment_status":"closed","ping_status":"closed","template":"","meta":{"footnotes":""},"_links":{"self":[{"href":"https:\/\/berni.fmode.de\/wordpress\/index.php?rest_route=\/wp\/v2\/pages\/20758"}],"collection":[{"href":"https:\/\/berni.fmode.de\/wordpress\/index.php?rest_route=\/wp\/v2\/pages"}],"about":[{"href":"https:\/\/berni.fmode.de\/wordpress\/index.php?rest_route=\/wp\/v2\/types\/page"}],"author":[{"embeddable":true,"href":"https:\/\/berni.fmode.de\/wordpress\/index.php?rest_route=\/wp\/v2\/users\/1"}],"replies":[{"embeddable":true,"href":"https:\/\/berni.fmode.de\/wordpress\/index.php?rest_route=%2Fwp%2Fv2%2Fcomments&post=20758"}],"version-history":[{"count":3,"href":"https:\/\/berni.fmode.de\/wordpress\/index.php?rest_route=\/wp\/v2\/pages\/20758\/revisions"}],"predecessor-version":[{"id":20948,"href":"https:\/\/berni.fmode.de\/wordpress\/index.php?rest_route=\/wp\/v2\/pages\/20758\/revisions\/20948"}],"wp:attachment":[{"href":"https:\/\/berni.fmode.de\/wordpress\/index.php?rest_route=%2Fwp%2Fv2%2Fmedia&parent=20758"}],"curies":[{"name":"wp","href":"https:\/\/api.w.org\/{rel}","templated":true}]}}