{"id":20369,"date":"2016-05-29T12:29:56","date_gmt":"2016-05-29T11:29:56","guid":{"rendered":"http:\/\/berni.fmode.de\/wordpress\/?page_id=20369"},"modified":"2016-05-31T10:51:04","modified_gmt":"2016-05-31T09:51:04","slug":"sonntag-der-29-mai-schon-wieder-vorbei","status":"publish","type":"page","link":"https:\/\/berni.fmode.de\/wordpress\/?page_id=20369","title":{"rendered":"Sonntag, der 29. Mai: Schon wieder vorbei"},"content":{"rendered":"<p>Da ich die Abende ja bedauerlicherweise zuhause verbringe, m\u00fcssen andere \u00fcber das Geschehen am und um das Lagerfeuer berichten. Was ich aber wei\u00df, ist, das der Gesamtsieger der gestrigen Wettbewerbe ein Teilnehmer war, der a) mit dem PKW angereist ist und b) nur ein Tagesgast war. Dennoch hier der Gl\u00fcckwunsch an User seife, dem ja auch indirekt die Ausgabe von MZ-Forumsseife zu verdanken ist.<\/p>\n<p>Jetzt ist es bereits Sonntag Morgen und mit der regennassen Stra\u00dfe unter und dem nebel- und wolkenverhangenen Himmel \u00fcber mir bin ich erneut mit der Vespa unterwegs nach Windhausen, um noch ein wenig beim Abschied nehmen dabei zu sein.<\/p>\n<p>Unterwegs kommen mir bereits Sammy und etwas sp\u00e4ter die NRW-Truppe mit Andreas, Friedel, Felix und Dieter entgegen. Das unbest\u00e4ndige Wetter d\u00fcrfte etliche Teilnehmer schon fr\u00fch aus den Schlafs\u00e4cken getrieben haben.<\/p>\n<div id=\"attachment_20373\" style=\"width: 1210px\" class=\"wp-caption aligncenter\"><a href=\"https:\/\/berni.fmode.de\/wordpress\/wp-content\/uploads\/wh01-4.jpg\" rel=\"attachment wp-att-20373\"><img loading=\"lazy\" decoding=\"async\" aria-describedby=\"caption-attachment-20373\" class=\"wp-image-20373 size-full\" src=\"https:\/\/berni.fmode.de\/wordpress\/wp-content\/uploads\/wh01-4.jpg\" alt=\"FFT16 Windhausen\" width=\"1200\" height=\"900\" srcset=\"https:\/\/berni.fmode.de\/wordpress\/wp-content\/uploads\/wh01-4.jpg 1200w, https:\/\/berni.fmode.de\/wordpress\/wp-content\/uploads\/wh01-4-300x225.jpg 300w, https:\/\/berni.fmode.de\/wordpress\/wp-content\/uploads\/wh01-4-768x576.jpg 768w, https:\/\/berni.fmode.de\/wordpress\/wp-content\/uploads\/wh01-4-1024x768.jpg 1024w, https:\/\/berni.fmode.de\/wordpress\/wp-content\/uploads\/wh01-4-400x300.jpg 400w\" sizes=\"(max-width: 1200px) 100vw, 1200px\" \/><\/a><p id=\"caption-attachment-20373\" class=\"wp-caption-text\">Klaus erwische so gerade noch beim Verlassen des Platzes.<\/p><\/div>\n<div id=\"attachment_20374\" style=\"width: 1210px\" class=\"wp-caption aligncenter\"><a href=\"https:\/\/berni.fmode.de\/wordpress\/wp-content\/uploads\/wh02-4.jpg\" rel=\"attachment wp-att-20374\"><img loading=\"lazy\" decoding=\"async\" aria-describedby=\"caption-attachment-20374\" class=\"wp-image-20374 size-full\" src=\"https:\/\/berni.fmode.de\/wordpress\/wp-content\/uploads\/wh02-4.jpg\" alt=\"FFT16 Windhausen\" width=\"1200\" height=\"900\" srcset=\"https:\/\/berni.fmode.de\/wordpress\/wp-content\/uploads\/wh02-4.jpg 1200w, https:\/\/berni.fmode.de\/wordpress\/wp-content\/uploads\/wh02-4-300x225.jpg 300w, https:\/\/berni.fmode.de\/wordpress\/wp-content\/uploads\/wh02-4-768x576.jpg 768w, https:\/\/berni.fmode.de\/wordpress\/wp-content\/uploads\/wh02-4-1024x768.jpg 1024w, https:\/\/berni.fmode.de\/wordpress\/wp-content\/uploads\/wh02-4-400x300.jpg 400w\" sizes=\"(max-width: 1200px) 100vw, 1200px\" \/><\/a><p id=\"caption-attachment-20374\" class=\"wp-caption-text\">Munter wie das bl\u00fchende Leben kommt Michaela vom Fr\u00fchst\u00fcck. Jetzt wird gepackt.<\/p><\/div>\n<div id=\"attachment_20375\" style=\"width: 1210px\" class=\"wp-caption aligncenter\"><a href=\"https:\/\/berni.fmode.de\/wordpress\/wp-content\/uploads\/wh03-4.jpg\" rel=\"attachment wp-att-20375\"><img loading=\"lazy\" decoding=\"async\" aria-describedby=\"caption-attachment-20375\" class=\"wp-image-20375 size-full\" src=\"https:\/\/berni.fmode.de\/wordpress\/wp-content\/uploads\/wh03-4.jpg\" alt=\"FFT16 Windhausen\" width=\"1200\" height=\"900\" srcset=\"https:\/\/berni.fmode.de\/wordpress\/wp-content\/uploads\/wh03-4.jpg 1200w, https:\/\/berni.fmode.de\/wordpress\/wp-content\/uploads\/wh03-4-300x225.jpg 300w, https:\/\/berni.fmode.de\/wordpress\/wp-content\/uploads\/wh03-4-768x576.jpg 768w, https:\/\/berni.fmode.de\/wordpress\/wp-content\/uploads\/wh03-4-1024x768.jpg 1024w, https:\/\/berni.fmode.de\/wordpress\/wp-content\/uploads\/wh03-4-400x300.jpg 400w\" sizes=\"(max-width: 1200px) 100vw, 1200px\" \/><\/a><p id=\"caption-attachment-20375\" class=\"wp-caption-text\">eigel ist bereit f\u00fcr den R\u00fccksturz zur Erde und sagt Bye-bye.<\/p><\/div>\n<div id=\"attachment_20376\" style=\"width: 1210px\" class=\"wp-caption aligncenter\"><a href=\"https:\/\/berni.fmode.de\/wordpress\/wp-content\/uploads\/wh04-4.jpg\" rel=\"attachment wp-att-20376\"><img loading=\"lazy\" decoding=\"async\" aria-describedby=\"caption-attachment-20376\" class=\"wp-image-20376 size-full\" src=\"https:\/\/berni.fmode.de\/wordpress\/wp-content\/uploads\/wh04-4.jpg\" alt=\"FFT16 Windhausen\" width=\"1200\" height=\"900\" srcset=\"https:\/\/berni.fmode.de\/wordpress\/wp-content\/uploads\/wh04-4.jpg 1200w, https:\/\/berni.fmode.de\/wordpress\/wp-content\/uploads\/wh04-4-300x225.jpg 300w, https:\/\/berni.fmode.de\/wordpress\/wp-content\/uploads\/wh04-4-768x576.jpg 768w, https:\/\/berni.fmode.de\/wordpress\/wp-content\/uploads\/wh04-4-1024x768.jpg 1024w, https:\/\/berni.fmode.de\/wordpress\/wp-content\/uploads\/wh04-4-400x300.jpg 400w\" sizes=\"(max-width: 1200px) 100vw, 1200px\" \/><\/a><p id=\"caption-attachment-20376\" class=\"wp-caption-text\">Bernd beres&#8220;, der Chemiker, ist noch beim Packen des sch\u00f6nen Wasp-Gespannes.<\/p><\/div>\n<div id=\"attachment_20377\" style=\"width: 1210px\" class=\"wp-caption aligncenter\"><a href=\"https:\/\/berni.fmode.de\/wordpress\/wp-content\/uploads\/wh05-4.jpg\" rel=\"attachment wp-att-20377\"><img loading=\"lazy\" decoding=\"async\" aria-describedby=\"caption-attachment-20377\" class=\"wp-image-20377 size-full\" src=\"https:\/\/berni.fmode.de\/wordpress\/wp-content\/uploads\/wh05-4.jpg\" alt=\"FFT16 Windhausen\" width=\"1200\" height=\"900\" srcset=\"https:\/\/berni.fmode.de\/wordpress\/wp-content\/uploads\/wh05-4.jpg 1200w, https:\/\/berni.fmode.de\/wordpress\/wp-content\/uploads\/wh05-4-300x225.jpg 300w, https:\/\/berni.fmode.de\/wordpress\/wp-content\/uploads\/wh05-4-768x576.jpg 768w, https:\/\/berni.fmode.de\/wordpress\/wp-content\/uploads\/wh05-4-1024x768.jpg 1024w, https:\/\/berni.fmode.de\/wordpress\/wp-content\/uploads\/wh05-4-400x300.jpg 400w\" sizes=\"(max-width: 1200px) 100vw, 1200px\" \/><\/a><p id=\"caption-attachment-20377\" class=\"wp-caption-text\">Und in wenigen Minuten ist auch Familie MZ-Driver wieder auf dem R\u00fcckweg in den Odenwald.<\/p><\/div>\n<div id=\"attachment_20378\" style=\"width: 1210px\" class=\"wp-caption aligncenter\"><a href=\"https:\/\/berni.fmode.de\/wordpress\/wp-content\/uploads\/wh06-4.jpg\" rel=\"attachment wp-att-20378\"><img loading=\"lazy\" decoding=\"async\" aria-describedby=\"caption-attachment-20378\" class=\"wp-image-20378 size-full\" src=\"https:\/\/berni.fmode.de\/wordpress\/wp-content\/uploads\/wh06-4.jpg\" alt=\"FFT16 Windhausen\" width=\"1200\" height=\"900\" srcset=\"https:\/\/berni.fmode.de\/wordpress\/wp-content\/uploads\/wh06-4.jpg 1200w, https:\/\/berni.fmode.de\/wordpress\/wp-content\/uploads\/wh06-4-300x225.jpg 300w, https:\/\/berni.fmode.de\/wordpress\/wp-content\/uploads\/wh06-4-768x576.jpg 768w, https:\/\/berni.fmode.de\/wordpress\/wp-content\/uploads\/wh06-4-1024x768.jpg 1024w, https:\/\/berni.fmode.de\/wordpress\/wp-content\/uploads\/wh06-4-400x300.jpg 400w\" sizes=\"(max-width: 1200px) 100vw, 1200px\" \/><\/a><p id=\"caption-attachment-20378\" class=\"wp-caption-text\">Die sch\u00f6ne Varadero ist bereits komplett verpackt und wartet nur noch auf ihren Fahrer, &#8230;..<\/p><\/div>\n<div id=\"attachment_20379\" style=\"width: 1210px\" class=\"wp-caption aligncenter\"><a href=\"https:\/\/berni.fmode.de\/wordpress\/wp-content\/uploads\/wh07-4.jpg\" rel=\"attachment wp-att-20379\"><img loading=\"lazy\" decoding=\"async\" aria-describedby=\"caption-attachment-20379\" class=\"wp-image-20379 size-full\" src=\"https:\/\/berni.fmode.de\/wordpress\/wp-content\/uploads\/wh07-4.jpg\" alt=\"FFT16 Windhausen\" width=\"1200\" height=\"900\" srcset=\"https:\/\/berni.fmode.de\/wordpress\/wp-content\/uploads\/wh07-4.jpg 1200w, https:\/\/berni.fmode.de\/wordpress\/wp-content\/uploads\/wh07-4-300x225.jpg 300w, https:\/\/berni.fmode.de\/wordpress\/wp-content\/uploads\/wh07-4-768x576.jpg 768w, https:\/\/berni.fmode.de\/wordpress\/wp-content\/uploads\/wh07-4-1024x768.jpg 1024w, https:\/\/berni.fmode.de\/wordpress\/wp-content\/uploads\/wh07-4-400x300.jpg 400w\" sizes=\"(max-width: 1200px) 100vw, 1200px\" \/><\/a><p id=\"caption-attachment-20379\" class=\"wp-caption-text\">&#8230;.. der prophylaktisch schon mal in den Regenanzug schl\u00fcpft. Gute Fahrt, Uwe.<\/p><\/div>\n<div id=\"attachment_20380\" style=\"width: 1210px\" class=\"wp-caption aligncenter\"><a href=\"https:\/\/berni.fmode.de\/wordpress\/wp-content\/uploads\/wh08-4.jpg\" rel=\"attachment wp-att-20380\"><img loading=\"lazy\" decoding=\"async\" aria-describedby=\"caption-attachment-20380\" class=\"wp-image-20380 size-full\" src=\"https:\/\/berni.fmode.de\/wordpress\/wp-content\/uploads\/wh08-4.jpg\" alt=\"FFT16 Windhausen\" width=\"1200\" height=\"900\" srcset=\"https:\/\/berni.fmode.de\/wordpress\/wp-content\/uploads\/wh08-4.jpg 1200w, https:\/\/berni.fmode.de\/wordpress\/wp-content\/uploads\/wh08-4-300x225.jpg 300w, https:\/\/berni.fmode.de\/wordpress\/wp-content\/uploads\/wh08-4-768x576.jpg 768w, https:\/\/berni.fmode.de\/wordpress\/wp-content\/uploads\/wh08-4-1024x768.jpg 1024w, https:\/\/berni.fmode.de\/wordpress\/wp-content\/uploads\/wh08-4-400x300.jpg 400w\" sizes=\"(max-width: 1200px) 100vw, 1200px\" \/><\/a><p id=\"caption-attachment-20380\" class=\"wp-caption-text\">W\u00e4hrend Sven aus der Niedersachsen-Fraktion schon fertig gepackt hat, ist die Kleinfamilie mit Gina und Arni noch bei der Arbeit.<\/p><\/div>\n<div id=\"attachment_20381\" style=\"width: 1210px\" class=\"wp-caption aligncenter\"><a href=\"https:\/\/berni.fmode.de\/wordpress\/wp-content\/uploads\/wh09-4.jpg\" rel=\"attachment wp-att-20381\"><img loading=\"lazy\" decoding=\"async\" aria-describedby=\"caption-attachment-20381\" class=\"wp-image-20381 size-full\" src=\"https:\/\/berni.fmode.de\/wordpress\/wp-content\/uploads\/wh09-4.jpg\" alt=\"FFT16 Windhausen\" width=\"1200\" height=\"900\" srcset=\"https:\/\/berni.fmode.de\/wordpress\/wp-content\/uploads\/wh09-4.jpg 1200w, https:\/\/berni.fmode.de\/wordpress\/wp-content\/uploads\/wh09-4-300x225.jpg 300w, https:\/\/berni.fmode.de\/wordpress\/wp-content\/uploads\/wh09-4-768x576.jpg 768w, https:\/\/berni.fmode.de\/wordpress\/wp-content\/uploads\/wh09-4-1024x768.jpg 1024w, https:\/\/berni.fmode.de\/wordpress\/wp-content\/uploads\/wh09-4-400x300.jpg 400w\" sizes=\"(max-width: 1200px) 100vw, 1200px\" \/><\/a><p id=\"caption-attachment-20381\" class=\"wp-caption-text\">Egon und die Helfercrew bauen schon das Pavillonzelt ab.<\/p><\/div>\n<div id=\"attachment_20382\" style=\"width: 1210px\" class=\"wp-caption aligncenter\"><a href=\"https:\/\/berni.fmode.de\/wordpress\/wp-content\/uploads\/wh10-4.jpg\" rel=\"attachment wp-att-20382\"><img loading=\"lazy\" decoding=\"async\" aria-describedby=\"caption-attachment-20382\" class=\"wp-image-20382 size-full\" src=\"https:\/\/berni.fmode.de\/wordpress\/wp-content\/uploads\/wh10-4.jpg\" alt=\"FFT16 Windhausen\" width=\"1200\" height=\"900\" srcset=\"https:\/\/berni.fmode.de\/wordpress\/wp-content\/uploads\/wh10-4.jpg 1200w, https:\/\/berni.fmode.de\/wordpress\/wp-content\/uploads\/wh10-4-300x225.jpg 300w, https:\/\/berni.fmode.de\/wordpress\/wp-content\/uploads\/wh10-4-768x576.jpg 768w, https:\/\/berni.fmode.de\/wordpress\/wp-content\/uploads\/wh10-4-1024x768.jpg 1024w, https:\/\/berni.fmode.de\/wordpress\/wp-content\/uploads\/wh10-4-400x300.jpg 400w\" sizes=\"(max-width: 1200px) 100vw, 1200px\" \/><\/a><p id=\"caption-attachment-20382\" class=\"wp-caption-text\">Hexe Gabi hat alles fertig verpackt und das Hexengespann sogar ein wenig von Schmutz befreit. Dabei geht es damit jetzt zuerst in Egons Werkstatt, wo ein kleiner Service statt finden wird.<\/p><\/div>\n<div id=\"attachment_20383\" style=\"width: 1210px\" class=\"wp-caption aligncenter\"><a href=\"https:\/\/berni.fmode.de\/wordpress\/wp-content\/uploads\/wh11-4.jpg\" rel=\"attachment wp-att-20383\"><img loading=\"lazy\" decoding=\"async\" aria-describedby=\"caption-attachment-20383\" class=\"wp-image-20383 size-full\" src=\"https:\/\/berni.fmode.de\/wordpress\/wp-content\/uploads\/wh11-4.jpg\" alt=\"FFT16 Windhausen\" width=\"1200\" height=\"900\" srcset=\"https:\/\/berni.fmode.de\/wordpress\/wp-content\/uploads\/wh11-4.jpg 1200w, https:\/\/berni.fmode.de\/wordpress\/wp-content\/uploads\/wh11-4-300x225.jpg 300w, https:\/\/berni.fmode.de\/wordpress\/wp-content\/uploads\/wh11-4-768x576.jpg 768w, https:\/\/berni.fmode.de\/wordpress\/wp-content\/uploads\/wh11-4-1024x768.jpg 1024w, https:\/\/berni.fmode.de\/wordpress\/wp-content\/uploads\/wh11-4-400x300.jpg 400w\" sizes=\"(max-width: 1200px) 100vw, 1200px\" \/><\/a><p id=\"caption-attachment-20383\" class=\"wp-caption-text\">In leicht aufgel\u00f6ster Bekleidung verabschiedet Egon die letzten Besucher, hier ist es Jan.<\/p><\/div>\n<div id=\"attachment_20384\" style=\"width: 1210px\" class=\"wp-caption aligncenter\"><a href=\"https:\/\/berni.fmode.de\/wordpress\/wp-content\/uploads\/wh12-4.jpg\" rel=\"attachment wp-att-20384\"><img loading=\"lazy\" decoding=\"async\" aria-describedby=\"caption-attachment-20384\" class=\"wp-image-20384 size-full\" src=\"https:\/\/berni.fmode.de\/wordpress\/wp-content\/uploads\/wh12-4.jpg\" alt=\"FFT16\" width=\"1200\" height=\"900\" srcset=\"https:\/\/berni.fmode.de\/wordpress\/wp-content\/uploads\/wh12-4.jpg 1200w, https:\/\/berni.fmode.de\/wordpress\/wp-content\/uploads\/wh12-4-300x225.jpg 300w, https:\/\/berni.fmode.de\/wordpress\/wp-content\/uploads\/wh12-4-768x576.jpg 768w, https:\/\/berni.fmode.de\/wordpress\/wp-content\/uploads\/wh12-4-1024x768.jpg 1024w, https:\/\/berni.fmode.de\/wordpress\/wp-content\/uploads\/wh12-4-400x300.jpg 400w\" sizes=\"(max-width: 1200px) 100vw, 1200px\" \/><\/a><p id=\"caption-attachment-20384\" class=\"wp-caption-text\">Meine Lieblingsbesucher auf diesem Treffen sind die beiden Rotax-Gespannfahrer Michaela, Jan und Dietmar, bei denen es jetzt ernst wird mit dem Aufbruch.<\/p><\/div>\n<div id=\"attachment_20385\" style=\"width: 1210px\" class=\"wp-caption aligncenter\"><a href=\"https:\/\/berni.fmode.de\/wordpress\/wp-content\/uploads\/wh13-4.jpg\" rel=\"attachment wp-att-20385\"><img loading=\"lazy\" decoding=\"async\" aria-describedby=\"caption-attachment-20385\" class=\"wp-image-20385 size-full\" src=\"https:\/\/berni.fmode.de\/wordpress\/wp-content\/uploads\/wh13-4.jpg\" alt=\"FFT16 Windhausen\" width=\"1200\" height=\"900\" srcset=\"https:\/\/berni.fmode.de\/wordpress\/wp-content\/uploads\/wh13-4.jpg 1200w, https:\/\/berni.fmode.de\/wordpress\/wp-content\/uploads\/wh13-4-300x225.jpg 300w, https:\/\/berni.fmode.de\/wordpress\/wp-content\/uploads\/wh13-4-768x576.jpg 768w, https:\/\/berni.fmode.de\/wordpress\/wp-content\/uploads\/wh13-4-1024x768.jpg 1024w, https:\/\/berni.fmode.de\/wordpress\/wp-content\/uploads\/wh13-4-400x300.jpg 400w\" sizes=\"(max-width: 1200px) 100vw, 1200px\" \/><\/a><p id=\"caption-attachment-20385\" class=\"wp-caption-text\">Der dicke Maik\u00e4fer muss leider hier bleiben, obwohl schon eine gewisse Zuneigung zu Michaela entstanden ist. Adieu K\u00e4fer.<\/p><\/div>\n<div id=\"attachment_20386\" style=\"width: 1210px\" class=\"wp-caption aligncenter\"><a href=\"https:\/\/berni.fmode.de\/wordpress\/wp-content\/uploads\/wh14-4.jpg\" rel=\"attachment wp-att-20386\"><img loading=\"lazy\" decoding=\"async\" aria-describedby=\"caption-attachment-20386\" class=\"wp-image-20386 size-full\" src=\"https:\/\/berni.fmode.de\/wordpress\/wp-content\/uploads\/wh14-4.jpg\" alt=\"FFT16 Windhausen\" width=\"1200\" height=\"900\" srcset=\"https:\/\/berni.fmode.de\/wordpress\/wp-content\/uploads\/wh14-4.jpg 1200w, https:\/\/berni.fmode.de\/wordpress\/wp-content\/uploads\/wh14-4-300x225.jpg 300w, https:\/\/berni.fmode.de\/wordpress\/wp-content\/uploads\/wh14-4-768x576.jpg 768w, https:\/\/berni.fmode.de\/wordpress\/wp-content\/uploads\/wh14-4-1024x768.jpg 1024w, https:\/\/berni.fmode.de\/wordpress\/wp-content\/uploads\/wh14-4-400x300.jpg 400w\" sizes=\"(max-width: 1200px) 100vw, 1200px\" \/><\/a><p id=\"caption-attachment-20386\" class=\"wp-caption-text\">Bis Alsfeld werden die beiden Rotax-Gespanne zusammen fahren, dann aber trennen sich die Wege. Also schon mal Bye-bye sagen.<\/p><\/div>\n<div id=\"attachment_20387\" style=\"width: 1210px\" class=\"wp-caption aligncenter\"><a href=\"https:\/\/berni.fmode.de\/wordpress\/wp-content\/uploads\/wh15-3.jpg\" rel=\"attachment wp-att-20387\"><img loading=\"lazy\" decoding=\"async\" aria-describedby=\"caption-attachment-20387\" class=\"wp-image-20387 size-full\" src=\"https:\/\/berni.fmode.de\/wordpress\/wp-content\/uploads\/wh15-3.jpg\" alt=\"FFT16 Windhausen\" width=\"1200\" height=\"900\" srcset=\"https:\/\/berni.fmode.de\/wordpress\/wp-content\/uploads\/wh15-3.jpg 1200w, https:\/\/berni.fmode.de\/wordpress\/wp-content\/uploads\/wh15-3-300x225.jpg 300w, https:\/\/berni.fmode.de\/wordpress\/wp-content\/uploads\/wh15-3-768x576.jpg 768w, https:\/\/berni.fmode.de\/wordpress\/wp-content\/uploads\/wh15-3-1024x768.jpg 1024w, https:\/\/berni.fmode.de\/wordpress\/wp-content\/uploads\/wh15-3-400x300.jpg 400w\" sizes=\"(max-width: 1200px) 100vw, 1200px\" \/><\/a><p id=\"caption-attachment-20387\" class=\"wp-caption-text\">Wer f\u00e4hrt vor?<\/p><\/div>\n<p><iframe loading=\"lazy\" src=\"https:\/\/www.youtube.com\/embed\/dJeH7xWUAPo\" width=\"560\" height=\"315\" frameborder=\"0\" allowfullscreen=\"allowfullscreen\"><\/iframe><br \/>\nDa ziehen sie ab, die beiden Rotax-Gespanne. Nach diesem Wochenende bin ich sicher, mit dem Verkauf meiner beiden Silverstar und der Rotax-Matchless einen Riesenfehler gemacht zu haben. Vorbei, schluss, aus.<\/p>\n<div id=\"attachment_20388\" style=\"width: 1210px\" class=\"wp-caption aligncenter\"><a href=\"https:\/\/berni.fmode.de\/wordpress\/wp-content\/uploads\/wh16-3.jpg\" rel=\"attachment wp-att-20388\"><img loading=\"lazy\" decoding=\"async\" aria-describedby=\"caption-attachment-20388\" class=\"wp-image-20388 size-full\" src=\"https:\/\/berni.fmode.de\/wordpress\/wp-content\/uploads\/wh16-3.jpg\" alt=\"FFT16 Windhausen\" width=\"1200\" height=\"900\" srcset=\"https:\/\/berni.fmode.de\/wordpress\/wp-content\/uploads\/wh16-3.jpg 1200w, https:\/\/berni.fmode.de\/wordpress\/wp-content\/uploads\/wh16-3-300x225.jpg 300w, https:\/\/berni.fmode.de\/wordpress\/wp-content\/uploads\/wh16-3-768x576.jpg 768w, https:\/\/berni.fmode.de\/wordpress\/wp-content\/uploads\/wh16-3-1024x768.jpg 1024w, https:\/\/berni.fmode.de\/wordpress\/wp-content\/uploads\/wh16-3-400x300.jpg 400w\" sizes=\"(max-width: 1200px) 100vw, 1200px\" \/><\/a><p id=\"caption-attachment-20388\" class=\"wp-caption-text\">Tja, das war&#8217;s dann in Windhausen. Das Treffen ist vorbei und nur das leicht kokelnde Feuer erinnert noch daran, dass hier ca. 80 Foristi ein tolles Wochenende hatten. Jetzt wird noch ein wenig beim Platz reinigen geholfen und dann heisst es &#8222;Let&#8217;s call it a day&#8220;<\/p><\/div>\n<p>&nbsp;<\/p>\n<p><strong><a href=\"https:\/\/berni.fmode.de\/wordpress\/?p=20220\">&lt;&lt; Zur\u00fcck<\/a><\/strong><\/p>\n","protected":false},"excerpt":{"rendered":"<p>Da ich die Abende ja bedauerlicherweise zuhause verbringe, m\u00fcssen andere \u00fcber das Geschehen am und um das Lagerfeuer berichten. Was ich aber wei\u00df, ist, das der Gesamtsieger der gestrigen Wettbewerbe ein Teilnehmer war, der a) mit dem PKW angereist ist &hellip; <a href=\"https:\/\/berni.fmode.de\/wordpress\/?page_id=20369\">Weiterlesen <span class=\"meta-nav\">&rarr;<\/span><\/a><\/p>\n","protected":false},"author":1,"featured_media":0,"parent":0,"menu_order":0,"comment_status":"closed","ping_status":"closed","template":"","meta":{"footnotes":""},"_links":{"self":[{"href":"https:\/\/berni.fmode.de\/wordpress\/index.php?rest_route=\/wp\/v2\/pages\/20369"}],"collection":[{"href":"https:\/\/berni.fmode.de\/wordpress\/index.php?rest_route=\/wp\/v2\/pages"}],"about":[{"href":"https:\/\/berni.fmode.de\/wordpress\/index.php?rest_route=\/wp\/v2\/types\/page"}],"author":[{"embeddable":true,"href":"https:\/\/berni.fmode.de\/wordpress\/index.php?rest_route=\/wp\/v2\/users\/1"}],"replies":[{"embeddable":true,"href":"https:\/\/berni.fmode.de\/wordpress\/index.php?rest_route=%2Fwp%2Fv2%2Fcomments&post=20369"}],"version-history":[{"count":5,"href":"https:\/\/berni.fmode.de\/wordpress\/index.php?rest_route=\/wp\/v2\/pages\/20369\/revisions"}],"predecessor-version":[{"id":20399,"href":"https:\/\/berni.fmode.de\/wordpress\/index.php?rest_route=\/wp\/v2\/pages\/20369\/revisions\/20399"}],"wp:attachment":[{"href":"https:\/\/berni.fmode.de\/wordpress\/index.php?rest_route=%2Fwp%2Fv2%2Fmedia&parent=20369"}],"curies":[{"name":"wp","href":"https:\/\/api.w.org\/{rel}","templated":true}]}}