{"id":20222,"date":"2016-05-25T19:05:18","date_gmt":"2016-05-25T18:05:18","guid":{"rendered":"http:\/\/berni.fmode.de\/wordpress\/?page_id=20222"},"modified":"2016-05-29T13:38:33","modified_gmt":"2016-05-29T12:38:33","slug":"mittwoch-der-25-mai-noch-vor-dem-treffen","status":"publish","type":"page","link":"https:\/\/berni.fmode.de\/wordpress\/?page_id=20222","title":{"rendered":"Mittwoch, der 25. Mai: Noch vor dem Treffen"},"content":{"rendered":"<p>Offiziell beginnt das Treffen erst am Donnerstag, also morgen. Aus dem Forum weiss ich aber, dass einige wenige Teilnehmer schon am heutigen Mittwoch anreisen und Egon hat dem zugestimmt. Schl\u00fcssel f\u00fcr die H\u00fctten, Strom und Wasser hat er bereits und f\u00fcr die letzten Vorbereitungen ist er mit Ruth zusammen sowieso vor Ort.<\/p>\n<p>Am sp\u00e4ten Nachmittag will ich mir mal ansehen, wie die Sache so anl\u00e4uft. Wie schon erw\u00e4hnt krieg ich den Harleymotor auf den paar Kilometern nicht warm gefahren, und so muss die kleine Vespa ran.<\/p>\n<div id=\"attachment_20223\" style=\"width: 1210px\" class=\"wp-caption aligncenter\"><a href=\"https:\/\/berni.fmode.de\/wordpress\/wp-content\/uploads\/wh00.jpg\" rel=\"attachment wp-att-20223\"><img loading=\"lazy\" decoding=\"async\" aria-describedby=\"caption-attachment-20223\" class=\"wp-image-20223 size-full\" src=\"https:\/\/berni.fmode.de\/wordpress\/wp-content\/uploads\/wh00.jpg\" alt=\"Leihhund Yello\" width=\"1200\" height=\"900\" srcset=\"https:\/\/berni.fmode.de\/wordpress\/wp-content\/uploads\/wh00.jpg 1200w, https:\/\/berni.fmode.de\/wordpress\/wp-content\/uploads\/wh00-300x225.jpg 300w, https:\/\/berni.fmode.de\/wordpress\/wp-content\/uploads\/wh00-768x576.jpg 768w, https:\/\/berni.fmode.de\/wordpress\/wp-content\/uploads\/wh00-1024x768.jpg 1024w, https:\/\/berni.fmode.de\/wordpress\/wp-content\/uploads\/wh00-400x300.jpg 400w\" sizes=\"(max-width: 1200px) 100vw, 1200px\" \/><\/a><p id=\"caption-attachment-20223\" class=\"wp-caption-text\">Vorher aber gehe ich noch auf einen Spaziergang mit Leihhund Yello, der heute zum Tierarzt musste. Da muss ich doch mal schauen, wie es dem Burschen geht und das verbinden wir mit einem St\u00fcndchen im Feld. Beim Tierarzt wurde Yello auch endlich wieder gewogen, und wir wissen jetzt, dass sein Gewicht von 34 auf 28 kg geschrumpft ist. Sehr gut, da haben die Bem\u00fchungen doch einen Erfolg gehabt. Dennoch muss das Abspecken weitergehen, das Endziel sind ca. 22 kg.<\/p><\/div>\n<div id=\"attachment_20224\" style=\"width: 1210px\" class=\"wp-caption aligncenter\"><a href=\"https:\/\/berni.fmode.de\/wordpress\/wp-content\/uploads\/wh01.jpg\" rel=\"attachment wp-att-20224\"><img loading=\"lazy\" decoding=\"async\" aria-describedby=\"caption-attachment-20224\" class=\"wp-image-20224 size-full\" src=\"https:\/\/berni.fmode.de\/wordpress\/wp-content\/uploads\/wh01.jpg\" alt=\"Scooter Boots\" width=\"1200\" height=\"900\" srcset=\"https:\/\/berni.fmode.de\/wordpress\/wp-content\/uploads\/wh01.jpg 1200w, https:\/\/berni.fmode.de\/wordpress\/wp-content\/uploads\/wh01-300x225.jpg 300w, https:\/\/berni.fmode.de\/wordpress\/wp-content\/uploads\/wh01-768x576.jpg 768w, https:\/\/berni.fmode.de\/wordpress\/wp-content\/uploads\/wh01-1024x768.jpg 1024w, https:\/\/berni.fmode.de\/wordpress\/wp-content\/uploads\/wh01-400x300.jpg 400w\" sizes=\"(max-width: 1200px) 100vw, 1200px\" \/><\/a><p id=\"caption-attachment-20224\" class=\"wp-caption-text\">Dann aber schl\u00fcpfe ich in die frisch aufpolierten Scooter Boots und es geht mit der Vespa nach Windhausen.<\/p><\/div>\n<div id=\"attachment_20225\" style=\"width: 1210px\" class=\"wp-caption aligncenter\"><a href=\"https:\/\/berni.fmode.de\/wordpress\/wp-content\/uploads\/wh02.jpg\" rel=\"attachment wp-att-20225\"><img loading=\"lazy\" decoding=\"async\" aria-describedby=\"caption-attachment-20225\" class=\"wp-image-20225 size-full\" src=\"https:\/\/berni.fmode.de\/wordpress\/wp-content\/uploads\/wh02.jpg\" alt=\"Vespa GTS\" width=\"1200\" height=\"900\" srcset=\"https:\/\/berni.fmode.de\/wordpress\/wp-content\/uploads\/wh02.jpg 1200w, https:\/\/berni.fmode.de\/wordpress\/wp-content\/uploads\/wh02-300x225.jpg 300w, https:\/\/berni.fmode.de\/wordpress\/wp-content\/uploads\/wh02-768x576.jpg 768w, https:\/\/berni.fmode.de\/wordpress\/wp-content\/uploads\/wh02-1024x768.jpg 1024w, https:\/\/berni.fmode.de\/wordpress\/wp-content\/uploads\/wh02-400x300.jpg 400w\" sizes=\"(max-width: 1200px) 100vw, 1200px\" \/><\/a><p id=\"caption-attachment-20225\" class=\"wp-caption-text\">Nach jetzt drei verregneten Tagen bleibt es heute zumindest trocken, aber es ist noch verdammt frisch. Aber es soll t\u00e4glich etwas besser werden. Wie man sieht zeigt sich der Vogelsberg zwar grau, aber der Vegetation hat der Regen sehr gut getan: Alles ist quasi \u00fcber Nacht satt gr\u00fcn geworden.<\/p><\/div>\n<div id=\"attachment_20226\" style=\"width: 1210px\" class=\"wp-caption aligncenter\"><a href=\"https:\/\/berni.fmode.de\/wordpress\/wp-content\/uploads\/wh03.jpg\" rel=\"attachment wp-att-20226\"><img loading=\"lazy\" decoding=\"async\" aria-describedby=\"caption-attachment-20226\" class=\"wp-image-20226 size-full\" src=\"https:\/\/berni.fmode.de\/wordpress\/wp-content\/uploads\/wh03.jpg\" alt=\"Vespa GTS\" width=\"1200\" height=\"900\" srcset=\"https:\/\/berni.fmode.de\/wordpress\/wp-content\/uploads\/wh03.jpg 1200w, https:\/\/berni.fmode.de\/wordpress\/wp-content\/uploads\/wh03-300x225.jpg 300w, https:\/\/berni.fmode.de\/wordpress\/wp-content\/uploads\/wh03-768x576.jpg 768w, https:\/\/berni.fmode.de\/wordpress\/wp-content\/uploads\/wh03-1024x768.jpg 1024w, https:\/\/berni.fmode.de\/wordpress\/wp-content\/uploads\/wh03-400x300.jpg 400w\" sizes=\"(max-width: 1200px) 100vw, 1200px\" \/><\/a><p id=\"caption-attachment-20226\" class=\"wp-caption-text\">In Gro\u00df-Felda sehe ich die ersten Hinweisschilder auf das MZ-Treffen und hier an der Abzweigung zum Treffenplatz das n\u00e4chste. Die geschmackvollen orangenen Tafeln mit gr\u00fcner Schrift sind nicht zu \u00fcbersehen.<\/p><\/div>\n<div id=\"attachment_20227\" style=\"width: 1210px\" class=\"wp-caption aligncenter\"><a href=\"https:\/\/berni.fmode.de\/wordpress\/wp-content\/uploads\/wh04.jpg\" rel=\"attachment wp-att-20227\"><img loading=\"lazy\" decoding=\"async\" aria-describedby=\"caption-attachment-20227\" class=\"wp-image-20227 size-full\" src=\"https:\/\/berni.fmode.de\/wordpress\/wp-content\/uploads\/wh04.jpg\" alt=\"FFT16 Windhausen\" width=\"1200\" height=\"900\" srcset=\"https:\/\/berni.fmode.de\/wordpress\/wp-content\/uploads\/wh04.jpg 1200w, https:\/\/berni.fmode.de\/wordpress\/wp-content\/uploads\/wh04-300x225.jpg 300w, https:\/\/berni.fmode.de\/wordpress\/wp-content\/uploads\/wh04-768x576.jpg 768w, https:\/\/berni.fmode.de\/wordpress\/wp-content\/uploads\/wh04-1024x768.jpg 1024w, https:\/\/berni.fmode.de\/wordpress\/wp-content\/uploads\/wh04-400x300.jpg 400w\" sizes=\"(max-width: 1200px) 100vw, 1200px\" \/><\/a><p id=\"caption-attachment-20227\" class=\"wp-caption-text\">Angekommen am Ort des Geschehens sind wahrhaftig schon drei MZ-Gespanne und der Lloyd von Ruth und Egon zu sehen. Der Lloyd steht mit ge\u00f6ffneter Motorhaube auf der Wiese &#8211; da wird doch nicht schon die erste Schrauberaktion statt finden?<\/p><\/div>\n<div id=\"attachment_20228\" style=\"width: 1210px\" class=\"wp-caption aligncenter\"><a href=\"https:\/\/berni.fmode.de\/wordpress\/wp-content\/uploads\/wh05.jpg\" rel=\"attachment wp-att-20228\"><img loading=\"lazy\" decoding=\"async\" aria-describedby=\"caption-attachment-20228\" class=\"wp-image-20228 size-full\" src=\"https:\/\/berni.fmode.de\/wordpress\/wp-content\/uploads\/wh05.jpg\" alt=\"FFT16 Windhausen\" width=\"1200\" height=\"900\" srcset=\"https:\/\/berni.fmode.de\/wordpress\/wp-content\/uploads\/wh05.jpg 1200w, https:\/\/berni.fmode.de\/wordpress\/wp-content\/uploads\/wh05-300x225.jpg 300w, https:\/\/berni.fmode.de\/wordpress\/wp-content\/uploads\/wh05-768x576.jpg 768w, https:\/\/berni.fmode.de\/wordpress\/wp-content\/uploads\/wh05-1024x768.jpg 1024w, https:\/\/berni.fmode.de\/wordpress\/wp-content\/uploads\/wh05-400x300.jpg 400w\" sizes=\"(max-width: 1200px) 100vw, 1200px\" \/><\/a><p id=\"caption-attachment-20228\" class=\"wp-caption-text\">Entwarnung: Dem Lloyd geht es blendend und die Motorhaube ist nur zu Showzwecken ge\u00f6ffnet.<\/p><\/div>\n<div id=\"attachment_20229\" style=\"width: 1210px\" class=\"wp-caption aligncenter\"><a href=\"https:\/\/berni.fmode.de\/wordpress\/wp-content\/uploads\/wh06.jpg\" rel=\"attachment wp-att-20229\"><img loading=\"lazy\" decoding=\"async\" aria-describedby=\"caption-attachment-20229\" class=\"wp-image-20229 size-full\" src=\"https:\/\/berni.fmode.de\/wordpress\/wp-content\/uploads\/wh06.jpg\" alt=\"FFT16 Windhausen\" width=\"1200\" height=\"900\" srcset=\"https:\/\/berni.fmode.de\/wordpress\/wp-content\/uploads\/wh06.jpg 1200w, https:\/\/berni.fmode.de\/wordpress\/wp-content\/uploads\/wh06-300x225.jpg 300w, https:\/\/berni.fmode.de\/wordpress\/wp-content\/uploads\/wh06-768x576.jpg 768w, https:\/\/berni.fmode.de\/wordpress\/wp-content\/uploads\/wh06-1024x768.jpg 1024w, https:\/\/berni.fmode.de\/wordpress\/wp-content\/uploads\/wh06-400x300.jpg 400w\" sizes=\"(max-width: 1200px) 100vw, 1200px\" \/><\/a><p id=\"caption-attachment-20229\" class=\"wp-caption-text\">Sollte der runde Tisch eine Ank\u00fcndigung f\u00fcr den heutigen Abend sein? Dann ist B\u00f6ses zu erwarten.<\/p><\/div>\n<div id=\"attachment_20230\" style=\"width: 1210px\" class=\"wp-caption aligncenter\"><a href=\"https:\/\/berni.fmode.de\/wordpress\/wp-content\/uploads\/wh07.jpg\" rel=\"attachment wp-att-20230\"><img loading=\"lazy\" decoding=\"async\" aria-describedby=\"caption-attachment-20230\" class=\"wp-image-20230 size-full\" src=\"https:\/\/berni.fmode.de\/wordpress\/wp-content\/uploads\/wh07.jpg\" alt=\"FFT16 Windhausen\" width=\"1200\" height=\"900\" srcset=\"https:\/\/berni.fmode.de\/wordpress\/wp-content\/uploads\/wh07.jpg 1200w, https:\/\/berni.fmode.de\/wordpress\/wp-content\/uploads\/wh07-300x225.jpg 300w, https:\/\/berni.fmode.de\/wordpress\/wp-content\/uploads\/wh07-768x576.jpg 768w, https:\/\/berni.fmode.de\/wordpress\/wp-content\/uploads\/wh07-1024x768.jpg 1024w, https:\/\/berni.fmode.de\/wordpress\/wp-content\/uploads\/wh07-400x300.jpg 400w\" sizes=\"(max-width: 1200px) 100vw, 1200px\" \/><\/a><p id=\"caption-attachment-20230\" class=\"wp-caption-text\">Sammy erz\u00e4hlt ein bisschen von seinem ETZ-Gespann und aus jedem Satz heraus wird deutlich, dass er mit dem Zweitakter gl\u00fccklicher ist als vorher mit dem Rotax-Gespann. Dabei dachte ich lange Zeit, dass Sammy aus \u00dcberzeugung Rotax f\u00e4hrt.<\/p><\/div>\n<div id=\"attachment_20231\" style=\"width: 1210px\" class=\"wp-caption aligncenter\"><a href=\"https:\/\/berni.fmode.de\/wordpress\/wp-content\/uploads\/wh08.jpg\" rel=\"attachment wp-att-20231\"><img loading=\"lazy\" decoding=\"async\" aria-describedby=\"caption-attachment-20231\" class=\"wp-image-20231 size-full\" src=\"https:\/\/berni.fmode.de\/wordpress\/wp-content\/uploads\/wh08.jpg\" alt=\"FFT16 Windhausen\" width=\"1200\" height=\"900\" srcset=\"https:\/\/berni.fmode.de\/wordpress\/wp-content\/uploads\/wh08.jpg 1200w, https:\/\/berni.fmode.de\/wordpress\/wp-content\/uploads\/wh08-300x225.jpg 300w, https:\/\/berni.fmode.de\/wordpress\/wp-content\/uploads\/wh08-768x576.jpg 768w, https:\/\/berni.fmode.de\/wordpress\/wp-content\/uploads\/wh08-1024x768.jpg 1024w, https:\/\/berni.fmode.de\/wordpress\/wp-content\/uploads\/wh08-400x300.jpg 400w\" sizes=\"(max-width: 1200px) 100vw, 1200px\" \/><\/a><p id=\"caption-attachment-20231\" class=\"wp-caption-text\">Das blaue Kanuni-Gespann geh\u00f6rt Matthias Diesel-HB, der schon vor zwei Tagen in den Vogelsberg gereist ist und zusammen mit Egon den Wartungsstau an der deutsch-t\u00fcrkischen Koproduktion beseitigt hat.<\/p><\/div>\n<div id=\"attachment_20232\" style=\"width: 1210px\" class=\"wp-caption aligncenter\"><a href=\"https:\/\/berni.fmode.de\/wordpress\/wp-content\/uploads\/wh09.jpg\" rel=\"attachment wp-att-20232\"><img loading=\"lazy\" decoding=\"async\" aria-describedby=\"caption-attachment-20232\" class=\"wp-image-20232 size-full\" src=\"https:\/\/berni.fmode.de\/wordpress\/wp-content\/uploads\/wh09.jpg\" alt=\"FFT16 Windhausen\" width=\"1200\" height=\"900\" srcset=\"https:\/\/berni.fmode.de\/wordpress\/wp-content\/uploads\/wh09.jpg 1200w, https:\/\/berni.fmode.de\/wordpress\/wp-content\/uploads\/wh09-300x225.jpg 300w, https:\/\/berni.fmode.de\/wordpress\/wp-content\/uploads\/wh09-768x576.jpg 768w, https:\/\/berni.fmode.de\/wordpress\/wp-content\/uploads\/wh09-1024x768.jpg 1024w, https:\/\/berni.fmode.de\/wordpress\/wp-content\/uploads\/wh09-400x300.jpg 400w\" sizes=\"(max-width: 1200px) 100vw, 1200px\" \/><\/a><p id=\"caption-attachment-20232\" class=\"wp-caption-text\">Und siehe da: Direkt an der logistischen Schaltstelle hat bereits Hexe Gabi ihre Zelte aufgeschlagen. Sch\u00f6n, dass es dann doch noch geklappt hat.<\/p><\/div>\n<div id=\"attachment_20233\" style=\"width: 1210px\" class=\"wp-caption aligncenter\"><a href=\"https:\/\/berni.fmode.de\/wordpress\/wp-content\/uploads\/wh10.jpg\" rel=\"attachment wp-att-20233\"><img loading=\"lazy\" decoding=\"async\" aria-describedby=\"caption-attachment-20233\" class=\"wp-image-20233 size-full\" src=\"https:\/\/berni.fmode.de\/wordpress\/wp-content\/uploads\/wh10.jpg\" alt=\"FFT16 Windhausen\" width=\"1200\" height=\"900\" srcset=\"https:\/\/berni.fmode.de\/wordpress\/wp-content\/uploads\/wh10.jpg 1200w, https:\/\/berni.fmode.de\/wordpress\/wp-content\/uploads\/wh10-300x225.jpg 300w, https:\/\/berni.fmode.de\/wordpress\/wp-content\/uploads\/wh10-768x576.jpg 768w, https:\/\/berni.fmode.de\/wordpress\/wp-content\/uploads\/wh10-1024x768.jpg 1024w, https:\/\/berni.fmode.de\/wordpress\/wp-content\/uploads\/wh10-400x300.jpg 400w\" sizes=\"(max-width: 1200px) 100vw, 1200px\" \/><\/a><p id=\"caption-attachment-20233\" class=\"wp-caption-text\">Peter und Sammy diskutieren, wo sie ihre Unterk\u00fcnfte aufbauen und schreiten kurz danach zur Tat.<\/p><\/div>\n<div id=\"attachment_20234\" style=\"width: 1210px\" class=\"wp-caption aligncenter\"><a href=\"https:\/\/berni.fmode.de\/wordpress\/wp-content\/uploads\/wh11.jpg\" rel=\"attachment wp-att-20234\"><img loading=\"lazy\" decoding=\"async\" aria-describedby=\"caption-attachment-20234\" class=\"wp-image-20234 size-full\" src=\"https:\/\/berni.fmode.de\/wordpress\/wp-content\/uploads\/wh11.jpg\" alt=\"FFT16 Windhausen\" width=\"1200\" height=\"900\" srcset=\"https:\/\/berni.fmode.de\/wordpress\/wp-content\/uploads\/wh11.jpg 1200w, https:\/\/berni.fmode.de\/wordpress\/wp-content\/uploads\/wh11-300x225.jpg 300w, https:\/\/berni.fmode.de\/wordpress\/wp-content\/uploads\/wh11-768x576.jpg 768w, https:\/\/berni.fmode.de\/wordpress\/wp-content\/uploads\/wh11-1024x768.jpg 1024w, https:\/\/berni.fmode.de\/wordpress\/wp-content\/uploads\/wh11-400x300.jpg 400w\" sizes=\"(max-width: 1200px) 100vw, 1200px\" \/><\/a><p id=\"caption-attachment-20234\" class=\"wp-caption-text\">Wie es sich geh\u00f6rt tummeln sich die Ladies Ruth und Gabi in der K\u00fcche.<\/p><\/div>\n<div id=\"attachment_20235\" style=\"width: 1210px\" class=\"wp-caption aligncenter\"><a href=\"https:\/\/berni.fmode.de\/wordpress\/wp-content\/uploads\/wh12.jpg\" rel=\"attachment wp-att-20235\"><img loading=\"lazy\" decoding=\"async\" aria-describedby=\"caption-attachment-20235\" class=\"wp-image-20235 size-full\" src=\"https:\/\/berni.fmode.de\/wordpress\/wp-content\/uploads\/wh12.jpg\" alt=\"FFT16 Windhausen\" width=\"1200\" height=\"900\" srcset=\"https:\/\/berni.fmode.de\/wordpress\/wp-content\/uploads\/wh12.jpg 1200w, https:\/\/berni.fmode.de\/wordpress\/wp-content\/uploads\/wh12-300x225.jpg 300w, https:\/\/berni.fmode.de\/wordpress\/wp-content\/uploads\/wh12-768x576.jpg 768w, https:\/\/berni.fmode.de\/wordpress\/wp-content\/uploads\/wh12-1024x768.jpg 1024w, https:\/\/berni.fmode.de\/wordpress\/wp-content\/uploads\/wh12-400x300.jpg 400w\" sizes=\"(max-width: 1200px) 100vw, 1200px\" \/><\/a><p id=\"caption-attachment-20235\" class=\"wp-caption-text\">Matthias und Egon sind immer noch dabei, Teile zu transportieren und auszuladen.<\/p><\/div>\n<div id=\"attachment_20236\" style=\"width: 1210px\" class=\"wp-caption aligncenter\"><a href=\"https:\/\/berni.fmode.de\/wordpress\/wp-content\/uploads\/wh13.jpg\" rel=\"attachment wp-att-20236\"><img loading=\"lazy\" decoding=\"async\" aria-describedby=\"caption-attachment-20236\" class=\"wp-image-20236 size-full\" src=\"https:\/\/berni.fmode.de\/wordpress\/wp-content\/uploads\/wh13.jpg\" alt=\"FFT16 Windhausen\" width=\"1200\" height=\"900\" srcset=\"https:\/\/berni.fmode.de\/wordpress\/wp-content\/uploads\/wh13.jpg 1200w, https:\/\/berni.fmode.de\/wordpress\/wp-content\/uploads\/wh13-300x225.jpg 300w, https:\/\/berni.fmode.de\/wordpress\/wp-content\/uploads\/wh13-768x576.jpg 768w, https:\/\/berni.fmode.de\/wordpress\/wp-content\/uploads\/wh13-1024x768.jpg 1024w, https:\/\/berni.fmode.de\/wordpress\/wp-content\/uploads\/wh13-400x300.jpg 400w\" sizes=\"(max-width: 1200px) 100vw, 1200px\" \/><\/a><p id=\"caption-attachment-20236\" class=\"wp-caption-text\">Da ich den Treffenplatz ja gut kenne wei\u00df ich, dass sich Peter und Sammy tats\u00e4chlich die besten und ruhigsten Pl\u00e4tze f\u00fcr die Zelte ausgesucht haben.<\/p><\/div>\n<div id=\"attachment_20237\" style=\"width: 1210px\" class=\"wp-caption aligncenter\"><a href=\"https:\/\/berni.fmode.de\/wordpress\/wp-content\/uploads\/wh14.jpg\" rel=\"attachment wp-att-20237\"><img loading=\"lazy\" decoding=\"async\" aria-describedby=\"caption-attachment-20237\" class=\"wp-image-20237 size-full\" src=\"https:\/\/berni.fmode.de\/wordpress\/wp-content\/uploads\/wh14.jpg\" alt=\"FFT16 Windhausen\" width=\"1200\" height=\"900\" srcset=\"https:\/\/berni.fmode.de\/wordpress\/wp-content\/uploads\/wh14.jpg 1200w, https:\/\/berni.fmode.de\/wordpress\/wp-content\/uploads\/wh14-300x225.jpg 300w, https:\/\/berni.fmode.de\/wordpress\/wp-content\/uploads\/wh14-768x576.jpg 768w, https:\/\/berni.fmode.de\/wordpress\/wp-content\/uploads\/wh14-1024x768.jpg 1024w, https:\/\/berni.fmode.de\/wordpress\/wp-content\/uploads\/wh14-400x300.jpg 400w\" sizes=\"(max-width: 1200px) 100vw, 1200px\" \/><\/a><p id=\"caption-attachment-20237\" class=\"wp-caption-text\">Gegen 18:30 verlasse ich den Platz wieder und just in diesem Moment kommt wahrhaftig die Sonne durch und w\u00e4rmt sofort. Das Treffen kann beginnen.<\/p><\/div>\n<p>&nbsp;<\/p>\n<p><strong><a href=\"https:\/\/berni.fmode.de\/wordpress\/?p=20220\">&lt;&lt; Zur\u00fcck<\/a><\/strong><\/p>\n","protected":false},"excerpt":{"rendered":"<p>Offiziell beginnt das Treffen erst am Donnerstag, also morgen. Aus dem Forum weiss ich aber, dass einige wenige Teilnehmer schon am heutigen Mittwoch anreisen und Egon hat dem zugestimmt. Schl\u00fcssel f\u00fcr die H\u00fctten, Strom und Wasser hat er bereits und &hellip; <a href=\"https:\/\/berni.fmode.de\/wordpress\/?page_id=20222\">Weiterlesen <span class=\"meta-nav\">&rarr;<\/span><\/a><\/p>\n","protected":false},"author":1,"featured_media":0,"parent":0,"menu_order":0,"comment_status":"closed","ping_status":"closed","template":"","meta":{"footnotes":""},"_links":{"self":[{"href":"https:\/\/berni.fmode.de\/wordpress\/index.php?rest_route=\/wp\/v2\/pages\/20222"}],"collection":[{"href":"https:\/\/berni.fmode.de\/wordpress\/index.php?rest_route=\/wp\/v2\/pages"}],"about":[{"href":"https:\/\/berni.fmode.de\/wordpress\/index.php?rest_route=\/wp\/v2\/types\/page"}],"author":[{"embeddable":true,"href":"https:\/\/berni.fmode.de\/wordpress\/index.php?rest_route=\/wp\/v2\/users\/1"}],"replies":[{"embeddable":true,"href":"https:\/\/berni.fmode.de\/wordpress\/index.php?rest_route=%2Fwp%2Fv2%2Fcomments&post=20222"}],"version-history":[{"count":5,"href":"https:\/\/berni.fmode.de\/wordpress\/index.php?rest_route=\/wp\/v2\/pages\/20222\/revisions"}],"predecessor-version":[{"id":20394,"href":"https:\/\/berni.fmode.de\/wordpress\/index.php?rest_route=\/wp\/v2\/pages\/20222\/revisions\/20394"}],"wp:attachment":[{"href":"https:\/\/berni.fmode.de\/wordpress\/index.php?rest_route=%2Fwp%2Fv2%2Fmedia&parent=20222"}],"curies":[{"name":"wp","href":"https:\/\/api.w.org\/{rel}","templated":true}]}}