{"id":16766,"date":"2014-08-27T18:31:54","date_gmt":"2014-08-27T17:31:54","guid":{"rendered":"http:\/\/berni.fmode.de\/wordpress\/?page_id=16766"},"modified":"2014-08-30T19:00:57","modified_gmt":"2014-08-30T18:00:57","slug":"nur-noch-998","status":"publish","type":"page","link":"https:\/\/berni.fmode.de\/wordpress\/?page_id=16766","title":{"rendered":"Nur noch 99,8 %"},"content":{"rendered":"<p><strong>26. August 2014<\/strong><\/p>\n<p>Im &#8222;Prinz von Oranien&#8220; schl\u00e4ft sichs vorz\u00fcglich und auch das Fr\u00fchst\u00fcck ist einwandfrei. Wir lassen es ruhig angehen und machen uns gegen 9:30 wieder auf den Weg.<\/p>\n<div id=\"attachment_16767\" style=\"width: 1034px\" class=\"wp-caption aligncenter\"><a href=\"https:\/\/berni.fmode.de\/wordpress\/wp-content\/uploads\/uk26-01.jpg\"><img loading=\"lazy\" decoding=\"async\" aria-describedby=\"caption-attachment-16767\" class=\"wp-image-16767 size-full\" src=\"https:\/\/berni.fmode.de\/wordpress\/wp-content\/uploads\/uk26-01.jpg\" alt=\"Englandreise\" width=\"1024\" height=\"768\" srcset=\"https:\/\/berni.fmode.de\/wordpress\/wp-content\/uploads\/uk26-01.jpg 1024w, https:\/\/berni.fmode.de\/wordpress\/wp-content\/uploads\/uk26-01-300x225.jpg 300w, https:\/\/berni.fmode.de\/wordpress\/wp-content\/uploads\/uk26-01-400x300.jpg 400w\" sizes=\"(max-width: 1024px) 100vw, 1024px\" \/><\/a><p id=\"caption-attachment-16767\" class=\"wp-caption-text\">Gute Laune? Ja, denn ich kann wahrhaftig ohne Regenbekleidung starten. Allerdings h\u00e4lt das Gl\u00fcck nur 30 Minuten vor, dann beginnt die Schweinerei wieder.<\/p><\/div>\n<div id=\"attachment_16768\" style=\"width: 1034px\" class=\"wp-caption aligncenter\"><a href=\"https:\/\/berni.fmode.de\/wordpress\/wp-content\/uploads\/uk26-02.jpg\"><img loading=\"lazy\" decoding=\"async\" aria-describedby=\"caption-attachment-16768\" class=\"wp-image-16768 size-full\" src=\"https:\/\/berni.fmode.de\/wordpress\/wp-content\/uploads\/uk26-02.jpg\" alt=\"Englandreise\" width=\"1024\" height=\"768\" srcset=\"https:\/\/berni.fmode.de\/wordpress\/wp-content\/uploads\/uk26-02.jpg 1024w, https:\/\/berni.fmode.de\/wordpress\/wp-content\/uploads\/uk26-02-300x225.jpg 300w, https:\/\/berni.fmode.de\/wordpress\/wp-content\/uploads\/uk26-02-400x300.jpg 400w\" sizes=\"(max-width: 1024px) 100vw, 1024px\" \/><\/a><p id=\"caption-attachment-16768\" class=\"wp-caption-text\">Die restlichen Kilometer durch Belgien, Holland und Deutschland wird es dann noch mal richtig mies.<\/p><\/div>\n<div id=\"attachment_16769\" style=\"width: 1034px\" class=\"wp-caption aligncenter\"><a href=\"https:\/\/berni.fmode.de\/wordpress\/wp-content\/uploads\/uk26-03.jpg\"><img loading=\"lazy\" decoding=\"async\" aria-describedby=\"caption-attachment-16769\" class=\"wp-image-16769 size-full\" src=\"https:\/\/berni.fmode.de\/wordpress\/wp-content\/uploads\/uk26-03.jpg\" alt=\"Englandreise\" width=\"1024\" height=\"768\" srcset=\"https:\/\/berni.fmode.de\/wordpress\/wp-content\/uploads\/uk26-03.jpg 1024w, https:\/\/berni.fmode.de\/wordpress\/wp-content\/uploads\/uk26-03-300x225.jpg 300w, https:\/\/berni.fmode.de\/wordpress\/wp-content\/uploads\/uk26-03-400x300.jpg 400w\" sizes=\"(max-width: 1024px) 100vw, 1024px\" \/><\/a><p id=\"caption-attachment-16769\" class=\"wp-caption-text\">Aber auch die l\u00e4ngste Regenfahrt ist irgendwann zu Ende und am fr\u00fchen Vormittag sind wir wieder im heimischen Vogelsberg angekommen. Ich bin ziemlich kaputt, aber die Harley hat sich wacker geschlagen und nicht einmal gemuckt. Bei zwei Tagen im Starkregen h\u00e4tte ich mich \u00fcber Elektrikprobleme nicht einmal gewundert. Als erstes schw\u00f6re ich mir, die n\u00e4chsten drei Tage kein Motorrad anzufassen &#8211; aber das kann ich nat\u00fcrlich nicht einhalten.<\/p><\/div>\n<p>&nbsp;<\/p>\n<p><strong><a href=\"https:\/\/berni.fmode.de\/wordpress\/?page_id=16755\">&lt; Zum Vortag <\/a>\u00a0 \u00a0 \u00a0 \u00a0 \u00a0 \u00a0 \u00a0<a href=\"https:\/\/berni.fmode.de\/wordpress\/?p=16667\"> Zur \u00dcbersicht &gt;<\/a><\/strong><\/p>\n<p>&nbsp;<\/p>\n","protected":false},"excerpt":{"rendered":"<p>26. August 2014 Im &#8222;Prinz von Oranien&#8220; schl\u00e4ft sichs vorz\u00fcglich und auch das Fr\u00fchst\u00fcck ist einwandfrei. Wir lassen es ruhig angehen und machen uns gegen 9:30 wieder auf den Weg. &nbsp; &lt; Zum Vortag \u00a0 \u00a0 \u00a0 \u00a0 \u00a0 \u00a0 &hellip; <a href=\"https:\/\/berni.fmode.de\/wordpress\/?page_id=16766\">Weiterlesen <span class=\"meta-nav\">&rarr;<\/span><\/a><\/p>\n","protected":false},"author":1,"featured_media":0,"parent":0,"menu_order":0,"comment_status":"closed","ping_status":"closed","template":"","meta":{"footnotes":""},"_links":{"self":[{"href":"https:\/\/berni.fmode.de\/wordpress\/index.php?rest_route=\/wp\/v2\/pages\/16766"}],"collection":[{"href":"https:\/\/berni.fmode.de\/wordpress\/index.php?rest_route=\/wp\/v2\/pages"}],"about":[{"href":"https:\/\/berni.fmode.de\/wordpress\/index.php?rest_route=\/wp\/v2\/types\/page"}],"author":[{"embeddable":true,"href":"https:\/\/berni.fmode.de\/wordpress\/index.php?rest_route=\/wp\/v2\/users\/1"}],"replies":[{"embeddable":true,"href":"https:\/\/berni.fmode.de\/wordpress\/index.php?rest_route=%2Fwp%2Fv2%2Fcomments&post=16766"}],"version-history":[{"count":4,"href":"https:\/\/berni.fmode.de\/wordpress\/index.php?rest_route=\/wp\/v2\/pages\/16766\/revisions"}],"predecessor-version":[{"id":16816,"href":"https:\/\/berni.fmode.de\/wordpress\/index.php?rest_route=\/wp\/v2\/pages\/16766\/revisions\/16816"}],"wp:attachment":[{"href":"https:\/\/berni.fmode.de\/wordpress\/index.php?rest_route=%2Fwp%2Fv2%2Fmedia&parent=16766"}],"curies":[{"name":"wp","href":"https:\/\/api.w.org\/{rel}","templated":true}]}}