{"id":16755,"date":"2014-08-27T18:28:43","date_gmt":"2014-08-27T17:28:43","guid":{"rendered":"http:\/\/berni.fmode.de\/wordpress\/?page_id=16755"},"modified":"2014-08-30T19:03:29","modified_gmt":"2014-08-30T18:03:29","slug":"a-hard-rain-is-gonna-fall","status":"publish","type":"page","link":"https:\/\/berni.fmode.de\/wordpress\/?page_id=16755","title":{"rendered":"A hard rain is gonna fall"},"content":{"rendered":"<p><strong>25. August 2014<\/strong><\/p>\n<p>Und schon sind die sch\u00f6nen Tage in den Midlands wieder vorbei. Tats\u00e4chlich hatte ich das Gef\u00fchl eines 10-t\u00e4gigen Urlaubs, was nicht zuletzt auf unsere Gastgeber zur\u00fcck zu f\u00fchren ist.<\/p>\n<p>Um 5:30 heisst es aufstehen, fr\u00fchst\u00fccken und dann schl\u00fcpfe ich in die Motorrad- und Regenklamotten. Ja, es regnet, und das wird sich heute den ganzen Tag nicht \u00e4ndern.<\/p>\n<p>Auf der M1, der M25 und der M20 dr\u00fcckt Reinhard im FIAT ein wenig aufs Tempo, denn wir m\u00f6chten auf keinen Fall die F\u00e4hre verpassen. \u00a0Das gelingt, und so verlassen wir um 10:00 die sch\u00f6ne Insel.<\/p>\n<div id=\"attachment_16756\" style=\"width: 1034px\" class=\"wp-caption aligncenter\"><a href=\"https:\/\/berni.fmode.de\/wordpress\/wp-content\/uploads\/uk25-01.jpg\"><img loading=\"lazy\" decoding=\"async\" aria-describedby=\"caption-attachment-16756\" class=\"wp-image-16756 size-full\" src=\"https:\/\/berni.fmode.de\/wordpress\/wp-content\/uploads\/uk25-01.jpg\" alt=\"Englandreise\" width=\"1024\" height=\"768\" srcset=\"https:\/\/berni.fmode.de\/wordpress\/wp-content\/uploads\/uk25-01.jpg 1024w, https:\/\/berni.fmode.de\/wordpress\/wp-content\/uploads\/uk25-01-300x225.jpg 300w, https:\/\/berni.fmode.de\/wordpress\/wp-content\/uploads\/uk25-01-400x300.jpg 400w\" sizes=\"(max-width: 1024px) 100vw, 1024px\" \/><\/a><p id=\"caption-attachment-16756\" class=\"wp-caption-text\">Die \u00dcberfahrt dauert ein wenig l\u00e4nger als erwartet, aber hier habe ich die F\u00e4hre bereits verlassen und ziehe wieder die Regensachen an. Denn es regnet noch immer.<\/p><\/div>\n<div id=\"attachment_16757\" style=\"width: 1034px\" class=\"wp-caption aligncenter\"><a href=\"https:\/\/berni.fmode.de\/wordpress\/wp-content\/uploads\/uk25-02.jpg\"><img loading=\"lazy\" decoding=\"async\" aria-describedby=\"caption-attachment-16757\" class=\"wp-image-16757 size-full\" src=\"https:\/\/berni.fmode.de\/wordpress\/wp-content\/uploads\/uk25-02.jpg\" alt=\"Englandreise\" width=\"1024\" height=\"768\" srcset=\"https:\/\/berni.fmode.de\/wordpress\/wp-content\/uploads\/uk25-02.jpg 1024w, https:\/\/berni.fmode.de\/wordpress\/wp-content\/uploads\/uk25-02-300x225.jpg 300w, https:\/\/berni.fmode.de\/wordpress\/wp-content\/uploads\/uk25-02-400x300.jpg 400w\" sizes=\"(max-width: 1024px) 100vw, 1024px\" \/><\/a><p id=\"caption-attachment-16757\" class=\"wp-caption-text\">So erlebe ich die n\u00e4chsten Stunden durch Frankreich und Belgien: Dauerregen, spritzende Gischt, beschlagenes Visier &#8211; diese Fahrt macht wirklich keinen Spa\u00df.<\/p><\/div>\n<div id=\"attachment_16758\" style=\"width: 1034px\" class=\"wp-caption aligncenter\"><a href=\"https:\/\/berni.fmode.de\/wordpress\/wp-content\/uploads\/uk25-03.jpg\"><img loading=\"lazy\" decoding=\"async\" aria-describedby=\"caption-attachment-16758\" class=\"wp-image-16758 size-full\" src=\"https:\/\/berni.fmode.de\/wordpress\/wp-content\/uploads\/uk25-03.jpg\" alt=\"Englandreise\" width=\"1024\" height=\"768\" srcset=\"https:\/\/berni.fmode.de\/wordpress\/wp-content\/uploads\/uk25-03.jpg 1024w, https:\/\/berni.fmode.de\/wordpress\/wp-content\/uploads\/uk25-03-300x225.jpg 300w, https:\/\/berni.fmode.de\/wordpress\/wp-content\/uploads\/uk25-03-400x300.jpg 400w\" sizes=\"(max-width: 1024px) 100vw, 1024px\" \/><\/a><p id=\"caption-attachment-16758\" class=\"wp-caption-text\">Um Br\u00fcssel herum qu\u00e4len wir uns durch dichten Verkehr und Staus &#8211; nat\u00fcrlich alles im Regen. Hier haben wir Br\u00fcssel zum Gl\u00fcck schon hinter uns. Der junge Mann mit seiner Honda kommt mit dem Regen \u00fcbrigens deutlich besser klar als ich, was zweifellos an meiner miesen Regenbekleidung liegt. Da werde ich wohl doch mal nachbessern.<\/p><\/div>\n<div id=\"attachment_16759\" style=\"width: 1034px\" class=\"wp-caption aligncenter\"><a href=\"https:\/\/berni.fmode.de\/wordpress\/wp-content\/uploads\/uk25-04.jpg\"><img loading=\"lazy\" decoding=\"async\" aria-describedby=\"caption-attachment-16759\" class=\"wp-image-16759 size-full\" src=\"https:\/\/berni.fmode.de\/wordpress\/wp-content\/uploads\/uk25-04.jpg\" alt=\"Englandreise\" width=\"1024\" height=\"768\" srcset=\"https:\/\/berni.fmode.de\/wordpress\/wp-content\/uploads\/uk25-04.jpg 1024w, https:\/\/berni.fmode.de\/wordpress\/wp-content\/uploads\/uk25-04-300x225.jpg 300w, https:\/\/berni.fmode.de\/wordpress\/wp-content\/uploads\/uk25-04-400x300.jpg 400w\" sizes=\"(max-width: 1024px) 100vw, 1024px\" \/><\/a><p id=\"caption-attachment-16759\" class=\"wp-caption-text\">Gegen 19:00 sind wir in der N\u00e4he von Hasselt und ich mag nicht mehr weiter fahren &#8211; es reicht. Nach relativ flotter Suche finden wir &#8230;..<\/p><\/div>\n<div id=\"attachment_16760\" style=\"width: 1034px\" class=\"wp-caption aligncenter\"><a href=\"https:\/\/berni.fmode.de\/wordpress\/wp-content\/uploads\/uk25-05.jpg\"><img loading=\"lazy\" decoding=\"async\" aria-describedby=\"caption-attachment-16760\" class=\"wp-image-16760 size-full\" src=\"https:\/\/berni.fmode.de\/wordpress\/wp-content\/uploads\/uk25-05.jpg\" alt=\"Englandreise\" width=\"1024\" height=\"768\" srcset=\"https:\/\/berni.fmode.de\/wordpress\/wp-content\/uploads\/uk25-05.jpg 1024w, https:\/\/berni.fmode.de\/wordpress\/wp-content\/uploads\/uk25-05-300x225.jpg 300w, https:\/\/berni.fmode.de\/wordpress\/wp-content\/uploads\/uk25-05-400x300.jpg 400w\" sizes=\"(max-width: 1024px) 100vw, 1024px\" \/><\/a><p id=\"caption-attachment-16760\" class=\"wp-caption-text\">&#8230;. zwei Zimmer im &#8222;Prinz von Oranien&#8220; in Diest, einem sehr sch\u00f6nem Hotel mit erstaunlich wenigen G\u00e4sten.<\/p><\/div>\n<div id=\"attachment_16761\" style=\"width: 1034px\" class=\"wp-caption aligncenter\"><a href=\"https:\/\/berni.fmode.de\/wordpress\/wp-content\/uploads\/uk25-06.jpg\"><img loading=\"lazy\" decoding=\"async\" aria-describedby=\"caption-attachment-16761\" class=\"wp-image-16761 size-full\" src=\"https:\/\/berni.fmode.de\/wordpress\/wp-content\/uploads\/uk25-06.jpg\" alt=\"Englandreise\" width=\"1024\" height=\"768\" srcset=\"https:\/\/berni.fmode.de\/wordpress\/wp-content\/uploads\/uk25-06.jpg 1024w, https:\/\/berni.fmode.de\/wordpress\/wp-content\/uploads\/uk25-06-300x225.jpg 300w, https:\/\/berni.fmode.de\/wordpress\/wp-content\/uploads\/uk25-06-400x300.jpg 400w\" sizes=\"(max-width: 1024px) 100vw, 1024px\" \/><\/a><p id=\"caption-attachment-16761\" class=\"wp-caption-text\">Ein tolles Geb\u00e4ude, gute Zimmer, gepflegte Anlage, faire Preise &#8211; Pr\u00e4dikat empfehlenswert.<\/p><\/div>\n<div id=\"attachment_16762\" style=\"width: 1034px\" class=\"wp-caption aligncenter\"><a href=\"https:\/\/berni.fmode.de\/wordpress\/wp-content\/uploads\/uk25-07.jpg\"><img loading=\"lazy\" decoding=\"async\" aria-describedby=\"caption-attachment-16762\" class=\"wp-image-16762 size-full\" src=\"https:\/\/berni.fmode.de\/wordpress\/wp-content\/uploads\/uk25-07.jpg\" alt=\"Englandreise\" width=\"1024\" height=\"768\" srcset=\"https:\/\/berni.fmode.de\/wordpress\/wp-content\/uploads\/uk25-07.jpg 1024w, https:\/\/berni.fmode.de\/wordpress\/wp-content\/uploads\/uk25-07-300x225.jpg 300w, https:\/\/berni.fmode.de\/wordpress\/wp-content\/uploads\/uk25-07-400x300.jpg 400w\" sizes=\"(max-width: 1024px) 100vw, 1024px\" \/><\/a><p id=\"caption-attachment-16762\" class=\"wp-caption-text\">Und wir finden da Mosselhaus Roger, wo es nat\u00fcrlich nicht nur Muscheln, sondern auch prima Steaks gibt.<\/p><\/div>\n<p>&nbsp;<\/p>\n<p><strong><a href=\"https:\/\/berni.fmode.de\/wordpress\/?page_id=16750\">&lt; Zum Vortag<\/a> \u00a0 \u00a0 \u00a0 \u00a0 \u00a0 \u00a0 \u00a0 <a href=\"https:\/\/berni.fmode.de\/wordpress\/?page_id=16766\">Zum n\u00e4chsten Tag &gt;<\/a><\/strong><\/p>\n","protected":false},"excerpt":{"rendered":"<p>25. August 2014 Und schon sind die sch\u00f6nen Tage in den Midlands wieder vorbei. Tats\u00e4chlich hatte ich das Gef\u00fchl eines 10-t\u00e4gigen Urlaubs, was nicht zuletzt auf unsere Gastgeber zur\u00fcck zu f\u00fchren ist. Um 5:30 heisst es aufstehen, fr\u00fchst\u00fccken und dann &hellip; <a href=\"https:\/\/berni.fmode.de\/wordpress\/?page_id=16755\">Weiterlesen <span class=\"meta-nav\">&rarr;<\/span><\/a><\/p>\n","protected":false},"author":1,"featured_media":0,"parent":0,"menu_order":0,"comment_status":"closed","ping_status":"closed","template":"","meta":{"footnotes":""},"_links":{"self":[{"href":"https:\/\/berni.fmode.de\/wordpress\/index.php?rest_route=\/wp\/v2\/pages\/16755"}],"collection":[{"href":"https:\/\/berni.fmode.de\/wordpress\/index.php?rest_route=\/wp\/v2\/pages"}],"about":[{"href":"https:\/\/berni.fmode.de\/wordpress\/index.php?rest_route=\/wp\/v2\/types\/page"}],"author":[{"embeddable":true,"href":"https:\/\/berni.fmode.de\/wordpress\/index.php?rest_route=\/wp\/v2\/users\/1"}],"replies":[{"embeddable":true,"href":"https:\/\/berni.fmode.de\/wordpress\/index.php?rest_route=%2Fwp%2Fv2%2Fcomments&post=16755"}],"version-history":[{"count":5,"href":"https:\/\/berni.fmode.de\/wordpress\/index.php?rest_route=\/wp\/v2\/pages\/16755\/revisions"}],"predecessor-version":[{"id":16817,"href":"https:\/\/berni.fmode.de\/wordpress\/index.php?rest_route=\/wp\/v2\/pages\/16755\/revisions\/16817"}],"wp:attachment":[{"href":"https:\/\/berni.fmode.de\/wordpress\/index.php?rest_route=%2Fwp%2Fv2%2Fmedia&parent=16755"}],"curies":[{"name":"wp","href":"https:\/\/api.w.org\/{rel}","templated":true}]}}