{"id":16685,"date":"2014-08-22T13:43:49","date_gmt":"2014-08-22T12:43:49","guid":{"rendered":"http:\/\/berni.fmode.de\/wordpress\/?page_id=16685"},"modified":"2014-08-28T21:29:05","modified_gmt":"2014-08-28T20:29:05","slug":"der-deal","status":"publish","type":"page","link":"https:\/\/berni.fmode.de\/wordpress\/?page_id=16685","title":{"rendered":"Der Deal"},"content":{"rendered":"<p><strong>22. August 2014<\/strong><\/p>\n<p>Zun\u00e4chst mal ist heute Ausschlafen angesagt &#8211; und zwar richtig. Uns alten S\u00e4cke haben die lange Fahrt und besonders die Stunden im Stau doch ein wenig geschlaucht. Nach Petras gutem Fr\u00fchst\u00fcck ist das alles aber vergessen und wir machen uns hin\u00fcber zu Nachbar Paul. Denn jetzt wird der Harley-Deal durchgezogen.<\/p>\n<div id=\"attachment_16686\" style=\"width: 1034px\" class=\"wp-caption aligncenter\"><a href=\"https:\/\/berni.fmode.de\/wordpress\/wp-content\/uploads\/uk22-01.jpg\"><img loading=\"lazy\" decoding=\"async\" aria-describedby=\"caption-attachment-16686\" class=\"wp-image-16686 size-full\" src=\"https:\/\/berni.fmode.de\/wordpress\/wp-content\/uploads\/uk22-01.jpg\" alt=\"Harley aus dem UK\" width=\"1024\" height=\"768\" srcset=\"https:\/\/berni.fmode.de\/wordpress\/wp-content\/uploads\/uk22-01.jpg 1024w, https:\/\/berni.fmode.de\/wordpress\/wp-content\/uploads\/uk22-01-300x225.jpg 300w, https:\/\/berni.fmode.de\/wordpress\/wp-content\/uploads\/uk22-01-400x300.jpg 400w\" sizes=\"(max-width: 1024px) 100vw, 1024px\" \/><\/a><p id=\"caption-attachment-16686\" class=\"wp-caption-text\">Ein paar Formalit\u00e4ten mit Paul, es gibt noch eine Tasche mit Ersatzteilen, noch eben die M\u00e4use r\u00fcber gereicht und schon ist der Deal gelaufen. Aber nat\u00fcrlich zeigt uns Paul noch seine neue Liebe: Zwei V-Twins von Moto Guzzi.<\/p><\/div>\n<div id=\"attachment_16687\" style=\"width: 1034px\" class=\"wp-caption aligncenter\"><a href=\"https:\/\/berni.fmode.de\/wordpress\/wp-content\/uploads\/uk22-02.jpg\"><img loading=\"lazy\" decoding=\"async\" aria-describedby=\"caption-attachment-16687\" class=\"wp-image-16687 size-full\" src=\"https:\/\/berni.fmode.de\/wordpress\/wp-content\/uploads\/uk22-02.jpg\" alt=\"Harley aus dem UK\" width=\"1024\" height=\"768\" srcset=\"https:\/\/berni.fmode.de\/wordpress\/wp-content\/uploads\/uk22-02.jpg 1024w, https:\/\/berni.fmode.de\/wordpress\/wp-content\/uploads\/uk22-02-300x225.jpg 300w, https:\/\/berni.fmode.de\/wordpress\/wp-content\/uploads\/uk22-02-400x300.jpg 400w\" sizes=\"(max-width: 1024px) 100vw, 1024px\" \/><\/a><p id=\"caption-attachment-16687\" class=\"wp-caption-text\">Ich fahre die Sportster hin\u00fcber zu Petra und Malcolm &#8230;..<\/p><\/div>\n<div id=\"attachment_16688\" style=\"width: 1034px\" class=\"wp-caption aligncenter\"><a href=\"https:\/\/berni.fmode.de\/wordpress\/wp-content\/uploads\/uk22-03.jpg\"><img loading=\"lazy\" decoding=\"async\" aria-describedby=\"caption-attachment-16688\" class=\"wp-image-16688 size-full\" src=\"https:\/\/berni.fmode.de\/wordpress\/wp-content\/uploads\/uk22-03.jpg\" alt=\"Harley aus dem UK\" width=\"1024\" height=\"768\" srcset=\"https:\/\/berni.fmode.de\/wordpress\/wp-content\/uploads\/uk22-03.jpg 1024w, https:\/\/berni.fmode.de\/wordpress\/wp-content\/uploads\/uk22-03-300x225.jpg 300w, https:\/\/berni.fmode.de\/wordpress\/wp-content\/uploads\/uk22-03-400x300.jpg 400w\" sizes=\"(max-width: 1024px) 100vw, 1024px\" \/><\/a><p id=\"caption-attachment-16688\" class=\"wp-caption-text\">&#8230;.. springe in die Motorradklamotten und gehe auf die erste richtige Probefahrt mit meiner Harley. Der Linksverkehr ist mit dem Motorrad nicht so schlimm wie im PKW und ich komme ganz gut klar. Dass ich hier trotz der beiden durchgezogenen gelben Linien parke, ist meiner Euphorie zuzuschreiben.<\/p><\/div>\n<div id=\"attachment_16689\" style=\"width: 1034px\" class=\"wp-caption aligncenter\"><a href=\"https:\/\/berni.fmode.de\/wordpress\/wp-content\/uploads\/uk22-04.jpg\"><img loading=\"lazy\" decoding=\"async\" aria-describedby=\"caption-attachment-16689\" class=\"wp-image-16689 size-full\" src=\"https:\/\/berni.fmode.de\/wordpress\/wp-content\/uploads\/uk22-04.jpg\" alt=\"Harley aus dem UK\" width=\"1024\" height=\"768\" srcset=\"https:\/\/berni.fmode.de\/wordpress\/wp-content\/uploads\/uk22-04.jpg 1024w, https:\/\/berni.fmode.de\/wordpress\/wp-content\/uploads\/uk22-04-300x225.jpg 300w, https:\/\/berni.fmode.de\/wordpress\/wp-content\/uploads\/uk22-04-400x300.jpg 400w\" sizes=\"(max-width: 1024px) 100vw, 1024px\" \/><\/a><p id=\"caption-attachment-16689\" class=\"wp-caption-text\">Houghton Regis, Luton &#8211; und dann mache ich mich ab ins Blaue und in die Countryside.<\/p><\/div>\n<div id=\"attachment_16690\" style=\"width: 1034px\" class=\"wp-caption aligncenter\"><a href=\"https:\/\/berni.fmode.de\/wordpress\/wp-content\/uploads\/uk22-05.jpg\"><img loading=\"lazy\" decoding=\"async\" aria-describedby=\"caption-attachment-16690\" class=\"wp-image-16690 size-full\" src=\"https:\/\/berni.fmode.de\/wordpress\/wp-content\/uploads\/uk22-05.jpg\" alt=\"Harley aus dem UK\" width=\"1024\" height=\"768\" srcset=\"https:\/\/berni.fmode.de\/wordpress\/wp-content\/uploads\/uk22-05.jpg 1024w, https:\/\/berni.fmode.de\/wordpress\/wp-content\/uploads\/uk22-05-300x225.jpg 300w, https:\/\/berni.fmode.de\/wordpress\/wp-content\/uploads\/uk22-05-400x300.jpg 400w\" sizes=\"(max-width: 1024px) 100vw, 1024px\" \/><\/a><p id=\"caption-attachment-16690\" class=\"wp-caption-text\">Ehrlich gesagt wei\u00df ich manchmal nicht recht, wo ich mich gerade befinde.<\/p><\/div>\n<div id=\"attachment_16691\" style=\"width: 1034px\" class=\"wp-caption aligncenter\"><a href=\"https:\/\/berni.fmode.de\/wordpress\/wp-content\/uploads\/uk22-06.jpg\"><img loading=\"lazy\" decoding=\"async\" aria-describedby=\"caption-attachment-16691\" class=\"wp-image-16691 size-full\" src=\"https:\/\/berni.fmode.de\/wordpress\/wp-content\/uploads\/uk22-06.jpg\" alt=\"Harley aus dem UK\" width=\"1024\" height=\"768\" srcset=\"https:\/\/berni.fmode.de\/wordpress\/wp-content\/uploads\/uk22-06.jpg 1024w, https:\/\/berni.fmode.de\/wordpress\/wp-content\/uploads\/uk22-06-300x225.jpg 300w, https:\/\/berni.fmode.de\/wordpress\/wp-content\/uploads\/uk22-06-400x300.jpg 400w\" sizes=\"(max-width: 1024px) 100vw, 1024px\" \/><\/a><p id=\"caption-attachment-16691\" class=\"wp-caption-text\">Zum Gl\u00fcck sto\u00dfe ich immer wieder auf Anhaltspunkte, an denen ich mich orientieren kann.<\/p><\/div>\n<div id=\"attachment_16692\" style=\"width: 1034px\" class=\"wp-caption aligncenter\"><a href=\"https:\/\/berni.fmode.de\/wordpress\/wp-content\/uploads\/uk22-07.jpg\"><img loading=\"lazy\" decoding=\"async\" aria-describedby=\"caption-attachment-16692\" class=\"wp-image-16692 size-full\" src=\"https:\/\/berni.fmode.de\/wordpress\/wp-content\/uploads\/uk22-07.jpg\" alt=\"Harley aus dem UK\" width=\"1024\" height=\"768\" srcset=\"https:\/\/berni.fmode.de\/wordpress\/wp-content\/uploads\/uk22-07.jpg 1024w, https:\/\/berni.fmode.de\/wordpress\/wp-content\/uploads\/uk22-07-300x225.jpg 300w, https:\/\/berni.fmode.de\/wordpress\/wp-content\/uploads\/uk22-07-400x300.jpg 400w\" sizes=\"(max-width: 1024px) 100vw, 1024px\" \/><\/a><p id=\"caption-attachment-16692\" class=\"wp-caption-text\">Diese kleinen Str\u00e4sschen mit ihren Hecken sind mit der Sportster ein Traum.<\/p><\/div>\n<div id=\"attachment_16693\" style=\"width: 1034px\" class=\"wp-caption aligncenter\"><a href=\"https:\/\/berni.fmode.de\/wordpress\/wp-content\/uploads\/uk22-08.jpg\"><img loading=\"lazy\" decoding=\"async\" aria-describedby=\"caption-attachment-16693\" class=\"wp-image-16693 size-full\" src=\"https:\/\/berni.fmode.de\/wordpress\/wp-content\/uploads\/uk22-08.jpg\" alt=\"Harley aus dem UK\" width=\"1024\" height=\"768\" srcset=\"https:\/\/berni.fmode.de\/wordpress\/wp-content\/uploads\/uk22-08.jpg 1024w, https:\/\/berni.fmode.de\/wordpress\/wp-content\/uploads\/uk22-08-300x225.jpg 300w, https:\/\/berni.fmode.de\/wordpress\/wp-content\/uploads\/uk22-08-400x300.jpg 400w\" sizes=\"(max-width: 1024px) 100vw, 1024px\" \/><\/a><p id=\"caption-attachment-16693\" class=\"wp-caption-text\">Etwa 40 Meilen fahre ich so in der Gegend herum. Zur\u00fcck bei Petra und Malcom stellen wir fest, dass die Harley etwas \u00d6l verliert. Als Ursache wird ein Riss im \u00d6ltank ausgemacht. Eine Lasche am \u00d6ltank, die den Batteriekasten h\u00e4lt, ist abgebrochen und an der Bruchstelle ist ein Haarriss aufgetreten. Paul wird das Problem am n\u00e4chsten Tag provisorisch beheben und die Reparatur wird die R\u00fcckfahrt \u00fcberstehen. Aber mittelfristig ist eine kleine Schwei\u00dfaktion angesagt.<\/p><\/div>\n<div id=\"attachment_16694\" style=\"width: 1034px\" class=\"wp-caption aligncenter\"><a href=\"https:\/\/berni.fmode.de\/wordpress\/wp-content\/uploads\/uk22-09.jpg\"><img loading=\"lazy\" decoding=\"async\" aria-describedby=\"caption-attachment-16694\" class=\"wp-image-16694 size-full\" src=\"https:\/\/berni.fmode.de\/wordpress\/wp-content\/uploads\/uk22-09.jpg\" alt=\"Harley aus dem UK\" width=\"1024\" height=\"768\" srcset=\"https:\/\/berni.fmode.de\/wordpress\/wp-content\/uploads\/uk22-09.jpg 1024w, https:\/\/berni.fmode.de\/wordpress\/wp-content\/uploads\/uk22-09-300x225.jpg 300w, https:\/\/berni.fmode.de\/wordpress\/wp-content\/uploads\/uk22-09-400x300.jpg 400w\" sizes=\"(max-width: 1024px) 100vw, 1024px\" \/><\/a><p id=\"caption-attachment-16694\" class=\"wp-caption-text\">Nun macht Petra eine kleine Sightseeing Tour nach Woburn mit uns. Das historische St\u00e4dtchen hat einiges zu bieten.<\/p><\/div>\n<div id=\"attachment_16695\" style=\"width: 1034px\" class=\"wp-caption aligncenter\"><a href=\"https:\/\/berni.fmode.de\/wordpress\/wp-content\/uploads\/uk22-10.jpg\"><img loading=\"lazy\" decoding=\"async\" aria-describedby=\"caption-attachment-16695\" class=\"wp-image-16695 size-full\" src=\"https:\/\/berni.fmode.de\/wordpress\/wp-content\/uploads\/uk22-10.jpg\" alt=\"Harley aus dem UK\" width=\"1024\" height=\"768\" srcset=\"https:\/\/berni.fmode.de\/wordpress\/wp-content\/uploads\/uk22-10.jpg 1024w, https:\/\/berni.fmode.de\/wordpress\/wp-content\/uploads\/uk22-10-300x225.jpg 300w, https:\/\/berni.fmode.de\/wordpress\/wp-content\/uploads\/uk22-10-400x300.jpg 400w\" sizes=\"(max-width: 1024px) 100vw, 1024px\" \/><\/a><p id=\"caption-attachment-16695\" class=\"wp-caption-text\">Wunderbare alte Geb\u00e4ude wie dieses Hotel, das erste Haus am Platze.<\/p><\/div>\n<div id=\"attachment_16696\" style=\"width: 1034px\" class=\"wp-caption aligncenter\"><a href=\"https:\/\/berni.fmode.de\/wordpress\/wp-content\/uploads\/uk22-11.jpg\"><img loading=\"lazy\" decoding=\"async\" aria-describedby=\"caption-attachment-16696\" class=\"wp-image-16696 size-full\" src=\"https:\/\/berni.fmode.de\/wordpress\/wp-content\/uploads\/uk22-11.jpg\" alt=\"Harley aus dem UK\" width=\"1024\" height=\"768\" srcset=\"https:\/\/berni.fmode.de\/wordpress\/wp-content\/uploads\/uk22-11.jpg 1024w, https:\/\/berni.fmode.de\/wordpress\/wp-content\/uploads\/uk22-11-300x225.jpg 300w, https:\/\/berni.fmode.de\/wordpress\/wp-content\/uploads\/uk22-11-400x300.jpg 400w\" sizes=\"(max-width: 1024px) 100vw, 1024px\" \/><\/a><p id=\"caption-attachment-16696\" class=\"wp-caption-text\">Ein Pub wie aus der Tierarzt-Serie &#8222;Dr. Harriet&#8220;.<\/p><\/div>\n<div id=\"attachment_16697\" style=\"width: 1034px\" class=\"wp-caption aligncenter\"><a href=\"https:\/\/berni.fmode.de\/wordpress\/wp-content\/uploads\/uk22-12.jpg\"><img loading=\"lazy\" decoding=\"async\" aria-describedby=\"caption-attachment-16697\" class=\"wp-image-16697 size-full\" src=\"https:\/\/berni.fmode.de\/wordpress\/wp-content\/uploads\/uk22-12.jpg\" alt=\"Harley aus dem UK\" width=\"1024\" height=\"768\" srcset=\"https:\/\/berni.fmode.de\/wordpress\/wp-content\/uploads\/uk22-12.jpg 1024w, https:\/\/berni.fmode.de\/wordpress\/wp-content\/uploads\/uk22-12-300x225.jpg 300w, https:\/\/berni.fmode.de\/wordpress\/wp-content\/uploads\/uk22-12-400x300.jpg 400w\" sizes=\"(max-width: 1024px) 100vw, 1024px\" \/><\/a><p id=\"caption-attachment-16697\" class=\"wp-caption-text\">Historische Geb\u00e4ude wohin das Auge sieht.<\/p><\/div>\n<div id=\"attachment_16698\" style=\"width: 1034px\" class=\"wp-caption aligncenter\"><a href=\"https:\/\/berni.fmode.de\/wordpress\/wp-content\/uploads\/uk22-13.jpg\"><img loading=\"lazy\" decoding=\"async\" aria-describedby=\"caption-attachment-16698\" class=\"wp-image-16698 size-full\" src=\"https:\/\/berni.fmode.de\/wordpress\/wp-content\/uploads\/uk22-13.jpg\" alt=\"Harley aus dem UK\" width=\"1024\" height=\"768\" srcset=\"https:\/\/berni.fmode.de\/wordpress\/wp-content\/uploads\/uk22-13.jpg 1024w, https:\/\/berni.fmode.de\/wordpress\/wp-content\/uploads\/uk22-13-300x225.jpg 300w, https:\/\/berni.fmode.de\/wordpress\/wp-content\/uploads\/uk22-13-400x300.jpg 400w\" sizes=\"(max-width: 1024px) 100vw, 1024px\" \/><\/a><p id=\"caption-attachment-16698\" class=\"wp-caption-text\">Ein verwunschener Park.<\/p><\/div>\n<div id=\"attachment_16699\" style=\"width: 1034px\" class=\"wp-caption aligncenter\"><a href=\"https:\/\/berni.fmode.de\/wordpress\/wp-content\/uploads\/uk22-14.jpg\"><img loading=\"lazy\" decoding=\"async\" aria-describedby=\"caption-attachment-16699\" class=\"wp-image-16699 size-full\" src=\"https:\/\/berni.fmode.de\/wordpress\/wp-content\/uploads\/uk22-14.jpg\" alt=\"Harley aus dem UK\" width=\"1024\" height=\"768\" srcset=\"https:\/\/berni.fmode.de\/wordpress\/wp-content\/uploads\/uk22-14.jpg 1024w, https:\/\/berni.fmode.de\/wordpress\/wp-content\/uploads\/uk22-14-300x225.jpg 300w, https:\/\/berni.fmode.de\/wordpress\/wp-content\/uploads\/uk22-14-400x300.jpg 400w\" sizes=\"(max-width: 1024px) 100vw, 1024px\" \/><\/a><p id=\"caption-attachment-16699\" class=\"wp-caption-text\">Kleine Pause nach dem langen Laufen &#8211; ungewohnt besonders f\u00fcr den \u00fcberzeugten Kraftfahrer Reinhard.<\/p><\/div>\n<div id=\"attachment_16780\" style=\"width: 778px\" class=\"wp-caption aligncenter\"><a href=\"https:\/\/berni.fmode.de\/wordpress\/wp-content\/uploads\/uk22-151.jpg\"><img loading=\"lazy\" decoding=\"async\" aria-describedby=\"caption-attachment-16780\" class=\"wp-image-16780 size-full\" src=\"https:\/\/berni.fmode.de\/wordpress\/wp-content\/uploads\/uk22-151.jpg\" alt=\"Harley aus dem UK\" width=\"768\" height=\"1024\" srcset=\"https:\/\/berni.fmode.de\/wordpress\/wp-content\/uploads\/uk22-151.jpg 768w, https:\/\/berni.fmode.de\/wordpress\/wp-content\/uploads\/uk22-151-225x300.jpg 225w\" sizes=\"(max-width: 768px) 100vw, 768px\" \/><\/a><p id=\"caption-attachment-16780\" class=\"wp-caption-text\">Mit ein Grund f\u00fcr den Besuch von Woburn ist der lokale Triuumph Dealer.<\/p><\/div>\n<div id=\"attachment_16701\" style=\"width: 1034px\" class=\"wp-caption aligncenter\"><a href=\"https:\/\/berni.fmode.de\/wordpress\/wp-content\/uploads\/uk22-16.jpg\"><img loading=\"lazy\" decoding=\"async\" aria-describedby=\"caption-attachment-16701\" class=\"wp-image-16701 size-full\" src=\"https:\/\/berni.fmode.de\/wordpress\/wp-content\/uploads\/uk22-16.jpg\" alt=\"Harley aus dem UK\" width=\"1024\" height=\"768\" srcset=\"https:\/\/berni.fmode.de\/wordpress\/wp-content\/uploads\/uk22-16.jpg 1024w, https:\/\/berni.fmode.de\/wordpress\/wp-content\/uploads\/uk22-16-300x225.jpg 300w, https:\/\/berni.fmode.de\/wordpress\/wp-content\/uploads\/uk22-16-400x300.jpg 400w\" sizes=\"(max-width: 1024px) 100vw, 1024px\" \/><\/a><p id=\"caption-attachment-16701\" class=\"wp-caption-text\">Den gew\u00fcnschten Haltegriff f\u00fcr meine Thunderbird bekomme ich zwar auch hier nicht &#8211; einfach, weil es keine mehr gibt. Aber es gibt einen Tip zu einer Firma, die After-Market-Products f\u00fcr Triumph herstellt und so einen Griff im Programm hat.<\/p><\/div>\n<div id=\"attachment_16702\" style=\"width: 1034px\" class=\"wp-caption aligncenter\"><a href=\"https:\/\/berni.fmode.de\/wordpress\/wp-content\/uploads\/uk22-17.jpg\"><img loading=\"lazy\" decoding=\"async\" aria-describedby=\"caption-attachment-16702\" class=\"wp-image-16702 size-full\" src=\"https:\/\/berni.fmode.de\/wordpress\/wp-content\/uploads\/uk22-17.jpg\" alt=\"Harley aus dem UK\" width=\"1024\" height=\"768\" srcset=\"https:\/\/berni.fmode.de\/wordpress\/wp-content\/uploads\/uk22-17.jpg 1024w, https:\/\/berni.fmode.de\/wordpress\/wp-content\/uploads\/uk22-17-300x225.jpg 300w, https:\/\/berni.fmode.de\/wordpress\/wp-content\/uploads\/uk22-17-400x300.jpg 400w\" sizes=\"(max-width: 1024px) 100vw, 1024px\" \/><\/a><p id=\"caption-attachment-16702\" class=\"wp-caption-text\">Wieder zu Hause begr\u00fc\u00dfen uns als erste die possierlichen Welpen &#8211; leider werden sie alle bald bei ihren neuen Herrchen und Frauchen sein.<\/p><\/div>\n<div id=\"attachment_16703\" style=\"width: 1034px\" class=\"wp-caption aligncenter\"><a href=\"https:\/\/berni.fmode.de\/wordpress\/wp-content\/uploads\/uk22-18.jpg\"><img loading=\"lazy\" decoding=\"async\" aria-describedby=\"caption-attachment-16703\" class=\"wp-image-16703 size-full\" src=\"https:\/\/berni.fmode.de\/wordpress\/wp-content\/uploads\/uk22-18.jpg\" alt=\"Harley aus dem UK\" width=\"1024\" height=\"768\" srcset=\"https:\/\/berni.fmode.de\/wordpress\/wp-content\/uploads\/uk22-18.jpg 1024w, https:\/\/berni.fmode.de\/wordpress\/wp-content\/uploads\/uk22-18-300x225.jpg 300w, https:\/\/berni.fmode.de\/wordpress\/wp-content\/uploads\/uk22-18-400x300.jpg 400w\" sizes=\"(max-width: 1024px) 100vw, 1024px\" \/><\/a><p id=\"caption-attachment-16703\" class=\"wp-caption-text\">Nach dem Abendessen kommt Nachbar Paul auf einen Drink vorbei.<\/p><\/div>\n<div id=\"attachment_16704\" style=\"width: 1034px\" class=\"wp-caption aligncenter\"><a href=\"https:\/\/berni.fmode.de\/wordpress\/wp-content\/uploads\/uk22-19.jpg\"><img loading=\"lazy\" decoding=\"async\" aria-describedby=\"caption-attachment-16704\" class=\"wp-image-16704 size-full\" src=\"https:\/\/berni.fmode.de\/wordpress\/wp-content\/uploads\/uk22-19.jpg\" alt=\"Harley aus dem UK\" width=\"1024\" height=\"768\" srcset=\"https:\/\/berni.fmode.de\/wordpress\/wp-content\/uploads\/uk22-19.jpg 1024w, https:\/\/berni.fmode.de\/wordpress\/wp-content\/uploads\/uk22-19-300x225.jpg 300w, https:\/\/berni.fmode.de\/wordpress\/wp-content\/uploads\/uk22-19-400x300.jpg 400w\" sizes=\"(max-width: 1024px) 100vw, 1024px\" \/><\/a><p id=\"caption-attachment-16704\" class=\"wp-caption-text\">Der Drink besteht aus englischem Bier, deutschem Aufgesetzten, spanischem Brandy, franz\u00f6sischem Wein und diversen weiteren Getr\u00e4nken, die mir nicht mehr alle einfallen.<\/p><\/div>\n<div id=\"attachment_16705\" style=\"width: 1034px\" class=\"wp-caption aligncenter\"><a href=\"https:\/\/berni.fmode.de\/wordpress\/wp-content\/uploads\/uk22-20.jpg\"><img loading=\"lazy\" decoding=\"async\" aria-describedby=\"caption-attachment-16705\" class=\"wp-image-16705 size-full\" src=\"https:\/\/berni.fmode.de\/wordpress\/wp-content\/uploads\/uk22-20.jpg\" alt=\"Harley aus dem UK\" width=\"1024\" height=\"768\" srcset=\"https:\/\/berni.fmode.de\/wordpress\/wp-content\/uploads\/uk22-20.jpg 1024w, https:\/\/berni.fmode.de\/wordpress\/wp-content\/uploads\/uk22-20-300x225.jpg 300w, https:\/\/berni.fmode.de\/wordpress\/wp-content\/uploads\/uk22-20-400x300.jpg 400w\" sizes=\"(max-width: 1024px) 100vw, 1024px\" \/><\/a><p id=\"caption-attachment-16705\" class=\"wp-caption-text\">Die Stimmung ist gut und wird immer besser.<\/p><\/div>\n<div id=\"attachment_16706\" style=\"width: 1034px\" class=\"wp-caption aligncenter\"><a href=\"https:\/\/berni.fmode.de\/wordpress\/wp-content\/uploads\/uk22-21.jpg\"><img loading=\"lazy\" decoding=\"async\" aria-describedby=\"caption-attachment-16706\" class=\"wp-image-16706 size-full\" src=\"https:\/\/berni.fmode.de\/wordpress\/wp-content\/uploads\/uk22-21.jpg\" alt=\"Harley aus dem UK\" width=\"1024\" height=\"768\" srcset=\"https:\/\/berni.fmode.de\/wordpress\/wp-content\/uploads\/uk22-21.jpg 1024w, https:\/\/berni.fmode.de\/wordpress\/wp-content\/uploads\/uk22-21-300x225.jpg 300w, https:\/\/berni.fmode.de\/wordpress\/wp-content\/uploads\/uk22-21-400x300.jpg 400w\" sizes=\"(max-width: 1024px) 100vw, 1024px\" \/><\/a><p id=\"caption-attachment-16706\" class=\"wp-caption-text\">Die drei von Bidwell Hill.<\/p><\/div>\n<div id=\"attachment_16781\" style=\"width: 778px\" class=\"wp-caption aligncenter\"><a href=\"https:\/\/berni.fmode.de\/wordpress\/wp-content\/uploads\/uk22-222.jpg\"><img loading=\"lazy\" decoding=\"async\" aria-describedby=\"caption-attachment-16781\" class=\"wp-image-16781 size-full\" src=\"https:\/\/berni.fmode.de\/wordpress\/wp-content\/uploads\/uk22-222.jpg\" alt=\"Harley aus dem UK\" width=\"768\" height=\"1024\" srcset=\"https:\/\/berni.fmode.de\/wordpress\/wp-content\/uploads\/uk22-222.jpg 768w, https:\/\/berni.fmode.de\/wordpress\/wp-content\/uploads\/uk22-222-225x300.jpg 225w\" sizes=\"(max-width: 768px) 100vw, 768px\" \/><\/a><p id=\"caption-attachment-16781\" class=\"wp-caption-text\">Angeregt wom\u00f6glich durch unser h\u00e4ufiges Thema Motorrad denkt jetzt auch Malcolm \u00fcber ein kleines Bike nach: Ein Off-Road Motorrad f\u00fcr das spanische Ferienhaus bei Malaga. Das k\u00f6nnte auch f\u00fcr Reinhard und mich ein zuk\u00fcnftiges Reiseziel sein: Unsere beiden Enduros auf den H\u00e4nger und ab ins warme Spanien.<\/p><\/div>\n<p>Malcolm, Reinhard und ich \u00fcberstehen den Drink eigentlich sehr gut, Paul allerdings verbringt den n\u00e4chsten Tag fast komplett im Darkroom. Unsere geplante kleine Ausfahrt mit Harley und Guzzi muss deshalb ausfallen.<\/p>\n<p><strong><a href=\"https:\/\/berni.fmode.de\/wordpress\/?page_id=16671\">&lt; Zum Vortag<\/a> \u00a0 \u00a0 \u00a0 \u00a0 \u00a0 \u00a0 \u00a0<a href=\"https:\/\/berni.fmode.de\/wordpress\/?page_id=16712\"> Zum n\u00e4chsten Tag &gt;<\/a><\/strong><\/p>\n<p>&nbsp;<\/p>\n","protected":false},"excerpt":{"rendered":"<p>22. August 2014 Zun\u00e4chst mal ist heute Ausschlafen angesagt &#8211; und zwar richtig. Uns alten S\u00e4cke haben die lange Fahrt und besonders die Stunden im Stau doch ein wenig geschlaucht. Nach Petras gutem Fr\u00fchst\u00fcck ist das alles aber vergessen und &hellip; <a href=\"https:\/\/berni.fmode.de\/wordpress\/?page_id=16685\">Weiterlesen <span class=\"meta-nav\">&rarr;<\/span><\/a><\/p>\n","protected":false},"author":1,"featured_media":0,"parent":0,"menu_order":0,"comment_status":"closed","ping_status":"closed","template":"","meta":{"footnotes":""},"_links":{"self":[{"href":"https:\/\/berni.fmode.de\/wordpress\/index.php?rest_route=\/wp\/v2\/pages\/16685"}],"collection":[{"href":"https:\/\/berni.fmode.de\/wordpress\/index.php?rest_route=\/wp\/v2\/pages"}],"about":[{"href":"https:\/\/berni.fmode.de\/wordpress\/index.php?rest_route=\/wp\/v2\/types\/page"}],"author":[{"embeddable":true,"href":"https:\/\/berni.fmode.de\/wordpress\/index.php?rest_route=\/wp\/v2\/users\/1"}],"replies":[{"embeddable":true,"href":"https:\/\/berni.fmode.de\/wordpress\/index.php?rest_route=%2Fwp%2Fv2%2Fcomments&post=16685"}],"version-history":[{"count":6,"href":"https:\/\/berni.fmode.de\/wordpress\/index.php?rest_route=\/wp\/v2\/pages\/16685\/revisions"}],"predecessor-version":[{"id":16801,"href":"https:\/\/berni.fmode.de\/wordpress\/index.php?rest_route=\/wp\/v2\/pages\/16685\/revisions\/16801"}],"wp:attachment":[{"href":"https:\/\/berni.fmode.de\/wordpress\/index.php?rest_route=%2Fwp%2Fv2%2Fmedia&parent=16685"}],"curies":[{"name":"wp","href":"https:\/\/api.w.org\/{rel}","templated":true}]}}