{"id":16671,"date":"2014-08-21T22:16:32","date_gmt":"2014-08-21T21:16:32","guid":{"rendered":"http:\/\/berni.fmode.de\/wordpress\/?page_id=16671"},"modified":"2014-08-27T19:12:01","modified_gmt":"2014-08-27T18:12:01","slug":"aufbruch-und-anreise","status":"publish","type":"page","link":"https:\/\/berni.fmode.de\/wordpress\/?page_id=16671","title":{"rendered":"Aufbruch und Anreise"},"content":{"rendered":"<p><strong>21. August 2014<\/strong><\/p>\n<p>Nachdem klar war, dass wir die England-Reise mit dem FIAT 500 und nicht einem der MG machen werden, f\u00e4llt jeder Verpackungsstress von uns ab. Der kleine Italiener frisst erwartungsgem\u00e4\u00df die Meilen ganz locker und bringt uns bei sch\u00f6nem Sp\u00e4tsommerwetter nach D\u00fcnkirchen an den F\u00e4hrhafen. Wir kommen zwar ein St\u00fcndchen zu sp\u00e4t und m\u00fcssen die F\u00e4hre um 12:00 nehmen, aber das klappt problemlos. Schuld ist der Stau in Belgien rund um \u00a0Br\u00fcssel &#8211; nat\u00fcrlich, was auch sonst.<\/p>\n<div id=\"attachment_16672\" style=\"width: 1034px\" class=\"wp-caption aligncenter\"><a href=\"https:\/\/berni.fmode.de\/wordpress\/wp-content\/uploads\/uk21-01.jpg\"><img loading=\"lazy\" decoding=\"async\" aria-describedby=\"caption-attachment-16672\" class=\"wp-image-16672 size-full\" src=\"https:\/\/berni.fmode.de\/wordpress\/wp-content\/uploads\/uk21-01.jpg\" alt=\"Reise nach England\" width=\"1024\" height=\"768\" srcset=\"https:\/\/berni.fmode.de\/wordpress\/wp-content\/uploads\/uk21-01.jpg 1024w, https:\/\/berni.fmode.de\/wordpress\/wp-content\/uploads\/uk21-01-300x225.jpg 300w, https:\/\/berni.fmode.de\/wordpress\/wp-content\/uploads\/uk21-01-400x300.jpg 400w\" sizes=\"(max-width: 1024px) 100vw, 1024px\" \/><\/a><p id=\"caption-attachment-16672\" class=\"wp-caption-text\">So stehen wir also ein St\u00fcndchen in der Sonne und warten auf die DFDS-F\u00e4hre.<\/p><\/div>\n<div id=\"attachment_16673\" style=\"width: 1034px\" class=\"wp-caption aligncenter\"><a href=\"https:\/\/berni.fmode.de\/wordpress\/wp-content\/uploads\/uk21-02.jpg\"><img loading=\"lazy\" decoding=\"async\" aria-describedby=\"caption-attachment-16673\" class=\"wp-image-16673 size-full\" src=\"https:\/\/berni.fmode.de\/wordpress\/wp-content\/uploads\/uk21-02.jpg\" alt=\"Reise nach England\" width=\"1024\" height=\"768\" srcset=\"https:\/\/berni.fmode.de\/wordpress\/wp-content\/uploads\/uk21-02.jpg 1024w, https:\/\/berni.fmode.de\/wordpress\/wp-content\/uploads\/uk21-02-300x225.jpg 300w, https:\/\/berni.fmode.de\/wordpress\/wp-content\/uploads\/uk21-02-400x300.jpg 400w\" sizes=\"(max-width: 1024px) 100vw, 1024px\" \/><\/a><p id=\"caption-attachment-16673\" class=\"wp-caption-text\">Ein paar interessante Motorr\u00e4der vertreiben uns die Wartezeit.<\/p><\/div>\n<div id=\"attachment_16674\" style=\"width: 1034px\" class=\"wp-caption aligncenter\"><a href=\"https:\/\/berni.fmode.de\/wordpress\/wp-content\/uploads\/uk21-03.jpg\"><img loading=\"lazy\" decoding=\"async\" aria-describedby=\"caption-attachment-16674\" class=\"wp-image-16674 size-full\" src=\"https:\/\/berni.fmode.de\/wordpress\/wp-content\/uploads\/uk21-03.jpg\" alt=\"Reise nach England\" width=\"1024\" height=\"768\" srcset=\"https:\/\/berni.fmode.de\/wordpress\/wp-content\/uploads\/uk21-03.jpg 1024w, https:\/\/berni.fmode.de\/wordpress\/wp-content\/uploads\/uk21-03-300x225.jpg 300w, https:\/\/berni.fmode.de\/wordpress\/wp-content\/uploads\/uk21-03-400x300.jpg 400w\" sizes=\"(max-width: 1024px) 100vw, 1024px\" \/><\/a><p id=\"caption-attachment-16674\" class=\"wp-caption-text\">Der Aufenthaltsraum von DFDS ist j\u00e4mmerlich und wir verbringen die Zeit lieber draussen.<\/p><\/div>\n<div id=\"attachment_16675\" style=\"width: 1034px\" class=\"wp-caption aligncenter\"><a href=\"https:\/\/berni.fmode.de\/wordpress\/wp-content\/uploads\/uk21-04.jpg\"><img loading=\"lazy\" decoding=\"async\" aria-describedby=\"caption-attachment-16675\" class=\"wp-image-16675 size-full\" src=\"https:\/\/berni.fmode.de\/wordpress\/wp-content\/uploads\/uk21-04.jpg\" alt=\"Reise nach England\" width=\"1024\" height=\"768\" srcset=\"https:\/\/berni.fmode.de\/wordpress\/wp-content\/uploads\/uk21-04.jpg 1024w, https:\/\/berni.fmode.de\/wordpress\/wp-content\/uploads\/uk21-04-300x225.jpg 300w, https:\/\/berni.fmode.de\/wordpress\/wp-content\/uploads\/uk21-04-400x300.jpg 400w\" sizes=\"(max-width: 1024px) 100vw, 1024px\" \/><\/a><p id=\"caption-attachment-16675\" class=\"wp-caption-text\">Die F\u00e4hre l\u00e4uft ein und \u00f6ffnet ihre Tore.<\/p><\/div>\n<div id=\"attachment_16676\" style=\"width: 1034px\" class=\"wp-caption aligncenter\"><a href=\"https:\/\/berni.fmode.de\/wordpress\/wp-content\/uploads\/uk21-05.jpg\"><img loading=\"lazy\" decoding=\"async\" aria-describedby=\"caption-attachment-16676\" class=\"wp-image-16676 size-full\" src=\"https:\/\/berni.fmode.de\/wordpress\/wp-content\/uploads\/uk21-05.jpg\" alt=\"Reise nach England\" width=\"1024\" height=\"768\" srcset=\"https:\/\/berni.fmode.de\/wordpress\/wp-content\/uploads\/uk21-05.jpg 1024w, https:\/\/berni.fmode.de\/wordpress\/wp-content\/uploads\/uk21-05-300x225.jpg 300w, https:\/\/berni.fmode.de\/wordpress\/wp-content\/uploads\/uk21-05-400x300.jpg 400w\" sizes=\"(max-width: 1024px) 100vw, 1024px\" \/><\/a><p id=\"caption-attachment-16676\" class=\"wp-caption-text\">Eine kleine franz\u00f6sische Motorradgruppe l\u00e4uft ein und darunter ist auch eine schicke Thunderbird. Der Fahrer sieht tats\u00e4chlich aus wie der Betreiber des Londoner Ace Cafes.<\/p><\/div>\n<div id=\"attachment_16677\" style=\"width: 1034px\" class=\"wp-caption aligncenter\"><a href=\"https:\/\/berni.fmode.de\/wordpress\/wp-content\/uploads\/uk21-06.jpg\"><img loading=\"lazy\" decoding=\"async\" aria-describedby=\"caption-attachment-16677\" class=\"wp-image-16677 size-full\" src=\"https:\/\/berni.fmode.de\/wordpress\/wp-content\/uploads\/uk21-06.jpg\" alt=\"Reise nach England\" width=\"1024\" height=\"768\" srcset=\"https:\/\/berni.fmode.de\/wordpress\/wp-content\/uploads\/uk21-06.jpg 1024w, https:\/\/berni.fmode.de\/wordpress\/wp-content\/uploads\/uk21-06-300x225.jpg 300w, https:\/\/berni.fmode.de\/wordpress\/wp-content\/uploads\/uk21-06-400x300.jpg 400w\" sizes=\"(max-width: 1024px) 100vw, 1024px\" \/><\/a><p id=\"caption-attachment-16677\" class=\"wp-caption-text\">F\u00fcr die n\u00e4chsten zwei Stunden ist das Schiffs-Cafe unser bevorzugter Aufenthaltsraum.<\/p><\/div>\n<div id=\"attachment_16678\" style=\"width: 1034px\" class=\"wp-caption aligncenter\"><a href=\"https:\/\/berni.fmode.de\/wordpress\/wp-content\/uploads\/uk21-07.jpg\"><img loading=\"lazy\" decoding=\"async\" aria-describedby=\"caption-attachment-16678\" class=\"wp-image-16678 size-full\" src=\"https:\/\/berni.fmode.de\/wordpress\/wp-content\/uploads\/uk21-07.jpg\" alt=\"Reise nach England\" width=\"1024\" height=\"768\" srcset=\"https:\/\/berni.fmode.de\/wordpress\/wp-content\/uploads\/uk21-07.jpg 1024w, https:\/\/berni.fmode.de\/wordpress\/wp-content\/uploads\/uk21-07-300x225.jpg 300w, https:\/\/berni.fmode.de\/wordpress\/wp-content\/uploads\/uk21-07-400x300.jpg 400w\" sizes=\"(max-width: 1024px) 100vw, 1024px\" \/><\/a><p id=\"caption-attachment-16678\" class=\"wp-caption-text\">Zwischendurch ein bisschen Meeresbrise und PallMall.<\/p><\/div>\n<div id=\"attachment_16679\" style=\"width: 1034px\" class=\"wp-caption aligncenter\"><a href=\"https:\/\/berni.fmode.de\/wordpress\/wp-content\/uploads\/uk21-08.jpg\"><img loading=\"lazy\" decoding=\"async\" aria-describedby=\"caption-attachment-16679\" class=\"wp-image-16679 size-full\" src=\"https:\/\/berni.fmode.de\/wordpress\/wp-content\/uploads\/uk21-08.jpg\" alt=\"Reise nach England\" width=\"1024\" height=\"768\" srcset=\"https:\/\/berni.fmode.de\/wordpress\/wp-content\/uploads\/uk21-08.jpg 1024w, https:\/\/berni.fmode.de\/wordpress\/wp-content\/uploads\/uk21-08-300x225.jpg 300w, https:\/\/berni.fmode.de\/wordpress\/wp-content\/uploads\/uk21-08-400x300.jpg 400w\" sizes=\"(max-width: 1024px) 100vw, 1024px\" \/><\/a><p id=\"caption-attachment-16679\" class=\"wp-caption-text\">Die DFDS-Flotte ist gut in Schuss und sehr gepflegt, alles proper und sauber.<\/p><\/div>\n<p>In Dover angekommen machen wir uns zun\u00e4chst auf den Weg nach Croydon. Das liegt in Greater London und dort will Reinhard das bestellte neue Heckfenster f\u00fcr den MG abholen. Es ist leider ein ziemliches Gegurke, im Feierabendverkehr dort hin zu kommen, aber es gelingt.<\/p>\n<p>Dummerweise ist der Betrieb aber schon geschlossen und ein Anruf dort ergibt Schreckliches: Die Heckscheibe in maron Mohair liegt in Wales, im Hauptbetrieb von BAS. Da hat wohl die Kommunikation nicht gestimmt aber immerhin wird verabredet, dass das Heckfenster am n\u00e4chsten Tag nach Houghton Regis zu Petra und Malcom geschickt wird. Naja, immerhin.<\/p>\n<div id=\"attachment_16680\" style=\"width: 1034px\" class=\"wp-caption aligncenter\"><a href=\"https:\/\/berni.fmode.de\/wordpress\/wp-content\/uploads\/uk21-09.jpg\"><img loading=\"lazy\" decoding=\"async\" aria-describedby=\"caption-attachment-16680\" class=\"wp-image-16680 size-full\" src=\"https:\/\/berni.fmode.de\/wordpress\/wp-content\/uploads\/uk21-09.jpg\" alt=\"Reise nach England\" width=\"1024\" height=\"768\" srcset=\"https:\/\/berni.fmode.de\/wordpress\/wp-content\/uploads\/uk21-09.jpg 1024w, https:\/\/berni.fmode.de\/wordpress\/wp-content\/uploads\/uk21-09-300x225.jpg 300w, https:\/\/berni.fmode.de\/wordpress\/wp-content\/uploads\/uk21-09-400x300.jpg 400w\" sizes=\"(max-width: 1024px) 100vw, 1024px\" \/><\/a><p id=\"caption-attachment-16680\" class=\"wp-caption-text\">Den Rest der Fahrt verbringen wir komplett im Stau der Londoner Rush Hour &#8211; schrecklich und nervig. Nach vier Stunden im Stau erreichen wir endlich unser Ziel Houghton Regis.<\/p><\/div>\n<p><strong><a href=\"https:\/\/berni.fmode.de\/wordpress\/?p=16667\">&lt; Zur \u00dcbersicht<\/a>\u00a0 \u00a0 \u00a0 \u00a0 \u00a0 \u00a0 \u00a0 \u00a0 \u00a0 \u00a0<a href=\"https:\/\/berni.fmode.de\/wordpress\/?page_id=16685\"> Zum n\u00e4chsten Tag &gt;<\/a><\/strong><\/p>\n<p>&nbsp;<\/p>\n","protected":false},"excerpt":{"rendered":"<p>21. August 2014 Nachdem klar war, dass wir die England-Reise mit dem FIAT 500 und nicht einem der MG machen werden, f\u00e4llt jeder Verpackungsstress von uns ab. Der kleine Italiener frisst erwartungsgem\u00e4\u00df die Meilen ganz locker und bringt uns bei &hellip; <a href=\"https:\/\/berni.fmode.de\/wordpress\/?page_id=16671\">Weiterlesen <span class=\"meta-nav\">&rarr;<\/span><\/a><\/p>\n","protected":false},"author":1,"featured_media":0,"parent":0,"menu_order":0,"comment_status":"closed","ping_status":"closed","template":"","meta":{"footnotes":""},"_links":{"self":[{"href":"https:\/\/berni.fmode.de\/wordpress\/index.php?rest_route=\/wp\/v2\/pages\/16671"}],"collection":[{"href":"https:\/\/berni.fmode.de\/wordpress\/index.php?rest_route=\/wp\/v2\/pages"}],"about":[{"href":"https:\/\/berni.fmode.de\/wordpress\/index.php?rest_route=\/wp\/v2\/types\/page"}],"author":[{"embeddable":true,"href":"https:\/\/berni.fmode.de\/wordpress\/index.php?rest_route=\/wp\/v2\/users\/1"}],"replies":[{"embeddable":true,"href":"https:\/\/berni.fmode.de\/wordpress\/index.php?rest_route=%2Fwp%2Fv2%2Fcomments&post=16671"}],"version-history":[{"count":5,"href":"https:\/\/berni.fmode.de\/wordpress\/index.php?rest_route=\/wp\/v2\/pages\/16671\/revisions"}],"predecessor-version":[{"id":16783,"href":"https:\/\/berni.fmode.de\/wordpress\/index.php?rest_route=\/wp\/v2\/pages\/16671\/revisions\/16783"}],"wp:attachment":[{"href":"https:\/\/berni.fmode.de\/wordpress\/index.php?rest_route=%2Fwp%2Fv2%2Fmedia&parent=16671"}],"curies":[{"name":"wp","href":"https:\/\/api.w.org\/{rel}","templated":true}]}}