{"id":16061,"date":"2014-06-22T16:26:29","date_gmt":"2014-06-22T15:26:29","guid":{"rendered":"http:\/\/berni.fmode.de\/wordpress\/?page_id=16061"},"modified":"2014-07-23T16:48:13","modified_gmt":"2014-07-23T15:48:13","slug":"im-tiefsten-weinviertel-und-im-befreundeten-ausland","status":"publish","type":"page","link":"https:\/\/berni.fmode.de\/wordpress\/?page_id=16061","title":{"rendered":"Im tiefsten Weinviertel und im befreundeten Ausland"},"content":{"rendered":"<p><strong>Dienstag, der 17.6.2014:<\/strong><\/p>\n<p>Die \u00dcberschrift heute k\u00f6nnte auch lauten &#8222;Auf der Suche nach dem Weinanbau im Weinviertel&#8220;, aber wie wir sp\u00e4ter sehen werden, gibt es dazu eine L\u00f6sung.<\/p>\n<p>Aber bei der Routensuche f\u00fcr den heutigen Dienstag steht das Weinviertel auf dem Programm, und zwar nicht wegen der o.g. Suche, sondern weil wir nach Laa an der Thaya fahren werden, und das liegt nun mal im Weinviertel.<\/p>\n<div id=\"attachment_16062\" style=\"width: 1034px\" class=\"wp-caption aligncenter\"><a href=\"https:\/\/berni.fmode.de\/wordpress\/wp-content\/uploads\/noe07-01.jpg\"><img loading=\"lazy\" decoding=\"async\" aria-describedby=\"caption-attachment-16062\" class=\"wp-image-16062 size-full\" src=\"https:\/\/berni.fmode.de\/wordpress\/wp-content\/uploads\/noe07-01.jpg\" alt=\"Nieder\u00f6sterreich 2014 Tag 7\" width=\"1024\" height=\"768\" srcset=\"https:\/\/berni.fmode.de\/wordpress\/wp-content\/uploads\/noe07-01.jpg 1024w, https:\/\/berni.fmode.de\/wordpress\/wp-content\/uploads\/noe07-01-300x225.jpg 300w, https:\/\/berni.fmode.de\/wordpress\/wp-content\/uploads\/noe07-01-400x300.jpg 400w\" sizes=\"(max-width: 1024px) 100vw, 1024px\" \/><\/a><p id=\"caption-attachment-16062\" class=\"wp-caption-text\">Viele unserer Routen, wenn auch nicht alle, haben uns \u00fcber die Wachau gef\u00fchrt und entsprechend oft haben wir diesen Microkosmos befahren &#8211; und haben jedes mal aufs Neue Freude an der kleinen Landschaft. Und wie schon oft, entdecken wir auch diesmal wieder etwas Neues.<\/p><\/div>\n<div id=\"attachment_16063\" style=\"width: 1034px\" class=\"wp-caption aligncenter\"><a href=\"https:\/\/berni.fmode.de\/wordpress\/wp-content\/uploads\/noe07-02.jpg\"><img loading=\"lazy\" decoding=\"async\" aria-describedby=\"caption-attachment-16063\" class=\"wp-image-16063 size-full\" src=\"https:\/\/berni.fmode.de\/wordpress\/wp-content\/uploads\/noe07-02.jpg\" alt=\"Nieder\u00f6sterreich 2014 Tag 7\" width=\"1024\" height=\"724\" srcset=\"https:\/\/berni.fmode.de\/wordpress\/wp-content\/uploads\/noe07-02.jpg 1024w, https:\/\/berni.fmode.de\/wordpress\/wp-content\/uploads\/noe07-02-300x212.jpg 300w, https:\/\/berni.fmode.de\/wordpress\/wp-content\/uploads\/noe07-02-424x300.jpg 424w\" sizes=\"(max-width: 1024px) 100vw, 1024px\" \/><\/a><p id=\"caption-attachment-16063\" class=\"wp-caption-text\">Und zwar die Venus von Willendorf, die 1908 hier in der Wachau gefunden wurde. Die s\u00fc\u00dfe kleine Lady ist doch tats\u00e4chlich \u00fcber 25.000 Jahre alt.<\/p><\/div>\n<div id=\"attachment_16064\" style=\"width: 1034px\" class=\"wp-caption aligncenter\"><a href=\"https:\/\/berni.fmode.de\/wordpress\/wp-content\/uploads\/noe07-03.jpg\"><img loading=\"lazy\" decoding=\"async\" aria-describedby=\"caption-attachment-16064\" class=\"wp-image-16064 size-full\" src=\"https:\/\/berni.fmode.de\/wordpress\/wp-content\/uploads\/noe07-03.jpg\" alt=\"Nieder\u00f6sterreich 2014 Tag 7\" width=\"1024\" height=\"768\" srcset=\"https:\/\/berni.fmode.de\/wordpress\/wp-content\/uploads\/noe07-03.jpg 1024w, https:\/\/berni.fmode.de\/wordpress\/wp-content\/uploads\/noe07-03-300x225.jpg 300w, https:\/\/berni.fmode.de\/wordpress\/wp-content\/uploads\/noe07-03-400x300.jpg 400w\" sizes=\"(max-width: 1024px) 100vw, 1024px\" \/><\/a><p id=\"caption-attachment-16064\" class=\"wp-caption-text\">Immerhin schafft es das putzige Fig\u00fcrchen auch heute noch, die Menschen zu aktivieren wie die Aktionsk\u00fcnstlerin mit ihrer &#8222;Ein Zuviel an Licht&#8220; Aktion.<\/p><\/div>\n<div id=\"attachment_16065\" style=\"width: 1034px\" class=\"wp-caption aligncenter\"><a href=\"https:\/\/berni.fmode.de\/wordpress\/wp-content\/uploads\/noe07-04.jpg\"><img loading=\"lazy\" decoding=\"async\" aria-describedby=\"caption-attachment-16065\" class=\"wp-image-16065 size-full\" src=\"https:\/\/berni.fmode.de\/wordpress\/wp-content\/uploads\/noe07-04.jpg\" alt=\"Nieder\u00f6sterreich 2014 Tag 7\" width=\"1024\" height=\"768\" srcset=\"https:\/\/berni.fmode.de\/wordpress\/wp-content\/uploads\/noe07-04.jpg 1024w, https:\/\/berni.fmode.de\/wordpress\/wp-content\/uploads\/noe07-04-300x225.jpg 300w, https:\/\/berni.fmode.de\/wordpress\/wp-content\/uploads\/noe07-04-400x300.jpg 400w\" sizes=\"(max-width: 1024px) 100vw, 1024px\" \/><\/a><p id=\"caption-attachment-16065\" class=\"wp-caption-text\">Werfen wir nun einen letzten Blick auf die Weinberge der Wachau, denn vom Weinanbau werden wir im Weinviertel nicht allzu viel sehen &#8211; soviel sei schon im Voraus verraten.<\/p><\/div>\n<div id=\"attachment_16066\" style=\"width: 1034px\" class=\"wp-caption aligncenter\"><a href=\"https:\/\/berni.fmode.de\/wordpress\/wp-content\/uploads\/noe07-05.jpg\"><img loading=\"lazy\" decoding=\"async\" aria-describedby=\"caption-attachment-16066\" class=\"wp-image-16066 size-full\" src=\"https:\/\/berni.fmode.de\/wordpress\/wp-content\/uploads\/noe07-05.jpg\" alt=\"Nieder\u00f6sterreich 2014 Tag 7\" width=\"1024\" height=\"768\" srcset=\"https:\/\/berni.fmode.de\/wordpress\/wp-content\/uploads\/noe07-05.jpg 1024w, https:\/\/berni.fmode.de\/wordpress\/wp-content\/uploads\/noe07-05-300x225.jpg 300w, https:\/\/berni.fmode.de\/wordpress\/wp-content\/uploads\/noe07-05-400x300.jpg 400w\" sizes=\"(max-width: 1024px) 100vw, 1024px\" \/><\/a><p id=\"caption-attachment-16066\" class=\"wp-caption-text\">Das Schmidatal liegt bereits im Weinviertel und ist eine durchaus reizvolle Landschaft, aber die angebaute Weinmenge h\u00e4lt sich in Grenzen.<\/p><\/div>\n<div id=\"attachment_16067\" style=\"width: 1034px\" class=\"wp-caption aligncenter\"><a href=\"https:\/\/berni.fmode.de\/wordpress\/wp-content\/uploads\/noe07-06.jpg\"><img loading=\"lazy\" decoding=\"async\" aria-describedby=\"caption-attachment-16067\" class=\"wp-image-16067 size-full\" src=\"https:\/\/berni.fmode.de\/wordpress\/wp-content\/uploads\/noe07-06.jpg\" alt=\"Nieder\u00f6sterreich 2014 Tag 7\" width=\"1024\" height=\"768\" srcset=\"https:\/\/berni.fmode.de\/wordpress\/wp-content\/uploads\/noe07-06.jpg 1024w, https:\/\/berni.fmode.de\/wordpress\/wp-content\/uploads\/noe07-06-300x225.jpg 300w, https:\/\/berni.fmode.de\/wordpress\/wp-content\/uploads\/noe07-06-400x300.jpg 400w\" sizes=\"(max-width: 1024px) 100vw, 1024px\" \/><\/a><p id=\"caption-attachment-16067\" class=\"wp-caption-text\">Abgesehen vom fehlenden Wein gef\u00e4llt uns die Region aber sehr gut.<\/p><\/div>\n<div id=\"attachment_16068\" style=\"width: 1034px\" class=\"wp-caption aligncenter\"><a href=\"https:\/\/berni.fmode.de\/wordpress\/wp-content\/uploads\/noe07-07.jpg\"><img loading=\"lazy\" decoding=\"async\" aria-describedby=\"caption-attachment-16068\" class=\"wp-image-16068 size-full\" src=\"https:\/\/berni.fmode.de\/wordpress\/wp-content\/uploads\/noe07-07.jpg\" alt=\"Nieder\u00f6sterreich 2014 Tag 7\" width=\"1024\" height=\"768\" srcset=\"https:\/\/berni.fmode.de\/wordpress\/wp-content\/uploads\/noe07-07.jpg 1024w, https:\/\/berni.fmode.de\/wordpress\/wp-content\/uploads\/noe07-07-300x225.jpg 300w, https:\/\/berni.fmode.de\/wordpress\/wp-content\/uploads\/noe07-07-400x300.jpg 400w\" sizes=\"(max-width: 1024px) 100vw, 1024px\" \/><\/a><p id=\"caption-attachment-16068\" class=\"wp-caption-text\">Im LIDL-Markt von Hollabrunn frischen wir unsere Vorr\u00e4te an Landj\u00e4gern und V\u00f6sslauer S\u00e4ften auf.<\/p><\/div>\n<div id=\"attachment_16069\" style=\"width: 1034px\" class=\"wp-caption aligncenter\"><a href=\"https:\/\/berni.fmode.de\/wordpress\/wp-content\/uploads\/noe07-08.jpg\"><img loading=\"lazy\" decoding=\"async\" aria-describedby=\"caption-attachment-16069\" class=\"wp-image-16069 size-full\" src=\"https:\/\/berni.fmode.de\/wordpress\/wp-content\/uploads\/noe07-08.jpg\" alt=\"Nieder\u00f6sterreich 2014 Tag 7\" width=\"1024\" height=\"768\" srcset=\"https:\/\/berni.fmode.de\/wordpress\/wp-content\/uploads\/noe07-08.jpg 1024w, https:\/\/berni.fmode.de\/wordpress\/wp-content\/uploads\/noe07-08-300x225.jpg 300w, https:\/\/berni.fmode.de\/wordpress\/wp-content\/uploads\/noe07-08-400x300.jpg 400w\" sizes=\"(max-width: 1024px) 100vw, 1024px\" \/><\/a><p id=\"caption-attachment-16069\" class=\"wp-caption-text\">Und bald darauf finden wir ein sch\u00f6nes Pl\u00e4tzchen f\u00fcr unser Mittagessen.<\/p><\/div>\n<div id=\"attachment_16070\" style=\"width: 1034px\" class=\"wp-caption aligncenter\"><a href=\"https:\/\/berni.fmode.de\/wordpress\/wp-content\/uploads\/noe07-09.jpg\"><img loading=\"lazy\" decoding=\"async\" aria-describedby=\"caption-attachment-16070\" class=\"wp-image-16070 size-full\" src=\"https:\/\/berni.fmode.de\/wordpress\/wp-content\/uploads\/noe07-09.jpg\" alt=\"Nieder\u00f6sterreich 2014 Tag 7\" width=\"1024\" height=\"768\" srcset=\"https:\/\/berni.fmode.de\/wordpress\/wp-content\/uploads\/noe07-09.jpg 1024w, https:\/\/berni.fmode.de\/wordpress\/wp-content\/uploads\/noe07-09-300x225.jpg 300w, https:\/\/berni.fmode.de\/wordpress\/wp-content\/uploads\/noe07-09-400x300.jpg 400w\" sizes=\"(max-width: 1024px) 100vw, 1024px\" \/><\/a><p id=\"caption-attachment-16070\" class=\"wp-caption-text\">Was ich auf den ersten Blick f\u00fcr eine Ferienhaussiedlung gehalten habe, sind halb ins Erdreich gegrabene Weinkeller. Weinkeller? Also muss es hier doch irgendwo Weinanbau geben.<\/p><\/div>\n<div id=\"attachment_16071\" style=\"width: 1034px\" class=\"wp-caption aligncenter\"><a href=\"https:\/\/berni.fmode.de\/wordpress\/wp-content\/uploads\/noe07-10.jpg\"><img loading=\"lazy\" decoding=\"async\" aria-describedby=\"caption-attachment-16071\" class=\"wp-image-16071 size-full\" src=\"https:\/\/berni.fmode.de\/wordpress\/wp-content\/uploads\/noe07-10.jpg\" alt=\"Nieder\u00f6sterreich 2014 Tag 7\" width=\"1024\" height=\"768\" srcset=\"https:\/\/berni.fmode.de\/wordpress\/wp-content\/uploads\/noe07-10.jpg 1024w, https:\/\/berni.fmode.de\/wordpress\/wp-content\/uploads\/noe07-10-300x225.jpg 300w, https:\/\/berni.fmode.de\/wordpress\/wp-content\/uploads\/noe07-10-400x300.jpg 400w\" sizes=\"(max-width: 1024px) 100vw, 1024px\" \/><\/a><p id=\"caption-attachment-16071\" class=\"wp-caption-text\">Die nahegelegene Dom\u00e4ne baut alles an, nur keinen Wein.<\/p><\/div>\n<p>Auf dem weiteren Weg nach Laa an der Thaya passieren wir erneut eine Kellergasser, also eine Ansammlung von Weinkellern. An einer der T\u00fcren h\u00e4ngt ein gro\u00dfes Umleitungsschild mit der Aufschrift &#8222;U2 &#8211; Schottenring&#8220;. Das kann nur eine Fata Morgana sein aber sp\u00e4ter best\u00e4tigt mir J\u00fcrgen, dass er es auch gesehen hat. Hier waren also schon Vogelsberger vor uns.<\/p>\n<div id=\"attachment_16072\" style=\"width: 1034px\" class=\"wp-caption aligncenter\"><a href=\"https:\/\/berni.fmode.de\/wordpress\/wp-content\/uploads\/noe07-11.jpg\"><img loading=\"lazy\" decoding=\"async\" aria-describedby=\"caption-attachment-16072\" class=\"wp-image-16072 size-full\" src=\"https:\/\/berni.fmode.de\/wordpress\/wp-content\/uploads\/noe07-11.jpg\" alt=\"Nieder\u00f6sterreich 2014 Tag 7\" width=\"1024\" height=\"768\" srcset=\"https:\/\/berni.fmode.de\/wordpress\/wp-content\/uploads\/noe07-11.jpg 1024w, https:\/\/berni.fmode.de\/wordpress\/wp-content\/uploads\/noe07-11-300x225.jpg 300w, https:\/\/berni.fmode.de\/wordpress\/wp-content\/uploads\/noe07-11-400x300.jpg 400w\" sizes=\"(max-width: 1024px) 100vw, 1024px\" \/><\/a><p id=\"caption-attachment-16072\" class=\"wp-caption-text\">Laa an der Thaya liegt direkt an der Grenze zur Tchechien und ist eine h\u00fcbsche kleine Stadt mir einem pr\u00e4chtigen Rathaus.<\/p><\/div>\n<div id=\"attachment_16073\" style=\"width: 1034px\" class=\"wp-caption aligncenter\"><a href=\"https:\/\/berni.fmode.de\/wordpress\/wp-content\/uploads\/noe07-12.jpg\"><img loading=\"lazy\" decoding=\"async\" aria-describedby=\"caption-attachment-16073\" class=\"wp-image-16073 size-full\" src=\"https:\/\/berni.fmode.de\/wordpress\/wp-content\/uploads\/noe07-12.jpg\" alt=\"Nieder\u00f6sterreich 2014 Tag 7\" width=\"1024\" height=\"768\" srcset=\"https:\/\/berni.fmode.de\/wordpress\/wp-content\/uploads\/noe07-12.jpg 1024w, https:\/\/berni.fmode.de\/wordpress\/wp-content\/uploads\/noe07-12-300x225.jpg 300w, https:\/\/berni.fmode.de\/wordpress\/wp-content\/uploads\/noe07-12-400x300.jpg 400w\" sizes=\"(max-width: 1024px) 100vw, 1024px\" \/><\/a><p id=\"caption-attachment-16073\" class=\"wp-caption-text\">Direkt auf der ehemaligen Grenze befindet sich heute ein gro\u00dfer China-Markt mit allem, was Du zum Leben nicht brauchst. J\u00fcrgen betrachtet den Konsum- und Schund-Tempel mit Argwohn.<\/p><\/div>\n<div id=\"attachment_16074\" style=\"width: 1034px\" class=\"wp-caption aligncenter\"><a href=\"https:\/\/berni.fmode.de\/wordpress\/wp-content\/uploads\/noe07-13.jpg\"><img loading=\"lazy\" decoding=\"async\" aria-describedby=\"caption-attachment-16074\" class=\"wp-image-16074 size-full\" src=\"https:\/\/berni.fmode.de\/wordpress\/wp-content\/uploads\/noe07-13.jpg\" alt=\"Nieder\u00f6sterreich 2014 Tag 7\" width=\"1024\" height=\"768\" srcset=\"https:\/\/berni.fmode.de\/wordpress\/wp-content\/uploads\/noe07-13.jpg 1024w, https:\/\/berni.fmode.de\/wordpress\/wp-content\/uploads\/noe07-13-300x225.jpg 300w, https:\/\/berni.fmode.de\/wordpress\/wp-content\/uploads\/noe07-13-400x300.jpg 400w\" sizes=\"(max-width: 1024px) 100vw, 1024px\" \/><\/a><p id=\"caption-attachment-16074\" class=\"wp-caption-text\">Eine Familie aus Wien zeigt uns die frisch erworbenen Porno-Zwerge &#8211; oder nennen wir sie lieber Erotik-Zwerge.<\/p><\/div>\n<div id=\"attachment_16075\" style=\"width: 1034px\" class=\"wp-caption aligncenter\"><a href=\"https:\/\/berni.fmode.de\/wordpress\/wp-content\/uploads\/noe07-14.jpg\"><img loading=\"lazy\" decoding=\"async\" aria-describedby=\"caption-attachment-16075\" class=\"wp-image-16075 size-full\" src=\"https:\/\/berni.fmode.de\/wordpress\/wp-content\/uploads\/noe07-14.jpg\" alt=\"Nieder\u00f6sterreich 2014 Tag 7\" width=\"1024\" height=\"768\" srcset=\"https:\/\/berni.fmode.de\/wordpress\/wp-content\/uploads\/noe07-14.jpg 1024w, https:\/\/berni.fmode.de\/wordpress\/wp-content\/uploads\/noe07-14-300x225.jpg 300w, https:\/\/berni.fmode.de\/wordpress\/wp-content\/uploads\/noe07-14-400x300.jpg 400w\" sizes=\"(max-width: 1024px) 100vw, 1024px\" \/><\/a><p id=\"caption-attachment-16075\" class=\"wp-caption-text\">Ein seltsamer Kaufzwang zieht mich immer tiefer in den Philister-Tempel hinein. Und tats\u00e4chlich entdecke und kaufe ich etwas: Ein Survival-Tool namens Traveler. Die extrem sch\u00f6ne Chinesin versichert, dass es sich dabei um beste Qualit\u00e4t handelt. Aussehen tut es jedenfalls sehr gut in seiner Camourflage-H\u00fclle, und wenn ich es quasi nicht benutze, wird es vielleicht eine zeitlang halten.<\/p><\/div>\n<p>Und dann machen wir einen Riesenfehler: Wir beschliessen, nach Tschechien zu fahren und von dort in einem weitem Bogen \u00fcber Znojmo und den Nationalpark Thayatal wieder zur\u00fcck nach \u00d6sterreich. Also EU-m\u00e4\u00dfig und gewohnt unspektakul\u00e4r \u00fcber die Grenze und erst mal ein paar Kilometer hinein in den ehemaligen Ostblock.<\/p>\n<p>Bereits in der n\u00e4chsten Ortschaft ist die Stra\u00dfe unserer Wahl gesperrt und eine Umleitung ist nicht ausgeschildert. Wir improvisieren also und geraten dabei immer tiefer ins Land hinein: Stra\u00dfen in unsere Richtung scheint es nicht zu geben.<\/p>\n<p>Die Stra\u00dfen werden immer schlechter, die Gegend ist langweilig und \u00f6d und dazu brennt eine gnadenlose Sonne. Nach gef\u00fchlt unendlichen Kilometern gibt es dann endlich wieder Hinweisschilder auf Znojmo, denen wir folgen. Wenn wir aber schon die Beschilderung auf dem flachen Land als &#8230;. unzul\u00e4nglich empfunden haben, so zeigt uns Znojmo, wie ein wirkliches Schilder-Chaos aussieht. Ausser Wien ist quasi keine \u00f6sterreichische Stadt ausgeschildert, aber einmal entdecken wir doch einen Hinweis auf Retz, der sich aber nie wiederholt.<\/p>\n<p>Ich schreibe es unserem reinen Gl\u00fcck zu, dass wir es irgendwie geschafft haben, den Ort wieder in Richtung Grenze zu verlassen. Dass wir dazu in Richtung Wien mussten, haben wir gern in Kauf genommen.<\/p>\n<p>Auf dem Weg zur Grenze passieren wir das Vergn\u00fcgungszentrum Excalibur, ein gewaltiger Einkaufs,- Porno- und Neppschuppen direkt an der alten Grenze. Das Ganze sieht so kitschig und widerlich aus, dass wir nicht einmal anhalten und nur noch eines wollen: Raus aus Tschechien.<\/p>\n<p>Wir sind \u00fcbergl\u00fccklich und fallen uns beinahe in die Arme, als wir wieder \u00f6sterreichischen Boden unter den F\u00fc\u00dfen haben. An Tschechien jedenfalls haben wir nichts Sch\u00f6nes gefunden, obwohl ich sicher bin, dass es auch dort herrliche Landstriche gibt. Aber diesmal sind wir mit dem Land nicht warm geworden.<\/p>\n<div id=\"attachment_16076\" style=\"width: 1034px\" class=\"wp-caption aligncenter\"><a href=\"https:\/\/berni.fmode.de\/wordpress\/wp-content\/uploads\/noe07-15.jpg\"><img loading=\"lazy\" decoding=\"async\" aria-describedby=\"caption-attachment-16076\" class=\"wp-image-16076 size-full\" src=\"https:\/\/berni.fmode.de\/wordpress\/wp-content\/uploads\/noe07-15.jpg\" alt=\"Nieder\u00f6sterreich 2014 Tag 7\" width=\"1024\" height=\"768\" srcset=\"https:\/\/berni.fmode.de\/wordpress\/wp-content\/uploads\/noe07-15.jpg 1024w, https:\/\/berni.fmode.de\/wordpress\/wp-content\/uploads\/noe07-15-300x225.jpg 300w, https:\/\/berni.fmode.de\/wordpress\/wp-content\/uploads\/noe07-15-400x300.jpg 400w\" sizes=\"(max-width: 1024px) 100vw, 1024px\" \/><\/a><p id=\"caption-attachment-16076\" class=\"wp-caption-text\">\u00dcber die \u00f6sterreichische Beschilderung wird nie wieder ein b\u00f6ses Wort \u00fcber unsere Lippen kommen, obwohl die auch manchmal &#8230; suboptimal ist. Aber wir finden den sch\u00f6nen Ort Retz und suchen uns erst einmal ein h\u00fcbsches Cafe am Hauptplatz.<\/p><\/div>\n<div id=\"attachment_16077\" style=\"width: 1034px\" class=\"wp-caption aligncenter\"><a href=\"https:\/\/berni.fmode.de\/wordpress\/wp-content\/uploads\/noe07-16.jpg\"><img loading=\"lazy\" decoding=\"async\" aria-describedby=\"caption-attachment-16077\" class=\"wp-image-16077 size-full\" src=\"https:\/\/berni.fmode.de\/wordpress\/wp-content\/uploads\/noe07-16.jpg\" alt=\"Nieder\u00f6sterreich 2014 Tag 7\" width=\"1024\" height=\"768\" srcset=\"https:\/\/berni.fmode.de\/wordpress\/wp-content\/uploads\/noe07-16.jpg 1024w, https:\/\/berni.fmode.de\/wordpress\/wp-content\/uploads\/noe07-16-300x225.jpg 300w, https:\/\/berni.fmode.de\/wordpress\/wp-content\/uploads\/noe07-16-400x300.jpg 400w\" sizes=\"(max-width: 1024px) 100vw, 1024px\" \/><\/a><p id=\"caption-attachment-16077\" class=\"wp-caption-text\">Der Hammer ist, dass nicht nur meine Frage nach Mohnkuchen positiv beantwortet wird, sondern dass sogar Mohnkronen vorr\u00e4tig sind. Nach dieser kulinarischen K\u00f6stlichkeit ist die tschechische Negativ-Einlage vergessen &#8211; fast.<\/p><\/div>\n<div id=\"attachment_16078\" style=\"width: 1034px\" class=\"wp-caption aligncenter\"><a href=\"https:\/\/berni.fmode.de\/wordpress\/wp-content\/uploads\/noe07-17.jpg\"><img loading=\"lazy\" decoding=\"async\" aria-describedby=\"caption-attachment-16078\" class=\"wp-image-16078 size-full\" src=\"https:\/\/berni.fmode.de\/wordpress\/wp-content\/uploads\/noe07-17.jpg\" alt=\"Nieder\u00f6sterreich 2014 Tag 7\" width=\"1024\" height=\"768\" srcset=\"https:\/\/berni.fmode.de\/wordpress\/wp-content\/uploads\/noe07-17.jpg 1024w, https:\/\/berni.fmode.de\/wordpress\/wp-content\/uploads\/noe07-17-300x225.jpg 300w, https:\/\/berni.fmode.de\/wordpress\/wp-content\/uploads\/noe07-17-400x300.jpg 400w\" sizes=\"(max-width: 1024px) 100vw, 1024px\" \/><\/a><p id=\"caption-attachment-16078\" class=\"wp-caption-text\">Wir ziehen weiter durchs Weinviertel \u00fcber die B35 in Richtung Wachau, als ich es am Stra\u00dfenrand entdecke: Weinst\u00f6cke! Es gibt sie also wirklich im Weinviertel und damit ist meine Weltordnung auch in diesem Punkt wieder in Ordnung.<\/p><\/div>\n<p>Jetzt befahren wir das Kamptal in der anderen Richtung, also von Norden nach S\u00fcden, was durchaus reizvoll zu fahren ist. Das empfinden offensichtlich nicht nur wir so, denn pl\u00f6tzlich werde ich bei Tempo 100 rasant \u00fcberholt. Kaum an mir vorbei, geht der Fahrer der \u00e4lteren BMW K100 ordentlich in die Eisen, um dann zwischen J\u00fcrgen und mir mit zu schwimmen.<\/p>\n<p>Nach etwa 2 km wird mir das seltsame Verhalten klar: Ein Polizist winkt uns alle drei heraus und konfrontiert uns mit dem Display seiner Laserpistole: Die zeigt 147 km\/h an. Oha, dass ist arg viel, aber J\u00fcrgen und ich sind uns sicher, im Limit von 100 gefahren zu sein. Auch der \u00d6sterreicher schw\u00f6rt Stein und Bein, mich nur kurz \u00fcberholt zu haben und dann ebenfalls die 100 eingehalten zu haben.<\/p>\n<p>J\u00fcrgen und ich sind durchaus bereit, es hier auf einen Streit ankommen zu lassen, aber der Polizist ist pragmatisch. Die \u00dcbertretung kann er keinem von uns eindeutig zuordnen und so l\u00e4sst er uns mit den Worten &#8222;Fahrts weiter, aber fahrts langsam&#8220; ziehen. So kanns auch mal gehen.<\/p>\n<div id=\"attachment_16079\" style=\"width: 1034px\" class=\"wp-caption aligncenter\"><a href=\"https:\/\/berni.fmode.de\/wordpress\/wp-content\/uploads\/noe07-18.jpg\"><img loading=\"lazy\" decoding=\"async\" aria-describedby=\"caption-attachment-16079\" class=\"wp-image-16079 size-full\" src=\"https:\/\/berni.fmode.de\/wordpress\/wp-content\/uploads\/noe07-18.jpg\" alt=\"Nieder\u00f6sterreich 2014 Tag 7\" width=\"1024\" height=\"768\" srcset=\"https:\/\/berni.fmode.de\/wordpress\/wp-content\/uploads\/noe07-18.jpg 1024w, https:\/\/berni.fmode.de\/wordpress\/wp-content\/uploads\/noe07-18-300x225.jpg 300w, https:\/\/berni.fmode.de\/wordpress\/wp-content\/uploads\/noe07-18-400x300.jpg 400w\" sizes=\"(max-width: 1024px) 100vw, 1024px\" \/><\/a><p id=\"caption-attachment-16079\" class=\"wp-caption-text\">Angekommen in Prinzersdorf sehen unsere Thunderbird pl\u00f6tzlich aus wie gepudert. Auf einer Baustelle muss sich das Kalkzeugs auf die Mopeds verteilt haben und weil die Strasse ein wenig feucht war, pappt der Mist wie Hundedreck. Das Gr\u00f6bste bekommen wir ab, aber richtig sauber wird meine Maschine erst wieder zu Hause &#8211; nach einem 60-Minuten Einsatz.<\/p><\/div>\n<p>&nbsp;<\/p>\n<p><strong><a href=\"https:\/\/berni.fmode.de\/wordpress\/?p=15809\">&lt; Zur\u00fcck<\/a>\u00a0 \u00a0 \u00a0 \u00a0 \u00a0 <a href=\"https:\/\/berni.fmode.de\/wordpress\/?page_id=16083\">Zum n\u00e4chsten Tag&gt;<\/a><\/strong><\/p>\n","protected":false},"excerpt":{"rendered":"<p>Dienstag, der 17.6.2014: Die \u00dcberschrift heute k\u00f6nnte auch lauten &#8222;Auf der Suche nach dem Weinanbau im Weinviertel&#8220;, aber wie wir sp\u00e4ter sehen werden, gibt es dazu eine L\u00f6sung. Aber bei der Routensuche f\u00fcr den heutigen Dienstag steht das Weinviertel auf &hellip; <a href=\"https:\/\/berni.fmode.de\/wordpress\/?page_id=16061\">Weiterlesen <span class=\"meta-nav\">&rarr;<\/span><\/a><\/p>\n","protected":false},"author":1,"featured_media":0,"parent":0,"menu_order":0,"comment_status":"closed","ping_status":"closed","template":"","meta":{"footnotes":""},"_links":{"self":[{"href":"https:\/\/berni.fmode.de\/wordpress\/index.php?rest_route=\/wp\/v2\/pages\/16061"}],"collection":[{"href":"https:\/\/berni.fmode.de\/wordpress\/index.php?rest_route=\/wp\/v2\/pages"}],"about":[{"href":"https:\/\/berni.fmode.de\/wordpress\/index.php?rest_route=\/wp\/v2\/types\/page"}],"author":[{"embeddable":true,"href":"https:\/\/berni.fmode.de\/wordpress\/index.php?rest_route=\/wp\/v2\/users\/1"}],"replies":[{"embeddable":true,"href":"https:\/\/berni.fmode.de\/wordpress\/index.php?rest_route=%2Fwp%2Fv2%2Fcomments&post=16061"}],"version-history":[{"count":4,"href":"https:\/\/berni.fmode.de\/wordpress\/index.php?rest_route=\/wp\/v2\/pages\/16061\/revisions"}],"predecessor-version":[{"id":16400,"href":"https:\/\/berni.fmode.de\/wordpress\/index.php?rest_route=\/wp\/v2\/pages\/16061\/revisions\/16400"}],"wp:attachment":[{"href":"https:\/\/berni.fmode.de\/wordpress\/index.php?rest_route=%2Fwp%2Fv2%2Fmedia&parent=16061"}],"curies":[{"name":"wp","href":"https:\/\/api.w.org\/{rel}","templated":true}]}}