{"id":15879,"date":"2014-06-09T20:13:35","date_gmt":"2014-06-09T19:13:35","guid":{"rendered":"http:\/\/berni.fmode.de\/wordpress\/?page_id=15879"},"modified":"2014-06-23T12:57:27","modified_gmt":"2014-06-23T11:57:27","slug":"niederoesterreich-vorbereitung-und-verladung","status":"publish","type":"page","link":"https:\/\/berni.fmode.de\/wordpress\/?page_id=15879","title":{"rendered":"Nieder\u00f6sterreich: Vorbereitung und Verladung"},"content":{"rendered":"<p><strong>Montag, der 9.6.2014:<\/strong><\/p>\n<p>Die beiden Thunderbird sind nach bestem Wissen und Gewissen vorbereitet: \u00d6lkontrolle, Kettenpflege, Reifendruck &#8211; alles gepr\u00fcft und wo n\u00f6tig nachgebessert. Wichtige Ersatzteile und Werkzeuge sind ausgesucht und auch die Wahl der mitgef\u00fchrten Bekleidung ist erledigt. J\u00fcrgen und ich unternehmen eine letzte kleine 100 km Fahrt an den Antrifttal-See und entspannen uns am Wasser bei Kaffee und Kuchen. Die Britbikes laufen trotz der immensen Hitze sehr gut und um 18:00 sind wir bei J\u00fcrgen auf dem Hof und verladen die Thunderbirds auf dem geliehenen H\u00e4nger.<\/p>\n<div id=\"attachment_15882\" style=\"width: 1034px\" class=\"wp-caption aligncenter\"><a href=\"https:\/\/berni.fmode.de\/wordpress\/wp-content\/uploads\/noe-v01.jpg\"><img loading=\"lazy\" decoding=\"async\" aria-describedby=\"caption-attachment-15882\" class=\"size-full wp-image-15882\" src=\"https:\/\/berni.fmode.de\/wordpress\/wp-content\/uploads\/noe-v01.jpg\" alt=\"Noch warten unsere beiden Ladies darauf, auf dem H\u00e4nger verzurrt zu werden, .....\" width=\"1024\" height=\"768\" srcset=\"https:\/\/berni.fmode.de\/wordpress\/wp-content\/uploads\/noe-v01.jpg 1024w, https:\/\/berni.fmode.de\/wordpress\/wp-content\/uploads\/noe-v01-300x225.jpg 300w, https:\/\/berni.fmode.de\/wordpress\/wp-content\/uploads\/noe-v01-400x300.jpg 400w\" sizes=\"(max-width: 1024px) 100vw, 1024px\" \/><\/a><p id=\"caption-attachment-15882\" class=\"wp-caption-text\">Noch warten unsere beiden Ladies darauf, auf dem H\u00e4nger verzurrt zu werden, &#8230;..<\/p><\/div>\n<div id=\"attachment_15883\" style=\"width: 1034px\" class=\"wp-caption aligncenter\"><a href=\"https:\/\/berni.fmode.de\/wordpress\/wp-content\/uploads\/noe-v02.jpg\"><img loading=\"lazy\" decoding=\"async\" aria-describedby=\"caption-attachment-15883\" class=\"size-full wp-image-15883\" src=\"https:\/\/berni.fmode.de\/wordpress\/wp-content\/uploads\/noe-v02.jpg\" alt=\"..... aber nur eine knappe Stunde sp\u00e4ter stehen beide auf dem H\u00e4nger. Nat\u00fcrlich haben wir mehr Gurte genommen als notwendig, aber daf\u00fcr stehen die beiden Schwergewichte auch bombenfest.\" width=\"1024\" height=\"768\" srcset=\"https:\/\/berni.fmode.de\/wordpress\/wp-content\/uploads\/noe-v02.jpg 1024w, https:\/\/berni.fmode.de\/wordpress\/wp-content\/uploads\/noe-v02-300x225.jpg 300w, https:\/\/berni.fmode.de\/wordpress\/wp-content\/uploads\/noe-v02-400x300.jpg 400w\" sizes=\"(max-width: 1024px) 100vw, 1024px\" \/><\/a><p id=\"caption-attachment-15883\" class=\"wp-caption-text\">&#8230;.. aber nur eine knappe Stunde sp\u00e4ter stehen beide auf dem H\u00e4nger. Nat\u00fcrlich haben wir mehr Gurte genommen als notwendig, aber daf\u00fcr stehen die beiden Schwergewichte auch bombenfest.<\/p><\/div>\n<p>So verlassen wir unsere Maschinen, denn die Abfahrt findet erst am kommenden Abend um 23:00 statt. Nieder\u00f6sterreich, wir kommen.<\/p>\n<p><strong><a href=\"https:\/\/berni.fmode.de\/wordpress\/?p=15809\">&lt;&lt; Zur\u00fcck<\/a>\u00a0 \u00a0<span style=\"color: #999999;\">&lt; Vorherige Seite<\/span> \u00a0 <a href=\"https:\/\/berni.fmode.de\/wordpress\/?page_id=15887\">N\u00e4chste Seite &gt;\u00a0<\/a> \u00a0<\/strong><\/p>\n","protected":false},"excerpt":{"rendered":"<p>Montag, der 9.6.2014: Die beiden Thunderbird sind nach bestem Wissen und Gewissen vorbereitet: \u00d6lkontrolle, Kettenpflege, Reifendruck &#8211; alles gepr\u00fcft und wo n\u00f6tig nachgebessert. Wichtige Ersatzteile und Werkzeuge sind ausgesucht und auch die Wahl der mitgef\u00fchrten Bekleidung ist erledigt. J\u00fcrgen und &hellip; <a href=\"https:\/\/berni.fmode.de\/wordpress\/?page_id=15879\">Weiterlesen <span class=\"meta-nav\">&rarr;<\/span><\/a><\/p>\n","protected":false},"author":1,"featured_media":0,"parent":0,"menu_order":0,"comment_status":"closed","ping_status":"closed","template":"","meta":{"footnotes":""},"_links":{"self":[{"href":"https:\/\/berni.fmode.de\/wordpress\/index.php?rest_route=\/wp\/v2\/pages\/15879"}],"collection":[{"href":"https:\/\/berni.fmode.de\/wordpress\/index.php?rest_route=\/wp\/v2\/pages"}],"about":[{"href":"https:\/\/berni.fmode.de\/wordpress\/index.php?rest_route=\/wp\/v2\/types\/page"}],"author":[{"embeddable":true,"href":"https:\/\/berni.fmode.de\/wordpress\/index.php?rest_route=\/wp\/v2\/users\/1"}],"replies":[{"embeddable":true,"href":"https:\/\/berni.fmode.de\/wordpress\/index.php?rest_route=%2Fwp%2Fv2%2Fcomments&post=15879"}],"version-history":[{"count":5,"href":"https:\/\/berni.fmode.de\/wordpress\/index.php?rest_route=\/wp\/v2\/pages\/15879\/revisions"}],"predecessor-version":[{"id":16127,"href":"https:\/\/berni.fmode.de\/wordpress\/index.php?rest_route=\/wp\/v2\/pages\/15879\/revisions\/16127"}],"wp:attachment":[{"href":"https:\/\/berni.fmode.de\/wordpress\/index.php?rest_route=%2Fwp%2Fv2%2Fmedia&parent=15879"}],"curies":[{"name":"wp","href":"https:\/\/api.w.org\/{rel}","templated":true}]}}