{"id":13580,"date":"2013-09-08T18:44:30","date_gmt":"2013-09-08T17:44:30","guid":{"rendered":"http:\/\/berni.fmode.de\/wordpress\/?page_id=13580"},"modified":"2013-09-09T11:57:34","modified_gmt":"2013-09-09T10:57:34","slug":"heiligenstadt-2013-der-sonntag","status":"publish","type":"page","link":"https:\/\/berni.fmode.de\/wordpress\/?page_id=13580","title":{"rendered":"Heiligenstadt 2013: Der Sonntag"},"content":{"rendered":"<p>Schon erschreckend, wie schnell so ein Wochenende in guter Gesellschaft vorbei geht &#8211; die Zeit rast nur so. Wenn ich das mit den qu\u00e4lenden Stunden im B\u00fcro vergleiche &#8211; aber lassen wir das. Das Wetter soll heute ein wenig kippen und deshalb wollen wir relativ fr\u00fch los.<\/p>\n<div id=\"attachment_13581\" style=\"width: 1210px\" class=\"wp-caption aligncenter\"><a href=\"https:\/\/berni.fmode.de\/wordpress\/wp-content\/uploads\/3-01.jpg\"><img loading=\"lazy\" decoding=\"async\" aria-describedby=\"caption-attachment-13581\" class=\" wp-image-13581\" alt=\"Heiligenstadt 2013\" src=\"https:\/\/berni.fmode.de\/wordpress\/wp-content\/uploads\/3-01.jpg\" width=\"1200\" height=\"900\" srcset=\"https:\/\/berni.fmode.de\/wordpress\/wp-content\/uploads\/3-01.jpg 1200w, https:\/\/berni.fmode.de\/wordpress\/wp-content\/uploads\/3-01-300x225.jpg 300w, https:\/\/berni.fmode.de\/wordpress\/wp-content\/uploads\/3-01-1024x768.jpg 1024w, https:\/\/berni.fmode.de\/wordpress\/wp-content\/uploads\/3-01-400x300.jpg 400w\" sizes=\"(max-width: 1200px) 100vw, 1200px\" \/><\/a><p id=\"caption-attachment-13581\" class=\"wp-caption-text\">Als ich um 7:30 aufwache, sieht es tats\u00e4chlich ein wenig tr\u00fcb aus, genau genommen k\u00f6nnte man sogar sagen, dass es regnet &#8211; aber nur ein bisschen.<\/p><\/div>\n<div id=\"attachment_13582\" style=\"width: 1210px\" class=\"wp-caption aligncenter\"><a href=\"https:\/\/berni.fmode.de\/wordpress\/wp-content\/uploads\/3-02.jpg\"><img loading=\"lazy\" decoding=\"async\" aria-describedby=\"caption-attachment-13582\" class=\" wp-image-13582\" alt=\"Heiligenstadt 2013\" src=\"https:\/\/berni.fmode.de\/wordpress\/wp-content\/uploads\/3-02.jpg\" width=\"1200\" height=\"900\" srcset=\"https:\/\/berni.fmode.de\/wordpress\/wp-content\/uploads\/3-02.jpg 1200w, https:\/\/berni.fmode.de\/wordpress\/wp-content\/uploads\/3-02-300x225.jpg 300w, https:\/\/berni.fmode.de\/wordpress\/wp-content\/uploads\/3-02-1024x768.jpg 1024w, https:\/\/berni.fmode.de\/wordpress\/wp-content\/uploads\/3-02-400x300.jpg 400w\" sizes=\"(max-width: 1200px) 100vw, 1200px\" \/><\/a><p id=\"caption-attachment-13582\" class=\"wp-caption-text\">Der ganz gro\u00dfe Aufbruch hat noch nicht begonnen, aber einzelne Verpackungsk\u00fcnstler sind schon am Werk.<\/p><\/div>\n<div id=\"attachment_13583\" style=\"width: 1210px\" class=\"wp-caption aligncenter\"><a href=\"https:\/\/berni.fmode.de\/wordpress\/wp-content\/uploads\/3-03.jpg\"><img loading=\"lazy\" decoding=\"async\" aria-describedby=\"caption-attachment-13583\" class=\" wp-image-13583\" alt=\"Heiligenstadt 2013\" src=\"https:\/\/berni.fmode.de\/wordpress\/wp-content\/uploads\/3-03.jpg\" width=\"1200\" height=\"900\" srcset=\"https:\/\/berni.fmode.de\/wordpress\/wp-content\/uploads\/3-03.jpg 1200w, https:\/\/berni.fmode.de\/wordpress\/wp-content\/uploads\/3-03-300x225.jpg 300w, https:\/\/berni.fmode.de\/wordpress\/wp-content\/uploads\/3-03-1024x768.jpg 1024w, https:\/\/berni.fmode.de\/wordpress\/wp-content\/uploads\/3-03-400x300.jpg 400w\" sizes=\"(max-width: 1200px) 100vw, 1200px\" \/><\/a><p id=\"caption-attachment-13583\" class=\"wp-caption-text\">\u00dcberraschenderweise ist auch Egon schon wach &#8230;..<\/p><\/div>\n<div id=\"attachment_13584\" style=\"width: 1210px\" class=\"wp-caption aligncenter\"><a href=\"https:\/\/berni.fmode.de\/wordpress\/wp-content\/uploads\/3-04.jpg\"><img loading=\"lazy\" decoding=\"async\" aria-describedby=\"caption-attachment-13584\" class=\" wp-image-13584\" alt=\"Heiligenstadt 2013\" src=\"https:\/\/berni.fmode.de\/wordpress\/wp-content\/uploads\/3-04.jpg\" width=\"1200\" height=\"900\" srcset=\"https:\/\/berni.fmode.de\/wordpress\/wp-content\/uploads\/3-04.jpg 1200w, https:\/\/berni.fmode.de\/wordpress\/wp-content\/uploads\/3-04-300x225.jpg 300w, https:\/\/berni.fmode.de\/wordpress\/wp-content\/uploads\/3-04-1024x768.jpg 1024w, https:\/\/berni.fmode.de\/wordpress\/wp-content\/uploads\/3-04-400x300.jpg 400w\" sizes=\"(max-width: 1200px) 100vw, 1200px\" \/><\/a><p id=\"caption-attachment-13584\" class=\"wp-caption-text\">&#8230;.. und schlufft m\u00fcde \u00fcber den Platz in Richtung der Waschr\u00e4ume.<\/p><\/div>\n<div id=\"attachment_13585\" style=\"width: 1210px\" class=\"wp-caption aligncenter\"><a href=\"https:\/\/berni.fmode.de\/wordpress\/wp-content\/uploads\/3-05.jpg\"><img loading=\"lazy\" decoding=\"async\" aria-describedby=\"caption-attachment-13585\" class=\" wp-image-13585\" alt=\"Heiligenstadt 2013\" src=\"https:\/\/berni.fmode.de\/wordpress\/wp-content\/uploads\/3-05.jpg\" width=\"1200\" height=\"900\" srcset=\"https:\/\/berni.fmode.de\/wordpress\/wp-content\/uploads\/3-05.jpg 1200w, https:\/\/berni.fmode.de\/wordpress\/wp-content\/uploads\/3-05-300x225.jpg 300w, https:\/\/berni.fmode.de\/wordpress\/wp-content\/uploads\/3-05-1024x768.jpg 1024w, https:\/\/berni.fmode.de\/wordpress\/wp-content\/uploads\/3-05-400x300.jpg 400w\" sizes=\"(max-width: 1200px) 100vw, 1200px\" \/><\/a><p id=\"caption-attachment-13585\" class=\"wp-caption-text\">Nach dem Fr\u00fchst\u00fcck machen wir uns direkt an den Zeltabbau, und schwupps, ist unser Zeltplatz wieder leer und jungfr\u00e4ulich &#8211; gerade so, als w\u00e4re hier nie etwas gewesen.<\/p><\/div>\n<div id=\"attachment_13586\" style=\"width: 1210px\" class=\"wp-caption aligncenter\"><a href=\"https:\/\/berni.fmode.de\/wordpress\/wp-content\/uploads\/3-06.jpg\"><img loading=\"lazy\" decoding=\"async\" aria-describedby=\"caption-attachment-13586\" class=\" wp-image-13586\" alt=\"Heiligenstadt 2013\" src=\"https:\/\/berni.fmode.de\/wordpress\/wp-content\/uploads\/3-06.jpg\" width=\"1200\" height=\"900\" srcset=\"https:\/\/berni.fmode.de\/wordpress\/wp-content\/uploads\/3-06.jpg 1200w, https:\/\/berni.fmode.de\/wordpress\/wp-content\/uploads\/3-06-300x225.jpg 300w, https:\/\/berni.fmode.de\/wordpress\/wp-content\/uploads\/3-06-1024x768.jpg 1024w, https:\/\/berni.fmode.de\/wordpress\/wp-content\/uploads\/3-06-400x300.jpg 400w\" sizes=\"(max-width: 1200px) 100vw, 1200px\" \/><\/a><p id=\"caption-attachment-13586\" class=\"wp-caption-text\">Die beiden Mistb\u00f6cke und der Bolide sind flott beladen. Leider hat der Regen jetzt noch etwas zugenommen.<\/p><\/div>\n<div id=\"attachment_13587\" style=\"width: 1210px\" class=\"wp-caption aligncenter\"><a href=\"https:\/\/berni.fmode.de\/wordpress\/wp-content\/uploads\/3-07.jpg\"><img loading=\"lazy\" decoding=\"async\" aria-describedby=\"caption-attachment-13587\" class=\" wp-image-13587\" alt=\"Heiligenstadt 2013\" src=\"https:\/\/berni.fmode.de\/wordpress\/wp-content\/uploads\/3-07.jpg\" width=\"1200\" height=\"900\" srcset=\"https:\/\/berni.fmode.de\/wordpress\/wp-content\/uploads\/3-07.jpg 1200w, https:\/\/berni.fmode.de\/wordpress\/wp-content\/uploads\/3-07-300x225.jpg 300w, https:\/\/berni.fmode.de\/wordpress\/wp-content\/uploads\/3-07-1024x768.jpg 1024w, https:\/\/berni.fmode.de\/wordpress\/wp-content\/uploads\/3-07-400x300.jpg 400w\" sizes=\"(max-width: 1200px) 100vw, 1200px\" \/><\/a><p id=\"caption-attachment-13587\" class=\"wp-caption-text\">Es geht auf einen letzten Bummel \u00fcber den Platz. Letzte Gru\u00dfworte werden gewechselt &#8230;..<\/p><\/div>\n<div id=\"attachment_13588\" style=\"width: 1210px\" class=\"wp-caption aligncenter\"><a href=\"https:\/\/berni.fmode.de\/wordpress\/wp-content\/uploads\/3-08.jpg\"><img loading=\"lazy\" decoding=\"async\" aria-describedby=\"caption-attachment-13588\" class=\" wp-image-13588\" alt=\"3-08Heiligenstadt 2013\" src=\"https:\/\/berni.fmode.de\/wordpress\/wp-content\/uploads\/3-08.jpg\" width=\"1200\" height=\"900\" srcset=\"https:\/\/berni.fmode.de\/wordpress\/wp-content\/uploads\/3-08.jpg 1200w, https:\/\/berni.fmode.de\/wordpress\/wp-content\/uploads\/3-08-300x225.jpg 300w, https:\/\/berni.fmode.de\/wordpress\/wp-content\/uploads\/3-08-1024x768.jpg 1024w, https:\/\/berni.fmode.de\/wordpress\/wp-content\/uploads\/3-08-400x300.jpg 400w\" sizes=\"(max-width: 1200px) 100vw, 1200px\" \/><\/a><p id=\"caption-attachment-13588\" class=\"wp-caption-text\">&#8230;.. hier und da ein Bye-bye im Vor\u00fcbergehen&#8230;..<\/p><\/div>\n<div id=\"attachment_13589\" style=\"width: 1210px\" class=\"wp-caption aligncenter\"><a href=\"https:\/\/berni.fmode.de\/wordpress\/wp-content\/uploads\/3-09.jpg\"><img loading=\"lazy\" decoding=\"async\" aria-describedby=\"caption-attachment-13589\" class=\" wp-image-13589\" alt=\"Heiligenstadt 2013\" src=\"https:\/\/berni.fmode.de\/wordpress\/wp-content\/uploads\/3-09.jpg\" width=\"1200\" height=\"900\" srcset=\"https:\/\/berni.fmode.de\/wordpress\/wp-content\/uploads\/3-09.jpg 1200w, https:\/\/berni.fmode.de\/wordpress\/wp-content\/uploads\/3-09-300x225.jpg 300w, https:\/\/berni.fmode.de\/wordpress\/wp-content\/uploads\/3-09-1024x768.jpg 1024w, https:\/\/berni.fmode.de\/wordpress\/wp-content\/uploads\/3-09-400x300.jpg 400w\" sizes=\"(max-width: 1200px) 100vw, 1200px\" \/><\/a><p id=\"caption-attachment-13589\" class=\"wp-caption-text\">&#8230;.. ein letzter Toilettenbesuch, der ein wenig Geduld und Wartezeit verlangt &#8230;..<\/p><\/div>\n<div id=\"attachment_13590\" style=\"width: 1210px\" class=\"wp-caption aligncenter\"><a href=\"https:\/\/berni.fmode.de\/wordpress\/wp-content\/uploads\/3-10.jpg\"><img loading=\"lazy\" decoding=\"async\" aria-describedby=\"caption-attachment-13590\" class=\" wp-image-13590\" alt=\"Heiligenstadt 2013\" src=\"https:\/\/berni.fmode.de\/wordpress\/wp-content\/uploads\/3-10.jpg\" width=\"1200\" height=\"900\" srcset=\"https:\/\/berni.fmode.de\/wordpress\/wp-content\/uploads\/3-10.jpg 1200w, https:\/\/berni.fmode.de\/wordpress\/wp-content\/uploads\/3-10-300x225.jpg 300w, https:\/\/berni.fmode.de\/wordpress\/wp-content\/uploads\/3-10-1024x768.jpg 1024w, https:\/\/berni.fmode.de\/wordpress\/wp-content\/uploads\/3-10-400x300.jpg 400w\" sizes=\"(max-width: 1200px) 100vw, 1200px\" \/><\/a><p id=\"caption-attachment-13590\" class=\"wp-caption-text\">&#8230;.. ein kurzes Gespr\u00e4ch mit Chris &#8230;..<\/p><\/div>\n<div id=\"attachment_13591\" style=\"width: 1210px\" class=\"wp-caption aligncenter\"><a href=\"https:\/\/berni.fmode.de\/wordpress\/wp-content\/uploads\/3-11.jpg\"><img loading=\"lazy\" decoding=\"async\" aria-describedby=\"caption-attachment-13591\" class=\" wp-image-13591\" alt=\"Heiligenstadt 2013\" src=\"https:\/\/berni.fmode.de\/wordpress\/wp-content\/uploads\/3-11.jpg\" width=\"1200\" height=\"900\" srcset=\"https:\/\/berni.fmode.de\/wordpress\/wp-content\/uploads\/3-11.jpg 1200w, https:\/\/berni.fmode.de\/wordpress\/wp-content\/uploads\/3-11-300x225.jpg 300w, https:\/\/berni.fmode.de\/wordpress\/wp-content\/uploads\/3-11-1024x768.jpg 1024w, https:\/\/berni.fmode.de\/wordpress\/wp-content\/uploads\/3-11-400x300.jpg 400w\" sizes=\"(max-width: 1200px) 100vw, 1200px\" \/><\/a><p id=\"caption-attachment-13591\" class=\"wp-caption-text\">&#8230;.. ein allerletzter Kaffee &#8230;..<\/p><\/div>\n<div id=\"attachment_13592\" style=\"width: 1210px\" class=\"wp-caption aligncenter\"><a href=\"https:\/\/berni.fmode.de\/wordpress\/wp-content\/uploads\/3-12.jpg\"><img loading=\"lazy\" decoding=\"async\" aria-describedby=\"caption-attachment-13592\" class=\" wp-image-13592\" alt=\"Heiligenstadt 2013\" src=\"https:\/\/berni.fmode.de\/wordpress\/wp-content\/uploads\/3-12.jpg\" width=\"1200\" height=\"900\" srcset=\"https:\/\/berni.fmode.de\/wordpress\/wp-content\/uploads\/3-12.jpg 1200w, https:\/\/berni.fmode.de\/wordpress\/wp-content\/uploads\/3-12-300x225.jpg 300w, https:\/\/berni.fmode.de\/wordpress\/wp-content\/uploads\/3-12-1024x768.jpg 1024w, https:\/\/berni.fmode.de\/wordpress\/wp-content\/uploads\/3-12-400x300.jpg 400w\" sizes=\"(max-width: 1200px) 100vw, 1200px\" \/><\/a><p id=\"caption-attachment-13592\" class=\"wp-caption-text\">&#8230;.. ein Blick auf in Transporterb\u00e4uchen verschwindende Maschinen &#8230;..<\/p><\/div>\n<div id=\"attachment_13593\" style=\"width: 1210px\" class=\"wp-caption aligncenter\"><a href=\"https:\/\/berni.fmode.de\/wordpress\/wp-content\/uploads\/3-13.jpg\"><img loading=\"lazy\" decoding=\"async\" aria-describedby=\"caption-attachment-13593\" class=\" wp-image-13593\" alt=\"Heiligenstadt 2013\" src=\"https:\/\/berni.fmode.de\/wordpress\/wp-content\/uploads\/3-13.jpg\" width=\"1200\" height=\"900\" srcset=\"https:\/\/berni.fmode.de\/wordpress\/wp-content\/uploads\/3-13.jpg 1200w, https:\/\/berni.fmode.de\/wordpress\/wp-content\/uploads\/3-13-300x225.jpg 300w, https:\/\/berni.fmode.de\/wordpress\/wp-content\/uploads\/3-13-1024x768.jpg 1024w, https:\/\/berni.fmode.de\/wordpress\/wp-content\/uploads\/3-13-400x300.jpg 400w\" sizes=\"(max-width: 1200px) 100vw, 1200px\" \/><\/a><p id=\"caption-attachment-13593\" class=\"wp-caption-text\">&#8230; ein Ciao zu Morgenmuffel Andreas &#8230;..<\/p><\/div>\n<div id=\"attachment_13594\" style=\"width: 1210px\" class=\"wp-caption aligncenter\"><a href=\"https:\/\/berni.fmode.de\/wordpress\/wp-content\/uploads\/3-14.jpg\"><img loading=\"lazy\" decoding=\"async\" aria-describedby=\"caption-attachment-13594\" class=\" wp-image-13594\" alt=\"Heiligenstadt 2013\" src=\"https:\/\/berni.fmode.de\/wordpress\/wp-content\/uploads\/3-14.jpg\" width=\"1200\" height=\"900\" srcset=\"https:\/\/berni.fmode.de\/wordpress\/wp-content\/uploads\/3-14.jpg 1200w, https:\/\/berni.fmode.de\/wordpress\/wp-content\/uploads\/3-14-300x225.jpg 300w, https:\/\/berni.fmode.de\/wordpress\/wp-content\/uploads\/3-14-1024x768.jpg 1024w, https:\/\/berni.fmode.de\/wordpress\/wp-content\/uploads\/3-14-400x300.jpg 400w\" sizes=\"(max-width: 1200px) 100vw, 1200px\" \/><\/a><p id=\"caption-attachment-13594\" class=\"wp-caption-text\">&#8230; ein &#8222;Machts gut&#8220; an die Neandertaler &#8230;..<\/p><\/div>\n<div id=\"attachment_13595\" style=\"width: 1210px\" class=\"wp-caption aligncenter\"><a href=\"https:\/\/berni.fmode.de\/wordpress\/wp-content\/uploads\/3-15.jpg\"><img loading=\"lazy\" decoding=\"async\" aria-describedby=\"caption-attachment-13595\" class=\" wp-image-13595\" alt=\"Heiligenstadt 2013\" src=\"https:\/\/berni.fmode.de\/wordpress\/wp-content\/uploads\/3-15.jpg\" width=\"1200\" height=\"900\" srcset=\"https:\/\/berni.fmode.de\/wordpress\/wp-content\/uploads\/3-15.jpg 1200w, https:\/\/berni.fmode.de\/wordpress\/wp-content\/uploads\/3-15-300x225.jpg 300w, https:\/\/berni.fmode.de\/wordpress\/wp-content\/uploads\/3-15-1024x768.jpg 1024w, https:\/\/berni.fmode.de\/wordpress\/wp-content\/uploads\/3-15-400x300.jpg 400w\" sizes=\"(max-width: 1200px) 100vw, 1200px\" \/><\/a><p id=\"caption-attachment-13595\" class=\"wp-caption-text\">&#8230;. ein Adieu nach Dresden &#8211; und schon sind wir bei mittlerem Regen auf den nassen Strassen von Oberfranken unterwegs \u00fcber Sche\u00dflitz nach Breiteng\u00fcsbach.<\/p><\/div>\n<div id=\"attachment_13596\" style=\"width: 1210px\" class=\"wp-caption aligncenter\"><a href=\"https:\/\/berni.fmode.de\/wordpress\/wp-content\/uploads\/3-16.jpg\"><img loading=\"lazy\" decoding=\"async\" aria-describedby=\"caption-attachment-13596\" class=\" wp-image-13596\" alt=\"Heiligenstadt 2013\" src=\"https:\/\/berni.fmode.de\/wordpress\/wp-content\/uploads\/3-16.jpg\" width=\"1200\" height=\"900\" srcset=\"https:\/\/berni.fmode.de\/wordpress\/wp-content\/uploads\/3-16.jpg 1200w, https:\/\/berni.fmode.de\/wordpress\/wp-content\/uploads\/3-16-300x225.jpg 300w, https:\/\/berni.fmode.de\/wordpress\/wp-content\/uploads\/3-16-1024x768.jpg 1024w, https:\/\/berni.fmode.de\/wordpress\/wp-content\/uploads\/3-16-400x300.jpg 400w\" sizes=\"(max-width: 1200px) 100vw, 1200px\" \/><\/a><p id=\"caption-attachment-13596\" class=\"wp-caption-text\">Anfangs fahre ich sehr vorsichtig und nehme viel R\u00fccksicht auf den Schraubnippel am Gaszug. Aber die Reparatur scheint zu halten und bald fahre ich wie immer. Im Grabfeld h\u00f6rt auch der Regen auf und die Strassen fangen an zu trocknen. Kalt bleibt es allerdings.<\/p><\/div>\n<div id=\"attachment_13597\" style=\"width: 1210px\" class=\"wp-caption aligncenter\"><a href=\"https:\/\/berni.fmode.de\/wordpress\/wp-content\/uploads\/3-17.jpg\"><img loading=\"lazy\" decoding=\"async\" aria-describedby=\"caption-attachment-13597\" class=\" wp-image-13597\" alt=\"Heiligenstadt 2013\" src=\"https:\/\/berni.fmode.de\/wordpress\/wp-content\/uploads\/3-17.jpg\" width=\"1200\" height=\"900\" srcset=\"https:\/\/berni.fmode.de\/wordpress\/wp-content\/uploads\/3-17.jpg 1200w, https:\/\/berni.fmode.de\/wordpress\/wp-content\/uploads\/3-17-300x225.jpg 300w, https:\/\/berni.fmode.de\/wordpress\/wp-content\/uploads\/3-17-1024x768.jpg 1024w, https:\/\/berni.fmode.de\/wordpress\/wp-content\/uploads\/3-17-400x300.jpg 400w\" sizes=\"(max-width: 1200px) 100vw, 1200px\" \/><\/a><p id=\"caption-attachment-13597\" class=\"wp-caption-text\">Richtig k\u00fchl wird es noch einmal in der Rh\u00f6n, aber es bleibt f\u00fcr den Rest des Tages trocken. Die kalte Rh\u00f6n entsch\u00e4digt uns mit aparter Landschaft.<\/p><\/div>\n<div id=\"attachment_13598\" style=\"width: 1210px\" class=\"wp-caption aligncenter\"><a href=\"https:\/\/berni.fmode.de\/wordpress\/wp-content\/uploads\/3-18.jpg\"><img loading=\"lazy\" decoding=\"async\" aria-describedby=\"caption-attachment-13598\" class=\" wp-image-13598\" alt=\"Heiligenstadt 2013\" src=\"https:\/\/berni.fmode.de\/wordpress\/wp-content\/uploads\/3-18.jpg\" width=\"1200\" height=\"900\" srcset=\"https:\/\/berni.fmode.de\/wordpress\/wp-content\/uploads\/3-18.jpg 1200w, https:\/\/berni.fmode.de\/wordpress\/wp-content\/uploads\/3-18-300x225.jpg 300w, https:\/\/berni.fmode.de\/wordpress\/wp-content\/uploads\/3-18-1024x768.jpg 1024w, https:\/\/berni.fmode.de\/wordpress\/wp-content\/uploads\/3-18-400x300.jpg 400w\" sizes=\"(max-width: 1200px) 100vw, 1200px\" \/><\/a><p id=\"caption-attachment-13598\" class=\"wp-caption-text\">In Kalbach bei Fulda schauen wir kurz ins Schaufenster vom Motorradmeister Druschel, der immer sch\u00f6ne Klassiker zeigt: Alte Honda, Engl\u00e4nder und nette Enfield-Umbauten.<\/p><\/div>\n<div id=\"attachment_13599\" style=\"width: 1210px\" class=\"wp-caption aligncenter\"><a href=\"https:\/\/berni.fmode.de\/wordpress\/wp-content\/uploads\/3-19.jpg\"><img loading=\"lazy\" decoding=\"async\" aria-describedby=\"caption-attachment-13599\" class=\" wp-image-13599\" alt=\"Heiligenstadt 2013\" src=\"https:\/\/berni.fmode.de\/wordpress\/wp-content\/uploads\/3-19.jpg\" width=\"1200\" height=\"900\" srcset=\"https:\/\/berni.fmode.de\/wordpress\/wp-content\/uploads\/3-19.jpg 1200w, https:\/\/berni.fmode.de\/wordpress\/wp-content\/uploads\/3-19-300x225.jpg 300w, https:\/\/berni.fmode.de\/wordpress\/wp-content\/uploads\/3-19-1024x768.jpg 1024w, https:\/\/berni.fmode.de\/wordpress\/wp-content\/uploads\/3-19-400x300.jpg 400w\" sizes=\"(max-width: 1200px) 100vw, 1200px\" \/><\/a><p id=\"caption-attachment-13599\" class=\"wp-caption-text\">Weils am Wege liegt und wir einen Kaffee brauchen, geht es hoch auf den Hoherodskopf, der in dichtem Nebel liegt. Bei diesem Wetter sind keine weiteren Motorradfahrer hier zu sehen, aber daf\u00fcr diese drei sch\u00f6nen, alten Vickies.<\/p><\/div>\n<div id=\"attachment_13600\" style=\"width: 1210px\" class=\"wp-caption aligncenter\"><a href=\"https:\/\/berni.fmode.de\/wordpress\/wp-content\/uploads\/3-20.jpg\"><img loading=\"lazy\" decoding=\"async\" aria-describedby=\"caption-attachment-13600\" class=\" wp-image-13600\" alt=\"Heiligenstadt 2013\" src=\"https:\/\/berni.fmode.de\/wordpress\/wp-content\/uploads\/3-20.jpg\" width=\"1200\" height=\"900\" srcset=\"https:\/\/berni.fmode.de\/wordpress\/wp-content\/uploads\/3-20.jpg 1200w, https:\/\/berni.fmode.de\/wordpress\/wp-content\/uploads\/3-20-300x225.jpg 300w, https:\/\/berni.fmode.de\/wordpress\/wp-content\/uploads\/3-20-1024x768.jpg 1024w, https:\/\/berni.fmode.de\/wordpress\/wp-content\/uploads\/3-20-400x300.jpg 400w\" sizes=\"(max-width: 1200px) 100vw, 1200px\" \/><\/a><p id=\"caption-attachment-13600\" class=\"wp-caption-text\">Nach dem sch\u00f6nen Wochenende in der Fr\u00e4nkischen Schweiz wird uns hier klar, dass der Herbst beginnt. Aber ganz sicher wird es noch ein paar richtig sch\u00f6ne Tage geben.<\/p><\/div>\n<p style=\"text-align: center;\">\n<p>\u00a0Das war&#8217;s, was ich euch \u00fcber das MZ-Forumstreffen 2013 im sch\u00f6nen Heiligenstadt erz\u00e4hlen wollte. Das Treffen war ein voller Erfolg und das Orga-Team hat hervorragende Arbeit geleistet. Mit einer letzten virtuellen Verbeugung verabschiede ich mich von dieser gelungenen Veranstaltung und sage: Auf Wiedersehen in Heiligenstadt 2015&#8243;.<\/p>\n<p><a href=\"https:\/\/berni.fmode.de\/wordpress\/?page_id=13534\">&lt;Zur\u00fcck zum Samstag<\/a>\u00a0 \u00a0 \u00a0<a href=\"https:\/\/berni.fmode.de\/wordpress\/?p=13602\">&lt;Zur\u00fcck zur Startseite<\/a><\/p>\n","protected":false},"excerpt":{"rendered":"<p>Schon erschreckend, wie schnell so ein Wochenende in guter Gesellschaft vorbei geht &#8211; die Zeit rast nur so. Wenn ich das mit den qu\u00e4lenden Stunden im B\u00fcro vergleiche &#8211; aber lassen wir das. Das Wetter soll heute ein wenig kippen &hellip; <a href=\"https:\/\/berni.fmode.de\/wordpress\/?page_id=13580\">Weiterlesen <span class=\"meta-nav\">&rarr;<\/span><\/a><\/p>\n","protected":false},"author":1,"featured_media":0,"parent":0,"menu_order":0,"comment_status":"closed","ping_status":"closed","template":"","meta":{"footnotes":""},"_links":{"self":[{"href":"https:\/\/berni.fmode.de\/wordpress\/index.php?rest_route=\/wp\/v2\/pages\/13580"}],"collection":[{"href":"https:\/\/berni.fmode.de\/wordpress\/index.php?rest_route=\/wp\/v2\/pages"}],"about":[{"href":"https:\/\/berni.fmode.de\/wordpress\/index.php?rest_route=\/wp\/v2\/types\/page"}],"author":[{"embeddable":true,"href":"https:\/\/berni.fmode.de\/wordpress\/index.php?rest_route=\/wp\/v2\/users\/1"}],"replies":[{"embeddable":true,"href":"https:\/\/berni.fmode.de\/wordpress\/index.php?rest_route=%2Fwp%2Fv2%2Fcomments&post=13580"}],"version-history":[{"count":4,"href":"https:\/\/berni.fmode.de\/wordpress\/index.php?rest_route=\/wp\/v2\/pages\/13580\/revisions"}],"predecessor-version":[{"id":13630,"href":"https:\/\/berni.fmode.de\/wordpress\/index.php?rest_route=\/wp\/v2\/pages\/13580\/revisions\/13630"}],"wp:attachment":[{"href":"https:\/\/berni.fmode.de\/wordpress\/index.php?rest_route=%2Fwp%2Fv2%2Fmedia&parent=13580"}],"curies":[{"name":"wp","href":"https:\/\/api.w.org\/{rel}","templated":true}]}}