{"id":11006,"date":"2013-04-04T18:43:46","date_gmt":"2013-04-04T17:43:46","guid":{"rendered":"http:\/\/berni.fmode.de\/wordpress\/?page_id=11006"},"modified":"2013-04-08T18:23:59","modified_gmt":"2013-04-08T17:23:59","slug":"28-3-der-grose-regen-einkauf-und-karten","status":"publish","type":"page","link":"https:\/\/berni.fmode.de\/wordpress\/?page_id=11006","title":{"rendered":"28.3: Der gro\u00dfe Regen, Einkauf und Karten"},"content":{"rendered":"<p>In der kommenden Nacht kommt dann so richtig der Regen herunter. Und es klingt nicht so, als w\u00fcrde das bald aufh\u00f6ren. Naja, beim Schlafen ist es uns nat\u00fcrlich egal, aber am Morgen regnet es immer noch. OK, innerlich haken wir diesen Tag als Fahrtag ab. Beklagen wollen wir uns aber deshalb nicht, denn die bisherigen Tage waren wesentlich besser als die Vorhersagen. Und 1000 mal besser als das deprimierende Vogelsberg-Wetter.<\/p>\n<div id=\"attachment_11008\" style=\"width: 1210px\" class=\"wp-caption aligncenter\"><a href=\"https:\/\/berni.fmode.de\/wordpress\/wp-content\/uploads\/pic01549.jpg\"><img loading=\"lazy\" decoding=\"async\" aria-describedby=\"caption-attachment-11008\" class=\" wp-image-11008\" alt=\"Anduze\" src=\"https:\/\/berni.fmode.de\/wordpress\/wp-content\/uploads\/pic01549.jpg\" width=\"1200\" height=\"900\" srcset=\"https:\/\/berni.fmode.de\/wordpress\/wp-content\/uploads\/pic01549.jpg 1200w, https:\/\/berni.fmode.de\/wordpress\/wp-content\/uploads\/pic01549-300x225.jpg 300w, https:\/\/berni.fmode.de\/wordpress\/wp-content\/uploads\/pic01549-1024x768.jpg 1024w, https:\/\/berni.fmode.de\/wordpress\/wp-content\/uploads\/pic01549-400x300.jpg 400w\" sizes=\"(max-width: 1200px) 100vw, 1200px\" \/><\/a><p id=\"caption-attachment-11008\" class=\"wp-caption-text\">Der morgendliche Blick aus dem Fenster macht klar: Das wird heute kein Tag zum Fahren. Allerdings hat der cevennische Regen durchaus seinen speziellen Charme.<\/p><\/div>\n<div id=\"attachment_11009\" style=\"width: 1210px\" class=\"wp-caption aligncenter\"><a href=\"https:\/\/berni.fmode.de\/wordpress\/wp-content\/uploads\/pic02533.jpg\"><img loading=\"lazy\" decoding=\"async\" aria-describedby=\"caption-attachment-11009\" class=\" wp-image-11009\" alt=\"Anduze 2013\" src=\"https:\/\/berni.fmode.de\/wordpress\/wp-content\/uploads\/pic02533.jpg\" width=\"1200\" height=\"900\" srcset=\"https:\/\/berni.fmode.de\/wordpress\/wp-content\/uploads\/pic02533.jpg 1200w, https:\/\/berni.fmode.de\/wordpress\/wp-content\/uploads\/pic02533-300x225.jpg 300w, https:\/\/berni.fmode.de\/wordpress\/wp-content\/uploads\/pic02533-1024x768.jpg 1024w, https:\/\/berni.fmode.de\/wordpress\/wp-content\/uploads\/pic02533-400x300.jpg 400w\" sizes=\"(max-width: 1200px) 100vw, 1200px\" \/><\/a><p id=\"caption-attachment-11009\" class=\"wp-caption-text\">Das Strohdach des Carports sch\u00fctzt unsere Dreizylinder nicht wirklich. Englische Motorr\u00e4der k\u00f6nnen das aber ab.<\/p><\/div>\n<div id=\"attachment_11010\" style=\"width: 1210px\" class=\"wp-caption aligncenter\"><a href=\"https:\/\/berni.fmode.de\/wordpress\/wp-content\/uploads\/pic03496.jpg\"><img loading=\"lazy\" decoding=\"async\" aria-describedby=\"caption-attachment-11010\" class=\" wp-image-11010\" alt=\"Anduze\" src=\"https:\/\/berni.fmode.de\/wordpress\/wp-content\/uploads\/pic03496.jpg\" width=\"1200\" height=\"900\" srcset=\"https:\/\/berni.fmode.de\/wordpress\/wp-content\/uploads\/pic03496.jpg 1200w, https:\/\/berni.fmode.de\/wordpress\/wp-content\/uploads\/pic03496-300x225.jpg 300w, https:\/\/berni.fmode.de\/wordpress\/wp-content\/uploads\/pic03496-1024x768.jpg 1024w, https:\/\/berni.fmode.de\/wordpress\/wp-content\/uploads\/pic03496-400x300.jpg 400w\" sizes=\"(max-width: 1200px) 100vw, 1200px\" \/><\/a><p id=\"caption-attachment-11010\" class=\"wp-caption-text\">Also steigen wir in den Peugeot und fahren hinunter ins St\u00e4dtchen, nach Anduze. Entsprechend franz\u00f6sischer Lebensart verbringen wir etliche Stunden bei Kaffee, Chocolade und Croisons in unserem Stamm-Cafe, dem Cafe Centre. Dabei st\u00f6rt der Regen nicht die Bohne.<\/p><\/div>\n<div id=\"attachment_11011\" style=\"width: 1210px\" class=\"wp-caption aligncenter\"><a href=\"https:\/\/berni.fmode.de\/wordpress\/wp-content\/uploads\/pic04448.jpg\"><img loading=\"lazy\" decoding=\"async\" aria-describedby=\"caption-attachment-11011\" class=\" wp-image-11011\" alt=\"Anduze 2013\" src=\"https:\/\/berni.fmode.de\/wordpress\/wp-content\/uploads\/pic04448.jpg\" width=\"1200\" height=\"900\" srcset=\"https:\/\/berni.fmode.de\/wordpress\/wp-content\/uploads\/pic04448.jpg 1200w, https:\/\/berni.fmode.de\/wordpress\/wp-content\/uploads\/pic04448-300x225.jpg 300w, https:\/\/berni.fmode.de\/wordpress\/wp-content\/uploads\/pic04448-1024x768.jpg 1024w, https:\/\/berni.fmode.de\/wordpress\/wp-content\/uploads\/pic04448-400x300.jpg 400w\" sizes=\"(max-width: 1200px) 100vw, 1200px\" \/><\/a><p id=\"caption-attachment-11011\" class=\"wp-caption-text\">Irgendwann um die Mittagsstunde raffen wir uns auf und fahren zum Super Marchee, der viele Produkte der Region in seinem Sortiment hat. Wir decken uns mit allen Grundnahrungsmitteln ein, also mit Brot, K\u00e4se und Rotwein. Was wir erstaunlicherweise nicht bekommen, ist Calvados.<\/p><\/div>\n<div id=\"attachment_11012\" style=\"width: 1210px\" class=\"wp-caption aligncenter\"><a href=\"https:\/\/berni.fmode.de\/wordpress\/wp-content\/uploads\/pic05382.jpg\"><img loading=\"lazy\" decoding=\"async\" aria-describedby=\"caption-attachment-11012\" class=\" wp-image-11012\" alt=\"Anduze 2013\" src=\"https:\/\/berni.fmode.de\/wordpress\/wp-content\/uploads\/pic05382.jpg\" width=\"1200\" height=\"900\" srcset=\"https:\/\/berni.fmode.de\/wordpress\/wp-content\/uploads\/pic05382.jpg 1200w, https:\/\/berni.fmode.de\/wordpress\/wp-content\/uploads\/pic05382-300x225.jpg 300w, https:\/\/berni.fmode.de\/wordpress\/wp-content\/uploads\/pic05382-1024x768.jpg 1024w, https:\/\/berni.fmode.de\/wordpress\/wp-content\/uploads\/pic05382-400x300.jpg 400w\" sizes=\"(max-width: 1200px) 100vw, 1200px\" \/><\/a><p id=\"caption-attachment-11012\" class=\"wp-caption-text\">Zuhause im Mas Suejol wird der Kamin angefeuert, Hubert bereitet die zweite Lage Entrecotes zu und dann spielen wir etliche Stunden Skat mit einem alten milanesischen Blatt, das eigentlich nicht f\u00fcr Skat vorgesehen ist. Und dabei fliesst so manches Fl\u00e4schchen Rotwein durch die durstigen Kehlen. Auch so kann der gemeine Motorradfahrer mal einen Abend verbringen.<\/p><\/div>\n<p style=\"text-align: left;\"><strong><a href=\"https:\/\/berni.fmode.de\/wordpress\/?page_id=10971\">Zur\u00fcck zur vorherigen Seite <\/a>\u00a0 \u00a0 \u00a0 \u00a0 \u00a0\u00a0<a href=\"https:\/\/berni.fmode.de\/wordpress\/?page_id=11017\">Zur n\u00e4chsten Seite<\/a><\/strong><\/p>\n","protected":false},"excerpt":{"rendered":"<p>In der kommenden Nacht kommt dann so richtig der Regen herunter. Und es klingt nicht so, als w\u00fcrde das bald aufh\u00f6ren. Naja, beim Schlafen ist es uns nat\u00fcrlich egal, aber am Morgen regnet es immer noch. OK, innerlich haken wir &hellip; <a href=\"https:\/\/berni.fmode.de\/wordpress\/?page_id=11006\">Weiterlesen <span class=\"meta-nav\">&rarr;<\/span><\/a><\/p>\n","protected":false},"author":1,"featured_media":0,"parent":0,"menu_order":0,"comment_status":"closed","ping_status":"closed","template":"","meta":{"footnotes":""},"_links":{"self":[{"href":"https:\/\/berni.fmode.de\/wordpress\/index.php?rest_route=\/wp\/v2\/pages\/11006"}],"collection":[{"href":"https:\/\/berni.fmode.de\/wordpress\/index.php?rest_route=\/wp\/v2\/pages"}],"about":[{"href":"https:\/\/berni.fmode.de\/wordpress\/index.php?rest_route=\/wp\/v2\/types\/page"}],"author":[{"embeddable":true,"href":"https:\/\/berni.fmode.de\/wordpress\/index.php?rest_route=\/wp\/v2\/users\/1"}],"replies":[{"embeddable":true,"href":"https:\/\/berni.fmode.de\/wordpress\/index.php?rest_route=%2Fwp%2Fv2%2Fcomments&post=11006"}],"version-history":[{"count":6,"href":"https:\/\/berni.fmode.de\/wordpress\/index.php?rest_route=\/wp\/v2\/pages\/11006\/revisions"}],"predecessor-version":[{"id":11228,"href":"https:\/\/berni.fmode.de\/wordpress\/index.php?rest_route=\/wp\/v2\/pages\/11006\/revisions\/11228"}],"wp:attachment":[{"href":"https:\/\/berni.fmode.de\/wordpress\/index.php?rest_route=%2Fwp%2Fv2%2Fmedia&parent=11006"}],"curies":[{"name":"wp","href":"https:\/\/api.w.org\/{rel}","templated":true}]}}