{"id":10798,"date":"2013-03-08T07:41:13","date_gmt":"2013-03-08T06:41:13","guid":{"rendered":"http:\/\/berni.fmode.de\/wordpress\/?page_id=10798"},"modified":"2013-03-08T07:50:58","modified_gmt":"2013-03-08T06:50:58","slug":"bebilderte-planeta-typenkunde","status":"publish","type":"page","link":"https:\/\/berni.fmode.de\/wordpress\/?page_id=10798","title":{"rendered":"Bebilderte Planeta-Typenkunde"},"content":{"rendered":"<p><strong>Der Versuch einer bebilderten Typengeschichte<\/strong><\/p>\n<p>Aufgrund fehlender Informationen aus Izhevsk d\u00fcrfte es schwierig und vielleicht sogar unm\u00f6glich sein, eine vollst\u00e4ndige und korrekte Typengeschichte zu dokumentieren. Ich versuche es dennoch, aber was hier steht, erhebt keinen Anspruch auf letzte Korrektheit und Vollst\u00e4ndigkeit. Vielleicht ergibt sich im Laufe der Zeit und in Verbindung mit anderen Informationen ein roter Faden.<br \/>\nWer als Freund russischer Motorr\u00e4der den Klassiker &#8222;Mit Hammer und Schl\u00fcssel&#8220; kennt, wird sich an \u00e4hnliche Aussagen \u00fcber die Historie der Russenboxer erinnern. Ist also in Russland wohl nicht ungew\u00f6hnlich und so sollten auch wir akzeptieren, dass es gl\u00fccklicherweise noch eine Welt neben ISO 9001, BWL und SAP gibt.<\/p>\n<div id=\"attachment_10799\" style=\"width: 610px\" class=\"wp-caption alignnone\"><a href=\"https:\/\/berni.fmode.de\/wordpress\/wp-content\/uploads\/i01.jpg\"><img loading=\"lazy\" decoding=\"async\" aria-describedby=\"caption-attachment-10799\" class=\"wp-image-10799 \" alt=\"i01\" src=\"https:\/\/berni.fmode.de\/wordpress\/wp-content\/uploads\/i01.jpg\" width=\"600\" height=\"450\" srcset=\"https:\/\/berni.fmode.de\/wordpress\/wp-content\/uploads\/i01.jpg 600w, https:\/\/berni.fmode.de\/wordpress\/wp-content\/uploads\/i01-300x225.jpg 300w, https:\/\/berni.fmode.de\/wordpress\/wp-content\/uploads\/i01-400x300.jpg 400w\" sizes=\"(max-width: 600px) 100vw, 600px\" \/><\/a><p id=\"caption-attachment-10799\" class=\"wp-caption-text\">Der Urahn: IZH 350 mit eindeutigen \u00c4hnlichkeiten zur Mutter, der DKW 350 NZ. Vorn Trapezgabel, hinten gar keine Federung &#8211; echte 30er Jahre Technik.<\/p><\/div>\n<p>&nbsp;<\/p>\n<div id=\"attachment_10800\" style=\"width: 510px\" class=\"wp-caption alignnone\"><a href=\"https:\/\/berni.fmode.de\/wordpress\/wp-content\/uploads\/i02.jpg\"><img loading=\"lazy\" decoding=\"async\" aria-describedby=\"caption-attachment-10800\" class=\"size-full wp-image-10800 \" alt=\"i02\" src=\"https:\/\/berni.fmode.de\/wordpress\/wp-content\/uploads\/i02.jpg\" width=\"500\" height=\"356\" srcset=\"https:\/\/berni.fmode.de\/wordpress\/wp-content\/uploads\/i02.jpg 500w, https:\/\/berni.fmode.de\/wordpress\/wp-content\/uploads\/i02-300x213.jpg 300w, https:\/\/berni.fmode.de\/wordpress\/wp-content\/uploads\/i02-421x300.jpg 421w\" sizes=\"(max-width: 500px) 100vw, 500px\" \/><\/a><p id=\"caption-attachment-10800\" class=\"wp-caption-text\">Wie schon die DKW NZ 350 war auch das russische Pendant IZH 350 ein Motorrad von klassischer Sch\u00f6nheit.<\/p><\/div>\n<p>&nbsp;<\/p>\n<div id=\"attachment_10801\" style=\"width: 510px\" class=\"wp-caption alignnone\"><a href=\"https:\/\/berni.fmode.de\/wordpress\/wp-content\/uploads\/i03.jpg\"><img loading=\"lazy\" decoding=\"async\" aria-describedby=\"caption-attachment-10801\" class=\"size-full wp-image-10801 \" alt=\"i03\" src=\"https:\/\/berni.fmode.de\/wordpress\/wp-content\/uploads\/i03.jpg\" width=\"500\" height=\"360\" srcset=\"https:\/\/berni.fmode.de\/wordpress\/wp-content\/uploads\/i03.jpg 500w, https:\/\/berni.fmode.de\/wordpress\/wp-content\/uploads\/i03-300x216.jpg 300w, https:\/\/berni.fmode.de\/wordpress\/wp-content\/uploads\/i03-416x300.jpg 416w\" sizes=\"(max-width: 500px) 100vw, 500px\" \/><\/a><p id=\"caption-attachment-10801\" class=\"wp-caption-text\">Dann kam die IZH 49, vorn mit moderner Telegabel und hinten mit der Geradweg-Federung. Der Motor nach wie vor mit Doppelport-Auspuffanlage. Der Rahmen hat noch die Rechteckprofile der IZH350.<\/p><\/div>\n<p>&nbsp;<\/p>\n<div id=\"attachment_10802\" style=\"width: 509px\" class=\"wp-caption alignnone\"><a href=\"https:\/\/berni.fmode.de\/wordpress\/wp-content\/uploads\/i04.jpg\"><img loading=\"lazy\" decoding=\"async\" aria-describedby=\"caption-attachment-10802\" class=\"size-full wp-image-10802 \" alt=\"i04\" src=\"https:\/\/berni.fmode.de\/wordpress\/wp-content\/uploads\/i04.jpg\" width=\"499\" height=\"317\" srcset=\"https:\/\/berni.fmode.de\/wordpress\/wp-content\/uploads\/i04.jpg 499w, https:\/\/berni.fmode.de\/wordpress\/wp-content\/uploads\/i04-300x190.jpg 300w, https:\/\/berni.fmode.de\/wordpress\/wp-content\/uploads\/i04-472x300.jpg 472w\" sizes=\"(max-width: 499px) 100vw, 499px\" \/><\/a><p id=\"caption-attachment-10802\" class=\"wp-caption-text\">Neben dem Fussschalthebel hat die IZH49 noch immer einen Handhebel. Ist das wom\u00f6glich nur ein Leerlauffinder oder ein vollwertiger Schalthebel?<\/p><\/div>\n<p>&nbsp;<\/p>\n<div id=\"attachment_10803\" style=\"width: 509px\" class=\"wp-caption alignnone\"><a href=\"https:\/\/berni.fmode.de\/wordpress\/wp-content\/uploads\/i05.jpg\"><img loading=\"lazy\" decoding=\"async\" aria-describedby=\"caption-attachment-10803\" class=\"size-full wp-image-10803 \" alt=\"i05\" src=\"https:\/\/berni.fmode.de\/wordpress\/wp-content\/uploads\/i05.jpg\" width=\"499\" height=\"339\" srcset=\"https:\/\/berni.fmode.de\/wordpress\/wp-content\/uploads\/i05.jpg 499w, https:\/\/berni.fmode.de\/wordpress\/wp-content\/uploads\/i05-300x203.jpg 300w, https:\/\/berni.fmode.de\/wordpress\/wp-content\/uploads\/i05-441x300.jpg 441w\" sizes=\"(max-width: 499px) 100vw, 499px\" \/><\/a><p id=\"caption-attachment-10803\" class=\"wp-caption-text\">Mit der IZH56 wird es jetzt richtig modern &#8211; Weltstandard! Telegabel, Hinterradschwinge, grosse Vollnabenbremsen, Vergaserverkleidung &#8211; aber immer noch den Handschalthebel und der Motor hat sich sowieso nicht wirklich ver\u00e4ndert. Die Leistung ist aber immer wieder sanft angehoben worden.<\/p><\/div>\n<p>&nbsp;<\/p>\n<div id=\"attachment_10804\" style=\"width: 510px\" class=\"wp-caption alignnone\"><a href=\"https:\/\/berni.fmode.de\/wordpress\/wp-content\/uploads\/i06.jpg\"><img loading=\"lazy\" decoding=\"async\" aria-describedby=\"caption-attachment-10804\" class=\"size-full wp-image-10804 \" alt=\"i06\" src=\"https:\/\/berni.fmode.de\/wordpress\/wp-content\/uploads\/i06.jpg\" width=\"500\" height=\"348\" srcset=\"https:\/\/berni.fmode.de\/wordpress\/wp-content\/uploads\/i06.jpg 500w, https:\/\/berni.fmode.de\/wordpress\/wp-content\/uploads\/i06-300x208.jpg 300w, https:\/\/berni.fmode.de\/wordpress\/wp-content\/uploads\/i06-431x300.jpg 431w\" sizes=\"(max-width: 500px) 100vw, 500px\" \/><\/a><p id=\"caption-attachment-10804\" class=\"wp-caption-text\">Sehr viele IZH56 wurden als Gespann gefahren und waren die typischen Arbeitspferde auf dem Lande. Und wie man sieht, war auch im kommunistischen Russland keineswegs alles nur schwarz oder grau.<\/p><\/div>\n<p>&nbsp;<\/p>\n<div id=\"attachment_10805\" style=\"width: 509px\" class=\"wp-caption alignnone\"><a href=\"https:\/\/berni.fmode.de\/wordpress\/wp-content\/uploads\/i07.jpg\"><img loading=\"lazy\" decoding=\"async\" aria-describedby=\"caption-attachment-10805\" class=\"size-full wp-image-10805 \" alt=\"i07\" src=\"https:\/\/berni.fmode.de\/wordpress\/wp-content\/uploads\/i07.jpg\" width=\"499\" height=\"359\" srcset=\"https:\/\/berni.fmode.de\/wordpress\/wp-content\/uploads\/i07.jpg 499w, https:\/\/berni.fmode.de\/wordpress\/wp-content\/uploads\/i07-300x215.jpg 300w, https:\/\/berni.fmode.de\/wordpress\/wp-content\/uploads\/i07-416x300.jpg 416w\" sizes=\"(max-width: 499px) 100vw, 499px\" \/><\/a><p id=\"caption-attachment-10805\" class=\"wp-caption-text\">Nach der IZH56 kommt die erste Planeta &#8211; die Planeta 2. Ob es auch eine Planeta 1 gegeben hat, entzieht sich meiner Kenntnis. Wer kann die L\u00fccke f\u00fcllen? Erstmalig entf\u00e4llt jetzt der Handschalthebel und das Design orientiert sich mit den schw\u00fclstigen Blechteilen am damaligen Geschmack der Kundschaft weltweit. Auch im Westen sahen viele Kr\u00e4der damals so und \u00e4hnlich aus.<\/p><\/div>\n<p>&nbsp;<\/p>\n<div id=\"attachment_10806\" style=\"width: 510px\" class=\"wp-caption alignnone\"><a href=\"https:\/\/berni.fmode.de\/wordpress\/wp-content\/uploads\/i08.jpg\"><img loading=\"lazy\" decoding=\"async\" aria-describedby=\"caption-attachment-10806\" class=\"size-full wp-image-10806 \" alt=\"i08\" src=\"https:\/\/berni.fmode.de\/wordpress\/wp-content\/uploads\/i08.jpg\" width=\"500\" height=\"350\" srcset=\"https:\/\/berni.fmode.de\/wordpress\/wp-content\/uploads\/i08.jpg 500w, https:\/\/berni.fmode.de\/wordpress\/wp-content\/uploads\/i08-300x210.jpg 300w, https:\/\/berni.fmode.de\/wordpress\/wp-content\/uploads\/i08-428x300.jpg 428w\" sizes=\"(max-width: 500px) 100vw, 500px\" \/><\/a><p id=\"caption-attachment-10806\" class=\"wp-caption-text\">Auch an der Planeta 2 ist der gute alte DKW NZ-Motor nahezu unver\u00e4ndert verbaut. Das ist wahre Tradition und ich denke, dass dieser Motor in seiner zweiten Heimat Russland so richtig reifen konnte.<\/p><\/div>\n<p>&nbsp;<\/p>\n<div id=\"attachment_10807\" style=\"width: 509px\" class=\"wp-caption alignnone\"><a href=\"https:\/\/berni.fmode.de\/wordpress\/wp-content\/uploads\/i09.jpg\"><img loading=\"lazy\" decoding=\"async\" aria-describedby=\"caption-attachment-10807\" class=\"size-full wp-image-10807 \" alt=\"i09\" src=\"https:\/\/berni.fmode.de\/wordpress\/wp-content\/uploads\/i09.jpg\" width=\"499\" height=\"340\" srcset=\"https:\/\/berni.fmode.de\/wordpress\/wp-content\/uploads\/i09.jpg 499w, https:\/\/berni.fmode.de\/wordpress\/wp-content\/uploads\/i09-300x204.jpg 300w, https:\/\/berni.fmode.de\/wordpress\/wp-content\/uploads\/i09-440x300.jpg 440w\" sizes=\"(max-width: 499px) 100vw, 499px\" \/><\/a><p id=\"caption-attachment-10807\" class=\"wp-caption-text\">Planeta 2 mit einem ungarischen Duna-Seitenwagen. Die IZH wurden in beinahe alle sozialistischen Bruderstaaten der UdSSR exportiert &#8211; nur in die DDR sind wohl sehr wenige gelangt. Viele, auch \u00e4ltere, DDR-B\u00fcrger kennen die IZH \u00fcberhaupt nicht.<\/p><\/div>\n<p>&nbsp;<\/p>\n<div id=\"attachment_10808\" style=\"width: 510px\" class=\"wp-caption alignnone\"><a href=\"https:\/\/berni.fmode.de\/wordpress\/wp-content\/uploads\/i10.jpg\"><img loading=\"lazy\" decoding=\"async\" aria-describedby=\"caption-attachment-10808\" class=\"size-full wp-image-10808 \" alt=\"i10\" src=\"https:\/\/berni.fmode.de\/wordpress\/wp-content\/uploads\/i10.jpg\" width=\"500\" height=\"375\" srcset=\"https:\/\/berni.fmode.de\/wordpress\/wp-content\/uploads\/i10.jpg 500w, https:\/\/berni.fmode.de\/wordpress\/wp-content\/uploads\/i10-300x225.jpg 300w, https:\/\/berni.fmode.de\/wordpress\/wp-content\/uploads\/i10-400x300.jpg 400w\" sizes=\"(max-width: 500px) 100vw, 500px\" \/><\/a><p id=\"caption-attachment-10808\" class=\"wp-caption-text\">Mit der Planeta 3 gibt es wiederum nur sanfte Modellpflege. Leicht ge\u00e4ndertes Design, besonders an der Tankform zu erkennen. Charakteristisch ist der Halteb\u00fcgel der Sitzbank.<\/p><\/div>\n<p>&nbsp;<\/p>\n<div id=\"attachment_10809\" style=\"width: 509px\" class=\"wp-caption alignnone\"><a href=\"https:\/\/berni.fmode.de\/wordpress\/wp-content\/uploads\/i11.jpg\"><img loading=\"lazy\" decoding=\"async\" aria-describedby=\"caption-attachment-10809\" class=\"size-full wp-image-10809  \" alt=\"i11\" src=\"https:\/\/berni.fmode.de\/wordpress\/wp-content\/uploads\/i11.jpg\" width=\"499\" height=\"339\" srcset=\"https:\/\/berni.fmode.de\/wordpress\/wp-content\/uploads\/i11.jpg 499w, https:\/\/berni.fmode.de\/wordpress\/wp-content\/uploads\/i11-300x203.jpg 300w, https:\/\/berni.fmode.de\/wordpress\/wp-content\/uploads\/i11-441x300.jpg 441w\" sizes=\"(max-width: 499px) 100vw, 499px\" \/><\/a><p id=\"caption-attachment-10809\" class=\"wp-caption-text\">Die Motordeckel haben sich ein wenig ge\u00e4ndert, der Motor selbst jedoch nur wenig. Nach wie vor atmet der langhubige Zweitakter seine Gase aus einer Doppelport-Anlage aus.<\/p><\/div>\n<p>&nbsp;<\/p>\n<div id=\"attachment_10810\" style=\"width: 508px\" class=\"wp-caption alignnone\"><a href=\"https:\/\/berni.fmode.de\/wordpress\/wp-content\/uploads\/i12.jpg\"><img loading=\"lazy\" decoding=\"async\" aria-describedby=\"caption-attachment-10810\" class=\"size-full wp-image-10810 \" alt=\"i12\" src=\"https:\/\/berni.fmode.de\/wordpress\/wp-content\/uploads\/i12.jpg\" width=\"498\" height=\"347\" srcset=\"https:\/\/berni.fmode.de\/wordpress\/wp-content\/uploads\/i12.jpg 498w, https:\/\/berni.fmode.de\/wordpress\/wp-content\/uploads\/i12-300x209.jpg 300w, https:\/\/berni.fmode.de\/wordpress\/wp-content\/uploads\/i12-430x300.jpg 430w\" sizes=\"(max-width: 498px) 100vw, 498px\" \/><\/a><p id=\"caption-attachment-10810\" class=\"wp-caption-text\">Die Planeta 4 sieht nun schon meiner Planeta 5 sehr \u00e4hnlich. Der auff\u00e4lligste Unterschied d\u00fcrfte die Doppelport-Auspuffanlage sein.<\/p><\/div>\n<p>&nbsp;<\/p>\n<div id=\"attachment_10811\" style=\"width: 509px\" class=\"wp-caption alignnone\"><a href=\"https:\/\/berni.fmode.de\/wordpress\/wp-content\/uploads\/i13.jpg\"><img loading=\"lazy\" decoding=\"async\" aria-describedby=\"caption-attachment-10811\" class=\"size-full wp-image-10811 \" alt=\"i13\" src=\"https:\/\/berni.fmode.de\/wordpress\/wp-content\/uploads\/i13.jpg\" width=\"499\" height=\"336\" srcset=\"https:\/\/berni.fmode.de\/wordpress\/wp-content\/uploads\/i13.jpg 499w, https:\/\/berni.fmode.de\/wordpress\/wp-content\/uploads\/i13-300x202.jpg 300w, https:\/\/berni.fmode.de\/wordpress\/wp-content\/uploads\/i13-445x300.jpg 445w\" sizes=\"(max-width: 499px) 100vw, 499px\" \/><\/a><p id=\"caption-attachment-10811\" class=\"wp-caption-text\">Und das Cockpit der Planeta 4 weicht stark sowohl von den Vorg\u00e4ngern als auch vom Nachfolger ab. Jetzt kommt eindeutig 70er und 80er Jahre Japan-Look ins Spiel. Tja, und der n\u00e4chste Typ ist bereits die Planeta 5, also das Motorrad, um das sich in diesem Blog sowieso alles dreht. Das stellen wir hier nat\u00fcrlich nicht noch einmal vor.<\/p><\/div>\n<p>&nbsp;<\/p>\n<div id=\"attachment_10812\" style=\"width: 509px\" class=\"wp-caption alignnone\"><a href=\"https:\/\/berni.fmode.de\/wordpress\/wp-content\/uploads\/i14.jpg\"><img loading=\"lazy\" decoding=\"async\" aria-describedby=\"caption-attachment-10812\" class=\"size-full wp-image-10812 \" alt=\"i14\" src=\"https:\/\/berni.fmode.de\/wordpress\/wp-content\/uploads\/i14.jpg\" width=\"499\" height=\"354\" srcset=\"https:\/\/berni.fmode.de\/wordpress\/wp-content\/uploads\/i14.jpg 499w, https:\/\/berni.fmode.de\/wordpress\/wp-content\/uploads\/i14-300x212.jpg 300w, https:\/\/berni.fmode.de\/wordpress\/wp-content\/uploads\/i14-422x300.jpg 422w\" sizes=\"(max-width: 499px) 100vw, 499px\" \/><\/a><p id=\"caption-attachment-10812\" class=\"wp-caption-text\">An dieser Stelle verlassen wir die Ahnenreihe der IZH 350 ff und der DKW NZ 350: Mit der Planeta Sport hat das Werk in Izhevsk etwas eigenst\u00e4ndiges auf die R\u00e4der gestellt. Hier erinnert eigentlich nichts mehr an die Ahnen aus Zschopau, auch der Motor nicht.<\/p><\/div>\n<p>&nbsp;<\/p>\n<div id=\"attachment_10813\" style=\"width: 509px\" class=\"wp-caption alignnone\"><a href=\"https:\/\/berni.fmode.de\/wordpress\/wp-content\/uploads\/i15.jpg\"><img loading=\"lazy\" decoding=\"async\" aria-describedby=\"caption-attachment-10813\" class=\"size-full wp-image-10813 \" alt=\"i15\" src=\"https:\/\/berni.fmode.de\/wordpress\/wp-content\/uploads\/i15.jpg\" width=\"499\" height=\"335\" srcset=\"https:\/\/berni.fmode.de\/wordpress\/wp-content\/uploads\/i15.jpg 499w, https:\/\/berni.fmode.de\/wordpress\/wp-content\/uploads\/i15-300x201.jpg 300w, https:\/\/berni.fmode.de\/wordpress\/wp-content\/uploads\/i15-446x300.jpg 446w\" sizes=\"(max-width: 499px) 100vw, 499px\" \/><\/a><p id=\"caption-attachment-10813\" class=\"wp-caption-text\">er russische Einzylinder bringt \u00fcber 30 PS auf die Strasse und d\u00fcrfte ein sehr spezielles Fahrgef\u00fchl vermitteln. Im wahren Leben habe ich so eine Planeta Sport noch nie gesehen und in Deutschland soll es weniger als eine Handvoll geben. Aber eines ist klar: Die Planeta Sport ist mein n\u00e4chstes Ziel &#8211; darauf wird jetzt hingearbeitet.<\/p><\/div>\n<p>&nbsp;<\/p>\n<p><a href=\"https:\/\/berni.fmode.de\/wordpress\/?page_id=799\"><strong>&lt;&lt; Zur\u00fcck<\/strong><\/a><\/p>\n","protected":false},"excerpt":{"rendered":"<p>Der Versuch einer bebilderten Typengeschichte Aufgrund fehlender Informationen aus Izhevsk d\u00fcrfte es schwierig und vielleicht sogar unm\u00f6glich sein, eine vollst\u00e4ndige und korrekte Typengeschichte zu dokumentieren. Ich versuche es dennoch, aber was hier steht, erhebt keinen Anspruch auf letzte Korrektheit und &hellip; <a href=\"https:\/\/berni.fmode.de\/wordpress\/?page_id=10798\">Weiterlesen <span class=\"meta-nav\">&rarr;<\/span><\/a><\/p>\n","protected":false},"author":1,"featured_media":0,"parent":0,"menu_order":0,"comment_status":"closed","ping_status":"closed","template":"","meta":{"footnotes":""},"_links":{"self":[{"href":"https:\/\/berni.fmode.de\/wordpress\/index.php?rest_route=\/wp\/v2\/pages\/10798"}],"collection":[{"href":"https:\/\/berni.fmode.de\/wordpress\/index.php?rest_route=\/wp\/v2\/pages"}],"about":[{"href":"https:\/\/berni.fmode.de\/wordpress\/index.php?rest_route=\/wp\/v2\/types\/page"}],"author":[{"embeddable":true,"href":"https:\/\/berni.fmode.de\/wordpress\/index.php?rest_route=\/wp\/v2\/users\/1"}],"replies":[{"embeddable":true,"href":"https:\/\/berni.fmode.de\/wordpress\/index.php?rest_route=%2Fwp%2Fv2%2Fcomments&post=10798"}],"version-history":[{"count":3,"href":"https:\/\/berni.fmode.de\/wordpress\/index.php?rest_route=\/wp\/v2\/pages\/10798\/revisions"}],"predecessor-version":[{"id":10815,"href":"https:\/\/berni.fmode.de\/wordpress\/index.php?rest_route=\/wp\/v2\/pages\/10798\/revisions\/10815"}],"wp:attachment":[{"href":"https:\/\/berni.fmode.de\/wordpress\/index.php?rest_route=%2Fwp%2Fv2%2Fmedia&parent=10798"}],"curies":[{"name":"wp","href":"https:\/\/api.w.org\/{rel}","templated":true}]}}