{"id":10240,"date":"2012-12-26T11:48:41","date_gmt":"2012-12-26T10:48:41","guid":{"rendered":"http:\/\/berni.fmode.de\/wordpress\/?page_id=10240"},"modified":"2012-12-26T12:00:50","modified_gmt":"2012-12-26T11:00:50","slug":"oldtimer-messe-in-tulln-osterreich","status":"publish","type":"page","link":"https:\/\/berni.fmode.de\/wordpress\/?page_id=10240","title":{"rendered":"Oldtimer Messe in Tulln, \u00d6sterreich"},"content":{"rendered":"<p>Endlich wieder ein Bericht von Gerhard Vesulak. Diesmal hat er die Oldtimer Messe in Tulln besucht und l\u00e4sst uns freundlicherweise daran teilhaben.<\/p>\n<hr \/>\n<p>Bei mir tut sich mit dem Fahren aber derzeit nicht viel. Einerseits warte ich immer noch auf einen Termin f\u00fcr den Wechsel der Lenkkopflager andererseits hatte es in den letzten Wochen Temperaturen &#8211; gemessene 35 Grad in Graz im Mai, das hat es noch nie gegeben. H\u00e4ngt sicher mit dem Klimawandel zusammen, da macht das Motorradfahren keinen Spa\u00df. Als Ausgleich regnet es nun seit einigen Tagen.<\/p>\n<p>Es bieten sich aber immer wieder andere Alternativen an. Und wenn es schon nicht der Sprung ins k\u00fchle Nass ist, dann vielleicht der Besuch einer Oldtimer-Messe.<\/p>\n<p>Daher \u00fcbermittle ich Dir einige Eindr\u00fccke von dieser Messe in Tulln. Nichts Sensationelles, aber einige sch\u00f6ne St\u00fccke und vielleicht kommt auch etwas von der tollen Atmosph\u00e4re r\u00fcber.<\/p>\n<p>Mit den besten Gr\u00fc\u00dfen aus der Steiermark<br \/>\nGerhard<br \/>\nJuni 2008<\/p>\n<p>Und so hat es mich nach mehrj\u00e4hriger Pause wieder zur Oldtimer-Messe nach Tulln getrieben. Dieses St\u00e4dtchen liegt in Nieder\u00f6sterreich an der Donau, zwischen Wien und der romantischen Wachau und beherbergt die gr\u00f6\u00dfte Oldtimer-Veranstaltung in \u00d6sterreich. Wenn auch der reine Teilemarkt m\u00f6glicherweise von jenem im nahen St. P\u00f6lten \u00fcbertroffen wird, so stehen hier die Clubs mit ihren Fahrzeugen im Mittelpunkt. In den meisten der etwa zehn gro\u00dfen Hallen gibt es Sonderausstellungen und die Fahrzeuge der verschiedensten Oldtimerklubs zu bestaunen, wobei die alten Autos und die Motorr\u00e4der oft genug Seite an Seite stehen. Einige Fotos habe ich gemacht und hoffe damit etwas von der tollen Atmosph\u00e4re eingefangen zu haben.<\/p>\n<p>Zu Beginn einige &#8222;Schmankerl&#8220; aus Italien. Die Rumis einiger heimischer Sammler. Wenig Hubraum, zu hohen Preisen, aber diese Prachtst\u00fccke sind eh schon in festen H\u00e4nden.<\/p>\n<p>In weiterer Folge einige der hierzulande sehr beliebten Engl\u00e4nderinnen, von Ariel bis Rudge.<\/p>\n\n\t\t<style type=\"text\/css\">\n\t\t\t#gallery-1 {\n\t\t\t\tmargin: auto;\n\t\t\t}\n\t\t\t#gallery-1 .gallery-item {\n\t\t\t\tfloat: left;\n\t\t\t\tmargin-top: 10px;\n\t\t\t\ttext-align: center;\n\t\t\t\twidth: 50%;\n\t\t\t}\n\t\t\t#gallery-1 img {\n\t\t\t\tborder: 2px solid #cfcfcf;\n\t\t\t}\n\t\t\t#gallery-1 .gallery-caption {\n\t\t\t\tmargin-left: 0;\n\t\t\t}\n\t\t\t\/* see gallery_shortcode() in wp-includes\/media.php *\/\n\t\t<\/style>\n\t\t<div id='gallery-1' class='gallery galleryid-10240 gallery-columns-2 gallery-size-thumbnail'><dl class='gallery-item'>\n\t\t\t<dt class='gallery-icon landscape'>\n\t\t\t\t<a href='https:\/\/berni.fmode.de\/wordpress\/?attachment_id=10241'><img loading=\"lazy\" decoding=\"async\" width=\"150\" height=\"150\" src=\"https:\/\/berni.fmode.de\/wordpress\/wp-content\/uploads\/1-150x150.jpg\" class=\"attachment-thumbnail size-thumbnail\" alt=\"\" \/><\/a>\n\t\t\t<\/dt><\/dl><dl class='gallery-item'>\n\t\t\t<dt class='gallery-icon landscape'>\n\t\t\t\t<a href='https:\/\/berni.fmode.de\/wordpress\/?attachment_id=10242'><img loading=\"lazy\" decoding=\"async\" width=\"150\" height=\"150\" src=\"https:\/\/berni.fmode.de\/wordpress\/wp-content\/uploads\/2-150x150.jpg\" class=\"attachment-thumbnail size-thumbnail\" alt=\"\" \/><\/a>\n\t\t\t<\/dt><\/dl><br style=\"clear: both\" \/><dl class='gallery-item'>\n\t\t\t<dt class='gallery-icon landscape'>\n\t\t\t\t<a href='https:\/\/berni.fmode.de\/wordpress\/?attachment_id=10243'><img loading=\"lazy\" decoding=\"async\" width=\"150\" height=\"150\" src=\"https:\/\/berni.fmode.de\/wordpress\/wp-content\/uploads\/3-150x150.jpg\" class=\"attachment-thumbnail size-thumbnail\" alt=\"\" \/><\/a>\n\t\t\t<\/dt><\/dl><dl class='gallery-item'>\n\t\t\t<dt class='gallery-icon landscape'>\n\t\t\t\t<a href='https:\/\/berni.fmode.de\/wordpress\/?attachment_id=10244'><img loading=\"lazy\" decoding=\"async\" width=\"150\" height=\"150\" src=\"https:\/\/berni.fmode.de\/wordpress\/wp-content\/uploads\/4-150x150.jpg\" class=\"attachment-thumbnail size-thumbnail\" alt=\"\" \/><\/a>\n\t\t\t<\/dt><\/dl><br style=\"clear: both\" \/><dl class='gallery-item'>\n\t\t\t<dt class='gallery-icon landscape'>\n\t\t\t\t<a href='https:\/\/berni.fmode.de\/wordpress\/?attachment_id=10245'><img loading=\"lazy\" decoding=\"async\" width=\"150\" height=\"150\" src=\"https:\/\/berni.fmode.de\/wordpress\/wp-content\/uploads\/5-150x150.jpg\" class=\"attachment-thumbnail size-thumbnail\" alt=\"\" \/><\/a>\n\t\t\t<\/dt><\/dl><dl class='gallery-item'>\n\t\t\t<dt class='gallery-icon landscape'>\n\t\t\t\t<a href='https:\/\/berni.fmode.de\/wordpress\/?attachment_id=10246'><img loading=\"lazy\" decoding=\"async\" width=\"150\" height=\"150\" src=\"https:\/\/berni.fmode.de\/wordpress\/wp-content\/uploads\/6-150x150.jpg\" class=\"attachment-thumbnail size-thumbnail\" alt=\"\" \/><\/a>\n\t\t\t<\/dt><\/dl><br style=\"clear: both\" \/><dl class='gallery-item'>\n\t\t\t<dt class='gallery-icon landscape'>\n\t\t\t\t<a href='https:\/\/berni.fmode.de\/wordpress\/?attachment_id=10247'><img loading=\"lazy\" decoding=\"async\" width=\"150\" height=\"150\" src=\"https:\/\/berni.fmode.de\/wordpress\/wp-content\/uploads\/7-150x150.jpg\" class=\"attachment-thumbnail size-thumbnail\" alt=\"\" \/><\/a>\n\t\t\t<\/dt><\/dl><dl class='gallery-item'>\n\t\t\t<dt class='gallery-icon landscape'>\n\t\t\t\t<a href='https:\/\/berni.fmode.de\/wordpress\/?attachment_id=10248'><img loading=\"lazy\" decoding=\"async\" width=\"150\" height=\"150\" src=\"https:\/\/berni.fmode.de\/wordpress\/wp-content\/uploads\/8-150x150.jpg\" class=\"attachment-thumbnail size-thumbnail\" alt=\"\" \/><\/a>\n\t\t\t<\/dt><\/dl><br style=\"clear: both\" \/><dl class='gallery-item'>\n\t\t\t<dt class='gallery-icon landscape'>\n\t\t\t\t<a href='https:\/\/berni.fmode.de\/wordpress\/?attachment_id=10249'><img loading=\"lazy\" decoding=\"async\" width=\"150\" height=\"150\" src=\"https:\/\/berni.fmode.de\/wordpress\/wp-content\/uploads\/101-150x150.jpg\" class=\"attachment-thumbnail size-thumbnail\" alt=\"\" \/><\/a>\n\t\t\t<\/dt><\/dl><dl class='gallery-item'>\n\t\t\t<dt class='gallery-icon landscape'>\n\t\t\t\t<a href='https:\/\/berni.fmode.de\/wordpress\/?attachment_id=10250'><img loading=\"lazy\" decoding=\"async\" width=\"150\" height=\"150\" src=\"https:\/\/berni.fmode.de\/wordpress\/wp-content\/uploads\/111-150x150.jpg\" class=\"attachment-thumbnail size-thumbnail\" alt=\"\" \/><\/a>\n\t\t\t<\/dt><\/dl><br style=\"clear: both\" \/><dl class='gallery-item'>\n\t\t\t<dt class='gallery-icon landscape'>\n\t\t\t\t<a href='https:\/\/berni.fmode.de\/wordpress\/?attachment_id=10251'><img loading=\"lazy\" decoding=\"async\" width=\"150\" height=\"150\" src=\"https:\/\/berni.fmode.de\/wordpress\/wp-content\/uploads\/121-150x150.jpg\" class=\"attachment-thumbnail size-thumbnail\" alt=\"\" \/><\/a>\n\t\t\t<\/dt><\/dl><dl class='gallery-item'>\n\t\t\t<dt class='gallery-icon landscape'>\n\t\t\t\t<a href='https:\/\/berni.fmode.de\/wordpress\/?attachment_id=10252'><img loading=\"lazy\" decoding=\"async\" width=\"150\" height=\"150\" src=\"https:\/\/berni.fmode.de\/wordpress\/wp-content\/uploads\/131-150x150.jpg\" class=\"attachment-thumbnail size-thumbnail\" alt=\"\" \/><\/a>\n\t\t\t<\/dt><\/dl><br style=\"clear: both\" \/><dl class='gallery-item'>\n\t\t\t<dt class='gallery-icon landscape'>\n\t\t\t\t<a href='https:\/\/berni.fmode.de\/wordpress\/?attachment_id=10253'><img loading=\"lazy\" decoding=\"async\" width=\"150\" height=\"150\" src=\"https:\/\/berni.fmode.de\/wordpress\/wp-content\/uploads\/141-150x150.jpg\" class=\"attachment-thumbnail size-thumbnail\" alt=\"\" \/><\/a>\n\t\t\t<\/dt><\/dl><dl class='gallery-item'>\n\t\t\t<dt class='gallery-icon landscape'>\n\t\t\t\t<a href='https:\/\/berni.fmode.de\/wordpress\/?attachment_id=10254'><img loading=\"lazy\" decoding=\"async\" width=\"150\" height=\"150\" src=\"https:\/\/berni.fmode.de\/wordpress\/wp-content\/uploads\/151-150x150.jpg\" class=\"attachment-thumbnail size-thumbnail\" alt=\"\" \/><\/a>\n\t\t\t<\/dt><\/dl><br style=\"clear: both\" \/><dl class='gallery-item'>\n\t\t\t<dt class='gallery-icon landscape'>\n\t\t\t\t<a href='https:\/\/berni.fmode.de\/wordpress\/?attachment_id=10255'><img loading=\"lazy\" decoding=\"async\" width=\"150\" height=\"150\" src=\"https:\/\/berni.fmode.de\/wordpress\/wp-content\/uploads\/161-150x150.jpg\" class=\"attachment-thumbnail size-thumbnail\" alt=\"\" \/><\/a>\n\t\t\t<\/dt><\/dl><dl class='gallery-item'>\n\t\t\t<dt class='gallery-icon landscape'>\n\t\t\t\t<a href='https:\/\/berni.fmode.de\/wordpress\/?attachment_id=10256'><img loading=\"lazy\" decoding=\"async\" width=\"150\" height=\"150\" src=\"https:\/\/berni.fmode.de\/wordpress\/wp-content\/uploads\/171-150x150.jpg\" class=\"attachment-thumbnail size-thumbnail\" alt=\"\" \/><\/a>\n\t\t\t<\/dt><\/dl><br style=\"clear: both\" \/><dl class='gallery-item'>\n\t\t\t<dt class='gallery-icon landscape'>\n\t\t\t\t<a href='https:\/\/berni.fmode.de\/wordpress\/?attachment_id=10257'><img loading=\"lazy\" decoding=\"async\" width=\"150\" height=\"150\" src=\"https:\/\/berni.fmode.de\/wordpress\/wp-content\/uploads\/191-150x150.jpg\" class=\"attachment-thumbnail size-thumbnail\" alt=\"\" \/><\/a>\n\t\t\t<\/dt><\/dl>\n\t\t\t<br style='clear: both' \/>\n\t\t<\/div>\n\n<p>Der riesige Beiwagen gef\u00e4llt sogar der feschen, blonden Dame und bei der Brough Superior denkt man nat\u00fcrlich sofort an Lawrence von Arabien.<\/p>\n<p>Das kann nat\u00fcrlich nur ein winziger Ausschnitt der ausgestellten Fahrzeuge sein &#8211; praktisch nur eine Kostprobe. Schauen mir nun ins Freigel\u00e4nde zum Teilemarkt.<\/p>\n<p>Wenn das nicht Jawa-Teile eines tschechischen Anbieters sind. So eine Scheibe w\u00fcrde sich auf Deiner Jawa auch gut machen und der passende Helm liegt daneben.<\/p>\n<p>St\u00e4nde mit wahllos verteilten Ersatzteilen sind das Salz in der Suppe solcher M\u00e4rkte.<\/p>\n<p>Eine schwarze BMW friedlich neben den leichten Puch-Maschinen und beim n\u00e4chsten Motiv ist der Unterschied beim Hubraum noch gr\u00f6\u00dfer &#8211; eine fr\u00fche Goldwing und zwei Puch DS 50.<\/p>\n<p>Ein St\u00fcck weiter steht ein sch\u00f6ner &#8222;Bastard&#8220; &#8211; eine Rickman Metisse mit &#8222;Ariel-Dampfhammer&#8220;.<br \/>\nNun noch eine Triumph Tiger zum dr\u00fcberstreuen. Eine 300er NSU Max (eine Exportversion f\u00fcr \u00d6sterreich) daneben war so h\u00e4sslich lackiert, dass der Fotoapparat verweigert hat.<\/p>\n<p>Endlich unter schattigen B\u00e4umen angelangt, k\u00f6nnte man als Puch-Fan bei diesen SG-Motoren schwach werden.<br \/>\nZum Abschluss noch zwei &#8222;alte Eisen&#8220;:<br \/>\nSo eine Harley darf im Angebot nat\u00fcrlich nicht fehlen.<\/p>\n<p>Wer einen noch \u00e4lteren Veteranen bevorzugt, f\u00fcr den ist diese seitengesteuerte BSA die erste Wahl. Praktisch im &#8222;Originalzustand mit Patina&#8220; inklusive &#8222;Topcase&#8220; und Helm. Wobei dieser aber nicht den derzeit geltenden Vorschriften entsprechen d\u00fcrfte.<\/p>\n<p>&nbsp;<\/p>\n<div><span style=\"color: #000000; font-family: 'Trebuchet MS', Arial, Helvetica, sans-serif; font-size: 13px; font-style: normal; line-height: normal;\"><br \/>\n<\/span><\/div>\n","protected":false},"excerpt":{"rendered":"<p>Endlich wieder ein Bericht von Gerhard Vesulak. Diesmal hat er die Oldtimer Messe in Tulln besucht und l\u00e4sst uns freundlicherweise daran teilhaben. Bei mir tut sich mit dem Fahren aber derzeit nicht viel. Einerseits warte ich immer noch auf einen &hellip; <a href=\"https:\/\/berni.fmode.de\/wordpress\/?page_id=10240\">Weiterlesen <span class=\"meta-nav\">&rarr;<\/span><\/a><\/p>\n","protected":false},"author":1,"featured_media":0,"parent":0,"menu_order":0,"comment_status":"closed","ping_status":"closed","template":"","meta":{"footnotes":""},"_links":{"self":[{"href":"https:\/\/berni.fmode.de\/wordpress\/index.php?rest_route=\/wp\/v2\/pages\/10240"}],"collection":[{"href":"https:\/\/berni.fmode.de\/wordpress\/index.php?rest_route=\/wp\/v2\/pages"}],"about":[{"href":"https:\/\/berni.fmode.de\/wordpress\/index.php?rest_route=\/wp\/v2\/types\/page"}],"author":[{"embeddable":true,"href":"https:\/\/berni.fmode.de\/wordpress\/index.php?rest_route=\/wp\/v2\/users\/1"}],"replies":[{"embeddable":true,"href":"https:\/\/berni.fmode.de\/wordpress\/index.php?rest_route=%2Fwp%2Fv2%2Fcomments&post=10240"}],"version-history":[{"count":3,"href":"https:\/\/berni.fmode.de\/wordpress\/index.php?rest_route=\/wp\/v2\/pages\/10240\/revisions"}],"predecessor-version":[{"id":10259,"href":"https:\/\/berni.fmode.de\/wordpress\/index.php?rest_route=\/wp\/v2\/pages\/10240\/revisions\/10259"}],"wp:attachment":[{"href":"https:\/\/berni.fmode.de\/wordpress\/index.php?rest_route=%2Fwp%2Fv2%2Fmedia&parent=10240"}],"curies":[{"name":"wp","href":"https:\/\/api.w.org\/{rel}","templated":true}]}}